{"id":42280,"date":"2025-06-17T11:00:20","date_gmt":"2025-06-17T09:00:20","guid":{"rendered":"https:\/\/megamo.eu\/migracion-de-tienda-online-a-otra-plataforma\/migration-from-magento-to-bigcommerce\/"},"modified":"2025-10-03T12:52:55","modified_gmt":"2025-10-03T10:52:55","slug":"migracion-de-magento-a-bigcommerce","status":"publish","type":"page","link":"https:\/\/megamo.eu\/es\/migracion-de-tienda-online-a-otra-plataforma\/migracion-de-magento-a-bigcommerce\/","title":{"rendered":"Migraci\u00f3n de Magento a BigCommerce"},"content":{"rendered":"\n\t<div id=\"gap-2055326155\" class=\"gap-element clearfix\" style=\"display:block; height:auto;\">\n\t\t\n<style>\n#gap-2055326155 {\n  padding-top: 60px;\n}\n<\/style>\n\t<\/div>\n\t\n\n\t<section class=\"section\" id=\"section_1614369118\">\n\t\t<div class=\"bg section-bg fill bg-fill  bg-loaded\" >\n\n\t\t\t\n\t\t\t\n\t\t\t\n\n\t\t<\/div>\n\n\t\t\n\n\t\t<div class=\"section-content relative\">\n\t\t\t\n\n<div class=\"row\"  id=\"row-2064526918\">\n\n\n\t<div id=\"col-1583510437\" class=\"col small-12 large-12\"  >\n\t\t\t\t<div class=\"col-inner text-center\"  >\n\t\t\t\n\t\t\t\n\n\t<div id=\"text-2601488312\" class=\"text\">\n\t\t\n\n<h1>Migraci\u00f3n de Magento a BigCommerce<\/h1>\n\n\t\t\n<style>\n#text-2601488312 {\n  font-size: 1.3rem;\n}\n<\/style>\n\t<\/div>\n\t\n\n\t\t<\/div>\n\t\t\t\t\t<\/div>\n\n\t\n\n<\/div>\n<div class=\"row\"  id=\"row-557735227\">\n\n\n\t<div id=\"col-611862058\" class=\"col small-12 large-12\"  >\n\t\t\t\t<div class=\"col-inner text-center\"  >\n\t\t\t\n\t\t\t\n\n\t<div class=\"img has-hover x md-x lg-x y md-y lg-y\" id=\"image_683291046\">\n\t\t\t\t\t\t\t\t<div class=\"img-inner dark\" >\n\t\t\t<img loading=\"lazy\" decoding=\"async\" width=\"820\" height=\"300\" src=\"https:\/\/megamo.eu\/wp-content\/uploads\/2025\/06\/magento-bigcommerce-migration.webp\" class=\"attachment-original size-original\" alt=\"\" srcset=\"https:\/\/megamo.eu\/wp-content\/uploads\/2025\/06\/magento-bigcommerce-migration.webp 820w, https:\/\/megamo.eu\/wp-content\/uploads\/2025\/06\/magento-bigcommerce-migration-800x293.webp 800w, https:\/\/megamo.eu\/wp-content\/uploads\/2025\/06\/magento-bigcommerce-migration-768x281.webp 768w, https:\/\/megamo.eu\/wp-content\/uploads\/2025\/06\/magento-bigcommerce-migration-600x220.webp 600w\" sizes=\"(max-width: 820px) 100vw, 820px\" \/>\t\t\t\t\t\t\n\t\t\t\t\t<\/div>\n\t\t\t\t\t\t\t\t\n<style>\n#image_683291046 {\n  width: 60%;\n}\n<\/style>\n\t<\/div>\n\t\n\n\t<div id=\"text-1416993684\" class=\"text\">\n\t\t\n\n<p>MIGRACI\u00d3N DE PLATAFORMA | Magento a BigCommerce<\/p>\n\n\t\t\n<style>\n#text-1416993684 {\n  font-size: 1.2rem;\n  color: rgb(155, 155, 155);\n}\n#text-1416993684 > * {\n  color: rgb(155, 155, 155);\n}\n<\/style>\n\t<\/div>\n\t\n\t<div id=\"text-2817216556\" class=\"text\">\n\t\t\n\n<p style=\"margin-bottom: 60px\">Magento ofrece flexibilidad a nivel empresarial, pero suele requerir una gran infraestructura, muchos recursos de desarrollo y altos costes de mantenimiento. Migrar a BigCommerce permite a las empresas simplificar sus operaciones de e-commerce, eliminar la gesti\u00f3n de servidores y aprovechar una plataforma SaaS totalmente alojada dise\u00f1ada para crecer r\u00e1pido, con funciones B2B avanzadas y ventas multicanal.<\/p>\n\n\t\t\n<style>\n#text-2817216556 {\n  text-align: left;\n}\n<\/style>\n\t<\/div>\n\t\n<a href=\"https:\/\/forms.clickup.com\/9012257574\/f\/8cjr8t6-8752\/JCI89GNZOP1PSMHSHF\" target=\"_blank\" class=\"button primary\" rel=\"noopener\"  >\n  <i class=\"icon-checkmark\" aria-hidden=\"true\" ><\/i>  <span>Migra tu tienda de Magento a BigCommerce<\/span>\n  <\/a>\n\n\n<a href=\"\/es\/migracion-de-tienda-online-a-otra-plataforma\/\" class=\"button primary\"  >\n  <i class=\"icon-tag\" aria-hidden=\"true\" ><\/i>  <span>Ver otros servicios de migraci\u00f3n<\/span>\n  <\/a>\n\n\n\t\t<\/div>\n\t\t\t\t\t<\/div>\n\n\t\n\n<\/div>\n\n\t\t<\/div>\n\n\t\t\n<style>\n#section_1614369118 {\n  padding-top: 30px;\n  padding-bottom: 30px;\n}\n<\/style>\n\t<\/section>\n\t\n\t<section class=\"section\" id=\"section_849890222\">\n\t\t<div class=\"bg section-bg fill bg-fill  bg-loaded\" >\n\n\t\t\t\n\t\t\t\n\t\t\t\n\n\t\t<\/div>\n\n\t\t\n\n\t\t<div class=\"section-content relative\">\n\t\t\t\n\n<div class=\"row\"  id=\"row-582664288\">\n\n\n\t<div id=\"col-736088985\" class=\"col medium-6 small-12 large-6\"  >\n\t\t\t\t<div class=\"col-inner text-left\"  >\n\t\t\t\n\t\t\t\n\n<h3>Magento \u2013 flexibilidad empresarial con gran carga de infraestructura<\/h3> <p>Magento proporciona control total del backend y una personalizaci\u00f3n extrema, pero exige muchos recursos de desarrollo, gesti\u00f3n t\u00e9cnica constante y una infraestructura costosa \u2014 lo que dificulta cada vez m\u00e1s a las empresas escalar sin aumentar la complejidad.<\/p> <h4>Ventajas de Magento:<\/h4> <ul> <li>plataforma open-source totalmente personalizable,<\/li> <li>capacidades avanzadas de B2B, multitienda y cat\u00e1logos complejos,<\/li> <li>potentes integraciones con sistemas ERP, CRM y PIM,<\/li> <li>totalmente escalable para grandes negocios.<\/li> <\/ul> <h4>Desventajas de Magento:<\/h4> <ul> <li>altos costes de hosting, infraestructura y desarrollo,<\/li> <li>requiere gesti\u00f3n y mantenimiento constante de servidores,<\/li> <li>despliegues y actualizaciones complejas,<\/li> <li>muy exigente en recursos para operaciones medianas.<\/li> <\/ul>\n\n\t\t<\/div>\n\t\t\t\t\t<\/div>\n\n\t\n\n\t<div id=\"col-2110620194\" class=\"col medium-6 small-12 large-6\"  >\n\t\t\t\t<div class=\"col-inner text-left\"  >\n\t\t\t\n\t\t\t\n\n<h3>BigCommerce \u2013 SaaS empresarial sin carga de infraestructura<\/h3> <p>BigCommerce es una plataforma SaaS totalmente alojada que elimina la gesti\u00f3n de servidores mientras ofrece funcionalidades de nivel empresarial, B2B nativas, ventas multicanal y comercio headless \u2014 todo pensado para empresas que buscan escalar con operaciones m\u00e1s simples.<\/p> <h4>Ventajas de BigCommerce:<\/h4> <ul> <li>plataforma SaaS totalmente alojada con actualizaciones autom\u00e1ticas,<\/li> <li>funcionalidades nativas para B2B, multicanal y ventas internacionales,<\/li> <li>infraestructura de comercio headless y API-first,<\/li> <li>integraciones fluidas con ERP, CRM, POS y partners log\u00edsticos.<\/li> <\/ul> <h4>Desventajas de BigCommerce:<\/h4> <ul> <li>el precio de suscripci\u00f3n crece con el volumen de ingresos,<\/li> <li>menos acceso al backend comparado con sistemas open-source.<\/li> <\/ul>\n\n\t\t<\/div>\n\t\t\t\t\t<\/div>\n\n\t\n\n<\/div>\n\n\t\t<\/div>\n\n\t\t\n<style>\n#section_849890222 {\n  padding-top: 0px;\n  padding-bottom: 0px;\n}\n<\/style>\n\t<\/section>\n\t\n\t<section class=\"section\" id=\"section_1137507875\">\n\t\t<div class=\"bg section-bg fill bg-fill  bg-loaded\" >\n\n\t\t\t\n\t\t\t\n\t\t\t\n\n\t\t<\/div>\n\n\t\t\n\n\t\t<div class=\"section-content relative\">\n\t\t\t\n\n<div class=\"row\"  id=\"row-1013559147\">\n\n\n\t<div id=\"col-1660633797\" class=\"col small-12 large-12\"  >\n\t\t\t\t<div class=\"col-inner\"  >\n\t\t\t\n\t\t\t\n\n<div style=\"border-left: 5px #fe5e08 solid; padding-left: 40px;\"> <h2 style=\"color: #fe5e08;\">\u00bfPor qu\u00e9 migrar tu tienda de Magento a BigCommerce?<\/h2> <p><b>Migrar a BigCommerce es ideal si:<\/b><\/p> <ul style=\"list-style-type: none;\"> <li style=\"margin-left: 0;\">quieres eliminar la infraestructura de servidores y simplificar operaciones,<\/li> <li style=\"margin-left: 0;\">tu negocio necesita funcionalidades B2B integradas y soporte multicanal,<\/li> <li style=\"margin-left: 0;\">buscas la comodidad del SaaS con escalabilidad empresarial,<\/li> <li style=\"margin-left: 0;\">quieres integraciones fluidas con ERP, CRM y marketplaces.<\/li> <\/ul> <p>BigCommerce es perfecto para empresas que quieren toda la funcionalidad empresarial combinada con la simplicidad del SaaS, para un crecimiento m\u00e1s r\u00e1pido y eficiente sin sobrecarga t\u00e9cnica.<\/p> <\/div>\n\n\t<div id=\"gap-427041689\" class=\"gap-element clearfix\" style=\"display:block; height:auto;\">\n\t\t\n<style>\n#gap-427041689 {\n  padding-top: 60px;\n}\n<\/style>\n\t<\/div>\n\t\n\n\t<div id=\"text-1570456480\" class=\"text\">\n\t\t\n\n<div style=\"border-right: 5px #0093e3 solid; padding-right: 40px;\"> <h2 style=\"color: #0093e3\">\u00bfC\u00f3mo funciona la migraci\u00f3n de Magento a BigCommerce?<\/h2> <p>Gestionamos tu migraci\u00f3n cuidadosamente, garantizando la integridad completa de los datos, la configuraci\u00f3n correcta de la plataforma y la continuidad del negocio sin interrupciones durante todo el proceso.<\/p> <p><b>Transferimos todos los datos de productos<\/b><br>Productos, variantes, categor\u00edas, im\u00e1genes, atributos y datos SEO se importan en BigCommerce.<\/p> <p><b>Preservamos los datos de los clientes<\/b><br>Todas las cuentas de clientes, direcciones e historiales de pedidos se migran y mapean de forma segura.<\/p> <p><b>Restauramos el historial de pedidos<\/b><br>Todas las transacciones, registros de pagos y datos de env\u00edos se transfieren completamente para garantizar informes precisos y operaciones empresariales sin interrupciones.<\/p> <\/div>\n\n\t\t\n<style>\n#text-1570456480 {\n  text-align: right;\n}\n<\/style>\n\t<\/div>\n\t\n\n\t\t<\/div>\n\t\t\t\t\t<\/div>\n\n\t\n\n<\/div>\n\n\t\t<\/div>\n\n\t\t\n<style>\n#section_1137507875 {\n  padding-top: 80px;\n  padding-bottom: 80px;\n  background-color: rgb(249, 249, 249);\n}\n<\/style>\n\t<\/section>\n\t\n","protected":false},"excerpt":{"rendered":"","protected":false},"author":2,"featured_media":0,"parent":41375,"menu_order":0,"comment_status":"closed","ping_status":"closed","template":"","meta":{"_lmt_disableupdate":"","_lmt_disable":"","footnotes":""},"yoast_head":"<!-- This site is optimized with the Yoast SEO Premium plugin v21.8 (Yoast SEO v23.5) - https:\/\/yoast.com\/wordpress\/plugins\/seo\/ -->\n<title>Migraci\u00f3n de Magento a BigCommerce<\/title>\n<meta name=\"description\" content=\"Migraci\u00f3n de Magento a BigCommerce: simplifica la infraestructura, elimina la gesti\u00f3n de servidores y escala m\u00e1s r\u00e1pido con la funcionalidad empresarial SaaS de e-commerce.\" \/>\n<meta name=\"robots\" content=\"index, follow, max-snippet:-1, max-image-preview:large, max-video-preview:-1\" \/>\n<link rel=\"canonical\" href=\"https:\/\/megamo.eu\/es\/migracion-de-tienda-online-a-otra-plataforma\/migracion-de-magento-a-bigcommerce\/\" \/>\n<meta property=\"og:locale\" content=\"es_ES\" \/>\n<meta property=\"og:type\" content=\"article\" \/>\n<meta property=\"og:title\" content=\"Migraci\u00f3n de Magento a BigCommerce\" \/>\n<meta property=\"og:description\" content=\"Migraci\u00f3n de Magento a BigCommerce: simplifica la infraestructura, elimina la gesti\u00f3n de servidores y escala m\u00e1s r\u00e1pido con la funcionalidad empresarial SaaS de e-commerce.\" \/>\n<meta property=\"og:url\" content=\"https:\/\/megamo.eu\/es\/migracion-de-tienda-online-a-otra-plataforma\/migracion-de-magento-a-bigcommerce\/\" \/>\n<meta property=\"og:site_name\" content=\"megamo.eu\" \/>\n<meta property=\"article:publisher\" content=\"https:\/\/www.facebook.com\/megamoeu\" \/>\n<meta property=\"article:modified_time\" content=\"2025-10-03T10:52:55+00:00\" \/>\n<meta name=\"twitter:card\" content=\"summary_large_image\" \/>\n<meta name=\"twitter:label1\" content=\"Tiempo de lectura\" \/>\n\t<meta name=\"twitter:data1\" content=\"3 minutos\" \/>\n<script type=\"application\/ld+json\" class=\"yoast-schema-graph\">{\"@context\":\"https:\/\/schema.org\",\"@graph\":[{\"@type\":\"WebPage\",\"@id\":\"https:\/\/megamo.eu\/es\/migracion-de-tienda-online-a-otra-plataforma\/migracion-de-magento-a-bigcommerce\/\",\"url\":\"https:\/\/megamo.eu\/es\/migracion-de-tienda-online-a-otra-plataforma\/migracion-de-magento-a-bigcommerce\/\",\"name\":\"Migraci\u00f3n de Magento a BigCommerce\",\"isPartOf\":{\"@id\":\"https:\/\/megamo.eu\/es\/#website\"},\"datePublished\":\"2025-06-17T09:00:20+00:00\",\"dateModified\":\"2025-10-03T10:52:55+00:00\",\"description\":\"Migraci\u00f3n de Magento a BigCommerce: simplifica la infraestructura, elimina la gesti\u00f3n de servidores y escala m\u00e1s r\u00e1pido con la funcionalidad empresarial SaaS de e-commerce.\",\"breadcrumb\":{\"@id\":\"https:\/\/megamo.eu\/es\/migracion-de-tienda-online-a-otra-plataforma\/migracion-de-magento-a-bigcommerce\/#breadcrumb\"},\"inLanguage\":\"es\",\"potentialAction\":[{\"@type\":\"ReadAction\",\"target\":[\"https:\/\/megamo.eu\/es\/migracion-de-tienda-online-a-otra-plataforma\/migracion-de-magento-a-bigcommerce\/\"]}]},{\"@type\":\"BreadcrumbList\",\"@id\":\"https:\/\/megamo.eu\/es\/migracion-de-tienda-online-a-otra-plataforma\/migracion-de-magento-a-bigcommerce\/#breadcrumb\",\"itemListElement\":[{\"@type\":\"ListItem\",\"position\":1,\"name\":\"Home\",\"item\":\"https:\/\/megamo.eu\/es\/\"},{\"@type\":\"ListItem\",\"position\":2,\"name\":\"Migraci\u00f3n de Tienda Online a Otra Plataforma\",\"item\":\"https:\/\/megamo.eu\/es\/migracion-de-tienda-online-a-otra-plataforma\/\"},{\"@type\":\"ListItem\",\"position\":3,\"name\":\"Migraci\u00f3n de Magento a BigCommerce\"}]},{\"@type\":\"WebSite\",\"@id\":\"https:\/\/megamo.eu\/es\/#website\",\"url\":\"https:\/\/megamo.eu\/es\/\",\"name\":\"megamo.eu\",\"description\":\"megamo.eu\",\"publisher\":{\"@id\":\"https:\/\/megamo.eu\/es\/#organization\"},\"potentialAction\":[{\"@type\":\"SearchAction\",\"target\":{\"@type\":\"EntryPoint\",\"urlTemplate\":\"https:\/\/megamo.eu\/es\/?s={search_term_string}\"},\"query-input\":{\"@type\":\"PropertyValueSpecification\",\"valueRequired\":true,\"valueName\":\"search_term_string\"}}],\"inLanguage\":\"es\"},{\"@type\":\"Organization\",\"@id\":\"https:\/\/megamo.eu\/es\/#organization\",\"name\":\"Megamo\",\"alternateName\":\"mgo\",\"url\":\"https:\/\/megamo.eu\/es\/\",\"logo\":{\"@type\":\"ImageObject\",\"inLanguage\":\"es\",\"@id\":\"https:\/\/megamo.eu\/es\/#\/schema\/logo\/image\/\",\"url\":\"https:\/\/megamo.eu\/wp-content\/uploads\/2024\/02\/logo_small.png\",\"contentUrl\":\"https:\/\/megamo.eu\/wp-content\/uploads\/2024\/02\/logo_small.png\",\"width\":300,\"height\":113,\"caption\":\"Megamo\"},\"image\":{\"@id\":\"https:\/\/megamo.eu\/es\/#\/schema\/logo\/image\/\"},\"sameAs\":[\"https:\/\/www.facebook.com\/megamoeu\",\"https:\/\/www.youtube.com\/@Megamo_en\"]}]}<\/script>\n<!-- \/ Yoast SEO Premium plugin. -->","yoast_head_json":{"title":"Migraci\u00f3n de Magento a BigCommerce","description":"Migraci\u00f3n de Magento a BigCommerce: simplifica la infraestructura, elimina la gesti\u00f3n de servidores y escala m\u00e1s r\u00e1pido con la funcionalidad empresarial SaaS de e-commerce.","robots":{"index":"index","follow":"follow","max-snippet":"max-snippet:-1","max-image-preview":"max-image-preview:large","max-video-preview":"max-video-preview:-1"},"canonical":"https:\/\/megamo.eu\/es\/migracion-de-tienda-online-a-otra-plataforma\/migracion-de-magento-a-bigcommerce\/","og_locale":"es_ES","og_type":"article","og_title":"Migraci\u00f3n de Magento a BigCommerce","og_description":"Migraci\u00f3n de Magento a BigCommerce: simplifica la infraestructura, elimina la gesti\u00f3n de servidores y escala m\u00e1s r\u00e1pido con la funcionalidad empresarial SaaS de e-commerce.","og_url":"https:\/\/megamo.eu\/es\/migracion-de-tienda-online-a-otra-plataforma\/migracion-de-magento-a-bigcommerce\/","og_site_name":"megamo.eu","article_publisher":"https:\/\/www.facebook.com\/megamoeu","article_modified_time":"2025-10-03T10:52:55+00:00","twitter_card":"summary_large_image","twitter_misc":{"Tiempo de lectura":"3 minutos"},"schema":{"@context":"https:\/\/schema.org","@graph":[{"@type":"WebPage","@id":"https:\/\/megamo.eu\/es\/migracion-de-tienda-online-a-otra-plataforma\/migracion-de-magento-a-bigcommerce\/","url":"https:\/\/megamo.eu\/es\/migracion-de-tienda-online-a-otra-plataforma\/migracion-de-magento-a-bigcommerce\/","name":"Migraci\u00f3n de Magento a BigCommerce","isPartOf":{"@id":"https:\/\/megamo.eu\/es\/#website"},"datePublished":"2025-06-17T09:00:20+00:00","dateModified":"2025-10-03T10:52:55+00:00","description":"Migraci\u00f3n de Magento a BigCommerce: simplifica la infraestructura, elimina la gesti\u00f3n de servidores y escala m\u00e1s r\u00e1pido con la funcionalidad empresarial SaaS de e-commerce.","breadcrumb":{"@id":"https:\/\/megamo.eu\/es\/migracion-de-tienda-online-a-otra-plataforma\/migracion-de-magento-a-bigcommerce\/#breadcrumb"},"inLanguage":"es","potentialAction":[{"@type":"ReadAction","target":["https:\/\/megamo.eu\/es\/migracion-de-tienda-online-a-otra-plataforma\/migracion-de-magento-a-bigcommerce\/"]}]},{"@type":"BreadcrumbList","@id":"https:\/\/megamo.eu\/es\/migracion-de-tienda-online-a-otra-plataforma\/migracion-de-magento-a-bigcommerce\/#breadcrumb","itemListElement":[{"@type":"ListItem","position":1,"name":"Home","item":"https:\/\/megamo.eu\/es\/"},{"@type":"ListItem","position":2,"name":"Migraci\u00f3n de Tienda Online a Otra Plataforma","item":"https:\/\/megamo.eu\/es\/migracion-de-tienda-online-a-otra-plataforma\/"},{"@type":"ListItem","position":3,"name":"Migraci\u00f3n de Magento a BigCommerce"}]},{"@type":"WebSite","@id":"https:\/\/megamo.eu\/es\/#website","url":"https:\/\/megamo.eu\/es\/","name":"megamo.eu","description":"megamo.eu","publisher":{"@id":"https:\/\/megamo.eu\/es\/#organization"},"potentialAction":[{"@type":"SearchAction","target":{"@type":"EntryPoint","urlTemplate":"https:\/\/megamo.eu\/es\/?s={search_term_string}"},"query-input":{"@type":"PropertyValueSpecification","valueRequired":true,"valueName":"search_term_string"}}],"inLanguage":"es"},{"@type":"Organization","@id":"https:\/\/megamo.eu\/es\/#organization","name":"Megamo","alternateName":"mgo","url":"https:\/\/megamo.eu\/es\/","logo":{"@type":"ImageObject","inLanguage":"es","@id":"https:\/\/megamo.eu\/es\/#\/schema\/logo\/image\/","url":"https:\/\/megamo.eu\/wp-content\/uploads\/2024\/02\/logo_small.png","contentUrl":"https:\/\/megamo.eu\/wp-content\/uploads\/2024\/02\/logo_small.png","width":300,"height":113,"caption":"Megamo"},"image":{"@id":"https:\/\/megamo.eu\/es\/#\/schema\/logo\/image\/"},"sameAs":["https:\/\/www.facebook.com\/megamoeu","https:\/\/www.youtube.com\/@Megamo_en"]}]}},"_links":{"self":[{"href":"https:\/\/megamo.eu\/es\/wp-json\/wp\/v2\/pages\/42280"}],"collection":[{"href":"https:\/\/megamo.eu\/es\/wp-json\/wp\/v2\/pages"}],"about":[{"href":"https:\/\/megamo.eu\/es\/wp-json\/wp\/v2\/types\/page"}],"author":[{"embeddable":true,"href":"https:\/\/megamo.eu\/es\/wp-json\/wp\/v2\/users\/2"}],"replies":[{"embeddable":true,"href":"https:\/\/megamo.eu\/es\/wp-json\/wp\/v2\/comments?post=42280"}],"version-history":[{"count":2,"href":"https:\/\/megamo.eu\/es\/wp-json\/wp\/v2\/pages\/42280\/revisions"}],"predecessor-version":[{"id":56789,"href":"https:\/\/megamo.eu\/es\/wp-json\/wp\/v2\/pages\/42280\/revisions\/56789"}],"up":[{"embeddable":true,"href":"https:\/\/megamo.eu\/es\/wp-json\/wp\/v2\/pages\/41375"}],"wp:attachment":[{"href":"https:\/\/megamo.eu\/es\/wp-json\/wp\/v2\/media?parent=42280"}],"curies":[{"name":"wp","href":"https:\/\/api.w.org\/{rel}","templated":true}]}}