{"id":42276,"date":"2025-06-17T11:00:18","date_gmt":"2025-06-17T09:00:18","guid":{"rendered":"https:\/\/megamo.eu\/migracion-de-tienda-online-a-otra-plataforma\/migration-from-bigcommerce-to-shopware\/"},"modified":"2025-10-03T12:58:01","modified_gmt":"2025-10-03T10:58:01","slug":"migracion-de-bigcommerce-a-shopware","status":"publish","type":"page","link":"https:\/\/megamo.eu\/es\/migracion-de-tienda-online-a-otra-plataforma\/migracion-de-bigcommerce-a-shopware\/","title":{"rendered":"Migraci\u00f3n de BigCommerce a Shopware"},"content":{"rendered":"\n\t<div id=\"gap-1746544580\" class=\"gap-element clearfix\" style=\"display:block; height:auto;\">\n\t\t\n<style>\n#gap-1746544580 {\n  padding-top: 60px;\n}\n<\/style>\n\t<\/div>\n\t\n\n\t<section class=\"section\" id=\"section_1643697973\">\n\t\t<div class=\"bg section-bg fill bg-fill  bg-loaded\" >\n\n\t\t\t\n\t\t\t\n\t\t\t\n\n\t\t<\/div>\n\n\t\t\n\n\t\t<div class=\"section-content relative\">\n\t\t\t\n\n<div class=\"row\"  id=\"row-2064978108\">\n\n\n\t<div id=\"col-1132343325\" class=\"col small-12 large-12\"  >\n\t\t\t\t<div class=\"col-inner text-center\"  >\n\t\t\t\n\t\t\t\n\n\t<div id=\"text-947298057\" class=\"text\">\n\t\t\n\n<h1>Migraci\u00f3n de BigCommerce a Shopware<\/h1>\n\n\t\t\n<style>\n#text-947298057 {\n  font-size: 1.3rem;\n}\n<\/style>\n\t<\/div>\n\t\n\n\t\t<\/div>\n\t\t\t\t\t<\/div>\n\n\t\n\n<\/div>\n<div class=\"row\"  id=\"row-401897634\">\n\n\n\t<div id=\"col-743786656\" class=\"col small-12 large-12\"  >\n\t\t\t\t<div class=\"col-inner text-center\"  >\n\t\t\t\n\t\t\t\n\n\t<div class=\"img has-hover x md-x lg-x y md-y lg-y\" id=\"image_1562458034\">\n\t\t\t\t\t\t\t\t<div class=\"img-inner dark\" >\n\t\t\t<img loading=\"lazy\" decoding=\"async\" width=\"820\" height=\"300\" src=\"https:\/\/megamo.eu\/wp-content\/uploads\/2025\/06\/bigcommerce-shopware-migration.webp\" class=\"attachment-original size-original\" alt=\"\" srcset=\"https:\/\/megamo.eu\/wp-content\/uploads\/2025\/06\/bigcommerce-shopware-migration.webp 820w, https:\/\/megamo.eu\/wp-content\/uploads\/2025\/06\/bigcommerce-shopware-migration-800x293.webp 800w, https:\/\/megamo.eu\/wp-content\/uploads\/2025\/06\/bigcommerce-shopware-migration-768x281.webp 768w, https:\/\/megamo.eu\/wp-content\/uploads\/2025\/06\/bigcommerce-shopware-migration-600x220.webp 600w\" sizes=\"(max-width: 820px) 100vw, 820px\" \/>\t\t\t\t\t\t\n\t\t\t\t\t<\/div>\n\t\t\t\t\t\t\t\t\n<style>\n#image_1562458034 {\n  width: 60%;\n}\n<\/style>\n\t<\/div>\n\t\n\n\t<div id=\"text-3067896167\" class=\"text\">\n\t\t\n\n<p>MIGRACI\u00d3N DE PLATAFORMA | BigCommerce a Shopware<\/p>\n\n\t\t\n<style>\n#text-3067896167 {\n  font-size: 1.2rem;\n  color: rgb(155, 155, 155);\n}\n#text-3067896167 > * {\n  color: rgb(155, 155, 155);\n}\n<\/style>\n\t<\/div>\n\t\n\t<div id=\"text-3242938566\" class=\"text\">\n\t\t\n\n<p style=\"margin-bottom: 60px\">BigCommerce ofrece la simplicidad del SaaS pero con flexibilidad limitada en el backend para empresas con flujos de trabajo altamente personalizados o necesidades globales de multi-tienda. Migrar a Shopware permite aprovechar una arquitectura moderna basada en API, comercio headless, funciones B2B y control total de la infraestructura \u2014 perfecto para negocios en crecimiento que necesitan escalabilidad empresarial sin las restricciones del SaaS.<\/p>\n\n\t\t\n<style>\n#text-3242938566 {\n  text-align: left;\n}\n<\/style>\n\t<\/div>\n\t\n<a href=\"https:\/\/forms.clickup.com\/9012257574\/f\/8cjr8t6-8752\/JCI89GNZOP1PSMHSHF\" target=\"_blank\" class=\"button primary\" rel=\"noopener\"  >\n  <i class=\"icon-checkmark\" aria-hidden=\"true\" ><\/i>  <span>Migra tu tienda de BigCommerce a Shopware<\/span>\n  <\/a>\n\n\n<a href=\"\/es\/migracion-de-tienda-online-a-otra-plataforma\/\" class=\"button primary\"  >\n  <i class=\"icon-tag\" aria-hidden=\"true\" ><\/i>  <span>Ver otros servicios de migraci\u00f3n<\/span>\n  <\/a>\n\n\n\t\t<\/div>\n\t\t\t\t\t<\/div>\n\n\t\n\n<\/div>\n\n\t\t<\/div>\n\n\t\t\n<style>\n#section_1643697973 {\n  padding-top: 30px;\n  padding-bottom: 30px;\n}\n<\/style>\n\t<\/section>\n\t\n\t<section class=\"section\" id=\"section_1190279521\">\n\t\t<div class=\"bg section-bg fill bg-fill  bg-loaded\" >\n\n\t\t\t\n\t\t\t\n\t\t\t\n\n\t\t<\/div>\n\n\t\t\n\n\t\t<div class=\"section-content relative\">\n\t\t\t\n\n<div class=\"row\"  id=\"row-591136157\">\n\n\n\t<div id=\"col-148764931\" class=\"col medium-6 small-12 large-6\"  >\n\t\t\t\t<div class=\"col-inner text-left\"  >\n\t\t\t\n\t\t\t\n\n<h3>BigCommerce \u2013 conveniencia SaaS pero personalizaci\u00f3n limitada<\/h3> <p>BigCommerce ofrece infraestructura totalmente alojada con s\u00f3lidas capacidades de B2B y ventas multicanal, pero puede limitar flujos de trabajo backend muy personalizados, integraciones con sistemas externos y el control total de la infraestructura que requieren las empresas en expansi\u00f3n.<\/p> <h4>Ventajas de BigCommerce:<\/h4> <ul> <li>SaaS totalmente alojado con actualizaciones autom\u00e1ticas,<\/li> <li>capacidades nativas de B2B y multicanal,<\/li> <li>arquitectura API-first para comercio headless,<\/li> <li>integraciones con ERP, CRM, POS y marketplaces.<\/li> <\/ul> <h4>Desventajas de BigCommerce:<\/h4> <ul> <li>los costes de suscripci\u00f3n aumentan con el crecimiento de ingresos,<\/li> <li>capacidades limitadas de personalizaci\u00f3n en el backend,<\/li> <li>dependencia de apps de terceros para funciones avanzadas,<\/li> <li>control limitado sobre la infraestructura de hosting.<\/li> <\/ul>\n\n\t\t<\/div>\n\t\t\t\t\t<\/div>\n\n\t\n\n\t<div id=\"col-875587050\" class=\"col medium-6 small-12 large-6\"  >\n\t\t\t\t<div class=\"col-inner text-left\"  >\n\t\t\t\n\t\t\t\n\n<h3>Shopware \u2013 arquitectura empresarial moderna con m\u00e1xima flexibilidad<\/h3> <p>Shopware ofrece comercio headless basado en API, funciones avanzadas de B2B, escalabilidad multi-tienda y acceso total al backend para empresas que necesitan control completo sobre la infraestructura, el desarrollo y las integraciones personalizadas mientras expanden su presencia global.<\/p> <h4>Ventajas de Shopware:<\/h4> <ul> <li>plataforma de comercio headless con arquitectura API-first,<\/li> <li>soporte nativo para B2B, multicanal y multi-moneda,<\/li> <li>amplias capacidades de integraci\u00f3n con sistemas ERP, PIM y CRM,<\/li> <li>control total del backend e infraestructura para escalar a nivel empresarial.<\/li> <\/ul> <h4>Desventajas de Shopware:<\/h4> <ul> <li>requiere gesti\u00f3n de servidores y experiencia en infraestructura,<\/li> <li>costes de desarrollo y personalizaci\u00f3n m\u00e1s altos que en plataformas SaaS.<\/li> <\/ul>\n\n\t\t<\/div>\n\t\t\t\t\t<\/div>\n\n\t\n\n<\/div>\n\n\t\t<\/div>\n\n\t\t\n<style>\n#section_1190279521 {\n  padding-top: 0px;\n  padding-bottom: 0px;\n}\n<\/style>\n\t<\/section>\n\t\n\t<section class=\"section\" id=\"section_1474686093\">\n\t\t<div class=\"bg section-bg fill bg-fill  bg-loaded\" >\n\n\t\t\t\n\t\t\t\n\t\t\t\n\n\t\t<\/div>\n\n\t\t\n\n\t\t<div class=\"section-content relative\">\n\t\t\t\n\n<div class=\"row\"  id=\"row-1726171272\">\n\n\n\t<div id=\"col-1915069270\" class=\"col small-12 large-12\"  >\n\t\t\t\t<div class=\"col-inner\"  >\n\t\t\t\n\t\t\t\n\n<div style=\"border-left: 5px #fe5e08 solid; padding-left: 40px;\"> <h2 style=\"color: #fe5e08;\">\u00bfPor qu\u00e9 migrar tu tienda de BigCommerce a Shopware?<\/h2> <p><b>Migrar a Shopware es ideal si:<\/b><\/p> <ul style=\"list-style-type: none;\"> <li style=\"margin-left: 0;\">necesitas mayor flexibilidad backend para flujos de trabajo personalizados,<\/li> <li style=\"margin-left: 0;\">quieres control total sobre servidores e infraestructura,<\/li> <li style=\"margin-left: 0;\">buscas escalabilidad API-first y comercio headless,<\/li> <li style=\"margin-left: 0;\">gestionas operaciones B2B internacionales y multi-tienda complejas.<\/li> <\/ul> <p>Shopware es perfecto para empresas que quieren superar las limitaciones del SaaS, escalar globalmente y construir sistemas e-commerce altamente personalizados sobre una arquitectura empresarial moderna.<\/p> <\/div>\n\n\t<div id=\"gap-1597812220\" class=\"gap-element clearfix\" style=\"display:block; height:auto;\">\n\t\t\n<style>\n#gap-1597812220 {\n  padding-top: 60px;\n}\n<\/style>\n\t<\/div>\n\t\n\n\t<div id=\"text-2028667155\" class=\"text\">\n\t\t\n\n<div style=\"border-right: 5px #0093e3 solid; padding-right: 40px;\"> <h2 style=\"color: #0093e3\">\u00bfC\u00f3mo funciona la migraci\u00f3n de BigCommerce a Shopware?<\/h2> <p>Gestionamos el proceso de migraci\u00f3n con cuidado para garantizar la precisi\u00f3n de los datos, la correcta configuraci\u00f3n de la plataforma y la continuidad operativa sin interrupciones durante toda la transici\u00f3n.<\/p> <p><b>Transferimos todos los datos de productos<\/b><br>Productos, variantes, categor\u00edas, datos SEO, im\u00e1genes y atributos se importan en Shopware.<\/p> <p><b>Preservamos los datos de los clientes<\/b><br>Perfiles de clientes, direcciones, pedidos e informaci\u00f3n de contacto se migran de forma segura.<\/p> <p><b>Restauramos el historial de pedidos<\/b><br>Todas las transacciones, pagos y registros de env\u00edo se transfieren completamente para garantizar informes precisos y continuidad operativa.<\/p> <\/div>\n\n\t\t\n<style>\n#text-2028667155 {\n  text-align: right;\n}\n<\/style>\n\t<\/div>\n\t\n\n\t\t<\/div>\n\t\t\t\t\t<\/div>\n\n\t\n\n<\/div>\n\n\t\t<\/div>\n\n\t\t\n<style>\n#section_1474686093 {\n  padding-top: 80px;\n  padding-bottom: 80px;\n  background-color: rgb(249, 249, 249);\n}\n<\/style>\n\t<\/section>\n\t\n","protected":false},"excerpt":{"rendered":"","protected":false},"author":2,"featured_media":0,"parent":41375,"menu_order":0,"comment_status":"closed","ping_status":"closed","template":"","meta":{"_lmt_disableupdate":"","_lmt_disable":"","footnotes":""},"yoast_head":"<!-- This site is optimized with the Yoast SEO Premium plugin v21.8 (Yoast SEO v23.5) - https:\/\/yoast.com\/wordpress\/plugins\/seo\/ -->\n<title>Migraci\u00f3n de BigCommerce a Shopware<\/title>\n<meta name=\"description\" content=\"Migraci\u00f3n de BigCommerce a Shopware: desbloquea flexibilidad total en el backend, comercio headless y escalabilidad empresarial global m\u00e1s all\u00e1 de las limitaciones SaaS.\" \/>\n<meta name=\"robots\" content=\"index, follow, max-snippet:-1, max-image-preview:large, max-video-preview:-1\" \/>\n<link rel=\"canonical\" href=\"https:\/\/megamo.eu\/es\/migracion-de-tienda-online-a-otra-plataforma\/migracion-de-bigcommerce-a-shopware\/\" \/>\n<meta property=\"og:locale\" content=\"es_ES\" \/>\n<meta property=\"og:type\" content=\"article\" \/>\n<meta property=\"og:title\" content=\"Migraci\u00f3n de BigCommerce a Shopware\" \/>\n<meta property=\"og:description\" content=\"Migraci\u00f3n de BigCommerce a Shopware: desbloquea flexibilidad total en el backend, comercio headless y escalabilidad empresarial global m\u00e1s all\u00e1 de las limitaciones SaaS.\" \/>\n<meta property=\"og:url\" content=\"https:\/\/megamo.eu\/es\/migracion-de-tienda-online-a-otra-plataforma\/migracion-de-bigcommerce-a-shopware\/\" \/>\n<meta property=\"og:site_name\" content=\"megamo.eu\" \/>\n<meta property=\"article:publisher\" content=\"https:\/\/www.facebook.com\/megamoeu\" \/>\n<meta property=\"article:modified_time\" content=\"2025-10-03T10:58:01+00:00\" \/>\n<meta name=\"twitter:card\" content=\"summary_large_image\" \/>\n<meta name=\"twitter:label1\" content=\"Tiempo de lectura\" \/>\n\t<meta name=\"twitter:data1\" content=\"3 minutos\" \/>\n<script type=\"application\/ld+json\" class=\"yoast-schema-graph\">{\"@context\":\"https:\/\/schema.org\",\"@graph\":[{\"@type\":\"WebPage\",\"@id\":\"https:\/\/megamo.eu\/es\/migracion-de-tienda-online-a-otra-plataforma\/migracion-de-bigcommerce-a-shopware\/\",\"url\":\"https:\/\/megamo.eu\/es\/migracion-de-tienda-online-a-otra-plataforma\/migracion-de-bigcommerce-a-shopware\/\",\"name\":\"Migraci\u00f3n de BigCommerce a Shopware\",\"isPartOf\":{\"@id\":\"https:\/\/megamo.eu\/es\/#website\"},\"datePublished\":\"2025-06-17T09:00:18+00:00\",\"dateModified\":\"2025-10-03T10:58:01+00:00\",\"description\":\"Migraci\u00f3n de BigCommerce a Shopware: desbloquea flexibilidad total en el backend, comercio headless y escalabilidad empresarial global m\u00e1s all\u00e1 de las limitaciones SaaS.\",\"breadcrumb\":{\"@id\":\"https:\/\/megamo.eu\/es\/migracion-de-tienda-online-a-otra-plataforma\/migracion-de-bigcommerce-a-shopware\/#breadcrumb\"},\"inLanguage\":\"es\",\"potentialAction\":[{\"@type\":\"ReadAction\",\"target\":[\"https:\/\/megamo.eu\/es\/migracion-de-tienda-online-a-otra-plataforma\/migracion-de-bigcommerce-a-shopware\/\"]}]},{\"@type\":\"BreadcrumbList\",\"@id\":\"https:\/\/megamo.eu\/es\/migracion-de-tienda-online-a-otra-plataforma\/migracion-de-bigcommerce-a-shopware\/#breadcrumb\",\"itemListElement\":[{\"@type\":\"ListItem\",\"position\":1,\"name\":\"Home\",\"item\":\"https:\/\/megamo.eu\/es\/\"},{\"@type\":\"ListItem\",\"position\":2,\"name\":\"Migraci\u00f3n de Tienda Online a Otra Plataforma\",\"item\":\"https:\/\/megamo.eu\/es\/migracion-de-tienda-online-a-otra-plataforma\/\"},{\"@type\":\"ListItem\",\"position\":3,\"name\":\"Migraci\u00f3n de BigCommerce a Shopware\"}]},{\"@type\":\"WebSite\",\"@id\":\"https:\/\/megamo.eu\/es\/#website\",\"url\":\"https:\/\/megamo.eu\/es\/\",\"name\":\"megamo.eu\",\"description\":\"megamo.eu\",\"publisher\":{\"@id\":\"https:\/\/megamo.eu\/es\/#organization\"},\"potentialAction\":[{\"@type\":\"SearchAction\",\"target\":{\"@type\":\"EntryPoint\",\"urlTemplate\":\"https:\/\/megamo.eu\/es\/?s={search_term_string}\"},\"query-input\":{\"@type\":\"PropertyValueSpecification\",\"valueRequired\":true,\"valueName\":\"search_term_string\"}}],\"inLanguage\":\"es\"},{\"@type\":\"Organization\",\"@id\":\"https:\/\/megamo.eu\/es\/#organization\",\"name\":\"Megamo\",\"alternateName\":\"mgo\",\"url\":\"https:\/\/megamo.eu\/es\/\",\"logo\":{\"@type\":\"ImageObject\",\"inLanguage\":\"es\",\"@id\":\"https:\/\/megamo.eu\/es\/#\/schema\/logo\/image\/\",\"url\":\"https:\/\/megamo.eu\/wp-content\/uploads\/2024\/02\/logo_small.png\",\"contentUrl\":\"https:\/\/megamo.eu\/wp-content\/uploads\/2024\/02\/logo_small.png\",\"width\":300,\"height\":113,\"caption\":\"Megamo\"},\"image\":{\"@id\":\"https:\/\/megamo.eu\/es\/#\/schema\/logo\/image\/\"},\"sameAs\":[\"https:\/\/www.facebook.com\/megamoeu\",\"https:\/\/www.youtube.com\/@Megamo_en\"]}]}<\/script>\n<!-- \/ Yoast SEO Premium plugin. -->","yoast_head_json":{"title":"Migraci\u00f3n de BigCommerce a Shopware","description":"Migraci\u00f3n de BigCommerce a Shopware: desbloquea flexibilidad total en el backend, comercio headless y escalabilidad empresarial global m\u00e1s all\u00e1 de las limitaciones SaaS.","robots":{"index":"index","follow":"follow","max-snippet":"max-snippet:-1","max-image-preview":"max-image-preview:large","max-video-preview":"max-video-preview:-1"},"canonical":"https:\/\/megamo.eu\/es\/migracion-de-tienda-online-a-otra-plataforma\/migracion-de-bigcommerce-a-shopware\/","og_locale":"es_ES","og_type":"article","og_title":"Migraci\u00f3n de BigCommerce a Shopware","og_description":"Migraci\u00f3n de BigCommerce a Shopware: desbloquea flexibilidad total en el backend, comercio headless y escalabilidad empresarial global m\u00e1s all\u00e1 de las limitaciones SaaS.","og_url":"https:\/\/megamo.eu\/es\/migracion-de-tienda-online-a-otra-plataforma\/migracion-de-bigcommerce-a-shopware\/","og_site_name":"megamo.eu","article_publisher":"https:\/\/www.facebook.com\/megamoeu","article_modified_time":"2025-10-03T10:58:01+00:00","twitter_card":"summary_large_image","twitter_misc":{"Tiempo de lectura":"3 minutos"},"schema":{"@context":"https:\/\/schema.org","@graph":[{"@type":"WebPage","@id":"https:\/\/megamo.eu\/es\/migracion-de-tienda-online-a-otra-plataforma\/migracion-de-bigcommerce-a-shopware\/","url":"https:\/\/megamo.eu\/es\/migracion-de-tienda-online-a-otra-plataforma\/migracion-de-bigcommerce-a-shopware\/","name":"Migraci\u00f3n de BigCommerce a Shopware","isPartOf":{"@id":"https:\/\/megamo.eu\/es\/#website"},"datePublished":"2025-06-17T09:00:18+00:00","dateModified":"2025-10-03T10:58:01+00:00","description":"Migraci\u00f3n de BigCommerce a Shopware: desbloquea flexibilidad total en el backend, comercio headless y escalabilidad empresarial global m\u00e1s all\u00e1 de las limitaciones SaaS.","breadcrumb":{"@id":"https:\/\/megamo.eu\/es\/migracion-de-tienda-online-a-otra-plataforma\/migracion-de-bigcommerce-a-shopware\/#breadcrumb"},"inLanguage":"es","potentialAction":[{"@type":"ReadAction","target":["https:\/\/megamo.eu\/es\/migracion-de-tienda-online-a-otra-plataforma\/migracion-de-bigcommerce-a-shopware\/"]}]},{"@type":"BreadcrumbList","@id":"https:\/\/megamo.eu\/es\/migracion-de-tienda-online-a-otra-plataforma\/migracion-de-bigcommerce-a-shopware\/#breadcrumb","itemListElement":[{"@type":"ListItem","position":1,"name":"Home","item":"https:\/\/megamo.eu\/es\/"},{"@type":"ListItem","position":2,"name":"Migraci\u00f3n de Tienda Online a Otra Plataforma","item":"https:\/\/megamo.eu\/es\/migracion-de-tienda-online-a-otra-plataforma\/"},{"@type":"ListItem","position":3,"name":"Migraci\u00f3n de BigCommerce a Shopware"}]},{"@type":"WebSite","@id":"https:\/\/megamo.eu\/es\/#website","url":"https:\/\/megamo.eu\/es\/","name":"megamo.eu","description":"megamo.eu","publisher":{"@id":"https:\/\/megamo.eu\/es\/#organization"},"potentialAction":[{"@type":"SearchAction","target":{"@type":"EntryPoint","urlTemplate":"https:\/\/megamo.eu\/es\/?s={search_term_string}"},"query-input":{"@type":"PropertyValueSpecification","valueRequired":true,"valueName":"search_term_string"}}],"inLanguage":"es"},{"@type":"Organization","@id":"https:\/\/megamo.eu\/es\/#organization","name":"Megamo","alternateName":"mgo","url":"https:\/\/megamo.eu\/es\/","logo":{"@type":"ImageObject","inLanguage":"es","@id":"https:\/\/megamo.eu\/es\/#\/schema\/logo\/image\/","url":"https:\/\/megamo.eu\/wp-content\/uploads\/2024\/02\/logo_small.png","contentUrl":"https:\/\/megamo.eu\/wp-content\/uploads\/2024\/02\/logo_small.png","width":300,"height":113,"caption":"Megamo"},"image":{"@id":"https:\/\/megamo.eu\/es\/#\/schema\/logo\/image\/"},"sameAs":["https:\/\/www.facebook.com\/megamoeu","https:\/\/www.youtube.com\/@Megamo_en"]}]}},"_links":{"self":[{"href":"https:\/\/megamo.eu\/es\/wp-json\/wp\/v2\/pages\/42276"}],"collection":[{"href":"https:\/\/megamo.eu\/es\/wp-json\/wp\/v2\/pages"}],"about":[{"href":"https:\/\/megamo.eu\/es\/wp-json\/wp\/v2\/types\/page"}],"author":[{"embeddable":true,"href":"https:\/\/megamo.eu\/es\/wp-json\/wp\/v2\/users\/2"}],"replies":[{"embeddable":true,"href":"https:\/\/megamo.eu\/es\/wp-json\/wp\/v2\/comments?post=42276"}],"version-history":[{"count":2,"href":"https:\/\/megamo.eu\/es\/wp-json\/wp\/v2\/pages\/42276\/revisions"}],"predecessor-version":[{"id":56793,"href":"https:\/\/megamo.eu\/es\/wp-json\/wp\/v2\/pages\/42276\/revisions\/56793"}],"up":[{"embeddable":true,"href":"https:\/\/megamo.eu\/es\/wp-json\/wp\/v2\/pages\/41375"}],"wp:attachment":[{"href":"https:\/\/megamo.eu\/es\/wp-json\/wp\/v2\/media?parent=42276"}],"curies":[{"name":"wp","href":"https:\/\/api.w.org\/{rel}","templated":true}]}}