{"id":42274,"date":"2025-06-17T11:00:17","date_gmt":"2025-06-17T09:00:17","guid":{"rendered":"https:\/\/megamo.eu\/migracion-de-tienda-online-a-otra-plataforma\/migration-from-bigcommerce-to-shopify\/"},"modified":"2025-10-03T12:59:45","modified_gmt":"2025-10-03T10:59:45","slug":"migracion-de-bigcommerce-a-shopify","status":"publish","type":"page","link":"https:\/\/megamo.eu\/es\/migracion-de-tienda-online-a-otra-plataforma\/migracion-de-bigcommerce-a-shopify\/","title":{"rendered":"Migraci\u00f3n de BigCommerce a Shopify"},"content":{"rendered":"\n\t<div id=\"gap-451693908\" class=\"gap-element clearfix\" style=\"display:block; height:auto;\">\n\t\t\n<style>\n#gap-451693908 {\n  padding-top: 60px;\n}\n<\/style>\n\t<\/div>\n\t\n\n\t<section class=\"section\" id=\"section_1035216260\">\n\t\t<div class=\"bg section-bg fill bg-fill  bg-loaded\" >\n\n\t\t\t\n\t\t\t\n\t\t\t\n\n\t\t<\/div>\n\n\t\t\n\n\t\t<div class=\"section-content relative\">\n\t\t\t\n\n<div class=\"row\"  id=\"row-1307223703\">\n\n\n\t<div id=\"col-836631665\" class=\"col small-12 large-12\"  >\n\t\t\t\t<div class=\"col-inner text-center\"  >\n\t\t\t\n\t\t\t\n\n\t<div id=\"text-3913864583\" class=\"text\">\n\t\t\n\n<h1>Migraci\u00f3n de BigCommerce a Shopify<\/h1>\n\n\t\t\n<style>\n#text-3913864583 {\n  font-size: 1.3rem;\n}\n<\/style>\n\t<\/div>\n\t\n\n\t\t<\/div>\n\t\t\t\t\t<\/div>\n\n\t\n\n<\/div>\n<div class=\"row\"  id=\"row-1769407115\">\n\n\n\t<div id=\"col-699691358\" class=\"col small-12 large-12\"  >\n\t\t\t\t<div class=\"col-inner text-center\"  >\n\t\t\t\n\t\t\t\n\n\t<div class=\"img has-hover x md-x lg-x y md-y lg-y\" id=\"image_22251467\">\n\t\t\t\t\t\t\t\t<div class=\"img-inner dark\" >\n\t\t\t<img loading=\"lazy\" decoding=\"async\" width=\"820\" height=\"300\" src=\"https:\/\/megamo.eu\/wp-content\/uploads\/2025\/06\/bigcommerce-shopify-migration.webp\" class=\"attachment-original size-original\" alt=\"\" srcset=\"https:\/\/megamo.eu\/wp-content\/uploads\/2025\/06\/bigcommerce-shopify-migration.webp 820w, https:\/\/megamo.eu\/wp-content\/uploads\/2025\/06\/bigcommerce-shopify-migration-800x293.webp 800w, https:\/\/megamo.eu\/wp-content\/uploads\/2025\/06\/bigcommerce-shopify-migration-768x281.webp 768w, https:\/\/megamo.eu\/wp-content\/uploads\/2025\/06\/bigcommerce-shopify-migration-600x220.webp 600w\" sizes=\"(max-width: 820px) 100vw, 820px\" \/>\t\t\t\t\t\t\n\t\t\t\t\t<\/div>\n\t\t\t\t\t\t\t\t\n<style>\n#image_22251467 {\n  width: 60%;\n}\n<\/style>\n\t<\/div>\n\t\n\n\t<div id=\"text-306798003\" class=\"text\">\n\t\t\n\n<p>MIGRACI\u00d3N DE PLATAFORMA | BigCommerce a Shopify<\/p>\n\n\t\t\n<style>\n#text-306798003 {\n  font-size: 1.2rem;\n  color: rgb(155, 155, 155);\n}\n#text-306798003 > * {\n  color: rgb(155, 155, 155);\n}\n<\/style>\n\t<\/div>\n\t\n\t<div id=\"text-3993936604\" class=\"text\">\n\t\t\n\n<p style=\"margin-bottom: 60px\">BigCommerce y Shopify son dos potentes plataformas SaaS de comercio electr\u00f3nico, pero algunas empresas pueden preferir el ecosistema de aplicaciones m\u00e1s amplio de Shopify, su interfaz f\u00e1cil de usar y la gesti\u00f3n simplificada de la tienda. Migrar a Shopify permite aprovechar la escalabilidad integrada, las ventas multicanal y las integraciones fluidas con menos recursos t\u00e9cnicos necesarios.<\/p>\n\n\t\t\n<style>\n#text-3993936604 {\n  text-align: left;\n}\n<\/style>\n\t<\/div>\n\t\n<a href=\"https:\/\/forms.clickup.com\/9012257574\/f\/8cjr8t6-8752\/JCI89GNZOP1PSMHSHF\" target=\"_blank\" class=\"button primary\" rel=\"noopener\"  >\n  <i class=\"icon-checkmark\" aria-hidden=\"true\" ><\/i>  <span>Migra tu tienda de BigCommerce a Shopify<\/span>\n  <\/a>\n\n\n<a href=\"\/es\/migracion-de-tienda-online-a-otra-plataforma\/\" class=\"button primary\"  >\n  <i class=\"icon-tag\" aria-hidden=\"true\" ><\/i>  <span>Ver otros servicios de migraci\u00f3n<\/span>\n  <\/a>\n\n\n\t\t<\/div>\n\t\t\t\t\t<\/div>\n\n\t\n\n<\/div>\n\n\t\t<\/div>\n\n\t\t\n<style>\n#section_1035216260 {\n  padding-top: 30px;\n  padding-bottom: 30px;\n}\n<\/style>\n\t<\/section>\n\t\n\t<section class=\"section\" id=\"section_534096093\">\n\t\t<div class=\"bg section-bg fill bg-fill  bg-loaded\" >\n\n\t\t\t\n\t\t\t\n\t\t\t\n\n\t\t<\/div>\n\n\t\t\n\n\t\t<div class=\"section-content relative\">\n\t\t\t\n\n<div class=\"row\"  id=\"row-355261232\">\n\n\n\t<div id=\"col-430509829\" class=\"col medium-6 small-12 large-6\"  >\n\t\t\t\t<div class=\"col-inner text-left\"  >\n\t\t\t\n\t\t\t\n\n<h3>BigCommerce \u2013 potencia SaaS empresarial con precios escalonados<\/h3> <p>BigCommerce ofrece s\u00f3lidas capacidades B2B, multicanal y API-first, pero puede resultar costoso para negocios con altos ingresos debido al aumento de las tarifas de suscripci\u00f3n. Adem\u00e1s, algunas empresas encuentran que el mercado de aplicaciones de Shopify y sus integraciones externas son m\u00e1s flexibles para crecer r\u00e1pidamente.<\/p> <h4>Ventajas de BigCommerce:<\/h4> <ul> <li>plataforma SaaS totalmente alojada,<\/li> <li>capacidades nativas de B2B y ventas internacionales,<\/li> <li>arquitectura API-first para comercio headless,<\/li> <li>integraciones nativas con ERP, CRM, POS y marketplaces.<\/li> <\/ul> <h4>Desventajas de BigCommerce:<\/h4> <ul> <li>los precios de suscripci\u00f3n aumentan a medida que crecen los ingresos,<\/li> <li>mercado de aplicaciones m\u00e1s peque\u00f1o comparado con Shopify,<\/li> <li>menor flexibilidad en algunas integraciones externas,<\/li> <li>acceso limitado a personalizaci\u00f3n del backend.<\/li> <\/ul>\n\n\t\t<\/div>\n\t\t\t\t\t<\/div>\n\n\t\n\n\t<div id=\"col-1496689399\" class=\"col medium-6 small-12 large-6\"  >\n\t\t\t\t<div class=\"col-inner text-left\"  >\n\t\t\t\n\t\t\t\n\n<h3>Shopify \u2013 simplicidad SaaS con un ecosistema masivo de aplicaciones<\/h3> <p>Shopify ofrece una gesti\u00f3n de e-commerce muy intuitiva con un enorme mercado de aplicaciones, ventas multicanal e infraestructura SaaS totalmente alojada. Elimina la necesidad de gestionar servidores mientras brinda escalabilidad, automatizaci\u00f3n y extensas integraciones con terceros.<\/p> <h4>Ventajas de Shopify:<\/h4> <ul> <li>plataforma SaaS totalmente alojada con actualizaciones autom\u00e1ticas,<\/li> <li>mercado de aplicaciones masivo para ampliar funcionalidades,<\/li> <li>ventas multicanal f\u00e1ciles en marketplaces y redes sociales,<\/li> <li>integraciones fluidas con numerosas herramientas y servicios externos.<\/li> <\/ul> <h4>Desventajas de Shopify:<\/h4> <ul> <li>comisiones por transacciones en pasarelas de pago externas,<\/li> <li>algunas funciones avanzadas requieren apps de pago,<\/li> <li>personalizaci\u00f3n del backend m\u00e1s limitada que en plataformas open-source.<\/li> <\/ul>\n\n\t\t<\/div>\n\t\t\t\t\t<\/div>\n\n\t\n\n<\/div>\n\n\t\t<\/div>\n\n\t\t\n<style>\n#section_534096093 {\n  padding-top: 0px;\n  padding-bottom: 0px;\n}\n<\/style>\n\t<\/section>\n\t\n\t<section class=\"section\" id=\"section_1985225685\">\n\t\t<div class=\"bg section-bg fill bg-fill  bg-loaded\" >\n\n\t\t\t\n\t\t\t\n\t\t\t\n\n\t\t<\/div>\n\n\t\t\n\n\t\t<div class=\"section-content relative\">\n\t\t\t\n\n<div class=\"row\"  id=\"row-1051394064\">\n\n\n\t<div id=\"col-979451205\" class=\"col small-12 large-12\"  >\n\t\t\t\t<div class=\"col-inner\"  >\n\t\t\t\n\t\t\t\n\n<div style=\"border-left: 5px #fe5e08 solid; padding-left: 40px;\"> <h2 style=\"color: #fe5e08;\">\u00bfPor qu\u00e9 migrar tu tienda de BigCommerce a Shopify?<\/h2> <p><b>Migrar a Shopify tiene sentido si:<\/b><\/p> <ul style=\"list-style-type: none;\"> <li style=\"margin-left: 0;\">quieres un mercado de apps m\u00e1s amplio para funciones personalizadas,<\/li> <li style=\"margin-left: 0;\">necesitas una implementaci\u00f3n m\u00e1s r\u00e1pida y gesti\u00f3n simplificada,<\/li> <li style=\"margin-left: 0;\">quieres simplificar las ventas multicanal a trav\u00e9s de marketplaces y redes sociales,<\/li> <li style=\"margin-left: 0;\">prefieres el s\u00f3lido ecosistema de integraciones externas de Shopify.<\/li> <\/ul> <p>Shopify es ideal para negocios que buscan simplicidad SaaS, m\u00e1s oportunidades de crecimiento y acceso a un ecosistema global de aplicaciones y partners.<\/p> <\/div>\n\n\t<div id=\"gap-1121675949\" class=\"gap-element clearfix\" style=\"display:block; height:auto;\">\n\t\t\n<style>\n#gap-1121675949 {\n  padding-top: 60px;\n}\n<\/style>\n\t<\/div>\n\t\n\n\t<div id=\"text-2639610091\" class=\"text\">\n\t\t\n\n<div style=\"border-right: 5px #0093e3 solid; padding-right: 40px;\"> <h2 style=\"color: #0093e3\">\u00bfC\u00f3mo funciona la migraci\u00f3n de BigCommerce a Shopify?<\/h2> <p>Gestionamos el proceso de migraci\u00f3n de forma segura, asegurando la transferencia completa de datos, la configuraci\u00f3n adecuada del sistema y la continuidad operativa de la tienda durante toda la transici\u00f3n.<\/p> <p><b>Transferimos todos los datos de productos<\/b><br>Productos, categor\u00edas, variantes, im\u00e1genes, datos SEO y atributos se importan completamente en Shopify.<\/p> <p><b>Preservamos los datos de los clientes<\/b><br>Cuentas de clientes, historiales de pedidos, direcciones y datos de contacto se migran de forma segura.<\/p> <p><b>Restauramos el historial de pedidos<\/b><br>Todas las transacciones, registros de pago y datos de env\u00edos se transfieren para garantizar informes completos y estabilidad operativa.<\/p> <\/div>\n\n\t\t\n<style>\n#text-2639610091 {\n  text-align: right;\n}\n<\/style>\n\t<\/div>\n\t\n\n\t\t<\/div>\n\t\t\t\t\t<\/div>\n\n\t\n\n<\/div>\n\n\t\t<\/div>\n\n\t\t\n<style>\n#section_1985225685 {\n  padding-top: 80px;\n  padding-bottom: 80px;\n  background-color: rgb(249, 249, 249);\n}\n<\/style>\n\t<\/section>\n\t\n","protected":false},"excerpt":{"rendered":"","protected":false},"author":2,"featured_media":0,"parent":41375,"menu_order":0,"comment_status":"closed","ping_status":"closed","template":"","meta":{"_lmt_disableupdate":"","_lmt_disable":"","footnotes":""},"yoast_head":"<!-- This site is optimized with the Yoast SEO Premium plugin v21.8 (Yoast SEO v23.5) - https:\/\/yoast.com\/wordpress\/plugins\/seo\/ -->\n<title>Migraci\u00f3n de BigCommerce a Shopify<\/title>\n<meta name=\"description\" content=\"Migraci\u00f3n de BigCommerce a Shopify: simplifica la gesti\u00f3n, aprovecha un mercado de aplicaciones masivo y escala m\u00e1s r\u00e1pido con la flexibilidad del e-commerce SaaS completamente alojado.\" \/>\n<meta name=\"robots\" content=\"index, follow, max-snippet:-1, max-image-preview:large, max-video-preview:-1\" \/>\n<link rel=\"canonical\" href=\"https:\/\/megamo.eu\/es\/migracion-de-tienda-online-a-otra-plataforma\/migracion-de-bigcommerce-a-shopify\/\" \/>\n<meta property=\"og:locale\" content=\"es_ES\" \/>\n<meta property=\"og:type\" content=\"article\" \/>\n<meta property=\"og:title\" content=\"Migraci\u00f3n de BigCommerce a Shopify\" \/>\n<meta property=\"og:description\" content=\"Migraci\u00f3n de BigCommerce a Shopify: simplifica la gesti\u00f3n, aprovecha un mercado de aplicaciones masivo y escala m\u00e1s r\u00e1pido con la flexibilidad del e-commerce SaaS completamente alojado.\" \/>\n<meta property=\"og:url\" content=\"https:\/\/megamo.eu\/es\/migracion-de-tienda-online-a-otra-plataforma\/migracion-de-bigcommerce-a-shopify\/\" \/>\n<meta property=\"og:site_name\" content=\"megamo.eu\" \/>\n<meta property=\"article:publisher\" content=\"https:\/\/www.facebook.com\/megamoeu\" \/>\n<meta property=\"article:modified_time\" content=\"2025-10-03T10:59:45+00:00\" \/>\n<meta name=\"twitter:card\" content=\"summary_large_image\" \/>\n<meta name=\"twitter:label1\" content=\"Tiempo de lectura\" \/>\n\t<meta name=\"twitter:data1\" content=\"3 minutos\" \/>\n<script type=\"application\/ld+json\" class=\"yoast-schema-graph\">{\"@context\":\"https:\/\/schema.org\",\"@graph\":[{\"@type\":\"WebPage\",\"@id\":\"https:\/\/megamo.eu\/es\/migracion-de-tienda-online-a-otra-plataforma\/migracion-de-bigcommerce-a-shopify\/\",\"url\":\"https:\/\/megamo.eu\/es\/migracion-de-tienda-online-a-otra-plataforma\/migracion-de-bigcommerce-a-shopify\/\",\"name\":\"Migraci\u00f3n de BigCommerce a Shopify\",\"isPartOf\":{\"@id\":\"https:\/\/megamo.eu\/es\/#website\"},\"datePublished\":\"2025-06-17T09:00:17+00:00\",\"dateModified\":\"2025-10-03T10:59:45+00:00\",\"description\":\"Migraci\u00f3n de BigCommerce a Shopify: simplifica la gesti\u00f3n, aprovecha un mercado de aplicaciones masivo y escala m\u00e1s r\u00e1pido con la flexibilidad del e-commerce SaaS completamente alojado.\",\"breadcrumb\":{\"@id\":\"https:\/\/megamo.eu\/es\/migracion-de-tienda-online-a-otra-plataforma\/migracion-de-bigcommerce-a-shopify\/#breadcrumb\"},\"inLanguage\":\"es\",\"potentialAction\":[{\"@type\":\"ReadAction\",\"target\":[\"https:\/\/megamo.eu\/es\/migracion-de-tienda-online-a-otra-plataforma\/migracion-de-bigcommerce-a-shopify\/\"]}]},{\"@type\":\"BreadcrumbList\",\"@id\":\"https:\/\/megamo.eu\/es\/migracion-de-tienda-online-a-otra-plataforma\/migracion-de-bigcommerce-a-shopify\/#breadcrumb\",\"itemListElement\":[{\"@type\":\"ListItem\",\"position\":1,\"name\":\"Home\",\"item\":\"https:\/\/megamo.eu\/es\/\"},{\"@type\":\"ListItem\",\"position\":2,\"name\":\"Migraci\u00f3n de Tienda Online a Otra Plataforma\",\"item\":\"https:\/\/megamo.eu\/es\/migracion-de-tienda-online-a-otra-plataforma\/\"},{\"@type\":\"ListItem\",\"position\":3,\"name\":\"Migraci\u00f3n de BigCommerce a Shopify\"}]},{\"@type\":\"WebSite\",\"@id\":\"https:\/\/megamo.eu\/es\/#website\",\"url\":\"https:\/\/megamo.eu\/es\/\",\"name\":\"megamo.eu\",\"description\":\"megamo.eu\",\"publisher\":{\"@id\":\"https:\/\/megamo.eu\/es\/#organization\"},\"potentialAction\":[{\"@type\":\"SearchAction\",\"target\":{\"@type\":\"EntryPoint\",\"urlTemplate\":\"https:\/\/megamo.eu\/es\/?s={search_term_string}\"},\"query-input\":{\"@type\":\"PropertyValueSpecification\",\"valueRequired\":true,\"valueName\":\"search_term_string\"}}],\"inLanguage\":\"es\"},{\"@type\":\"Organization\",\"@id\":\"https:\/\/megamo.eu\/es\/#organization\",\"name\":\"Megamo\",\"alternateName\":\"mgo\",\"url\":\"https:\/\/megamo.eu\/es\/\",\"logo\":{\"@type\":\"ImageObject\",\"inLanguage\":\"es\",\"@id\":\"https:\/\/megamo.eu\/es\/#\/schema\/logo\/image\/\",\"url\":\"https:\/\/megamo.eu\/wp-content\/uploads\/2024\/02\/logo_small.png\",\"contentUrl\":\"https:\/\/megamo.eu\/wp-content\/uploads\/2024\/02\/logo_small.png\",\"width\":300,\"height\":113,\"caption\":\"Megamo\"},\"image\":{\"@id\":\"https:\/\/megamo.eu\/es\/#\/schema\/logo\/image\/\"},\"sameAs\":[\"https:\/\/www.facebook.com\/megamoeu\",\"https:\/\/www.youtube.com\/@Megamo_en\"]}]}<\/script>\n<!-- \/ Yoast SEO Premium plugin. -->","yoast_head_json":{"title":"Migraci\u00f3n de BigCommerce a Shopify","description":"Migraci\u00f3n de BigCommerce a Shopify: simplifica la gesti\u00f3n, aprovecha un mercado de aplicaciones masivo y escala m\u00e1s r\u00e1pido con la flexibilidad del e-commerce SaaS completamente alojado.","robots":{"index":"index","follow":"follow","max-snippet":"max-snippet:-1","max-image-preview":"max-image-preview:large","max-video-preview":"max-video-preview:-1"},"canonical":"https:\/\/megamo.eu\/es\/migracion-de-tienda-online-a-otra-plataforma\/migracion-de-bigcommerce-a-shopify\/","og_locale":"es_ES","og_type":"article","og_title":"Migraci\u00f3n de BigCommerce a Shopify","og_description":"Migraci\u00f3n de BigCommerce a Shopify: simplifica la gesti\u00f3n, aprovecha un mercado de aplicaciones masivo y escala m\u00e1s r\u00e1pido con la flexibilidad del e-commerce SaaS completamente alojado.","og_url":"https:\/\/megamo.eu\/es\/migracion-de-tienda-online-a-otra-plataforma\/migracion-de-bigcommerce-a-shopify\/","og_site_name":"megamo.eu","article_publisher":"https:\/\/www.facebook.com\/megamoeu","article_modified_time":"2025-10-03T10:59:45+00:00","twitter_card":"summary_large_image","twitter_misc":{"Tiempo de lectura":"3 minutos"},"schema":{"@context":"https:\/\/schema.org","@graph":[{"@type":"WebPage","@id":"https:\/\/megamo.eu\/es\/migracion-de-tienda-online-a-otra-plataforma\/migracion-de-bigcommerce-a-shopify\/","url":"https:\/\/megamo.eu\/es\/migracion-de-tienda-online-a-otra-plataforma\/migracion-de-bigcommerce-a-shopify\/","name":"Migraci\u00f3n de BigCommerce a Shopify","isPartOf":{"@id":"https:\/\/megamo.eu\/es\/#website"},"datePublished":"2025-06-17T09:00:17+00:00","dateModified":"2025-10-03T10:59:45+00:00","description":"Migraci\u00f3n de BigCommerce a Shopify: simplifica la gesti\u00f3n, aprovecha un mercado de aplicaciones masivo y escala m\u00e1s r\u00e1pido con la flexibilidad del e-commerce SaaS completamente alojado.","breadcrumb":{"@id":"https:\/\/megamo.eu\/es\/migracion-de-tienda-online-a-otra-plataforma\/migracion-de-bigcommerce-a-shopify\/#breadcrumb"},"inLanguage":"es","potentialAction":[{"@type":"ReadAction","target":["https:\/\/megamo.eu\/es\/migracion-de-tienda-online-a-otra-plataforma\/migracion-de-bigcommerce-a-shopify\/"]}]},{"@type":"BreadcrumbList","@id":"https:\/\/megamo.eu\/es\/migracion-de-tienda-online-a-otra-plataforma\/migracion-de-bigcommerce-a-shopify\/#breadcrumb","itemListElement":[{"@type":"ListItem","position":1,"name":"Home","item":"https:\/\/megamo.eu\/es\/"},{"@type":"ListItem","position":2,"name":"Migraci\u00f3n de Tienda Online a Otra Plataforma","item":"https:\/\/megamo.eu\/es\/migracion-de-tienda-online-a-otra-plataforma\/"},{"@type":"ListItem","position":3,"name":"Migraci\u00f3n de BigCommerce a Shopify"}]},{"@type":"WebSite","@id":"https:\/\/megamo.eu\/es\/#website","url":"https:\/\/megamo.eu\/es\/","name":"megamo.eu","description":"megamo.eu","publisher":{"@id":"https:\/\/megamo.eu\/es\/#organization"},"potentialAction":[{"@type":"SearchAction","target":{"@type":"EntryPoint","urlTemplate":"https:\/\/megamo.eu\/es\/?s={search_term_string}"},"query-input":{"@type":"PropertyValueSpecification","valueRequired":true,"valueName":"search_term_string"}}],"inLanguage":"es"},{"@type":"Organization","@id":"https:\/\/megamo.eu\/es\/#organization","name":"Megamo","alternateName":"mgo","url":"https:\/\/megamo.eu\/es\/","logo":{"@type":"ImageObject","inLanguage":"es","@id":"https:\/\/megamo.eu\/es\/#\/schema\/logo\/image\/","url":"https:\/\/megamo.eu\/wp-content\/uploads\/2024\/02\/logo_small.png","contentUrl":"https:\/\/megamo.eu\/wp-content\/uploads\/2024\/02\/logo_small.png","width":300,"height":113,"caption":"Megamo"},"image":{"@id":"https:\/\/megamo.eu\/es\/#\/schema\/logo\/image\/"},"sameAs":["https:\/\/www.facebook.com\/megamoeu","https:\/\/www.youtube.com\/@Megamo_en"]}]}},"_links":{"self":[{"href":"https:\/\/megamo.eu\/es\/wp-json\/wp\/v2\/pages\/42274"}],"collection":[{"href":"https:\/\/megamo.eu\/es\/wp-json\/wp\/v2\/pages"}],"about":[{"href":"https:\/\/megamo.eu\/es\/wp-json\/wp\/v2\/types\/page"}],"author":[{"embeddable":true,"href":"https:\/\/megamo.eu\/es\/wp-json\/wp\/v2\/users\/2"}],"replies":[{"embeddable":true,"href":"https:\/\/megamo.eu\/es\/wp-json\/wp\/v2\/comments?post=42274"}],"version-history":[{"count":2,"href":"https:\/\/megamo.eu\/es\/wp-json\/wp\/v2\/pages\/42274\/revisions"}],"predecessor-version":[{"id":56795,"href":"https:\/\/megamo.eu\/es\/wp-json\/wp\/v2\/pages\/42274\/revisions\/56795"}],"up":[{"embeddable":true,"href":"https:\/\/megamo.eu\/es\/wp-json\/wp\/v2\/pages\/41375"}],"wp:attachment":[{"href":"https:\/\/megamo.eu\/es\/wp-json\/wp\/v2\/media?parent=42274"}],"curies":[{"name":"wp","href":"https:\/\/api.w.org\/{rel}","templated":true}]}}