{"id":41908,"date":"2024-11-15T09:57:38","date_gmt":"2024-11-15T08:57:38","guid":{"rendered":"https:\/\/megamo.eu\/estudios-de-caso\/integration-of-multiple-shopify-locations-with-suppliers\/"},"modified":"2025-10-06T09:04:54","modified_gmt":"2025-10-06T07:04:54","slug":"integracion-de-multiples-ubicaciones-de-shopify-con-proveedores","status":"publish","type":"page","link":"https:\/\/megamo.eu\/es\/estudios-de-caso\/integracion-de-multiples-ubicaciones-de-shopify-con-proveedores\/","title":{"rendered":"Integraci\u00f3n de M\u00faltiples Ubicaciones de Shopify con Proveedores"},"content":{"rendered":"\n\t<section class=\"section\" id=\"section_152479867\">\n\t\t<div class=\"bg section-bg fill bg-fill  bg-loaded\" >\n\n\t\t\t\n\t\t\t\n\t\t\t\n\n\t\t<\/div>\n\n\t\t\n\n\t\t<div class=\"section-content relative\">\n\t\t\t\n\n<div class=\"row row-collapse row-full-width row-divided\"  id=\"row-1199671383\">\n\n\n\t<div id=\"col-1204315126\" class=\"col casestudiescol medium-2 small-12 large-2\"  >\n\t\t<div class=\"is-sticky-column\"><div class=\"is-sticky-column__inner\">\t\t<div class=\"col-inner\"  >\n\t\t\t\n\t\t\t\n\n\t<div id=\"gap-97198851\" class=\"gap-element clearfix\" style=\"display:block; height:auto;\">\n\t\t\n<style>\n#gap-97198851 {\n  padding-top: 60px;\n}\n<\/style>\n\t<\/div>\n\t\n\n\t<div id=\"text-3978654942\" class=\"text casestudieshead\">\n\t\t\n\n<h4 id=\"case_nav\">ESTUDIOS DE CASO<\/h4>\n\t\t\t<\/div>\n\t\n<div class=\"nav-wrapper\"><ul class=\"nav casestudiesnav nav-uppercase nav-vertical nav-line text-left nav-left\"><li class=><a href=\"https:\/\/megamo.eu\/es\/estudios-de-caso\/integracion-de-ean-con-woocommerce-via-api\/\">Integraci\u00f3n de EAN con WooCommerce v\u00eda API<\/a><\/li><li class=><a href=\"https:\/\/megamo.eu\/es\/estudios-de-caso\/importacion-de-categorias-seleccionadas-de-proveedores-al-integrador-megamo\/\">Importaci\u00f3n de Categor\u00edas Seleccionadas de Proveedores al Integrador Megamo<\/a><\/li><li class=><a href=\"https:\/\/megamo.eu\/es\/estudios-de-caso\/implementacion-de-la-transferencia-automatica-de-pedidos\/\">Implementaci\u00f3n de la Transferencia Autom\u00e1tica de Pedidos<\/a><\/li><li class=active><a href=\"https:\/\/megamo.eu\/es\/estudios-de-caso\/integracion-de-multiples-ubicaciones-de-shopify-con-proveedores\/\">Integraci\u00f3n de M\u00faltiples Ubicaciones de Shopify con Proveedores<\/a><\/li><\/ul><\/div>\n\n\t<div id=\"gap-1963714808\" class=\"gap-element clearfix\" style=\"display:block; height:auto;\">\n\t\t\n<style>\n#gap-1963714808 {\n  padding-top: 60px;\n}\n<\/style>\n\t<\/div>\n\t\n\n\n\t\t<\/div>\n\t\t<\/div><\/div>\t\t\t<\/div>\n\n\t\n\n\t<div id=\"col-1123800713\" class=\"col casestudiescol2 medium-10 small-12 large-10 small-col-first\"  >\n\t\t\t\t<div class=\"col-inner\"  >\n\t\t\t\n\t\t\t\n\n<div class=\"row row-collapse row-full-width row-divided\"  id=\"row-2109763357\">\n\n\n\t<div id=\"col-1729294761\" class=\"col casestudiescol2 medium-9 small-12 large-9\"  >\n\t\t\t\t<div class=\"col-inner\"  >\n\t\t\t\n\t\t\t\n\n\t<div id=\"gap-1032252753\" class=\"gap-element clearfix\" style=\"display:block; height:auto;\">\n\t\t\n<style>\n#gap-1032252753 {\n  padding-top: 60px;\n}\n<\/style>\n\t<\/div>\n\t\n\n\t<div id=\"text-889978642\" class=\"text show-for-small\">\n\t\t\n\n<p><a href=\"#case_nav\">ir a la navegaci\u00f3n\u2002<i class=\"icon-angle-down\"><\/i><\/a><\/p>\n\t\t\n<style>\n#text-889978642 {\n  font-size: 0.8rem;\n  text-align: right;\n}\n<\/style>\n\t<\/div>\n\t\n<h1 class=\"entry-title\">Integraci\u00f3n de m\u00faltiples ubicaciones de Shopify con proveedores<\/h1>\n\t<div class=\"img has-hover casestudiesimg x md-x lg-x y md-y lg-y\" id=\"image_545647126\">\n\t\t\t\t\t\t\t\t<div class=\"img-inner dark\" >\n\t\t\t<img loading=\"lazy\" decoding=\"async\" width=\"1200\" height=\"600\" src=\"https:\/\/megamo.eu\/wp-content\/uploads\/2024\/11\/locations_suppliers.webp\" class=\"attachment-original size-original\" alt=\"\" srcset=\"https:\/\/megamo.eu\/wp-content\/uploads\/2024\/11\/locations_suppliers.webp 1200w, https:\/\/megamo.eu\/wp-content\/uploads\/2024\/11\/locations_suppliers-800x400.webp 800w, https:\/\/megamo.eu\/wp-content\/uploads\/2024\/11\/locations_suppliers-768x384.webp 768w, https:\/\/megamo.eu\/wp-content\/uploads\/2024\/11\/locations_suppliers-600x300.webp 600w\" sizes=\"(max-width: 1200px) 100vw, 1200px\" \/>\t\t\t\t\t\t\n\t\t\t\t\t<\/div>\n\t\t\t\t\t\t\t\t\n<style>\n#image_545647126 {\n  width: 100%;\n}\n<\/style>\n\t<\/div>\n\t\n\n\n\n<h3><i class=\"icon-clock\"><\/i>\u2002Lectura de 3 min<\/h3><div class=\"entry-divider is-divider small\"><\/div>\n\n<div class=\"row row-full-width casestudiesrowhs\"  id=\"row-1514715569\">\n\n\n\t<div id=\"col-1070523543\" class=\"col casestudiehs small-12 large-12\"  >\n\t\t\t\t<div class=\"col-inner\" style=\"background-color:rgb(245, 245, 245);\" >\n\t\t\t\n\t\t\t\n\n\t<div id=\"text-3304931248\" class=\"text\">\n\t\t\n\n<h3 class=\"wp-block-heading\" style=\"margin: 0px;\">DESAF\u00cdO<\/h3>\n<p style=\"margin: 0px; font-size: 0.8rem; color: #003049\">a qu\u00e9 nos enfrentamos<\/p>\n\t\t\n<style>\n#text-3304931248 {\n  color: rgb(0, 131, 193);\n}\n#text-3304931248 > * {\n  color: rgb(0, 131, 193);\n}\n<\/style>\n\t<\/div>\n\t\n\n\t\t<\/div>\n\t\t\t\t\n<style>\n#col-1070523543 > .col-inner {\n  padding: 4px 20px 4px 20px;\n  border-radius: 8px;\n}\n<\/style>\n\t<\/div>\n\n\t\n\n<\/div>\n\t<div id=\"text-3887415105\" class=\"text\">\n\t\t\n\n<div style=\"padding-left: 10px;\">\n<div style=\"border-left: 3px #fe5e08 solid; padding-left: 20px;\">\n<p>Los clientes que gestionan tiendas online en la plataforma Shopify utilizan cada vez m\u00e1s m\u00faltiples almacenes en lugar de depender de un \u00fanico almac\u00e9n predeterminado. Surge as\u00ed la necesidad de que Megamo Integrator pueda gestionar la asignaci\u00f3n de inventarios de cada mayorista a los almacenes espec\u00edficos configurados en Shopify. El reto principal consiste en asignar el ID de almac\u00e9n correspondiente en Shopify a los mayoristas adecuados, lo que permite una gesti\u00f3n de stock m\u00e1s precisa y una mejor ejecuci\u00f3n de pedidos.<\/p>\n<\/div>\n<\/div>\n\t\t\n<style>\n#text-3887415105 {\n  font-size: 0.9rem;\n}\n<\/style>\n\t<\/div>\n\t\n<div class=\"row row-full-width casestudiesrowhs\"  id=\"row-2142577841\">\n\n\n\t<div id=\"col-1930045596\" class=\"col casestudiehs small-12 large-12\"  >\n\t\t\t\t<div class=\"col-inner\" style=\"background-color:rgb(245, 245, 245);\" >\n\t\t\t\n\t\t\t\n\n\t<div id=\"text-693706264\" class=\"text\">\n\t\t\n\n<h3 class=\"wp-block-heading\" style=\"margin: 0px;\">SOLUCI\u00d3N<\/h3>\n<p style=\"margin: 0px; font-size: 0.8rem; color: #003049\">la idea que tuvimos<\/p>\n\t\t\n<style>\n#text-693706264 {\n  text-align: left;\n  color: rgb(0, 131, 193);\n}\n#text-693706264 > * {\n  color: rgb(0, 131, 193);\n}\n<\/style>\n\t<\/div>\n\t\n\n\t\t<\/div>\n\t\t\t\t\n<style>\n#col-1930045596 > .col-inner {\n  padding: 4px 20px 4px 20px;\n  border-radius: 8px;\n}\n<\/style>\n\t<\/div>\n\n\t\n\n<\/div>\n\t<div id=\"text-2247903998\" class=\"text\">\n\t\t\n\n<div style=\"padding-left: 10px;\">\n<div style=\"border-left: 3px #fe5e08 solid; padding-left: 20px\">\n<p>El integrador de Megamo, que se conecta a Shopify mediante API, en su versi\u00f3n est\u00e1ndar solo recupera el ID del almac\u00e9n predeterminado, suficiente para configuraciones simples. Para resolver la necesidad de asignar inventarios a almacenes concretos, se ampli\u00f3 la funcionalidad del integrador para leer el ID de cualquier almac\u00e9n disponible en Shopify. De esta forma, es posible vincular el almac\u00e9n adecuado con un mayorista espec\u00edfico, permitiendo una gesti\u00f3n de stock m\u00e1s precisa.<\/p>\n<\/div>\n<\/div>\n\t\t\n<style>\n#text-2247903998 {\n  font-size: 0.9rem;\n}\n<\/style>\n\t<\/div>\n\t\n<div class=\"row row-full-width casestudiesrowhs\"  id=\"row-1352332112\">\n\n\n\t<div id=\"col-1613120463\" class=\"col casestudiehs small-12 large-12\"  >\n\t\t\t\t<div class=\"col-inner text-left\" style=\"background-color:rgb(245, 245, 245);\" >\n\t\t\t\n\t\t\t\n\n\t<div id=\"text-2055664250\" class=\"text\">\n\t\t\n\n<h3 class=\"wp-block-heading\" style=\"margin: 0px;\">IMPLEMENTACI\u00d3N<\/h3>\n<p style=\"margin: 0px; font-size: 0.8rem; color: #003049\">c\u00f3mo resolvimos el problema<\/p>\n\t\t\n<style>\n#text-2055664250 {\n  color: rgb(0, 131, 193);\n}\n#text-2055664250 > * {\n  color: rgb(0, 131, 193);\n}\n<\/style>\n\t<\/div>\n\t\n\n\t\t<\/div>\n\t\t\t\t\n<style>\n#col-1613120463 > .col-inner {\n  padding: 4px 20px 4px 20px;\n  border-radius: 8px;\n}\n<\/style>\n\t<\/div>\n\n\t\n\n<\/div>\n\n\t\t<\/div>\n\t\t\t\t\t<\/div>\n\n\t\n\n\t<div id=\"col-714969838\" class=\"col casestudiescol3 medium-3 small-12 large-3\"  >\n\t\t\t\t<div class=\"col-inner\"  >\n\t\t\t\n\t\t\t\n\n\n\t\t<\/div>\n\t\t\t\t\n<style>\n#col-714969838 > .col-inner {\n  padding: 0px 0px 0px 20px;\n}\n<\/style>\n\t<\/div>\n\n\t\n\n\n<style>\n#row-2109763357 > .col > .col-inner {\n  padding: 0px 20px 0px 20px;\n}\n<\/style>\n<\/div>\n<div class=\"row row-collapse row-full-width row-divided\"  id=\"row-932703904\">\n\n\n\t<div id=\"col-449657085\" class=\"col casestudiescol2 medium-9 small-12 large-9\"  >\n\t\t\t\t<div class=\"col-inner\"  >\n\t\t\t\n\t\t\t\n\n\t<div id=\"text-3389935060\" class=\"text\">\n\t\t\n\n<div style=\"padding-left: 10px;\">\n<div style=\"border-left: 3px #fe5e08 solid; padding-left: 20px\">\n<h4>1. Acceso a la ubicaci\u00f3n en Shopify:<\/h4>\n<p>&#8211; Contactar con el cliente para obtener permisos de API extendidos que permitan acceder a la lista completa de ubicaciones (almacenes) en Shopify.<\/p>\n<h4>2. Descarga de la lista de almacenes:<\/h4>\n<p>&#8211; Descargar y guardar datos clave como el ID del almac\u00e9n, su nombre y, si es posible, informaci\u00f3n adicional \u00fatil para la configuraci\u00f3n posterior.<\/p>\n<h4>3. Asignaci\u00f3n de almacenes a mayoristas:<\/h4>\n<p>&#8211; Introducir un mecanismo que permita mapear almacenes individuales (identificados por su ID) a mayoristas espec\u00edficos.<br>&#8211; Guardar estas asociaciones en la configuraci\u00f3n del integrador para que est\u00e9n disponibles en cada ciclo de importaci\u00f3n de datos.<\/p>\n<h4>4. Modificar el proceso de importaci\u00f3n de datos:<\/h4>\n<p>&#8211; Ajustar el proceso existente de importaci\u00f3n de productos e inventarios en el integrador Megamo para considerar las <b>relaciones entre almacenes y mayoristas<sup> [1]<\/sup><\/b>.<\/p>\n<h4>5. Pruebas y validaci\u00f3n:<\/h4>\n<p>&#8211; Realizar pruebas para confirmar que la nueva funcionalidad funciona correctamente y que el inventario se asigna de forma precisa a los almacenes espec\u00edficos en Shopify.<\/p>\n<\/div>\n<\/div>\n\t\t\n<style>\n#text-3389935060 {\n  font-size: 0.9rem;\n}\n<\/style>\n\t<\/div>\n\t\n<div class=\"row row-full-width casestudiesrowhs\"  id=\"row-571695669\">\n\n\n\t<div id=\"col-48523371\" class=\"col casestudiehs small-12 large-12\"  >\n\t\t\t\t<div class=\"col-inner\" style=\"background-color:rgb(245, 245, 245);\" >\n\t\t\t\n\t\t\t\n\n\t<div id=\"text-1654964324\" class=\"text\">\n\t\t\n\n<h3 class=\"wp-block-heading\" style=\"margin: 0px;\">RESULTADO<\/h3>\n<p style=\"margin: 0px; font-size: 0.8rem; color: #003049\">qu\u00e9 obtuvimos tras la implementaci\u00f3n<\/p>\n\t\t\n<style>\n#text-1654964324 {\n  color: rgb(0, 131, 193);\n}\n#text-1654964324 > * {\n  color: rgb(0, 131, 193);\n}\n<\/style>\n\t<\/div>\n\t\n\n\t\t<\/div>\n\t\t\t\t\n<style>\n#col-48523371 > .col-inner {\n  padding: 4px 20px 4px 20px;\n  border-radius: 8px;\n}\n<\/style>\n\t<\/div>\n\n\t\n\n<\/div>\n\t<div id=\"text-3267582950\" class=\"text\">\n\t\t\n\n<div style=\"padding-left: 10px;\">\n<div style=\"border-left: 3px #fe5e08 solid; padding-left: 20px\">\n<p>Con la soluci\u00f3n implementada, los productos de un mayorista espec\u00edfico se asignan autom\u00e1ticamente al almac\u00e9n seleccionado en Shopify. Esto permite una gesti\u00f3n de inventario m\u00e1s precisa y automatizada en m\u00faltiples almacenes, logrando una mejor organizaci\u00f3n log\u00edstica y un cumplimiento de pedidos m\u00e1s eficiente.<\/p>\n<p><b>Si deseas integrar proveedores y gestionar ubicaciones de Shopify por mayorista de manera autom\u00e1tica &#8211; <a href=\"#contact-form\">cont\u00e1ctanos<\/a>.<\/b><\/p>\n<\/div>\n<\/div>\n\t\t\n<style>\n#text-3267582950 {\n  font-size: 0.9rem;\n}\n<\/style>\n\t<\/div>\n\t\n\n\t\t<\/div>\n\t\t\t\t\t<\/div>\n\n\t\n\n\t<div id=\"col-2039957306\" class=\"col casestudiescol3 medium-3 small-12 large-3\"  >\n\t\t\t\t<div class=\"col-inner text-center\"  >\n\t\t\t\n\t\t\t\n\n\t<div class=\"img has-hover casestudiesimg x md-x lg-x y md-y lg-y\" id=\"image_1111263555\">\n\t\t<a class=\"image-lightbox lightbox-gallery\" title=\"\" href=\"https:\/\/megamo.eu\/wp-content\/uploads\/2024\/11\/example_locations.webp\">\t\t\t\t\t\t<div class=\"img-inner image-fade-out dark\" >\n\t\t\t<img loading=\"lazy\" decoding=\"async\" width=\"868\" height=\"934\" src=\"https:\/\/megamo.eu\/wp-content\/uploads\/2024\/11\/example_locations.webp\" class=\"attachment-original size-original\" alt=\"\" srcset=\"https:\/\/megamo.eu\/wp-content\/uploads\/2024\/11\/example_locations.webp 868w, https:\/\/megamo.eu\/wp-content\/uploads\/2024\/11\/example_locations-372x400.webp 372w, https:\/\/megamo.eu\/wp-content\/uploads\/2024\/11\/example_locations-743x800.webp 743w, https:\/\/megamo.eu\/wp-content\/uploads\/2024\/11\/example_locations-768x826.webp 768w, https:\/\/megamo.eu\/wp-content\/uploads\/2024\/11\/example_locations-600x646.webp 600w\" sizes=\"(max-width: 868px) 100vw, 868px\" \/>\t\t\t\t\t\t\n\t\t\t\t\t<\/div>\n\t\t\t\t\t\t<\/a>\t\t\n<style>\n#image_1111263555 {\n  width: 100%;\n}\n<\/style>\n\t<\/div>\n\t\n\n\t<div id=\"text-4040706323\" class=\"text\">\n\t\t\n\n<p font-size:=\"\" 12px;=\"\" margin-bottom:=\"\" 1.3em;\"=\"\">1. Resultado final de la implementaci\u00f3n<\/p>\n\t\t\n<style>\n#text-4040706323 {\n  font-size: 0.8rem;\n}\n<\/style>\n\t<\/div>\n\t\n\n\t\t<\/div>\n\t\t\t\t\t<\/div>\n\n\t\n\n\n<style>\n#row-932703904 > .col > .col-inner {\n  padding: 0px 20px 0px 20px;\n}\n<\/style>\n<\/div>\n<div class=\"row row-collapse row-full-width row-divided\"  id=\"row-1144063595\">\n\n\n\t<div id=\"col-146167079\" class=\"col casestudiescol2 medium-9 small-12 large-9\"  >\n\t\t\t\t<div class=\"col-inner\"  >\n\t\t\t\n\t\t\t\n\n<div class=\"row row-full-width casestudiesrowhs\"  id=\"row-2062813014\">\n\n\n\t<div id=\"col-205285510\" class=\"col casestudiehs small-12 large-12\"  >\n\t\t\t\t<div class=\"col-inner\" style=\"background-color:rgb(245, 245, 245);\" >\n\t\t\t\n\t\t\t\n\n\t<div id=\"text-1186381246\" class=\"text\">\n\t\t\n\n<h3 class=\"wp-block-heading\" style=\"margin: 0px;\">CONCLUSIONES<\/h3>\n<p style=\"margin: 0px; font-size: 0.8rem; color: #003049\">lecciones aprendidas al resolver el problema<\/p>\n\t\t\n<style>\n#text-1186381246 {\n  color: rgb(0, 131, 193);\n}\n#text-1186381246 > * {\n  color: rgb(0, 131, 193);\n}\n<\/style>\n\t<\/div>\n\t\n\n\t\t<\/div>\n\t\t\t\t\n<style>\n#col-205285510 > .col-inner {\n  padding: 4px 20px 4px 20px;\n  border-radius: 8px;\n}\n<\/style>\n\t<\/div>\n\n\t\n\n<\/div>\n\t<div id=\"text-2068593730\" class=\"text\">\n\t\t\n\n<div style=\"padding-left: 10px;\">\n<div style=\"border-left: 3px #fe5e08 solid; padding-left: 20px\">\n<p>La incorporaci\u00f3n de la funcionalidad mejorada del integrador Megamo permite aprovechar al m\u00e1ximo la gesti\u00f3n multi-almac\u00e9n de Shopify. Esto ofrece a las tiendas online una administraci\u00f3n de stock m\u00e1s eficiente, algo crucial en el din\u00e1mico entorno del comercio electr\u00f3nico. La implementaci\u00f3n de esta caracter\u00edstica responde a necesidades reales de los clientes y mejora notablemente la operatividad de sus tiendas.<\/p>\n<\/div>\n<\/div>\n\t\t\n<style>\n#text-2068593730 {\n  font-size: 0.9rem;\n}\n<\/style>\n\t<\/div>\n\t\n\t<div id=\"gap-632536920\" class=\"gap-element clearfix hide-for-medium\" style=\"display:block; height:auto;\">\n\t\t\n<style>\n#gap-632536920 {\n  padding-top: 60px;\n}\n<\/style>\n\t<\/div>\n\t\n\n\n\t\t<\/div>\n\t\t\t\t\n<style>\n#col-146167079 > .col-inner {\n  padding: 0px 20px 0px 0px;\n}\n<\/style>\n\t<\/div>\n\n\t\n\n\t<div id=\"col-1125425444\" class=\"col casestudiescol3 medium-3 small-12 large-3\"  >\n\t\t\t\t<div class=\"col-inner text-center\"  >\n\t\t\t\n\t\t\t\n\n\t<div id=\"gap-572425603\" class=\"gap-element clearfix show-for-small\" style=\"display:block; height:auto;\">\n\t\t\n<style>\n#gap-572425603 {\n  padding-top: 60px;\n}\n<\/style>\n\t<\/div>\n\t\n\n\n\t\t<\/div>\n\t\t\t\t\n<style>\n#col-1125425444 > .col-inner {\n  padding: 0px 0px 0px 20px;\n}\n<\/style>\n\t<\/div>\n\n\t\n\n\n<style>\n#row-1144063595 > .col > .col-inner {\n  padding: 0px 20px 0px 20px;\n}\n<\/style>\n<\/div>\n\n\t\t<\/div>\n\t\t\t\t\t<\/div>\n\n\t\n\n<\/div>\n\n\t\t<\/div>\n\n\t\t\n<style>\n#section_152479867 {\n  padding-top: 0px;\n  padding-bottom: 0px;\n  margin-bottom: 0px;\n}\n<\/style>\n\t<\/section>\n\t\n\n","protected":false},"excerpt":{"rendered":"","protected":false},"author":2,"featured_media":0,"parent":41653,"menu_order":0,"comment_status":"closed","ping_status":"closed","template":"","meta":{"_lmt_disableupdate":"","_lmt_disable":"","footnotes":""},"yoast_head":"<!-- This site is optimized with the Yoast SEO Premium plugin v21.8 (Yoast SEO v23.5) - https:\/\/yoast.com\/wordpress\/plugins\/seo\/ -->\n<title>Integraci\u00f3n de M\u00faltiples Ubicaciones de Shopify con Proveedores<\/title>\n<meta name=\"description\" content=\"Automatiza el inventario en Shopify mediante la integraci\u00f3n con proveedores y asign\u00e1ndolos a ubicaciones seleccionadas.\" \/>\n<meta name=\"robots\" content=\"index, follow, max-snippet:-1, max-image-preview:large, max-video-preview:-1\" \/>\n<link rel=\"canonical\" href=\"https:\/\/megamo.eu\/es\/estudios-de-caso\/integracion-de-multiples-ubicaciones-de-shopify-con-proveedores\/\" \/>\n<meta property=\"og:locale\" content=\"es_ES\" \/>\n<meta property=\"og:type\" content=\"article\" \/>\n<meta property=\"og:title\" content=\"Integraci\u00f3n de M\u00faltiples Ubicaciones de Shopify con Proveedores\" \/>\n<meta property=\"og:description\" content=\"Automatiza el inventario en Shopify mediante la integraci\u00f3n con proveedores y asign\u00e1ndolos a ubicaciones seleccionadas.\" \/>\n<meta property=\"og:url\" content=\"https:\/\/megamo.eu\/es\/estudios-de-caso\/integracion-de-multiples-ubicaciones-de-shopify-con-proveedores\/\" \/>\n<meta property=\"og:site_name\" content=\"megamo.eu\" \/>\n<meta property=\"article:publisher\" content=\"https:\/\/www.facebook.com\/megamoeu\" \/>\n<meta property=\"article:modified_time\" content=\"2025-10-06T07:04:54+00:00\" \/>\n<meta name=\"twitter:card\" content=\"summary_large_image\" \/>\n<meta name=\"twitter:label1\" content=\"Tiempo de lectura\" \/>\n\t<meta name=\"twitter:data1\" content=\"5 minutos\" \/>\n<script type=\"application\/ld+json\" class=\"yoast-schema-graph\">{\"@context\":\"https:\/\/schema.org\",\"@graph\":[{\"@type\":\"WebPage\",\"@id\":\"https:\/\/megamo.eu\/es\/estudios-de-caso\/integracion-de-multiples-ubicaciones-de-shopify-con-proveedores\/\",\"url\":\"https:\/\/megamo.eu\/es\/estudios-de-caso\/integracion-de-multiples-ubicaciones-de-shopify-con-proveedores\/\",\"name\":\"Integraci\u00f3n de M\u00faltiples Ubicaciones de Shopify con Proveedores\",\"isPartOf\":{\"@id\":\"https:\/\/megamo.eu\/es\/#website\"},\"datePublished\":\"2024-11-15T08:57:38+00:00\",\"dateModified\":\"2025-10-06T07:04:54+00:00\",\"description\":\"Automatiza el inventario en Shopify mediante la integraci\u00f3n con proveedores y asign\u00e1ndolos a ubicaciones seleccionadas.\",\"breadcrumb\":{\"@id\":\"https:\/\/megamo.eu\/es\/estudios-de-caso\/integracion-de-multiples-ubicaciones-de-shopify-con-proveedores\/#breadcrumb\"},\"inLanguage\":\"es\",\"potentialAction\":[{\"@type\":\"ReadAction\",\"target\":[\"https:\/\/megamo.eu\/es\/estudios-de-caso\/integracion-de-multiples-ubicaciones-de-shopify-con-proveedores\/\"]}]},{\"@type\":\"BreadcrumbList\",\"@id\":\"https:\/\/megamo.eu\/es\/estudios-de-caso\/integracion-de-multiples-ubicaciones-de-shopify-con-proveedores\/#breadcrumb\",\"itemListElement\":[{\"@type\":\"ListItem\",\"position\":1,\"name\":\"Home\",\"item\":\"https:\/\/megamo.eu\/es\/\"},{\"@type\":\"ListItem\",\"position\":2,\"name\":\"Estudios de Caso\",\"item\":\"https:\/\/megamo.eu\/es\/estudios-de-caso\/\"},{\"@type\":\"ListItem\",\"position\":3,\"name\":\"Integraci\u00f3n de M\u00faltiples Ubicaciones de Shopify con Proveedores\"}]},{\"@type\":\"WebSite\",\"@id\":\"https:\/\/megamo.eu\/es\/#website\",\"url\":\"https:\/\/megamo.eu\/es\/\",\"name\":\"megamo.eu\",\"description\":\"megamo.eu\",\"publisher\":{\"@id\":\"https:\/\/megamo.eu\/es\/#organization\"},\"potentialAction\":[{\"@type\":\"SearchAction\",\"target\":{\"@type\":\"EntryPoint\",\"urlTemplate\":\"https:\/\/megamo.eu\/es\/?s={search_term_string}\"},\"query-input\":{\"@type\":\"PropertyValueSpecification\",\"valueRequired\":true,\"valueName\":\"search_term_string\"}}],\"inLanguage\":\"es\"},{\"@type\":\"Organization\",\"@id\":\"https:\/\/megamo.eu\/es\/#organization\",\"name\":\"Megamo\",\"alternateName\":\"mgo\",\"url\":\"https:\/\/megamo.eu\/es\/\",\"logo\":{\"@type\":\"ImageObject\",\"inLanguage\":\"es\",\"@id\":\"https:\/\/megamo.eu\/es\/#\/schema\/logo\/image\/\",\"url\":\"https:\/\/megamo.eu\/wp-content\/uploads\/2024\/02\/logo_small.png\",\"contentUrl\":\"https:\/\/megamo.eu\/wp-content\/uploads\/2024\/02\/logo_small.png\",\"width\":300,\"height\":113,\"caption\":\"Megamo\"},\"image\":{\"@id\":\"https:\/\/megamo.eu\/es\/#\/schema\/logo\/image\/\"},\"sameAs\":[\"https:\/\/www.facebook.com\/megamoeu\",\"https:\/\/www.youtube.com\/@Megamo_en\"]}]}<\/script>\n<!-- \/ Yoast SEO Premium plugin. -->","yoast_head_json":{"title":"Integraci\u00f3n de M\u00faltiples Ubicaciones de Shopify con Proveedores","description":"Automatiza el inventario en Shopify mediante la integraci\u00f3n con proveedores y asign\u00e1ndolos a ubicaciones seleccionadas.","robots":{"index":"index","follow":"follow","max-snippet":"max-snippet:-1","max-image-preview":"max-image-preview:large","max-video-preview":"max-video-preview:-1"},"canonical":"https:\/\/megamo.eu\/es\/estudios-de-caso\/integracion-de-multiples-ubicaciones-de-shopify-con-proveedores\/","og_locale":"es_ES","og_type":"article","og_title":"Integraci\u00f3n de M\u00faltiples Ubicaciones de Shopify con Proveedores","og_description":"Automatiza el inventario en Shopify mediante la integraci\u00f3n con proveedores y asign\u00e1ndolos a ubicaciones seleccionadas.","og_url":"https:\/\/megamo.eu\/es\/estudios-de-caso\/integracion-de-multiples-ubicaciones-de-shopify-con-proveedores\/","og_site_name":"megamo.eu","article_publisher":"https:\/\/www.facebook.com\/megamoeu","article_modified_time":"2025-10-06T07:04:54+00:00","twitter_card":"summary_large_image","twitter_misc":{"Tiempo de lectura":"5 minutos"},"schema":{"@context":"https:\/\/schema.org","@graph":[{"@type":"WebPage","@id":"https:\/\/megamo.eu\/es\/estudios-de-caso\/integracion-de-multiples-ubicaciones-de-shopify-con-proveedores\/","url":"https:\/\/megamo.eu\/es\/estudios-de-caso\/integracion-de-multiples-ubicaciones-de-shopify-con-proveedores\/","name":"Integraci\u00f3n de M\u00faltiples Ubicaciones de Shopify con Proveedores","isPartOf":{"@id":"https:\/\/megamo.eu\/es\/#website"},"datePublished":"2024-11-15T08:57:38+00:00","dateModified":"2025-10-06T07:04:54+00:00","description":"Automatiza el inventario en Shopify mediante la integraci\u00f3n con proveedores y asign\u00e1ndolos a ubicaciones seleccionadas.","breadcrumb":{"@id":"https:\/\/megamo.eu\/es\/estudios-de-caso\/integracion-de-multiples-ubicaciones-de-shopify-con-proveedores\/#breadcrumb"},"inLanguage":"es","potentialAction":[{"@type":"ReadAction","target":["https:\/\/megamo.eu\/es\/estudios-de-caso\/integracion-de-multiples-ubicaciones-de-shopify-con-proveedores\/"]}]},{"@type":"BreadcrumbList","@id":"https:\/\/megamo.eu\/es\/estudios-de-caso\/integracion-de-multiples-ubicaciones-de-shopify-con-proveedores\/#breadcrumb","itemListElement":[{"@type":"ListItem","position":1,"name":"Home","item":"https:\/\/megamo.eu\/es\/"},{"@type":"ListItem","position":2,"name":"Estudios de Caso","item":"https:\/\/megamo.eu\/es\/estudios-de-caso\/"},{"@type":"ListItem","position":3,"name":"Integraci\u00f3n de M\u00faltiples Ubicaciones de Shopify con Proveedores"}]},{"@type":"WebSite","@id":"https:\/\/megamo.eu\/es\/#website","url":"https:\/\/megamo.eu\/es\/","name":"megamo.eu","description":"megamo.eu","publisher":{"@id":"https:\/\/megamo.eu\/es\/#organization"},"potentialAction":[{"@type":"SearchAction","target":{"@type":"EntryPoint","urlTemplate":"https:\/\/megamo.eu\/es\/?s={search_term_string}"},"query-input":{"@type":"PropertyValueSpecification","valueRequired":true,"valueName":"search_term_string"}}],"inLanguage":"es"},{"@type":"Organization","@id":"https:\/\/megamo.eu\/es\/#organization","name":"Megamo","alternateName":"mgo","url":"https:\/\/megamo.eu\/es\/","logo":{"@type":"ImageObject","inLanguage":"es","@id":"https:\/\/megamo.eu\/es\/#\/schema\/logo\/image\/","url":"https:\/\/megamo.eu\/wp-content\/uploads\/2024\/02\/logo_small.png","contentUrl":"https:\/\/megamo.eu\/wp-content\/uploads\/2024\/02\/logo_small.png","width":300,"height":113,"caption":"Megamo"},"image":{"@id":"https:\/\/megamo.eu\/es\/#\/schema\/logo\/image\/"},"sameAs":["https:\/\/www.facebook.com\/megamoeu","https:\/\/www.youtube.com\/@Megamo_en"]}]}},"_links":{"self":[{"href":"https:\/\/megamo.eu\/es\/wp-json\/wp\/v2\/pages\/41908"}],"collection":[{"href":"https:\/\/megamo.eu\/es\/wp-json\/wp\/v2\/pages"}],"about":[{"href":"https:\/\/megamo.eu\/es\/wp-json\/wp\/v2\/types\/page"}],"author":[{"embeddable":true,"href":"https:\/\/megamo.eu\/es\/wp-json\/wp\/v2\/users\/2"}],"replies":[{"embeddable":true,"href":"https:\/\/megamo.eu\/es\/wp-json\/wp\/v2\/comments?post=41908"}],"version-history":[{"count":4,"href":"https:\/\/megamo.eu\/es\/wp-json\/wp\/v2\/pages\/41908\/revisions"}],"predecessor-version":[{"id":57542,"href":"https:\/\/megamo.eu\/es\/wp-json\/wp\/v2\/pages\/41908\/revisions\/57542"}],"up":[{"embeddable":true,"href":"https:\/\/megamo.eu\/es\/wp-json\/wp\/v2\/pages\/41653"}],"wp:attachment":[{"href":"https:\/\/megamo.eu\/es\/wp-json\/wp\/v2\/media?parent=41908"}],"curies":[{"name":"wp","href":"https:\/\/api.w.org\/{rel}","templated":true}]}}