{"id":41742,"date":"2024-03-11T10:29:39","date_gmt":"2024-03-11T09:29:39","guid":{"rendered":"https:\/\/megamo.eu\/thank-you-for-placing-your-order\/"},"modified":"2025-07-01T11:38:08","modified_gmt":"2025-07-01T09:38:08","slug":"gracias-por-realizar-tu-pedido","status":"publish","type":"page","link":"https:\/\/megamo.eu\/es\/gracias-por-realizar-tu-pedido\/","title":{"rendered":"Gracias por realizar tu pedido"},"content":{"rendered":"\n\t<div id=\"gap-519176084\" class=\"gap-element clearfix\" style=\"display:block; height:auto;\">\n\t\t\n<style>\n#gap-519176084 {\n  padding-top: 60px;\n}\n<\/style>\n\t<\/div>\n\t\n\n\t<section class=\"section\" id=\"section_1175106924\">\n\t\t<div class=\"bg section-bg fill bg-fill  bg-loaded\" >\n\n\t\t\t\n\t\t\t\n\t\t\t\n\n\t\t<\/div>\n\n\t\t\n\n\t\t<div class=\"section-content relative\">\n\t\t\t\n\n<div class=\"row\"  id=\"row-1350129787\">\n\n\n\t<div id=\"col-1762976950\" class=\"col small-12 large-12\"  >\n\t\t\t\t<div class=\"col-inner\"  >\n\t\t\t\n\t\t\t\n\n\t<div id=\"text-2441790499\" class=\"text\">\n\t\t\n\n<h1>\u00a1Gracias por su pedido!<\/h1>\n\t\t\n<style>\n#text-2441790499 {\n  font-size: 1.3rem;\n  text-align: center;\n}\n<\/style>\n\t<\/div>\n\t\n\t<div id=\"gap-600003236\" class=\"gap-element clearfix\" style=\"display:block; height:auto;\">\n\t\t\n<style>\n#gap-600003236 {\n  padding-top: 30px;\n}\n<\/style>\n\t<\/div>\n\t\n\n\t\t<\/div>\n\t\t\t\t\t<\/div>\n\n\t\n\n<\/div>\n<div class=\"row\"  id=\"row-2099542781\">\n\n\n\t<div id=\"col-1592617171\" class=\"col small-12 large-12\"  >\n\t\t\t\t<div class=\"col-inner\" style=\"background-color:rgb(223, 240, 216);\" >\n\t\t\t\n\t<div class=\"is-border\"\n\t\tstyle=\"border-color:rgb(208, 233, 198);border-width:1px 1px 1px 1px;\">\n\t<\/div>\n\t\t\t\n\n\t<div id=\"text-1124282918\" class=\"text\">\n\t\t\n\n<h2 class=\"uppercase\"><strong>\u00a1Todo listo!<\/strong><\/h2>\n<h3>Gracias por su confianza<\/h3>\n<p>El pago ha sido aceptado. La confirmaci\u00f3n de pago se enviar\u00e1 a la direcci\u00f3n de correo electr\u00f3nico proporcionada.<\/p>\n<p>Tan pronto como se acredite el pago, comenzaremos a trabajar en el pedido.<\/p>\n\t\t\n<style>\n#text-1124282918 {\n  color: rgb(60, 118, 61);\n}\n#text-1124282918 > * {\n  color: rgb(60, 118, 61);\n}\n<\/style>\n\t<\/div>\n\t\n\n\t\t<\/div>\n\t\t\t\t\n<style>\n#col-1592617171 > .col-inner {\n  padding: 40px 40px 40px 40px;\n}\n<\/style>\n\t<\/div>\n\n\t\n\n<\/div>\n\n\t\t<\/div>\n\n\t\t\n<style>\n#section_1175106924 {\n  padding-top: 30px;\n  padding-bottom: 30px;\n}\n<\/style>\n\t<\/section>\n\t\n\t<div id=\"gap-1543800540\" class=\"gap-element clearfix\" style=\"display:block; height:auto;\">\n\t\t\n<style>\n#gap-1543800540 {\n  padding-top: 60px;\n}\n<\/style>\n\t<\/div>\n\t\n","protected":false},"excerpt":{"rendered":"","protected":false},"author":2,"featured_media":0,"parent":0,"menu_order":0,"comment_status":"closed","ping_status":"closed","template":"","meta":{"_lmt_disableupdate":"","_lmt_disable":"","footnotes":""},"yoast_head":"<!-- This site is optimized with the Yoast SEO Premium plugin v21.8 (Yoast SEO v23.5) - https:\/\/yoast.com\/wordpress\/plugins\/seo\/ -->\n<title>Gracias por realizar tu pedido<\/title>\n<meta name=\"description\" content=\"\u00a1Gracias por tu pedido! Estamos encantados de tenerte a bordo. \u00bfTienes preguntas? Nuestro equipo de soporte est\u00e1 aqu\u00ed para ayudarte.\" \/>\n<meta name=\"robots\" content=\"index, follow, max-snippet:-1, max-image-preview:large, max-video-preview:-1\" \/>\n<link rel=\"canonical\" href=\"https:\/\/megamo.eu\/es\/gracias-por-realizar-tu-pedido\/\" \/>\n<meta property=\"og:locale\" content=\"es_ES\" \/>\n<meta property=\"og:type\" content=\"article\" \/>\n<meta property=\"og:title\" content=\"Gracias por realizar tu pedido\" \/>\n<meta property=\"og:description\" content=\"\u00a1Gracias por tu pedido! Estamos encantados de tenerte a bordo. \u00bfTienes preguntas? Nuestro equipo de soporte est\u00e1 aqu\u00ed para ayudarte.\" \/>\n<meta property=\"og:url\" content=\"https:\/\/megamo.eu\/es\/gracias-por-realizar-tu-pedido\/\" \/>\n<meta property=\"og:site_name\" content=\"megamo.eu\" \/>\n<meta property=\"article:publisher\" content=\"https:\/\/www.facebook.com\/megamoeu\" \/>\n<meta property=\"article:modified_time\" content=\"2025-07-01T09:38:08+00:00\" \/>\n<meta name=\"twitter:card\" content=\"summary_large_image\" \/>\n<meta name=\"twitter:label1\" content=\"Tiempo de lectura\" \/>\n\t<meta name=\"twitter:data1\" content=\"1 minuto\" \/>\n<script type=\"application\/ld+json\" class=\"yoast-schema-graph\">{\"@context\":\"https:\/\/schema.org\",\"@graph\":[{\"@type\":\"WebPage\",\"@id\":\"https:\/\/megamo.eu\/es\/gracias-por-realizar-tu-pedido\/\",\"url\":\"https:\/\/megamo.eu\/es\/gracias-por-realizar-tu-pedido\/\",\"name\":\"Gracias por realizar tu pedido\",\"isPartOf\":{\"@id\":\"https:\/\/megamo.eu\/es\/#website\"},\"datePublished\":\"2024-03-11T09:29:39+00:00\",\"dateModified\":\"2025-07-01T09:38:08+00:00\",\"description\":\"\u00a1Gracias por tu pedido! Estamos encantados de tenerte a bordo. \u00bfTienes preguntas? Nuestro equipo de soporte est\u00e1 aqu\u00ed para ayudarte.\",\"breadcrumb\":{\"@id\":\"https:\/\/megamo.eu\/es\/gracias-por-realizar-tu-pedido\/#breadcrumb\"},\"inLanguage\":\"es\",\"potentialAction\":[{\"@type\":\"ReadAction\",\"target\":[\"https:\/\/megamo.eu\/es\/gracias-por-realizar-tu-pedido\/\"]}]},{\"@type\":\"BreadcrumbList\",\"@id\":\"https:\/\/megamo.eu\/es\/gracias-por-realizar-tu-pedido\/#breadcrumb\",\"itemListElement\":[{\"@type\":\"ListItem\",\"position\":1,\"name\":\"Home\",\"item\":\"https:\/\/megamo.eu\/es\/\"},{\"@type\":\"ListItem\",\"position\":2,\"name\":\"Gracias por realizar tu pedido\"}]},{\"@type\":\"WebSite\",\"@id\":\"https:\/\/megamo.eu\/es\/#website\",\"url\":\"https:\/\/megamo.eu\/es\/\",\"name\":\"megamo.eu\",\"description\":\"megamo.eu\",\"publisher\":{\"@id\":\"https:\/\/megamo.eu\/es\/#organization\"},\"potentialAction\":[{\"@type\":\"SearchAction\",\"target\":{\"@type\":\"EntryPoint\",\"urlTemplate\":\"https:\/\/megamo.eu\/es\/?s={search_term_string}\"},\"query-input\":{\"@type\":\"PropertyValueSpecification\",\"valueRequired\":true,\"valueName\":\"search_term_string\"}}],\"inLanguage\":\"es\"},{\"@type\":\"Organization\",\"@id\":\"https:\/\/megamo.eu\/es\/#organization\",\"name\":\"Megamo\",\"alternateName\":\"mgo\",\"url\":\"https:\/\/megamo.eu\/es\/\",\"logo\":{\"@type\":\"ImageObject\",\"inLanguage\":\"es\",\"@id\":\"https:\/\/megamo.eu\/es\/#\/schema\/logo\/image\/\",\"url\":\"https:\/\/megamo.eu\/wp-content\/uploads\/2024\/02\/logo_small.png\",\"contentUrl\":\"https:\/\/megamo.eu\/wp-content\/uploads\/2024\/02\/logo_small.png\",\"width\":300,\"height\":113,\"caption\":\"Megamo\"},\"image\":{\"@id\":\"https:\/\/megamo.eu\/es\/#\/schema\/logo\/image\/\"},\"sameAs\":[\"https:\/\/www.facebook.com\/megamoeu\",\"https:\/\/www.youtube.com\/@Megamo_en\"]}]}<\/script>\n<!-- \/ Yoast SEO Premium plugin. -->","yoast_head_json":{"title":"Gracias por realizar tu pedido","description":"\u00a1Gracias por tu pedido! Estamos encantados de tenerte a bordo. \u00bfTienes preguntas? Nuestro equipo de soporte est\u00e1 aqu\u00ed para ayudarte.","robots":{"index":"index","follow":"follow","max-snippet":"max-snippet:-1","max-image-preview":"max-image-preview:large","max-video-preview":"max-video-preview:-1"},"canonical":"https:\/\/megamo.eu\/es\/gracias-por-realizar-tu-pedido\/","og_locale":"es_ES","og_type":"article","og_title":"Gracias por realizar tu pedido","og_description":"\u00a1Gracias por tu pedido! Estamos encantados de tenerte a bordo. \u00bfTienes preguntas? Nuestro equipo de soporte est\u00e1 aqu\u00ed para ayudarte.","og_url":"https:\/\/megamo.eu\/es\/gracias-por-realizar-tu-pedido\/","og_site_name":"megamo.eu","article_publisher":"https:\/\/www.facebook.com\/megamoeu","article_modified_time":"2025-07-01T09:38:08+00:00","twitter_card":"summary_large_image","twitter_misc":{"Tiempo de lectura":"1 minuto"},"schema":{"@context":"https:\/\/schema.org","@graph":[{"@type":"WebPage","@id":"https:\/\/megamo.eu\/es\/gracias-por-realizar-tu-pedido\/","url":"https:\/\/megamo.eu\/es\/gracias-por-realizar-tu-pedido\/","name":"Gracias por realizar tu pedido","isPartOf":{"@id":"https:\/\/megamo.eu\/es\/#website"},"datePublished":"2024-03-11T09:29:39+00:00","dateModified":"2025-07-01T09:38:08+00:00","description":"\u00a1Gracias por tu pedido! Estamos encantados de tenerte a bordo. \u00bfTienes preguntas? Nuestro equipo de soporte est\u00e1 aqu\u00ed para ayudarte.","breadcrumb":{"@id":"https:\/\/megamo.eu\/es\/gracias-por-realizar-tu-pedido\/#breadcrumb"},"inLanguage":"es","potentialAction":[{"@type":"ReadAction","target":["https:\/\/megamo.eu\/es\/gracias-por-realizar-tu-pedido\/"]}]},{"@type":"BreadcrumbList","@id":"https:\/\/megamo.eu\/es\/gracias-por-realizar-tu-pedido\/#breadcrumb","itemListElement":[{"@type":"ListItem","position":1,"name":"Home","item":"https:\/\/megamo.eu\/es\/"},{"@type":"ListItem","position":2,"name":"Gracias por realizar tu pedido"}]},{"@type":"WebSite","@id":"https:\/\/megamo.eu\/es\/#website","url":"https:\/\/megamo.eu\/es\/","name":"megamo.eu","description":"megamo.eu","publisher":{"@id":"https:\/\/megamo.eu\/es\/#organization"},"potentialAction":[{"@type":"SearchAction","target":{"@type":"EntryPoint","urlTemplate":"https:\/\/megamo.eu\/es\/?s={search_term_string}"},"query-input":{"@type":"PropertyValueSpecification","valueRequired":true,"valueName":"search_term_string"}}],"inLanguage":"es"},{"@type":"Organization","@id":"https:\/\/megamo.eu\/es\/#organization","name":"Megamo","alternateName":"mgo","url":"https:\/\/megamo.eu\/es\/","logo":{"@type":"ImageObject","inLanguage":"es","@id":"https:\/\/megamo.eu\/es\/#\/schema\/logo\/image\/","url":"https:\/\/megamo.eu\/wp-content\/uploads\/2024\/02\/logo_small.png","contentUrl":"https:\/\/megamo.eu\/wp-content\/uploads\/2024\/02\/logo_small.png","width":300,"height":113,"caption":"Megamo"},"image":{"@id":"https:\/\/megamo.eu\/es\/#\/schema\/logo\/image\/"},"sameAs":["https:\/\/www.facebook.com\/megamoeu","https:\/\/www.youtube.com\/@Megamo_en"]}]}},"_links":{"self":[{"href":"https:\/\/megamo.eu\/es\/wp-json\/wp\/v2\/pages\/41742"}],"collection":[{"href":"https:\/\/megamo.eu\/es\/wp-json\/wp\/v2\/pages"}],"about":[{"href":"https:\/\/megamo.eu\/es\/wp-json\/wp\/v2\/types\/page"}],"author":[{"embeddable":true,"href":"https:\/\/megamo.eu\/es\/wp-json\/wp\/v2\/users\/2"}],"replies":[{"embeddable":true,"href":"https:\/\/megamo.eu\/es\/wp-json\/wp\/v2\/comments?post=41742"}],"version-history":[{"count":2,"href":"https:\/\/megamo.eu\/es\/wp-json\/wp\/v2\/pages\/41742\/revisions"}],"predecessor-version":[{"id":41875,"href":"https:\/\/megamo.eu\/es\/wp-json\/wp\/v2\/pages\/41742\/revisions\/41875"}],"wp:attachment":[{"href":"https:\/\/megamo.eu\/es\/wp-json\/wp\/v2\/media?parent=41742"}],"curies":[{"name":"wp","href":"https:\/\/api.w.org\/{rel}","templated":true}]}}