{"id":41676,"date":"2024-02-28T11:16:04","date_gmt":"2024-02-28T10:16:04","guid":{"rendered":"https:\/\/megamo.eu\/newsletter-terms-and-conditions\/"},"modified":"2025-10-06T09:08:48","modified_gmt":"2025-10-06T07:08:48","slug":"terminos-y-condiciones-del-boletin-informativo","status":"publish","type":"page","link":"https:\/\/megamo.eu\/es\/terminos-y-condiciones-del-boletin-informativo\/","title":{"rendered":"T\u00e9rminos y Condiciones del Bolet\u00edn Informativo"},"content":{"rendered":"\n\t<div id=\"gap-1313198265\" class=\"gap-element clearfix\" style=\"display:block; height:auto;\">\n\t\t\n<style>\n#gap-1313198265 {\n  padding-top: 60px;\n}\n<\/style>\n\t<\/div>\n\t\n\n\t<section class=\"section\" id=\"section_1014027862\">\n\t\t<div class=\"bg section-bg fill bg-fill  bg-loaded\" >\n\n\t\t\t\n\t\t\t\n\t\t\t\n\n\t\t<\/div>\n\n\t\t\n\n\t\t<div class=\"section-content relative\">\n\t\t\t\n\n<div class=\"row\"  id=\"row-341432668\">\n\n\n\t<div id=\"col-125103133\" class=\"col small-12 large-12\"  >\n\t\t\t\t<div class=\"col-inner\"  >\n\t\t\t\n\t\t\t\n\n\t<div id=\"text-15564831\" class=\"text\">\n\t\t\n\n<h1>Finalidad para la que se procesan sus datos<br>\n<\/h1>\n\t\t\n<style>\n#text-15564831 {\n  font-size: 1.3rem;\n}\n<\/style>\n\t<\/div>\n\t\n<p>Sus datos son o pueden ser procesados para los fines y sobre las bases indicadas en detalle en la pol\u00edtica de privacidad, tales como:<\/p>\n<ul>\n<li>ejecuci\u00f3n del contrato<\/li>\n<li>ejecuci\u00f3n de sus derechos en virtud del Contrato con respecto a reclamaciones<\/li>\n<li>responder a una consulta enviada a Megamo<\/li>\n<li>enviarle contenido informativo o de marketing, o enviarle una invitaci\u00f3n para dar su opini\u00f3n sobre los Servicios prestados por Megamo. La Pol\u00edtica de Privacidad contiene informaci\u00f3n completa sobre el procesamiento de datos por parte del responsable del tratamiento, junto con los derechos de la persona interesada.<\/li>\n<\/ul>\n<p>A continuaci\u00f3n, encontrar\u00e1 un enlace a los t\u00e9rminos generales del servicio con la pol\u00edtica de privacidad:<\/p>\n<p><a href=\"https:\/\/megamo.eu\/es\/terminos-y-condiciones\/\">https:\/\/megamo.eu\/es\/terminos-y-condiciones\/<\/a><\/p>\n<p>Qui\u00e9n es el responsable del tratamiento de sus datos personales: El responsable del tratamiento de sus datos personales recogidos a trav\u00e9s del sitio web es el Proveedor del Servicio &#8211; COMO, Calle Stanis\u0142awa Hebanowskiego 89a\/5, 80-766 Gda\u0144sk, NIP: 8392907896, REGON: 383785814.<\/p>\n<p>Contacto r\u00e1pido con el responsable del tratamiento de datos: <a href=\"#contact-form\">biuro@megamo.pl<\/a> o tel.: <a href=\"tel:+48 696 107 507\">+48 696 107 507<\/a>.<\/p>\n<p>Base legal: Sus datos personales son procesados por el Proveedor del Servicio de acuerdo con las leyes aplicables, en particular de conformidad con el Reglamento (UE) 2016\/679 del Parlamento Europeo y del Consejo de 27 de abril de 2016 relativo a la protecci\u00f3n de las personas f\u00edsicas en lo que respecta al tratamiento de datos personales y a la libre circulaci\u00f3n de estos datos, y por el que se deroga la Directiva 95\/46\/CE (Reglamento General de Protecci\u00f3n de Datos) &#8211; tambi\u00e9n conocido como el <b>\u201eRGPD\u201d<\/b> o <b>\u201eReglamento RGPD\u201d<\/b>.<\/p>\n<p>Tratamiento de sus datos con fines informativos y de marketing: Su direcci\u00f3n de correo electr\u00f3nico se procesar\u00e1 con fines informativos y de marketing. Su consentimiento para el tratamiento de su direcci\u00f3n de correo electr\u00f3nico es voluntario. <b>Tiene derecho a retirar su consentimiento en cualquier momento<\/b> sin que ello afecte a la licitud del tratamiento basado en el consentimiento previo a su retirada. Tiene derecho a acceder, rectificar, suprimir, limitar el tratamiento de sus datos, as\u00ed como el derecho a la portabilidad de los datos en los t\u00e9rminos establecidos en la pol\u00edtica de privacidad. Los datos personales en el sitio web se procesan de acuerdo con la pol\u00edtica de privacidad. Le recomendamos que lea la pol\u00edtica antes de otorgar su consentimiento.<\/p>\n\n\n\t\t<\/div>\n\t\t\t\t\t<\/div>\n\n\t\n\n<\/div>\n\n\t\t<\/div>\n\n\t\t\n<style>\n#section_1014027862 {\n  padding-top: 30px;\n  padding-bottom: 30px;\n}\n<\/style>\n\t<\/section>\n\t\n\t<div id=\"gap-482503962\" class=\"gap-element clearfix\" style=\"display:block; height:auto;\">\n\t\t\n<style>\n#gap-482503962 {\n  padding-top: 60px;\n}\n<\/style>\n\t<\/div>\n\t\n\n\n","protected":false},"excerpt":{"rendered":"","protected":false},"author":2,"featured_media":0,"parent":0,"menu_order":0,"comment_status":"closed","ping_status":"closed","template":"","meta":{"_lmt_disableupdate":"","_lmt_disable":"","footnotes":""},"yoast_head":"<!-- This site is optimized with the Yoast SEO Premium plugin v21.8 (Yoast SEO v23.5) - https:\/\/yoast.com\/wordpress\/plugins\/seo\/ -->\n<title>T\u00e9rminos y Condiciones del Bolet\u00edn Informativo<\/title>\n<meta name=\"description\" content=\"T\u00e9rminos y Condiciones del bolet\u00edn informativo para clientes de Megamo.\" \/>\n<meta name=\"robots\" content=\"index, follow, max-snippet:-1, max-image-preview:large, max-video-preview:-1\" \/>\n<link rel=\"canonical\" href=\"https:\/\/megamo.eu\/es\/terminos-y-condiciones-del-boletin-informativo\/\" \/>\n<meta property=\"og:locale\" content=\"es_ES\" \/>\n<meta property=\"og:type\" content=\"article\" \/>\n<meta property=\"og:title\" content=\"T\u00e9rminos y Condiciones del Bolet\u00edn Informativo\" \/>\n<meta property=\"og:description\" content=\"T\u00e9rminos y Condiciones del bolet\u00edn informativo para clientes de Megamo.\" \/>\n<meta property=\"og:url\" content=\"https:\/\/megamo.eu\/es\/terminos-y-condiciones-del-boletin-informativo\/\" \/>\n<meta property=\"og:site_name\" content=\"megamo.eu\" \/>\n<meta property=\"article:publisher\" content=\"https:\/\/www.facebook.com\/megamoeu\" \/>\n<meta property=\"article:modified_time\" content=\"2025-10-06T07:08:48+00:00\" \/>\n<meta name=\"twitter:card\" content=\"summary_large_image\" \/>\n<meta name=\"twitter:label1\" content=\"Tiempo de lectura\" \/>\n\t<meta name=\"twitter:data1\" content=\"3 minutos\" \/>\n<script type=\"application\/ld+json\" class=\"yoast-schema-graph\">{\"@context\":\"https:\/\/schema.org\",\"@graph\":[{\"@type\":\"WebPage\",\"@id\":\"https:\/\/megamo.eu\/es\/terminos-y-condiciones-del-boletin-informativo\/\",\"url\":\"https:\/\/megamo.eu\/es\/terminos-y-condiciones-del-boletin-informativo\/\",\"name\":\"T\u00e9rminos y Condiciones del Bolet\u00edn Informativo\",\"isPartOf\":{\"@id\":\"https:\/\/megamo.eu\/es\/#website\"},\"datePublished\":\"2024-02-28T10:16:04+00:00\",\"dateModified\":\"2025-10-06T07:08:48+00:00\",\"description\":\"T\u00e9rminos y Condiciones del bolet\u00edn informativo para clientes de Megamo.\",\"breadcrumb\":{\"@id\":\"https:\/\/megamo.eu\/es\/terminos-y-condiciones-del-boletin-informativo\/#breadcrumb\"},\"inLanguage\":\"es\",\"potentialAction\":[{\"@type\":\"ReadAction\",\"target\":[\"https:\/\/megamo.eu\/es\/terminos-y-condiciones-del-boletin-informativo\/\"]}]},{\"@type\":\"BreadcrumbList\",\"@id\":\"https:\/\/megamo.eu\/es\/terminos-y-condiciones-del-boletin-informativo\/#breadcrumb\",\"itemListElement\":[{\"@type\":\"ListItem\",\"position\":1,\"name\":\"Home\",\"item\":\"https:\/\/megamo.eu\/es\/\"},{\"@type\":\"ListItem\",\"position\":2,\"name\":\"T\u00e9rminos y Condiciones del Bolet\u00edn Informativo\"}]},{\"@type\":\"WebSite\",\"@id\":\"https:\/\/megamo.eu\/es\/#website\",\"url\":\"https:\/\/megamo.eu\/es\/\",\"name\":\"megamo.eu\",\"description\":\"megamo.eu\",\"publisher\":{\"@id\":\"https:\/\/megamo.eu\/es\/#organization\"},\"potentialAction\":[{\"@type\":\"SearchAction\",\"target\":{\"@type\":\"EntryPoint\",\"urlTemplate\":\"https:\/\/megamo.eu\/es\/?s={search_term_string}\"},\"query-input\":{\"@type\":\"PropertyValueSpecification\",\"valueRequired\":true,\"valueName\":\"search_term_string\"}}],\"inLanguage\":\"es\"},{\"@type\":\"Organization\",\"@id\":\"https:\/\/megamo.eu\/es\/#organization\",\"name\":\"Megamo\",\"alternateName\":\"mgo\",\"url\":\"https:\/\/megamo.eu\/es\/\",\"logo\":{\"@type\":\"ImageObject\",\"inLanguage\":\"es\",\"@id\":\"https:\/\/megamo.eu\/es\/#\/schema\/logo\/image\/\",\"url\":\"https:\/\/megamo.eu\/wp-content\/uploads\/2024\/02\/logo_small.png\",\"contentUrl\":\"https:\/\/megamo.eu\/wp-content\/uploads\/2024\/02\/logo_small.png\",\"width\":300,\"height\":113,\"caption\":\"Megamo\"},\"image\":{\"@id\":\"https:\/\/megamo.eu\/es\/#\/schema\/logo\/image\/\"},\"sameAs\":[\"https:\/\/www.facebook.com\/megamoeu\",\"https:\/\/www.youtube.com\/@Megamo_en\"]}]}<\/script>\n<!-- \/ Yoast SEO Premium plugin. -->","yoast_head_json":{"title":"T\u00e9rminos y Condiciones del Bolet\u00edn Informativo","description":"T\u00e9rminos y Condiciones del bolet\u00edn informativo para clientes de Megamo.","robots":{"index":"index","follow":"follow","max-snippet":"max-snippet:-1","max-image-preview":"max-image-preview:large","max-video-preview":"max-video-preview:-1"},"canonical":"https:\/\/megamo.eu\/es\/terminos-y-condiciones-del-boletin-informativo\/","og_locale":"es_ES","og_type":"article","og_title":"T\u00e9rminos y Condiciones del Bolet\u00edn Informativo","og_description":"T\u00e9rminos y Condiciones del bolet\u00edn informativo para clientes de Megamo.","og_url":"https:\/\/megamo.eu\/es\/terminos-y-condiciones-del-boletin-informativo\/","og_site_name":"megamo.eu","article_publisher":"https:\/\/www.facebook.com\/megamoeu","article_modified_time":"2025-10-06T07:08:48+00:00","twitter_card":"summary_large_image","twitter_misc":{"Tiempo de lectura":"3 minutos"},"schema":{"@context":"https:\/\/schema.org","@graph":[{"@type":"WebPage","@id":"https:\/\/megamo.eu\/es\/terminos-y-condiciones-del-boletin-informativo\/","url":"https:\/\/megamo.eu\/es\/terminos-y-condiciones-del-boletin-informativo\/","name":"T\u00e9rminos y Condiciones del Bolet\u00edn Informativo","isPartOf":{"@id":"https:\/\/megamo.eu\/es\/#website"},"datePublished":"2024-02-28T10:16:04+00:00","dateModified":"2025-10-06T07:08:48+00:00","description":"T\u00e9rminos y Condiciones del bolet\u00edn informativo para clientes de Megamo.","breadcrumb":{"@id":"https:\/\/megamo.eu\/es\/terminos-y-condiciones-del-boletin-informativo\/#breadcrumb"},"inLanguage":"es","potentialAction":[{"@type":"ReadAction","target":["https:\/\/megamo.eu\/es\/terminos-y-condiciones-del-boletin-informativo\/"]}]},{"@type":"BreadcrumbList","@id":"https:\/\/megamo.eu\/es\/terminos-y-condiciones-del-boletin-informativo\/#breadcrumb","itemListElement":[{"@type":"ListItem","position":1,"name":"Home","item":"https:\/\/megamo.eu\/es\/"},{"@type":"ListItem","position":2,"name":"T\u00e9rminos y Condiciones del Bolet\u00edn Informativo"}]},{"@type":"WebSite","@id":"https:\/\/megamo.eu\/es\/#website","url":"https:\/\/megamo.eu\/es\/","name":"megamo.eu","description":"megamo.eu","publisher":{"@id":"https:\/\/megamo.eu\/es\/#organization"},"potentialAction":[{"@type":"SearchAction","target":{"@type":"EntryPoint","urlTemplate":"https:\/\/megamo.eu\/es\/?s={search_term_string}"},"query-input":{"@type":"PropertyValueSpecification","valueRequired":true,"valueName":"search_term_string"}}],"inLanguage":"es"},{"@type":"Organization","@id":"https:\/\/megamo.eu\/es\/#organization","name":"Megamo","alternateName":"mgo","url":"https:\/\/megamo.eu\/es\/","logo":{"@type":"ImageObject","inLanguage":"es","@id":"https:\/\/megamo.eu\/es\/#\/schema\/logo\/image\/","url":"https:\/\/megamo.eu\/wp-content\/uploads\/2024\/02\/logo_small.png","contentUrl":"https:\/\/megamo.eu\/wp-content\/uploads\/2024\/02\/logo_small.png","width":300,"height":113,"caption":"Megamo"},"image":{"@id":"https:\/\/megamo.eu\/es\/#\/schema\/logo\/image\/"},"sameAs":["https:\/\/www.facebook.com\/megamoeu","https:\/\/www.youtube.com\/@Megamo_en"]}]}},"_links":{"self":[{"href":"https:\/\/megamo.eu\/es\/wp-json\/wp\/v2\/pages\/41676"}],"collection":[{"href":"https:\/\/megamo.eu\/es\/wp-json\/wp\/v2\/pages"}],"about":[{"href":"https:\/\/megamo.eu\/es\/wp-json\/wp\/v2\/types\/page"}],"author":[{"embeddable":true,"href":"https:\/\/megamo.eu\/es\/wp-json\/wp\/v2\/users\/2"}],"replies":[{"embeddable":true,"href":"https:\/\/megamo.eu\/es\/wp-json\/wp\/v2\/comments?post=41676"}],"version-history":[{"count":3,"href":"https:\/\/megamo.eu\/es\/wp-json\/wp\/v2\/pages\/41676\/revisions"}],"predecessor-version":[{"id":57543,"href":"https:\/\/megamo.eu\/es\/wp-json\/wp\/v2\/pages\/41676\/revisions\/57543"}],"wp:attachment":[{"href":"https:\/\/megamo.eu\/es\/wp-json\/wp\/v2\/media?parent=41676"}],"curies":[{"name":"wp","href":"https:\/\/api.w.org\/{rel}","templated":true}]}}