{"id":41670,"date":"2024-02-21T11:46:16","date_gmt":"2024-02-21T10:46:16","guid":{"rendered":"https:\/\/megamo.eu\/marketing-resources-for-suppliers-2\/"},"modified":"2025-07-01T10:42:00","modified_gmt":"2025-07-01T08:42:00","slug":"recursos-de-marketing","status":"publish","type":"page","link":"https:\/\/megamo.eu\/es\/recursos-de-marketing\/","title":{"rendered":"Recursos de Marketing"},"content":{"rendered":"\n\t<div id=\"gap-1294150550\" class=\"gap-element clearfix\" style=\"display:block; height:auto;\">\n\t\t\n<style>\n#gap-1294150550 {\n  padding-top: 60px;\n}\n<\/style>\n\t<\/div>\n\t\n\n\t<section class=\"section\" id=\"section_1299277225\">\n\t\t<div class=\"bg section-bg fill bg-fill  bg-loaded\" >\n\n\t\t\t\n\t\t\t\n\t\t\t\n\n\t\t<\/div>\n\n\t\t\n\n\t\t<div class=\"section-content relative\">\n\t\t\t\n\n<div class=\"row align-middle\"  id=\"row-908410676\">\n\n\n\t<div id=\"col-1834345739\" class=\"col medium-5 small-12 large-5 small-col-first\"  >\n\t\t\t\t<div class=\"col-inner text-center\"  >\n\t\t\t\n\t\t\t\n\n\t<div class=\"img has-hover x md-x lg-x y md-y lg-y\" id=\"image_2056626810\">\n\t\t\t\t\t\t\t\t<div class=\"img-inner dark\" >\n\t\t\t<img loading=\"lazy\" decoding=\"async\" width=\"448\" height=\"449\" src=\"https:\/\/megamo.eu\/wp-content\/uploads\/2024\/02\/cooperation-marketing-1.webp\" class=\"attachment-original size-original\" alt=\"\" srcset=\"https:\/\/megamo.eu\/wp-content\/uploads\/2024\/02\/cooperation-marketing-1.webp 448w, https:\/\/megamo.eu\/wp-content\/uploads\/2024\/02\/cooperation-marketing-1-399x400.webp 399w, https:\/\/megamo.eu\/wp-content\/uploads\/2024\/02\/cooperation-marketing-1-280x280.webp 280w, https:\/\/megamo.eu\/wp-content\/uploads\/2024\/02\/cooperation-marketing-1-300x300.webp 300w, https:\/\/megamo.eu\/wp-content\/uploads\/2024\/02\/cooperation-marketing-1-100x100.webp 100w\" sizes=\"(max-width: 448px) 100vw, 448px\" \/>\t\t\t\t\t\t\n\t\t\t\t\t<\/div>\n\t\t\t\t\t\t\t\t\n<style>\n#image_2056626810 {\n  width: 75%;\n}\n<\/style>\n\t<\/div>\n\t\n\n\t\t<\/div>\n\t\t\t\t\t<\/div>\n\n\t\n\n\t<div id=\"col-801397766\" class=\"col medium-7 small-12 large-7\"  >\n\t\t\t\t<div class=\"col-inner text-center\"  >\n\t\t\t\n\t\t\t\n\n\t<div id=\"text-2749986056\" class=\"text\">\n\t\t\n\n<h1>\u00a1Colaboremos juntos!<\/h1>\n\t\t\n<style>\n#text-2749986056 {\n  font-size: 1.3rem;\n  text-align: center;\n}\n@media (min-width:550px) {\n  #text-2749986056 {\n    text-align: center;\n  }\n}\n<\/style>\n\t<\/div>\n\t\n\t<div id=\"text-4268125685\" class=\"text\">\n\t\t\n\n<p>\u00bfTienes un negocio de venta al por mayor, distribuci\u00f3n o suministros?<br>\u00a1Haz que sea f\u00e1cil para tus clientes trabajar contigo de forma fluida!<\/p>\n<p><b>\u00a1Cont\u00e1ctanos y descubre todas las oportunidades que te esperan!<\/b><\/p>\n\t\t\n<style>\n#text-4268125685 {\n  text-align: center;\n}\n@media (min-width:550px) {\n  #text-4268125685 {\n    text-align: center;\n  }\n}\n<\/style>\n\t<\/div>\n\t\n\t<div id=\"text-1637851062\" class=\"text\">\n\t\t\n\n<p><a href=\"tel:+48696107507\">+48 696 107 507<\/a><br \/>\n<a href=\"#contact-form\">biuro@megamo.pl<\/a><\/p>\n\n\t\t\n<style>\n#text-1637851062 {\n  font-size: 1.8rem;\n}\n<\/style>\n\t<\/div>\n\t\n\n\t\t<\/div>\n\t\t\t\t\t<\/div>\n\n\t\n\n<\/div>\n\n\t\t<\/div>\n\n\t\t\n<style>\n#section_1299277225 {\n  padding-top: 30px;\n  padding-bottom: 30px;\n}\n<\/style>\n\t<\/section>\n\t\n\t<div id=\"gap-1658120239\" class=\"gap-element clearfix\" style=\"display:block; height:auto;\">\n\t\t\n<style>\n#gap-1658120239 {\n  padding-top: 80px;\n}\n<\/style>\n\t<\/div>\n\t\n\n\t<section class=\"section\" id=\"section_2097350206\">\n\t\t<div class=\"bg section-bg fill bg-fill  bg-loaded\" >\n\n\t\t\t\n\t\t\t\n\t\t\t\n\n\t\t<\/div>\n\n\t\t\n\n\t\t<div class=\"section-content relative\">\n\t\t\t\n\n<div class=\"row\"  id=\"row-589464193\">\n\n\n\t<div id=\"col-723894991\" class=\"col small-12 large-12\"  >\n\t\t\t\t<div class=\"col-inner text-center\"  >\n\t\t\t\n\t\t\t\n\n\t<div id=\"text-1926768298\" class=\"text\">\n\t\t\n\n<h2>\u00bfQUIERES AMPLIAR TU CARTERA DE CLIENTES?<\/h2>\n\t\t\n<style>\n#text-1926768298 {\n  font-size: 1.2rem;\n  text-align: center;\n  color: rgb(254, 94, 8);\n}\n#text-1926768298 > * {\n  color: rgb(254, 94, 8);\n}\n<\/style>\n\t<\/div>\n\t\n\t<div id=\"gap-2109493257\" class=\"gap-element clearfix\" style=\"display:block; height:auto;\">\n\t\t\n<style>\n#gap-2109493257 {\n  padding-top: 40px;\n}\n<\/style>\n\t<\/div>\n\t\n\n\t<div id=\"text-705850365\" class=\"text\">\n\t\t\n\n<p>Para nuestros socios actuales, te invitamos a elegir uno de los banners que encontrar\u00e1s a continuaci\u00f3n para mostrar en tu p\u00e1gina de inicio o en la secci\u00f3n de Colaboraci\u00f3n. \u00a1Es una excelente forma de informar a tus clientes sobre la facilidad de trabajar contigo!<\/p>\n\t\t\n<style>\n#text-705850365 {\n  text-align: left;\n}\n<\/style>\n\t<\/div>\n\t\n\t<div id=\"text-1832242479\" class=\"text\">\n\t\t\n\n<p>*(Si deseas que el enlace del banner dirija directamente a tu almac\u00e9n en www.megamo.eu, h\u00e1znoslo saber.)<\/p>\n\t\t\n<style>\n#text-1832242479 {\n  font-size: 0.8rem;\n  text-align: left;\n}\n<\/style>\n\t<\/div>\n\t\n\t<div id=\"gap-1418498631\" class=\"gap-element clearfix\" style=\"display:block; height:auto;\">\n\t\t\n<style>\n#gap-1418498631 {\n  padding-top: 80px;\n}\n<\/style>\n\t<\/div>\n\t\n\n\t<div id=\"text-3936517913\" class=\"text\">\n\t\t\n\n<h3>Banner 1 &#8211; 1050x240px<\/h3>\n\t\t\n<style>\n#text-3936517913 {\n  text-align: center;\n  color: #fe5e08;\n}\n#text-3936517913 > * {\n  color: #fe5e08;\n}\n<\/style>\n\t<\/div>\n\t\n\t<div id=\"text-3216715891\" class=\"text\">\n\t\t\n\n<p>C\u00f3digo HTML para usar en tu p\u00e1gina web*<br><code style=\"color: #BD4147; margin: 0px;\">&lt;a href=&quot;https:\/\/megamo.eu\/&quot; target=&quot;_blank&quot;&gt;&lt;img src=&quot;https:\/\/megamo.eu\/wp-content\/uploads\/2024\/02\/megamo-automatic-integration-wholesale-1050x240-1.webp&quot; alt=&quot;Integraci\u00f3n autom\u00e1tica de una tienda con un proveedor - Dropshipping&quot; \/&gt;&lt;\/a&gt;<br \/>\n<\/code><\/p>\n\t\t\n<style>\n#text-3216715891 {\n  text-align: left;\n}\n<\/style>\n\t<\/div>\n\t\n\t<div id=\"text-2816252658\" class=\"text\">\n\t\t\n\n<p>Contenido:<\/p>\n\t\t\n<style>\n#text-2816252658 {\n  font-size: 1.2rem;\n  text-align: center;\n}\n<\/style>\n\t<\/div>\n\t\n\n\n<a href=\"https:\/\/megamo.eu\/\" target=\"_blank\" rel=\"noopener\"><img decoding=\"async\" src=\"https:\/\/megamo.eu\/wp-content\/uploads\/2024\/02\/megamo-automatic-integration-wholesale-1050x240-1.webp\" alt=\"Integraci\u00f3n autom\u00e1tica de una tienda con un proveedor - Dropshipping\" \/><\/a>\n\n\t<div id=\"gap-1225735463\" class=\"gap-element clearfix\" style=\"display:block; height:auto;\">\n\t\t\n<style>\n#gap-1225735463 {\n  padding-top: 80px;\n}\n<\/style>\n\t<\/div>\n\t\n\n\t<div id=\"text-2360808081\" class=\"text\">\n\t\t\n\n<h3>Banner 2 &#8211; 1050x240px<\/h3>\n\t\t\n<style>\n#text-2360808081 {\n  text-align: center;\n  color: #fe5e08;\n}\n#text-2360808081 > * {\n  color: #fe5e08;\n}\n<\/style>\n\t<\/div>\n\t\n\t<div id=\"text-3705510586\" class=\"text\">\n\t\t\n\n<p>C\u00f3digo HTML para usar en tu p\u00e1gina web*<br><code style=\"color: #BD4147; margin: 0px;\">&lt;a href=&quot;https:\/\/megamo.eu\/&quot; target=&quot;_blank&quot;&gt;&lt;img src=&quot;https:\/\/megamo.eu\/wp-content\/uploads\/2024\/02\/megamo-automatic-integration-wholesale-1050x240-2.webp&quot; alt=&quot;Integraci\u00f3n autom\u00e1tica de una tienda con un proveedor - Dropshipping&quot; \/&gt;&lt;\/a&gt;<br \/>\n<\/code><\/p>\n\t\t\n<style>\n#text-3705510586 {\n  text-align: left;\n}\n<\/style>\n\t<\/div>\n\t\n\t<div id=\"text-1808472840\" class=\"text\">\n\t\t\n\n<p>Contenido:<\/p>\n\t\t\n<style>\n#text-1808472840 {\n  font-size: 1.2rem;\n  text-align: center;\n}\n<\/style>\n\t<\/div>\n\t\n\n\n<a href=\"https:\/\/megamo.eu\/\" target=\"_blank\" rel=\"noopener\"><img decoding=\"async\" src=\"https:\/\/megamo.eu\/wp-content\/uploads\/2024\/02\/megamo-automatic-integration-wholesale-1050x240-2.webp\" alt=\"Integraci\u00f3n autom\u00e1tica de una tienda con un proveedor - Dropshipping\" \/><\/a>\n\n\n\t\t<\/div>\n\t\t\t\t\t<\/div>\n\n\t\n\n<\/div>\n\t<div id=\"gap-1280047928\" class=\"gap-element clearfix\" style=\"display:block; height:auto;\">\n\t\t\n<style>\n#gap-1280047928 {\n  padding-top: 80px;\n}\n<\/style>\n\t<\/div>\n\t\n\n\t\t<\/div>\n\n\t\t\n<style>\n#section_2097350206 {\n  padding-top: 0px;\n  padding-bottom: 0px;\n}\n<\/style>\n\t<\/section>\n\t\n","protected":false},"excerpt":{"rendered":"","protected":false},"author":2,"featured_media":0,"parent":0,"menu_order":0,"comment_status":"closed","ping_status":"closed","template":"","meta":{"_lmt_disableupdate":"","_lmt_disable":"","footnotes":""},"yoast_head":"<!-- This site is optimized with the Yoast SEO Premium plugin v21.8 (Yoast SEO v23.5) - https:\/\/yoast.com\/wordpress\/plugins\/seo\/ -->\n<title>Recursos de Marketing<\/title>\n<meta name=\"description\" content=\"\u00bfGestionas un negocio de mayoristas, distribuci\u00f3n o suministros? \u00a1Facilita a tus clientes realizar operaciones comerciales fluidas sin esfuerzo!\" \/>\n<meta name=\"robots\" content=\"index, follow, max-snippet:-1, max-image-preview:large, max-video-preview:-1\" \/>\n<link rel=\"canonical\" href=\"https:\/\/megamo.eu\/es\/recursos-de-marketing\/\" \/>\n<meta property=\"og:locale\" content=\"es_ES\" \/>\n<meta property=\"og:type\" content=\"article\" \/>\n<meta property=\"og:title\" content=\"Recursos de Marketing\" \/>\n<meta property=\"og:description\" content=\"\u00bfGestionas un negocio de mayoristas, distribuci\u00f3n o suministros? \u00a1Facilita a tus clientes realizar operaciones comerciales fluidas sin esfuerzo!\" \/>\n<meta property=\"og:url\" content=\"https:\/\/megamo.eu\/es\/recursos-de-marketing\/\" \/>\n<meta property=\"og:site_name\" content=\"megamo.eu\" \/>\n<meta property=\"article:publisher\" content=\"https:\/\/www.facebook.com\/megamoeu\" \/>\n<meta property=\"article:modified_time\" content=\"2025-07-01T08:42:00+00:00\" \/>\n<meta property=\"og:image\" content=\"https:\/\/megamo.eu\/wp-content\/uploads\/2024\/02\/megamo-automatic-integration-wholesale-1050x240-1.webp\" \/>\n<meta name=\"twitter:card\" content=\"summary_large_image\" \/>\n<meta name=\"twitter:label1\" content=\"Tiempo de lectura\" \/>\n\t<meta name=\"twitter:data1\" content=\"2 minutos\" \/>\n<script type=\"application\/ld+json\" class=\"yoast-schema-graph\">{\"@context\":\"https:\/\/schema.org\",\"@graph\":[{\"@type\":\"WebPage\",\"@id\":\"https:\/\/megamo.eu\/es\/recursos-de-marketing\/\",\"url\":\"https:\/\/megamo.eu\/es\/recursos-de-marketing\/\",\"name\":\"Recursos de Marketing\",\"isPartOf\":{\"@id\":\"https:\/\/megamo.eu\/es\/#website\"},\"primaryImageOfPage\":{\"@id\":\"https:\/\/megamo.eu\/es\/recursos-de-marketing\/#primaryimage\"},\"image\":{\"@id\":\"https:\/\/megamo.eu\/es\/recursos-de-marketing\/#primaryimage\"},\"thumbnailUrl\":\"https:\/\/megamo.eu\/wp-content\/uploads\/2024\/02\/megamo-automatic-integration-wholesale-1050x240-1.webp\",\"datePublished\":\"2024-02-21T10:46:16+00:00\",\"dateModified\":\"2025-07-01T08:42:00+00:00\",\"description\":\"\u00bfGestionas un negocio de mayoristas, distribuci\u00f3n o suministros? \u00a1Facilita a tus clientes realizar operaciones comerciales fluidas sin esfuerzo!\",\"breadcrumb\":{\"@id\":\"https:\/\/megamo.eu\/es\/recursos-de-marketing\/#breadcrumb\"},\"inLanguage\":\"es\",\"potentialAction\":[{\"@type\":\"ReadAction\",\"target\":[\"https:\/\/megamo.eu\/es\/recursos-de-marketing\/\"]}]},{\"@type\":\"ImageObject\",\"inLanguage\":\"es\",\"@id\":\"https:\/\/megamo.eu\/es\/recursos-de-marketing\/#primaryimage\",\"url\":\"https:\/\/megamo.eu\/wp-content\/uploads\/2024\/02\/megamo-automatic-integration-wholesale-1050x240-1.webp\",\"contentUrl\":\"https:\/\/megamo.eu\/wp-content\/uploads\/2024\/02\/megamo-automatic-integration-wholesale-1050x240-1.webp\"},{\"@type\":\"BreadcrumbList\",\"@id\":\"https:\/\/megamo.eu\/es\/recursos-de-marketing\/#breadcrumb\",\"itemListElement\":[{\"@type\":\"ListItem\",\"position\":1,\"name\":\"Home\",\"item\":\"https:\/\/megamo.eu\/es\/\"},{\"@type\":\"ListItem\",\"position\":2,\"name\":\"Recursos de Marketing\"}]},{\"@type\":\"WebSite\",\"@id\":\"https:\/\/megamo.eu\/es\/#website\",\"url\":\"https:\/\/megamo.eu\/es\/\",\"name\":\"megamo.eu\",\"description\":\"megamo.eu\",\"publisher\":{\"@id\":\"https:\/\/megamo.eu\/es\/#organization\"},\"potentialAction\":[{\"@type\":\"SearchAction\",\"target\":{\"@type\":\"EntryPoint\",\"urlTemplate\":\"https:\/\/megamo.eu\/es\/?s={search_term_string}\"},\"query-input\":{\"@type\":\"PropertyValueSpecification\",\"valueRequired\":true,\"valueName\":\"search_term_string\"}}],\"inLanguage\":\"es\"},{\"@type\":\"Organization\",\"@id\":\"https:\/\/megamo.eu\/es\/#organization\",\"name\":\"Megamo\",\"alternateName\":\"mgo\",\"url\":\"https:\/\/megamo.eu\/es\/\",\"logo\":{\"@type\":\"ImageObject\",\"inLanguage\":\"es\",\"@id\":\"https:\/\/megamo.eu\/es\/#\/schema\/logo\/image\/\",\"url\":\"https:\/\/megamo.eu\/wp-content\/uploads\/2024\/02\/logo_small.png\",\"contentUrl\":\"https:\/\/megamo.eu\/wp-content\/uploads\/2024\/02\/logo_small.png\",\"width\":300,\"height\":113,\"caption\":\"Megamo\"},\"image\":{\"@id\":\"https:\/\/megamo.eu\/es\/#\/schema\/logo\/image\/\"},\"sameAs\":[\"https:\/\/www.facebook.com\/megamoeu\",\"https:\/\/www.youtube.com\/@Megamo_en\"]}]}<\/script>\n<!-- \/ Yoast SEO Premium plugin. -->","yoast_head_json":{"title":"Recursos de Marketing","description":"\u00bfGestionas un negocio de mayoristas, distribuci\u00f3n o suministros? \u00a1Facilita a tus clientes realizar operaciones comerciales fluidas sin esfuerzo!","robots":{"index":"index","follow":"follow","max-snippet":"max-snippet:-1","max-image-preview":"max-image-preview:large","max-video-preview":"max-video-preview:-1"},"canonical":"https:\/\/megamo.eu\/es\/recursos-de-marketing\/","og_locale":"es_ES","og_type":"article","og_title":"Recursos de Marketing","og_description":"\u00bfGestionas un negocio de mayoristas, distribuci\u00f3n o suministros? \u00a1Facilita a tus clientes realizar operaciones comerciales fluidas sin esfuerzo!","og_url":"https:\/\/megamo.eu\/es\/recursos-de-marketing\/","og_site_name":"megamo.eu","article_publisher":"https:\/\/www.facebook.com\/megamoeu","article_modified_time":"2025-07-01T08:42:00+00:00","og_image":[{"url":"https:\/\/megamo.eu\/wp-content\/uploads\/2024\/02\/megamo-automatic-integration-wholesale-1050x240-1.webp"}],"twitter_card":"summary_large_image","twitter_misc":{"Tiempo de lectura":"2 minutos"},"schema":{"@context":"https:\/\/schema.org","@graph":[{"@type":"WebPage","@id":"https:\/\/megamo.eu\/es\/recursos-de-marketing\/","url":"https:\/\/megamo.eu\/es\/recursos-de-marketing\/","name":"Recursos de Marketing","isPartOf":{"@id":"https:\/\/megamo.eu\/es\/#website"},"primaryImageOfPage":{"@id":"https:\/\/megamo.eu\/es\/recursos-de-marketing\/#primaryimage"},"image":{"@id":"https:\/\/megamo.eu\/es\/recursos-de-marketing\/#primaryimage"},"thumbnailUrl":"https:\/\/megamo.eu\/wp-content\/uploads\/2024\/02\/megamo-automatic-integration-wholesale-1050x240-1.webp","datePublished":"2024-02-21T10:46:16+00:00","dateModified":"2025-07-01T08:42:00+00:00","description":"\u00bfGestionas un negocio de mayoristas, distribuci\u00f3n o suministros? \u00a1Facilita a tus clientes realizar operaciones comerciales fluidas sin esfuerzo!","breadcrumb":{"@id":"https:\/\/megamo.eu\/es\/recursos-de-marketing\/#breadcrumb"},"inLanguage":"es","potentialAction":[{"@type":"ReadAction","target":["https:\/\/megamo.eu\/es\/recursos-de-marketing\/"]}]},{"@type":"ImageObject","inLanguage":"es","@id":"https:\/\/megamo.eu\/es\/recursos-de-marketing\/#primaryimage","url":"https:\/\/megamo.eu\/wp-content\/uploads\/2024\/02\/megamo-automatic-integration-wholesale-1050x240-1.webp","contentUrl":"https:\/\/megamo.eu\/wp-content\/uploads\/2024\/02\/megamo-automatic-integration-wholesale-1050x240-1.webp"},{"@type":"BreadcrumbList","@id":"https:\/\/megamo.eu\/es\/recursos-de-marketing\/#breadcrumb","itemListElement":[{"@type":"ListItem","position":1,"name":"Home","item":"https:\/\/megamo.eu\/es\/"},{"@type":"ListItem","position":2,"name":"Recursos de Marketing"}]},{"@type":"WebSite","@id":"https:\/\/megamo.eu\/es\/#website","url":"https:\/\/megamo.eu\/es\/","name":"megamo.eu","description":"megamo.eu","publisher":{"@id":"https:\/\/megamo.eu\/es\/#organization"},"potentialAction":[{"@type":"SearchAction","target":{"@type":"EntryPoint","urlTemplate":"https:\/\/megamo.eu\/es\/?s={search_term_string}"},"query-input":{"@type":"PropertyValueSpecification","valueRequired":true,"valueName":"search_term_string"}}],"inLanguage":"es"},{"@type":"Organization","@id":"https:\/\/megamo.eu\/es\/#organization","name":"Megamo","alternateName":"mgo","url":"https:\/\/megamo.eu\/es\/","logo":{"@type":"ImageObject","inLanguage":"es","@id":"https:\/\/megamo.eu\/es\/#\/schema\/logo\/image\/","url":"https:\/\/megamo.eu\/wp-content\/uploads\/2024\/02\/logo_small.png","contentUrl":"https:\/\/megamo.eu\/wp-content\/uploads\/2024\/02\/logo_small.png","width":300,"height":113,"caption":"Megamo"},"image":{"@id":"https:\/\/megamo.eu\/es\/#\/schema\/logo\/image\/"},"sameAs":["https:\/\/www.facebook.com\/megamoeu","https:\/\/www.youtube.com\/@Megamo_en"]}]}},"_links":{"self":[{"href":"https:\/\/megamo.eu\/es\/wp-json\/wp\/v2\/pages\/41670"}],"collection":[{"href":"https:\/\/megamo.eu\/es\/wp-json\/wp\/v2\/pages"}],"about":[{"href":"https:\/\/megamo.eu\/es\/wp-json\/wp\/v2\/types\/page"}],"author":[{"embeddable":true,"href":"https:\/\/megamo.eu\/es\/wp-json\/wp\/v2\/users\/2"}],"replies":[{"embeddable":true,"href":"https:\/\/megamo.eu\/es\/wp-json\/wp\/v2\/comments?post=41670"}],"version-history":[{"count":2,"href":"https:\/\/megamo.eu\/es\/wp-json\/wp\/v2\/pages\/41670\/revisions"}],"predecessor-version":[{"id":41857,"href":"https:\/\/megamo.eu\/es\/wp-json\/wp\/v2\/pages\/41670\/revisions\/41857"}],"wp:attachment":[{"href":"https:\/\/megamo.eu\/es\/wp-json\/wp\/v2\/media?parent=41670"}],"curies":[{"name":"wp","href":"https:\/\/api.w.org\/{rel}","templated":true}]}}