{"id":41653,"date":"2024-07-15T13:43:36","date_gmt":"2024-07-15T11:43:36","guid":{"rendered":"https:\/\/megamo.eu\/case-studies\/"},"modified":"2025-10-03T13:16:08","modified_gmt":"2025-10-03T11:16:08","slug":"estudios-de-caso","status":"publish","type":"page","link":"https:\/\/megamo.eu\/es\/estudios-de-caso\/","title":{"rendered":"Estudios de Caso"},"content":{"rendered":"\n\t<section class=\"section\" id=\"section_1473280689\">\n\t\t<div class=\"bg section-bg fill bg-fill  bg-loaded\" >\n\n\t\t\t\n\t\t\t\n\t\t\t\n\n\t\t<\/div>\n\n\t\t\n\n\t\t<div class=\"section-content relative\">\n\t\t\t\n\n<div class=\"row row-collapse row-full-width row-divided\"  id=\"row-1766279371\">\n\n\n\t<div id=\"col-1372887416\" class=\"col casestudiescol medium-2 small-12 large-2\"  >\n\t\t<div class=\"is-sticky-column\"><div class=\"is-sticky-column__inner\">\t\t<div class=\"col-inner\"  >\n\t\t\t\n\t\t\t\n\n\t<div id=\"gap-1866887218\" class=\"gap-element clearfix\" style=\"display:block; height:auto;\">\n\t\t\n<style>\n#gap-1866887218 {\n  padding-top: 60px;\n}\n<\/style>\n\t<\/div>\n\t\n\n\t<div id=\"text-1280389039\" class=\"text casestudieshead\">\n\t\t\n\n<h4 id=\"case_nav\">ESTUDIOS DE CASO<\/h4>\n\t\t\t<\/div>\n\t\n<div class=\"nav-wrapper\"><ul class=\"nav casestudiesnav nav-uppercase nav-vertical nav-line text-left nav-left\"><li class=><a href=\"https:\/\/megamo.eu\/es\/estudios-de-caso\/integracion-de-ean-con-woocommerce-via-api\/\">Integraci\u00f3n de EAN con WooCommerce v\u00eda API<\/a><\/li><li class=><a href=\"https:\/\/megamo.eu\/es\/estudios-de-caso\/importacion-de-categorias-seleccionadas-de-proveedores-al-integrador-megamo\/\">Importaci\u00f3n de Categor\u00edas Seleccionadas de Proveedores al Integrador Megamo<\/a><\/li><li class=><a href=\"https:\/\/megamo.eu\/es\/estudios-de-caso\/implementacion-de-la-transferencia-automatica-de-pedidos\/\">Implementaci\u00f3n de la Transferencia Autom\u00e1tica de Pedidos<\/a><\/li><li class=><a href=\"https:\/\/megamo.eu\/es\/estudios-de-caso\/integracion-de-multiples-ubicaciones-de-shopify-con-proveedores\/\">Integraci\u00f3n de M\u00faltiples Ubicaciones de Shopify con Proveedores<\/a><\/li><\/ul><\/div>\n\n\t<div id=\"gap-1537489237\" class=\"gap-element clearfix\" style=\"display:block; height:auto;\">\n\t\t\n<style>\n#gap-1537489237 {\n  padding-top: 60px;\n}\n<\/style>\n\t<\/div>\n\t\n\n\n\t\t<\/div>\n\t\t<\/div><\/div>\t\t\t<\/div>\n\n\t\n\n\t<div id=\"col-1379437191\" class=\"col casestudiescol2 medium-10 small-12 large-10 small-col-first\"  >\n\t\t\t\t<div class=\"col-inner\"  >\n\t\t\t\n\t\t\t\n\n<div class=\"row row-collapse row-full-width row-divided\"  id=\"row-1454308120\">\n\n\n\t<div id=\"col-2145008854\" class=\"col casestudiescol2 medium-9 small-12 large-9\"  >\n\t\t\t\t<div class=\"col-inner\"  >\n\t\t\t\n\t\t\t\n\n\t<div id=\"gap-588457397\" class=\"gap-element clearfix\" style=\"display:block; height:auto;\">\n\t\t\n<style>\n#gap-588457397 {\n  padding-top: 60px;\n}\n<\/style>\n\t<\/div>\n\t\n\n\t<div id=\"text-2040102668\" class=\"text show-for-small\">\n\t\t\n\n<p><a href=\"#case_nav\">ir a navegaci\u00f3n\u2002<i class=\"icon-angle-down\"><\/i><\/a><\/p>\n\t\t\n<style>\n#text-2040102668 {\n  font-size: 0.8rem;\n  text-align: right;\n}\n<\/style>\n\t<\/div>\n\t\n<h1 class=\"entry-title\">\u00a1Bienvenido a nuestra p\u00e1gina de estudios de caso!<\/h1>\n\t<div id=\"text-3981345265\" class=\"text\">\n\t\t\n\n<p>Te invitamos cordialmente a explorar nuestros estudios de caso, que sirven como fuente de inspiraci\u00f3n y conocimiento sobre las mejores pr\u00e1cticas y soluciones innovadoras en el sector del comercio electr\u00f3nico. En esta p\u00e1gina encontrar\u00e1s descripciones detalladas de nuestros casos m\u00e1s interesantes, que muestran c\u00f3mo abordamos de manera eficaz diversos desaf\u00edos en este campo.<\/p>\n<p>En nuestro men\u00fa encontrar\u00e1s estudios de caso cuidadosamente seleccionados que te permitir\u00e1n elegir aquellos que mejor se adapten a tus intereses y necesidades. Cada descripci\u00f3n est\u00e1 elaborada con detalle, garantizando una comprensi\u00f3n completa de los problemas y las soluciones aplicadas.<\/p>\n\t\t\n<style>\n#text-3981345265 {\n  font-size: 0.9rem;\n}\n<\/style>\n\t<\/div>\n\t\n<h3 class=\"wp-block-heading\">\u00bfPOR QU\u00c9 LEER NUESTROS ESTUDIOS DE CASO?<\/h3>\n\t<div id=\"text-1267659121\" class=\"text\">\n\t\t\n\n<ul style=\"list-style-type: square;\">\n<li><b>Conocimiento Extenso<\/b> \u2013 cada estudio contiene informaci\u00f3n detallada sobre los problemas que enfrentaron nuestros clientes y una descripci\u00f3n de nuestras soluciones \u00fanicas que les ayudaron a alcanzar el \u00e9xito.<\/li>\n<li><b>Soluciones Innovadoras<\/b> \u2013 como empresa especializada en integraciones autom\u00e1ticas de almacenes con tiendas online, compartimos nuestras experiencias y m\u00e9todos innovadores implementados en los proyectos.<\/li>\n<li><b>Ejemplos Pr\u00e1cticos<\/b> \u2013 nuestros estudios muestran c\u00f3mo los planteamientos te\u00f3ricos se traducen en beneficios pr\u00e1cticos, algo muy inspirador para otros emprendedores.<\/li>\n<li><b>Versatilidad<\/b> \u2013 describimos diversos casos en el \u00e1mbito de la automatizaci\u00f3n de procesos, implementaciones de software personalizadas y problemas que ocurren en sitios web.<\/li>\n<\/ul>\n\t\t\n<style>\n#text-1267659121 {\n  font-size: 0.9rem;\n}\n<\/style>\n\t<\/div>\n\t\n<h3 class=\"wp-block-heading\">\u00bfQU\u00c9 ENCONTRAR\u00c1S EN NUESTROS ESTUDIOS DE CASO?<\/h3>\n\t<div id=\"text-4231933952\" class=\"text\">\n\t\t\n\n<ul style=\"list-style-type: square;\">\n<li><b>Descripciones Detalladas de Proyectos<\/b> \u2013 cada estudio incluye una descripci\u00f3n completa de los problemas que encontramos en cada proyecto y una presentaci\u00f3n paso a paso de las soluciones aplicadas.<\/li>\n<li><b>Secci\u00f3n de Fotos y Contenidos Relacionados<\/b> \u2013 para ilustrar mejor nuestro trabajo, cada estudio est\u00e1 enriquecido con fotos, gr\u00e1ficos y otros materiales visuales que ayudan a comprender el tema en su totalidad.<\/li>\n<li><b>Enlaces a Materiales Adicionales<\/b> \u2013 si deseas profundizar en el tema, cada estudio contiene enlaces a art\u00edculos relacionados, videos y otras fuentes que pueden proporcionar m\u00e1s informaci\u00f3n.<\/li>\n<li><b>Resultados y Datos Reales<\/b> \u2013 presentamos datos concretos y resultados logrados gracias a nuestras soluciones, mostrando el impacto real de nuestro trabajo en los \u00e9xitos de nuestros clientes.<\/li>\n<\/ul>\n\t\t\n<style>\n#text-4231933952 {\n  font-size: 0.9rem;\n}\n<\/style>\n\t<\/div>\n\t\n\t<div id=\"text-3315468083\" class=\"text\">\n\t\t\n\n<h3 class=\"wp-block-heading\">DESCUBRE NUESTROS SERVICIOS<\/h3>\n\t\t\n<style>\n#text-3315468083 {\n  color: rgb(254, 94, 8);\n}\n#text-3315468083 > * {\n  color: rgb(254, 94, 8);\n}\n<\/style>\n\t<\/div>\n\t\n\t<div id=\"text-952824974\" class=\"text\">\n\t\t\n\n<p>Como l\u00edder en automatizaci\u00f3n de procesos de comercio electr\u00f3nico, ofrecemos una amplia gama de servicios que pueden apoyar el crecimiento de tu negocio. Entre nuestros servicios se incluyen:<\/p>\n\t\t\n<style>\n#text-952824974 {\n  font-size: 0.9rem;\n}\n<\/style>\n\t<\/div>\n\t\n\n\t\t<\/div>\n\t\t\t\t\t<\/div>\n\n\t\n\n\t<div id=\"col-1282771496\" class=\"col casestudiescol3 medium-3 small-12 large-3\"  >\n\t\t\t\t<div class=\"col-inner\"  >\n\t\t\t\n\t\t\t\n\n\n\t\t<\/div>\n\t\t\t\t\n<style>\n#col-1282771496 > .col-inner {\n  padding: 0px 0px 0px 20px;\n}\n<\/style>\n\t<\/div>\n\n\t\n\n\n<style>\n#row-1454308120 > .col > .col-inner {\n  padding: 0px 20px 0px 20px;\n}\n<\/style>\n<\/div>\n<div class=\"row row-collapse row-full-width row-divided\"  id=\"row-306252501\">\n\n\n\t<div id=\"col-321886839\" class=\"col casestudiescol2 medium-9 small-12 large-9\"  >\n\t\t\t\t<div class=\"col-inner\"  >\n\t\t\t\n\t\t\t\n\n<h4 class=\"wp-block-heading\">Integraciones Autom\u00e1ticas de Proveedores con Tiendas Online<\/h4>\n\t<div id=\"text-671076108\" class=\"text\">\n\t\t\n\n<p>Nuestras soluciones te permiten conectar sin problemas tu proveedor elegido con tu tienda online (plataformas e-commerce), facilitando enormemente la gesti\u00f3n de productos y pedidos, permitiendo actualizaciones autom\u00e1ticas de stock, disponibilidad, precios y muchas otras funciones \u00fatiles.<\/p>\n\t\t\n<style>\n#text-671076108 {\n  font-size: 0.9rem;\n}\n<\/style>\n\t<\/div>\n\t\n\n\t\t<\/div>\n\t\t\t\t\t<\/div>\n\n\t\n\n\t<div id=\"col-2035848474\" class=\"col casestudiescol3 medium-3 small-12 large-3\"  >\n\t\t\t\t<div class=\"col-inner text-left\"  >\n\t\t\t\n\t\t\t\n\n\t<div id=\"text-4240122754\" class=\"text\">\n\t\t\n\n<h5 class=\"uppercase\" style=\"font-size: 14px; margin-bottom: 1.3em;\"><a href=\"\/es\/acerca-del-integrador\/\">-&gt; Integraciones Autom\u00e1ticas<\/a><\/h5>\n\n\t\t\n<style>\n#text-4240122754 {\n  font-size: 0.8rem;\n  text-align: left;\n}\n<\/style>\n\t<\/div>\n\t\n\n\t\t<\/div>\n\t\t\t\t\n<style>\n#col-2035848474 > .col-inner {\n  padding: 0px 0px 0px 20px;\n}\n<\/style>\n\t<\/div>\n\n\t\n\n\n<style>\n#row-306252501 > .col > .col-inner {\n  padding: 0px 20px 0px 20px;\n}\n<\/style>\n<\/div>\n<div class=\"row row-collapse row-full-width row-divided\"  id=\"row-2013842413\">\n\n\n\t<div id=\"col-1561710818\" class=\"col casestudiescol2 medium-9 small-12 large-9\"  >\n\t\t\t\t<div class=\"col-inner\"  >\n\t\t\t\n\t\t\t\n\n<h4 class=\"wp-block-heading\">Implementaciones de Programaci\u00f3n Personalizadas<\/h4>\n\t<div id=\"text-831280794\" class=\"text\">\n\t\t\n\n<p>Ofrecemos soluciones de programaci\u00f3n dedicadas y adaptadas a las necesidades espec\u00edficas de tu tienda online.<\/p>\n\t\t\n<style>\n#text-831280794 {\n  font-size: 0.9rem;\n}\n<\/style>\n\t<\/div>\n\t\n\n\t\t<\/div>\n\t\t\t\t\t<\/div>\n\n\t\n\n\t<div id=\"col-1338793402\" class=\"col casestudiescol3 medium-3 small-12 large-3\"  >\n\t\t\t\t<div class=\"col-inner text-left\"  >\n\t\t\t\n\t\t\t\n\n\t<div id=\"text-2477091832\" class=\"text\">\n\t\t\n\n<h5 class=\"uppercase\" style=\"font-size: 14px; margin-bottom: 1.3em;\"><a href=\"\/es\/personaliza-tu-tienda-online\/\">-&gt; Implementaciones Personalizadas<\/a><\/h5>\n\n\t\t\n<style>\n#text-2477091832 {\n  font-size: 0.8rem;\n  text-align: left;\n}\n<\/style>\n\t<\/div>\n\t\n\n\t\t<\/div>\n\t\t\t\t\n<style>\n#col-1338793402 > .col-inner {\n  padding: 0px 0px 0px 20px;\n}\n<\/style>\n\t<\/div>\n\n\t\n\n\n<style>\n#row-2013842413 > .col > .col-inner {\n  padding: 0px 20px 0px 20px;\n}\n<\/style>\n<\/div>\n<div class=\"row row-collapse row-full-width row-divided\"  id=\"row-1982691968\">\n\n\n\t<div id=\"col-52565089\" class=\"col casestudiescol2 medium-9 small-12 large-9\"  >\n\t\t\t\t<div class=\"col-inner\"  >\n\t\t\t\n\t\t\t\n\n<h4 class=\"wp-block-heading\">Creaci\u00f3n de Tiendas Online<\/h4>\n\t<div id=\"text-185217481\" class=\"text\">\n\t\t\n\n<p>Te ayudamos a construir tiendas online modernas y funcionales que atraen clientes y aumentan las ventas.<\/p>\n\t\t\n<style>\n#text-185217481 {\n  font-size: 0.9rem;\n}\n<\/style>\n\t<\/div>\n\t\n\n\t\t<\/div>\n\t\t\t\t\t<\/div>\n\n\t\n\n\t<div id=\"col-1352758571\" class=\"col casestudiescol3 medium-3 small-12 large-3\"  >\n\t\t\t\t<div class=\"col-inner text-left\"  >\n\t\t\t\n\t\t\t\n\n\t<div id=\"text-4245872504\" class=\"text\">\n\t\t\n\n<h5 class=\"uppercase\" style=\"font-size: 14px; margin-bottom: 1.3em;\"><a href=\"\/es\/creacion-de-tiendas-online\/\">-&gt; Creaci\u00f3n de Tiendas Online<\/a><\/h5>\n\n\t\t\n<style>\n#text-4245872504 {\n  font-size: 0.8rem;\n  text-align: left;\n}\n<\/style>\n\t<\/div>\n\t\n\n\t\t<\/div>\n\t\t\t\t\n<style>\n#col-1352758571 > .col-inner {\n  padding: 0px 0px 0px 20px;\n}\n<\/style>\n\t<\/div>\n\n\t\n\n\n<style>\n#row-1982691968 > .col > .col-inner {\n  padding: 0px 20px 0px 20px;\n}\n<\/style>\n<\/div>\n<div class=\"row row-collapse row-full-width row-divided\"  id=\"row-917370719\">\n\n\n\t<div id=\"col-806491743\" class=\"col casestudiescol2 medium-9 small-12 large-9\"  >\n\t\t\t\t<div class=\"col-inner\"  >\n\t\t\t\n\t\t\t\n\n<h4 class=\"wp-block-heading\">Traducci\u00f3n de Archivos de Proveedores mediante Inteligencia Artificial<\/h4>\n\t<div id=\"text-1989357716\" class=\"text\">\n\t\t\n\n<p>Gracias a tecnolog\u00edas avanzadas de IA, proporcionamos traducciones r\u00e1pidas y precisas de archivos, facilitando la cooperaci\u00f3n internacional.<\/p>\n\t\t\n<style>\n#text-1989357716 {\n  font-size: 0.9rem;\n}\n<\/style>\n\t<\/div>\n\t\n\t<div id=\"text-1718948298\" class=\"text\">\n\t\t\n\n<p>Te invitamos a explorar y descubrir c\u00f3mo nuestro enfoque innovador y experiencia pueden ayudar al desarrollo de tu negocio. Descubre c\u00f3mo ejecutamos nuestros proyectos de manera eficaz y qu\u00e9 beneficios aportan nuestras soluciones. Estamos a tu disposici\u00f3n para resolver cualquier duda.<\/p>\n\t\t\n<style>\n#text-1718948298 {\n  font-size: 0.9rem;\n}\n<\/style>\n\t<\/div>\n\t\n\t<div id=\"gap-1450223092\" class=\"gap-element clearfix hide-for-medium\" style=\"display:block; height:auto;\">\n\t\t\n<style>\n#gap-1450223092 {\n  padding-top: 60px;\n}\n<\/style>\n\t<\/div>\n\t\n\n\n\t\t<\/div>\n\t\t\t\t\t<\/div>\n\n\t\n\n\t<div id=\"col-1503315863\" class=\"col casestudiescol3 medium-3 small-12 large-3\"  >\n\t\t\t\t<div class=\"col-inner text-left\"  >\n\t\t\t\n\t\t\t\n\n\t<div id=\"text-2329102213\" class=\"text\">\n\t\t\n\n<h5 class=\"uppercase\" style=\"font-size: 14px; margin-bottom: 1.3em;\"><a href=\"\/es\/traduccion-de-archivos-de-proveedores\/\">-&gt; Traducci\u00f3n de Archivos de Proveedores<\/a><\/h5>\n\n\t\t\n<style>\n#text-2329102213 {\n  font-size: 0.8rem;\n  text-align: left;\n}\n<\/style>\n\t<\/div>\n\t\n\t<div id=\"gap-266249334\" class=\"gap-element clearfix show-for-small\" style=\"display:block; height:auto;\">\n\t\t\n<style>\n#gap-266249334 {\n  padding-top: 60px;\n}\n<\/style>\n\t<\/div>\n\t\n\n\n\t\t<\/div>\n\t\t\t\t\n<style>\n#col-1503315863 > .col-inner {\n  padding: 0px 0px 0px 20px;\n}\n<\/style>\n\t<\/div>\n\n\t\n\n\n<style>\n#row-917370719 > .col > .col-inner {\n  padding: 0px 20px 0px 20px;\n}\n<\/style>\n<\/div>\n\n\t\t<\/div>\n\t\t\t\t\t<\/div>\n\n\t\n\n<\/div>\n\n\t\t<\/div>\n\n\t\t\n<style>\n#section_1473280689 {\n  padding-top: 0px;\n  padding-bottom: 0px;\n  margin-bottom: 0px;\n}\n<\/style>\n\t<\/section>\n\t\n\n","protected":false},"excerpt":{"rendered":"","protected":false},"author":2,"featured_media":0,"parent":0,"menu_order":0,"comment_status":"closed","ping_status":"closed","template":"","meta":{"_lmt_disableupdate":"","_lmt_disable":"","footnotes":""},"yoast_head":"<!-- This site is optimized with the Yoast SEO Premium plugin v21.8 (Yoast SEO v23.5) - https:\/\/yoast.com\/wordpress\/plugins\/seo\/ -->\n<title>Estudios de Caso<\/title>\n<meta name=\"description\" content=\"Estudios de caso sobre integraci\u00f3n autom\u00e1tica de proveedores con tiendas de e-commerce. Problemas encontrados y soluciones efectivas.\" \/>\n<meta name=\"robots\" content=\"index, follow, max-snippet:-1, max-image-preview:large, max-video-preview:-1\" \/>\n<link rel=\"canonical\" href=\"https:\/\/megamo.eu\/es\/estudios-de-caso\/\" \/>\n<meta property=\"og:locale\" content=\"es_ES\" \/>\n<meta property=\"og:type\" content=\"article\" \/>\n<meta property=\"og:title\" content=\"Estudios de Caso\" \/>\n<meta property=\"og:description\" content=\"Estudios de caso sobre integraci\u00f3n autom\u00e1tica de proveedores con tiendas de e-commerce. Problemas encontrados y soluciones efectivas.\" \/>\n<meta property=\"og:url\" content=\"https:\/\/megamo.eu\/es\/estudios-de-caso\/\" \/>\n<meta property=\"og:site_name\" content=\"megamo.eu\" \/>\n<meta property=\"article:publisher\" content=\"https:\/\/www.facebook.com\/megamoeu\" \/>\n<meta property=\"article:modified_time\" content=\"2025-10-03T11:16:08+00:00\" \/>\n<meta name=\"twitter:card\" content=\"summary_large_image\" \/>\n<meta name=\"twitter:label1\" content=\"Tiempo de lectura\" \/>\n\t<meta name=\"twitter:data1\" content=\"5 minutos\" \/>\n<script type=\"application\/ld+json\" class=\"yoast-schema-graph\">{\"@context\":\"https:\/\/schema.org\",\"@graph\":[{\"@type\":\"WebPage\",\"@id\":\"https:\/\/megamo.eu\/es\/estudios-de-caso\/\",\"url\":\"https:\/\/megamo.eu\/es\/estudios-de-caso\/\",\"name\":\"Estudios de Caso\",\"isPartOf\":{\"@id\":\"https:\/\/megamo.eu\/es\/#website\"},\"datePublished\":\"2024-07-15T11:43:36+00:00\",\"dateModified\":\"2025-10-03T11:16:08+00:00\",\"description\":\"Estudios de caso sobre integraci\u00f3n autom\u00e1tica de proveedores con tiendas de e-commerce. Problemas encontrados y soluciones efectivas.\",\"breadcrumb\":{\"@id\":\"https:\/\/megamo.eu\/es\/estudios-de-caso\/#breadcrumb\"},\"inLanguage\":\"es\",\"potentialAction\":[{\"@type\":\"ReadAction\",\"target\":[\"https:\/\/megamo.eu\/es\/estudios-de-caso\/\"]}]},{\"@type\":\"BreadcrumbList\",\"@id\":\"https:\/\/megamo.eu\/es\/estudios-de-caso\/#breadcrumb\",\"itemListElement\":[{\"@type\":\"ListItem\",\"position\":1,\"name\":\"Home\",\"item\":\"https:\/\/megamo.eu\/es\/\"},{\"@type\":\"ListItem\",\"position\":2,\"name\":\"Estudios de Caso\"}]},{\"@type\":\"WebSite\",\"@id\":\"https:\/\/megamo.eu\/es\/#website\",\"url\":\"https:\/\/megamo.eu\/es\/\",\"name\":\"megamo.eu\",\"description\":\"megamo.eu\",\"publisher\":{\"@id\":\"https:\/\/megamo.eu\/es\/#organization\"},\"potentialAction\":[{\"@type\":\"SearchAction\",\"target\":{\"@type\":\"EntryPoint\",\"urlTemplate\":\"https:\/\/megamo.eu\/es\/?s={search_term_string}\"},\"query-input\":{\"@type\":\"PropertyValueSpecification\",\"valueRequired\":true,\"valueName\":\"search_term_string\"}}],\"inLanguage\":\"es\"},{\"@type\":\"Organization\",\"@id\":\"https:\/\/megamo.eu\/es\/#organization\",\"name\":\"Megamo\",\"alternateName\":\"mgo\",\"url\":\"https:\/\/megamo.eu\/es\/\",\"logo\":{\"@type\":\"ImageObject\",\"inLanguage\":\"es\",\"@id\":\"https:\/\/megamo.eu\/es\/#\/schema\/logo\/image\/\",\"url\":\"https:\/\/megamo.eu\/wp-content\/uploads\/2024\/02\/logo_small.png\",\"contentUrl\":\"https:\/\/megamo.eu\/wp-content\/uploads\/2024\/02\/logo_small.png\",\"width\":300,\"height\":113,\"caption\":\"Megamo\"},\"image\":{\"@id\":\"https:\/\/megamo.eu\/es\/#\/schema\/logo\/image\/\"},\"sameAs\":[\"https:\/\/www.facebook.com\/megamoeu\",\"https:\/\/www.youtube.com\/@Megamo_en\"]}]}<\/script>\n<!-- \/ Yoast SEO Premium plugin. -->","yoast_head_json":{"title":"Estudios de Caso","description":"Estudios de caso sobre integraci\u00f3n autom\u00e1tica de proveedores con tiendas de e-commerce. Problemas encontrados y soluciones efectivas.","robots":{"index":"index","follow":"follow","max-snippet":"max-snippet:-1","max-image-preview":"max-image-preview:large","max-video-preview":"max-video-preview:-1"},"canonical":"https:\/\/megamo.eu\/es\/estudios-de-caso\/","og_locale":"es_ES","og_type":"article","og_title":"Estudios de Caso","og_description":"Estudios de caso sobre integraci\u00f3n autom\u00e1tica de proveedores con tiendas de e-commerce. Problemas encontrados y soluciones efectivas.","og_url":"https:\/\/megamo.eu\/es\/estudios-de-caso\/","og_site_name":"megamo.eu","article_publisher":"https:\/\/www.facebook.com\/megamoeu","article_modified_time":"2025-10-03T11:16:08+00:00","twitter_card":"summary_large_image","twitter_misc":{"Tiempo de lectura":"5 minutos"},"schema":{"@context":"https:\/\/schema.org","@graph":[{"@type":"WebPage","@id":"https:\/\/megamo.eu\/es\/estudios-de-caso\/","url":"https:\/\/megamo.eu\/es\/estudios-de-caso\/","name":"Estudios de Caso","isPartOf":{"@id":"https:\/\/megamo.eu\/es\/#website"},"datePublished":"2024-07-15T11:43:36+00:00","dateModified":"2025-10-03T11:16:08+00:00","description":"Estudios de caso sobre integraci\u00f3n autom\u00e1tica de proveedores con tiendas de e-commerce. Problemas encontrados y soluciones efectivas.","breadcrumb":{"@id":"https:\/\/megamo.eu\/es\/estudios-de-caso\/#breadcrumb"},"inLanguage":"es","potentialAction":[{"@type":"ReadAction","target":["https:\/\/megamo.eu\/es\/estudios-de-caso\/"]}]},{"@type":"BreadcrumbList","@id":"https:\/\/megamo.eu\/es\/estudios-de-caso\/#breadcrumb","itemListElement":[{"@type":"ListItem","position":1,"name":"Home","item":"https:\/\/megamo.eu\/es\/"},{"@type":"ListItem","position":2,"name":"Estudios de Caso"}]},{"@type":"WebSite","@id":"https:\/\/megamo.eu\/es\/#website","url":"https:\/\/megamo.eu\/es\/","name":"megamo.eu","description":"megamo.eu","publisher":{"@id":"https:\/\/megamo.eu\/es\/#organization"},"potentialAction":[{"@type":"SearchAction","target":{"@type":"EntryPoint","urlTemplate":"https:\/\/megamo.eu\/es\/?s={search_term_string}"},"query-input":{"@type":"PropertyValueSpecification","valueRequired":true,"valueName":"search_term_string"}}],"inLanguage":"es"},{"@type":"Organization","@id":"https:\/\/megamo.eu\/es\/#organization","name":"Megamo","alternateName":"mgo","url":"https:\/\/megamo.eu\/es\/","logo":{"@type":"ImageObject","inLanguage":"es","@id":"https:\/\/megamo.eu\/es\/#\/schema\/logo\/image\/","url":"https:\/\/megamo.eu\/wp-content\/uploads\/2024\/02\/logo_small.png","contentUrl":"https:\/\/megamo.eu\/wp-content\/uploads\/2024\/02\/logo_small.png","width":300,"height":113,"caption":"Megamo"},"image":{"@id":"https:\/\/megamo.eu\/es\/#\/schema\/logo\/image\/"},"sameAs":["https:\/\/www.facebook.com\/megamoeu","https:\/\/www.youtube.com\/@Megamo_en"]}]}},"_links":{"self":[{"href":"https:\/\/megamo.eu\/es\/wp-json\/wp\/v2\/pages\/41653"}],"collection":[{"href":"https:\/\/megamo.eu\/es\/wp-json\/wp\/v2\/pages"}],"about":[{"href":"https:\/\/megamo.eu\/es\/wp-json\/wp\/v2\/types\/page"}],"author":[{"embeddable":true,"href":"https:\/\/megamo.eu\/es\/wp-json\/wp\/v2\/users\/2"}],"replies":[{"embeddable":true,"href":"https:\/\/megamo.eu\/es\/wp-json\/wp\/v2\/comments?post=41653"}],"version-history":[{"count":3,"href":"https:\/\/megamo.eu\/es\/wp-json\/wp\/v2\/pages\/41653\/revisions"}],"predecessor-version":[{"id":56802,"href":"https:\/\/megamo.eu\/es\/wp-json\/wp\/v2\/pages\/41653\/revisions\/56802"}],"wp:attachment":[{"href":"https:\/\/megamo.eu\/es\/wp-json\/wp\/v2\/media?parent=41653"}],"curies":[{"name":"wp","href":"https:\/\/api.w.org\/{rel}","templated":true}]}}