{"id":41651,"date":"2024-02-23T10:34:03","date_gmt":"2024-02-23T09:34:03","guid":{"rendered":"https:\/\/megamo.eu\/affiliate-program\/"},"modified":"2025-06-30T12:47:23","modified_gmt":"2025-06-30T10:47:23","slug":"programa-de-afiliados","status":"publish","type":"page","link":"https:\/\/megamo.eu\/es\/programa-de-afiliados\/","title":{"rendered":"Programa de Afiliados"},"content":{"rendered":"\n\t<div id=\"gap-2146376592\" class=\"gap-element clearfix\" style=\"display:block; height:auto;\">\n\t\t\n<style>\n#gap-2146376592 {\n  padding-top: 60px;\n}\n<\/style>\n\t<\/div>\n\t\n\n\t<section class=\"section\" id=\"section_494923897\">\n\t\t<div class=\"bg section-bg fill bg-fill  bg-loaded\" >\n\n\t\t\t\n\t\t\t\n\t\t\t\n\n\t\t<\/div>\n\n\t\t\n\n\t\t<div class=\"section-content relative\">\n\t\t\t\n\n<div class=\"row align-middle\"  id=\"row-1101655803\">\n\n\n\t<div id=\"col-1330226427\" class=\"col medium-6 small-12 large-6\"  >\n\t\t\t\t<div class=\"col-inner\"  >\n\t\t\t\n\t\t\t\n\n\t<div id=\"text-1603289669\" class=\"text\">\n\t\t\n\n<h1>Programa de Afiliados de Megamo<\/h1>\n\t\t\n<style>\n#text-1603289669 {\n  font-size: 1.3rem;\n  text-align: center;\n}\n@media (min-width:550px) {\n  #text-1603289669 {\n    text-align: left;\n  }\n}\n<\/style>\n\t<\/div>\n\t\n\t<div id=\"text-4173807069\" class=\"text\">\n\t\t\n\n<p>\u00danete como Socio y permite a tus clientes integrar f\u00e1cilmente su tienda con cualquier mayorista o proveedor a trav\u00e9s de nuestro Integrador.<\/p>\n\t\t\n<style>\n#text-4173807069 {\n  text-align: center;\n}\n@media (min-width:550px) {\n  #text-4173807069 {\n    text-align: left;\n  }\n}\n<\/style>\n\t<\/div>\n\t\n\n\t\t<\/div>\n\t\t\t\t\t<\/div>\n\n\t\n\n\t<div id=\"col-1947067781\" class=\"col medium-6 small-12 large-6 small-col-first\"  >\n\t\t\t\t<div class=\"col-inner\"  >\n\t\t\t\n\t\t\t\n\n\t<div class=\"img has-hover x md-x lg-x y md-y lg-y\" id=\"image_473731131\">\n\t\t\t\t\t\t\t\t<div class=\"img-inner dark\" >\n\t\t\t<img loading=\"lazy\" decoding=\"async\" width=\"700\" height=\"467\" src=\"https:\/\/megamo.eu\/wp-content\/uploads\/2024\/02\/demo-integration.webp\" class=\"attachment-original size-original\" alt=\"\" srcset=\"https:\/\/megamo.eu\/wp-content\/uploads\/2024\/02\/demo-integration.webp 700w, https:\/\/megamo.eu\/wp-content\/uploads\/2024\/02\/demo-integration-600x400.webp 600w\" sizes=\"(max-width: 700px) 100vw, 700px\" \/>\t\t\t\t\t\t\n\t\t\t\t\t<\/div>\n\t\t\t\t\t\t\t\t\n<style>\n#image_473731131 {\n  width: 100%;\n}\n<\/style>\n\t<\/div>\n\t\n\n\n\t\t<\/div>\n\t\t\t\t\t<\/div>\n\n\t\n\n<\/div>\n\n\t\t<\/div>\n\n\t\t\n<style>\n#section_494923897 {\n  padding-top: 30px;\n  padding-bottom: 30px;\n}\n<\/style>\n\t<\/section>\n\t\n\t<section class=\"section\" id=\"section_2045908692\">\n\t\t<div class=\"bg section-bg fill bg-fill  bg-loaded\" >\n\n\t\t\t\n\t\t\t\n\t\t\t\n\n\t\t<\/div>\n\n\t\t\n\n\t\t<div class=\"section-content relative\">\n\t\t\t\n\n<div class=\"row\"  id=\"row-802485046\">\n\n\n\t<div id=\"col-87738351\" class=\"col medium-4 small-12 large-4\"  >\n\t\t\t\t<div class=\"col-inner\"  >\n\t\t\t\n\t<div class=\"is-border\"\n\t\tstyle=\"border-width:0px 0px 0px 0px;\">\n\t<\/div>\n\t\t\t\n\n\t<div id=\"text-665521266\" class=\"text\">\n\t\t\n\n<div style=\"border-right: 4px #fe5e08 solid; padding-right: 20px\">\n<p><b>1.<\/b><br><sub style=\"line-height: 0px\">Recomiendas nuestros servicios a tus clientes<\/sub><\/p>\n<\/div>\n\t\t\n<style>\n#text-665521266 {\n  font-size: 1.8rem;\n  text-align: right;\n}\n<\/style>\n\t<\/div>\n\t\n\n\t\t<\/div>\n\t\t\t\t\t<\/div>\n\n\t\n\n\t<div id=\"col-697142348\" class=\"col medium-4 small-12 large-4\"  >\n\t\t\t\t<div class=\"col-inner\"  >\n\t\t\t\n\t\t\t\n\n\t<div id=\"text-830400524\" class=\"text\">\n\t\t\n\n<div style=\"border-right: 4px #862f00 solid; padding-right: 20px\">\n<p><b>2.<\/b><br><sub style=\"line-height: 0px\">Facilitamos la integraci\u00f3n de las tiendas de tus clientes con los proveedores que elijan<\/sub><\/p>\n<\/div>\n\t\t\n<style>\n#text-830400524 {\n  font-size: 1.8rem;\n  text-align: right;\n}\n<\/style>\n\t<\/div>\n\t\n\n\t\t<\/div>\n\t\t\t\t\t<\/div>\n\n\t\n\n\t<div id=\"col-1347930043\" class=\"col medium-4 small-12 large-4\"  >\n\t\t\t\t<div class=\"col-inner\"  >\n\t\t\t\n\t\t\t\n\n\t<div id=\"text-3651234725\" class=\"text\">\n\t\t\n\n<div style=\"border-right: 4px #3c1601 solid; padding-right: 20px\">\n<p><b>3.<\/b><br><sub style=\"line-height: 0px\">Recibes una comisi\u00f3n por cada referencia<\/sub><\/p>\n<\/div>\n\t\t\n<style>\n#text-3651234725 {\n  font-size: 1.8rem;\n  text-align: right;\n}\n<\/style>\n\t<\/div>\n\t\n\n\t\t<\/div>\n\t\t\t\t\t<\/div>\n\n\t\n\n<\/div>\n<div class=\"row\"  id=\"row-1914115561\">\n\n\n\t<div id=\"col-1031761908\" class=\"col small-12 large-12\"  >\n\t\t\t\t<div class=\"col-inner\"  >\n\t\t\t\n\t\t\t\n\n\t<div id=\"text-1510507626\" class=\"text\">\n\t\t\n\n<h4>Por ejemplo<\/h4>\n\t\t\n<style>\n#text-1510507626 {\n  text-align: left;\n}\n<\/style>\n\t<\/div>\n\t\n\t<div id=\"text-4267280844\" class=\"text\">\n\t\t\n\n<p>Cada vez que recomiendas nuestra integraci\u00f3n a un cliente, te pagaremos el 20% del coste de nuestros servicios. Por ejemplo: recomiendas a 5 clientes al mes que adquieren un paquete PRO (integraci\u00f3n con 3 proveedores) por 76,87 \u20ac netos al mes. Tu comisi\u00f3n ser\u00eda de 94,55 \u20ac mensuales y 1.134,60 \u20ac anuales.<\/p>\n\t\t\n<style>\n#text-4267280844 {\n  color: rgb(128, 128, 128);\n}\n#text-4267280844 > * {\n  color: rgb(128, 128, 128);\n}\n<\/style>\n\t<\/div>\n\t\n\n\t\t<\/div>\n\t\t\t\t\t<\/div>\n\n\t\n\n<\/div>\n\n\t\t<\/div>\n\n\t\t\n<style>\n#section_2045908692 {\n  padding-top: 30px;\n  padding-bottom: 30px;\n  background-color: rgb(255, 239, 230);\n}\n<\/style>\n\t<\/section>\n\t\n\t<section class=\"section\" id=\"section_1700758045\">\n\t\t<div class=\"bg section-bg fill bg-fill  bg-loaded\" >\n\n\t\t\t\n\t\t\t\n\t\t\t\n\n\t\t<\/div>\n\n\t\t\n\n\t\t<div class=\"section-content relative\">\n\t\t\t\n\n<div class=\"row align-center\"  id=\"row-888403676\">\n\n\n\t<div id=\"col-397756122\" class=\"col small-12 large-12\"  >\n\t\t\t\t<div class=\"col-inner text-center\"  >\n\t\t\t\n\t\t\t\n\n\n\n<script type=\"text\/javascript\" src=\"\/\/ma.megamo.pl\/form\/generate.js?id=12\"><\/script>\n\n<p><a href=\"https:\/\/megamo.eu\/wp-content\/uploads\/2024\/03\/terms_and_conditions_of_the_partner_program_eu.pdf\">T\u00e9rminos y condiciones del Programa de Socios<\/a><\/p>\n\n\t\t<\/div>\n\t\t\t\t\t<\/div>\n\n\t\n\n<\/div>\n\n\t\t<\/div>\n\n\t\t\n<style>\n#section_1700758045 {\n  padding-top: 60px;\n  padding-bottom: 60px;\n}\n<\/style>\n\t<\/section>\n\t\n","protected":false},"excerpt":{"rendered":"","protected":false},"author":2,"featured_media":0,"parent":0,"menu_order":0,"comment_status":"closed","ping_status":"closed","template":"","meta":{"_lmt_disableupdate":"","_lmt_disable":"","footnotes":""},"yoast_head":"<!-- This site is optimized with the Yoast SEO Premium plugin v21.8 (Yoast SEO v23.5) - https:\/\/yoast.com\/wordpress\/plugins\/seo\/ -->\n<title>Programa de Afiliados<\/title>\n<meta name=\"description\" content=\"\u00danete a nosotros como Partner y permite que tus clientes integren su tienda con cualquier mayorista o proveedor a trav\u00e9s de nuestro Integrador.\" \/>\n<meta name=\"robots\" content=\"index, follow, max-snippet:-1, max-image-preview:large, max-video-preview:-1\" \/>\n<link rel=\"canonical\" href=\"https:\/\/megamo.eu\/es\/programa-de-afiliados\/\" \/>\n<meta property=\"og:locale\" content=\"es_ES\" \/>\n<meta property=\"og:type\" content=\"article\" \/>\n<meta property=\"og:title\" content=\"Programa de Afiliados\" \/>\n<meta property=\"og:description\" content=\"\u00danete a nosotros como Partner y permite que tus clientes integren su tienda con cualquier mayorista o proveedor a trav\u00e9s de nuestro Integrador.\" \/>\n<meta property=\"og:url\" content=\"https:\/\/megamo.eu\/es\/programa-de-afiliados\/\" \/>\n<meta property=\"og:site_name\" content=\"megamo.eu\" \/>\n<meta property=\"article:publisher\" content=\"https:\/\/www.facebook.com\/megamoeu\" \/>\n<meta property=\"article:modified_time\" content=\"2025-06-30T10:47:23+00:00\" \/>\n<meta name=\"twitter:card\" content=\"summary_large_image\" \/>\n<meta name=\"twitter:label1\" content=\"Tiempo de lectura\" \/>\n\t<meta name=\"twitter:data1\" content=\"2 minutos\" \/>\n<script type=\"application\/ld+json\" class=\"yoast-schema-graph\">{\"@context\":\"https:\/\/schema.org\",\"@graph\":[{\"@type\":\"WebPage\",\"@id\":\"https:\/\/megamo.eu\/es\/programa-de-afiliados\/\",\"url\":\"https:\/\/megamo.eu\/es\/programa-de-afiliados\/\",\"name\":\"Programa de Afiliados\",\"isPartOf\":{\"@id\":\"https:\/\/megamo.eu\/es\/#website\"},\"datePublished\":\"2024-02-23T09:34:03+00:00\",\"dateModified\":\"2025-06-30T10:47:23+00:00\",\"description\":\"\u00danete a nosotros como Partner y permite que tus clientes integren su tienda con cualquier mayorista o proveedor a trav\u00e9s de nuestro Integrador.\",\"breadcrumb\":{\"@id\":\"https:\/\/megamo.eu\/es\/programa-de-afiliados\/#breadcrumb\"},\"inLanguage\":\"es\",\"potentialAction\":[{\"@type\":\"ReadAction\",\"target\":[\"https:\/\/megamo.eu\/es\/programa-de-afiliados\/\"]}]},{\"@type\":\"BreadcrumbList\",\"@id\":\"https:\/\/megamo.eu\/es\/programa-de-afiliados\/#breadcrumb\",\"itemListElement\":[{\"@type\":\"ListItem\",\"position\":1,\"name\":\"Home\",\"item\":\"https:\/\/megamo.eu\/es\/\"},{\"@type\":\"ListItem\",\"position\":2,\"name\":\"Programa de Afiliados\"}]},{\"@type\":\"WebSite\",\"@id\":\"https:\/\/megamo.eu\/es\/#website\",\"url\":\"https:\/\/megamo.eu\/es\/\",\"name\":\"megamo.eu\",\"description\":\"megamo.eu\",\"publisher\":{\"@id\":\"https:\/\/megamo.eu\/es\/#organization\"},\"potentialAction\":[{\"@type\":\"SearchAction\",\"target\":{\"@type\":\"EntryPoint\",\"urlTemplate\":\"https:\/\/megamo.eu\/es\/?s={search_term_string}\"},\"query-input\":{\"@type\":\"PropertyValueSpecification\",\"valueRequired\":true,\"valueName\":\"search_term_string\"}}],\"inLanguage\":\"es\"},{\"@type\":\"Organization\",\"@id\":\"https:\/\/megamo.eu\/es\/#organization\",\"name\":\"Megamo\",\"alternateName\":\"mgo\",\"url\":\"https:\/\/megamo.eu\/es\/\",\"logo\":{\"@type\":\"ImageObject\",\"inLanguage\":\"es\",\"@id\":\"https:\/\/megamo.eu\/es\/#\/schema\/logo\/image\/\",\"url\":\"https:\/\/megamo.eu\/wp-content\/uploads\/2024\/02\/logo_small.png\",\"contentUrl\":\"https:\/\/megamo.eu\/wp-content\/uploads\/2024\/02\/logo_small.png\",\"width\":300,\"height\":113,\"caption\":\"Megamo\"},\"image\":{\"@id\":\"https:\/\/megamo.eu\/es\/#\/schema\/logo\/image\/\"},\"sameAs\":[\"https:\/\/www.facebook.com\/megamoeu\",\"https:\/\/www.youtube.com\/@Megamo_en\"]}]}<\/script>\n<!-- \/ Yoast SEO Premium plugin. -->","yoast_head_json":{"title":"Programa de Afiliados","description":"\u00danete a nosotros como Partner y permite que tus clientes integren su tienda con cualquier mayorista o proveedor a trav\u00e9s de nuestro Integrador.","robots":{"index":"index","follow":"follow","max-snippet":"max-snippet:-1","max-image-preview":"max-image-preview:large","max-video-preview":"max-video-preview:-1"},"canonical":"https:\/\/megamo.eu\/es\/programa-de-afiliados\/","og_locale":"es_ES","og_type":"article","og_title":"Programa de Afiliados","og_description":"\u00danete a nosotros como Partner y permite que tus clientes integren su tienda con cualquier mayorista o proveedor a trav\u00e9s de nuestro Integrador.","og_url":"https:\/\/megamo.eu\/es\/programa-de-afiliados\/","og_site_name":"megamo.eu","article_publisher":"https:\/\/www.facebook.com\/megamoeu","article_modified_time":"2025-06-30T10:47:23+00:00","twitter_card":"summary_large_image","twitter_misc":{"Tiempo de lectura":"2 minutos"},"schema":{"@context":"https:\/\/schema.org","@graph":[{"@type":"WebPage","@id":"https:\/\/megamo.eu\/es\/programa-de-afiliados\/","url":"https:\/\/megamo.eu\/es\/programa-de-afiliados\/","name":"Programa de Afiliados","isPartOf":{"@id":"https:\/\/megamo.eu\/es\/#website"},"datePublished":"2024-02-23T09:34:03+00:00","dateModified":"2025-06-30T10:47:23+00:00","description":"\u00danete a nosotros como Partner y permite que tus clientes integren su tienda con cualquier mayorista o proveedor a trav\u00e9s de nuestro Integrador.","breadcrumb":{"@id":"https:\/\/megamo.eu\/es\/programa-de-afiliados\/#breadcrumb"},"inLanguage":"es","potentialAction":[{"@type":"ReadAction","target":["https:\/\/megamo.eu\/es\/programa-de-afiliados\/"]}]},{"@type":"BreadcrumbList","@id":"https:\/\/megamo.eu\/es\/programa-de-afiliados\/#breadcrumb","itemListElement":[{"@type":"ListItem","position":1,"name":"Home","item":"https:\/\/megamo.eu\/es\/"},{"@type":"ListItem","position":2,"name":"Programa de Afiliados"}]},{"@type":"WebSite","@id":"https:\/\/megamo.eu\/es\/#website","url":"https:\/\/megamo.eu\/es\/","name":"megamo.eu","description":"megamo.eu","publisher":{"@id":"https:\/\/megamo.eu\/es\/#organization"},"potentialAction":[{"@type":"SearchAction","target":{"@type":"EntryPoint","urlTemplate":"https:\/\/megamo.eu\/es\/?s={search_term_string}"},"query-input":{"@type":"PropertyValueSpecification","valueRequired":true,"valueName":"search_term_string"}}],"inLanguage":"es"},{"@type":"Organization","@id":"https:\/\/megamo.eu\/es\/#organization","name":"Megamo","alternateName":"mgo","url":"https:\/\/megamo.eu\/es\/","logo":{"@type":"ImageObject","inLanguage":"es","@id":"https:\/\/megamo.eu\/es\/#\/schema\/logo\/image\/","url":"https:\/\/megamo.eu\/wp-content\/uploads\/2024\/02\/logo_small.png","contentUrl":"https:\/\/megamo.eu\/wp-content\/uploads\/2024\/02\/logo_small.png","width":300,"height":113,"caption":"Megamo"},"image":{"@id":"https:\/\/megamo.eu\/es\/#\/schema\/logo\/image\/"},"sameAs":["https:\/\/www.facebook.com\/megamoeu","https:\/\/www.youtube.com\/@Megamo_en"]}]}},"_links":{"self":[{"href":"https:\/\/megamo.eu\/es\/wp-json\/wp\/v2\/pages\/41651"}],"collection":[{"href":"https:\/\/megamo.eu\/es\/wp-json\/wp\/v2\/pages"}],"about":[{"href":"https:\/\/megamo.eu\/es\/wp-json\/wp\/v2\/types\/page"}],"author":[{"embeddable":true,"href":"https:\/\/megamo.eu\/es\/wp-json\/wp\/v2\/users\/2"}],"replies":[{"embeddable":true,"href":"https:\/\/megamo.eu\/es\/wp-json\/wp\/v2\/comments?post=41651"}],"version-history":[{"count":2,"href":"https:\/\/megamo.eu\/es\/wp-json\/wp\/v2\/pages\/41651\/revisions"}],"predecessor-version":[{"id":41745,"href":"https:\/\/megamo.eu\/es\/wp-json\/wp\/v2\/pages\/41651\/revisions\/41745"}],"wp:attachment":[{"href":"https:\/\/megamo.eu\/es\/wp-json\/wp\/v2\/media?parent=41651"}],"curies":[{"name":"wp","href":"https:\/\/api.w.org\/{rel}","templated":true}]}}