{"id":41394,"date":"2024-02-19T15:08:31","date_gmt":"2024-02-19T14:08:31","guid":{"rendered":"https:\/\/megamo.eu\/translation-of-supplier-files\/"},"modified":"2025-06-30T11:49:39","modified_gmt":"2025-06-30T09:49:39","slug":"traduccion-de-archivos-de-proveedores","status":"publish","type":"page","link":"https:\/\/megamo.eu\/es\/traduccion-de-archivos-de-proveedores\/","title":{"rendered":"Traducci\u00f3n de Archivos de Proveedores"},"content":{"rendered":"\n\t<div id=\"gap-102333488\" class=\"gap-element clearfix\" style=\"display:block; height:auto;\">\n\t\t\n<style>\n#gap-102333488 {\n  padding-top: 60px;\n}\n<\/style>\n\t<\/div>\n\t\n\n\t<section class=\"section\" id=\"section_1833743559\">\n\t\t<div class=\"bg section-bg fill bg-fill  bg-loaded\" >\n\n\t\t\t\n\t\t\t\n\t\t\t\n\n\t\t<\/div>\n\n\t\t\n\n\t\t<div class=\"section-content relative\">\n\t\t\t\n\n<div class=\"row align-middle\"  id=\"row-401919337\">\n\n\n\t<div id=\"col-1981366974\" class=\"col medium-6 small-12 large-6 small-col-first\"  >\n\t\t\t\t<div class=\"col-inner\"  >\n\t\t\t\n\t\t\t\n\n\t<div class=\"img has-hover x md-x lg-x y md-y lg-y\" id=\"image_813831390\">\n\t\t\t\t\t\t\t\t<div class=\"img-inner dark\" >\n\t\t\t<img loading=\"lazy\" decoding=\"async\" width=\"700\" height=\"467\" src=\"https:\/\/megamo.eu\/wp-content\/uploads\/2024\/02\/translate_xml_csv_colors.webp\" class=\"attachment-original size-original\" alt=\"\" srcset=\"https:\/\/megamo.eu\/wp-content\/uploads\/2024\/02\/translate_xml_csv_colors.webp 700w, https:\/\/megamo.eu\/wp-content\/uploads\/2024\/02\/translate_xml_csv_colors-600x400.webp 600w\" sizes=\"(max-width: 700px) 100vw, 700px\" \/>\t\t\t\t\t\t\n\t\t\t\t\t<\/div>\n\t\t\t\t\t\t\t\t\n<style>\n#image_813831390 {\n  width: 100%;\n}\n<\/style>\n\t<\/div>\n\t\n\n\n\t\t<\/div>\n\t\t\t\t\t<\/div>\n\n\t\n\n\t<div id=\"col-2109509738\" class=\"col medium-6 small-12 large-6\"  >\n\t\t\t\t<div class=\"col-inner text-center\"  >\n\t\t\t\n\t\t\t\n\n\t<div id=\"text-1256292822\" class=\"text\">\n\t\t\n\n<h1>\u00a1Traducimos archivos de proveedores de XML, CSV al idioma de tu tienda!<\/h1>\n\t\t\n<style>\n#text-1256292822 {\n  font-size: 1.3rem;\n  text-align: center;\n}\n@media (min-width:550px) {\n  #text-1256292822 {\n    text-align: center;\n  }\n}\n<\/style>\n\t<\/div>\n\t\n\t<div id=\"text-1206393665\" class=\"text\">\n\t\t\n\n<p><b>Traducci\u00f3n de archivos de proveedores<\/b><\/p>\n\t\t\n<style>\n#text-1206393665 {\n  font-size: 1.1rem;\n  text-align: center;\n  color: rgb(254, 94, 8);\n}\n#text-1206393665 > * {\n  color: rgb(254, 94, 8);\n}\n@media (min-width:550px) {\n  #text-1206393665 {\n    text-align: center;\n  }\n}\n<\/style>\n\t<\/div>\n\t\n\t<div id=\"text-4201338938\" class=\"text\">\n\t\t\n\n<p>\u00bfTe enfrentas al problema de que el archivo del proveedor no est\u00e1 en el idioma de tu tienda? <b>\u00a1Esto ya no es un problema para nosotros!<\/b><\/p>\n<p>Nuestras traducciones no solo son ling\u00fc\u00edsticamente precisas, sino que tambi\u00e9n est\u00e1n adaptadas a las necesidades espec\u00edficas del sector y a los requisitos del comercio electr\u00f3nico.<\/p>\n<p>Optar por nuestro servicio es elegir experiencia, precisi\u00f3n y rapidez. <b>Lleva tu negocio a un nivel internacional con traducciones de alta calidad de archivos XML y CSV de almac\u00e9n.<\/b> Completa el formulario y estamos listos para desbloquear todo el potencial de tu proyecto online.<\/p>\n\t\t\n<style>\n#text-4201338938 {\n  text-align: center;\n}\n@media (min-width:550px) {\n  #text-4201338938 {\n    text-align: center;\n  }\n}\n<\/style>\n\t<\/div>\n\t\n\n\t\t<\/div>\n\t\t\t\t\t<\/div>\n\n\t\n\n<\/div>\n\n\t\t<\/div>\n\n\t\t\n<style>\n#section_1833743559 {\n  padding-top: 30px;\n  padding-bottom: 30px;\n}\n<\/style>\n\t<\/section>\n\t\n\t<div id=\"gap-761467198\" class=\"gap-element clearfix\" style=\"display:block; height:auto;\">\n\t\t\n<style>\n#gap-761467198 {\n  padding-top: 80px;\n}\n<\/style>\n\t<\/div>\n\t\n\n\t<section class=\"section\" id=\"section_2015771221\">\n\t\t<div class=\"bg section-bg fill bg-fill  bg-loaded\" >\n\n\t\t\t\n\t\t\t\n\t\t\t\n\n\t\t<\/div>\n\n\t\t\n\n\t\t<div class=\"section-content relative\">\n\t\t\t\n\n<div class=\"row\"  id=\"row-1733030261\">\n\n\n\t<div id=\"col-1089549786\" class=\"col small-12 large-12\"  >\n\t\t\t\t<div class=\"col-inner\"  >\n\t\t\t\n\t\t\t\n\n\t<div id=\"text-707317466\" class=\"text\">\n\t\t\n\n<h2>DESTACA TU TIENDA ENTRE LAS DEM\u00c1S<\/h2>\n\t\t\n<style>\n#text-707317466 {\n  font-size: 1.2rem;\n  text-align: center;\n}\n<\/style>\n\t<\/div>\n\t\n\t<div id=\"gap-46671874\" class=\"gap-element clearfix\" style=\"display:block; height:auto;\">\n\t\t\n<style>\n#gap-46671874 {\n  padding-top: 40px;\n}\n<\/style>\n\t<\/div>\n\t\n\n<div class=\"row\"  id=\"row-1075481728\">\n\n\n\t<div id=\"col-1740516703\" class=\"col medium-6 small-12 large-6\"  >\n\t\t\t\t<div class=\"col-inner\"  >\n\t\t\t\n\t\t\t\n\n\n\n<div style=\"border-left: 4px #fe5e08 solid; padding-left: 20px\">\n<h2 style=\"color: #fe5e08;\">Traducciones puntuales<\/h2><h3>Para importaci\u00f3n de productos<\/h3><p>Las traducciones puntuales ofrecen un enfoque personalizado y flexible, perfecto para empresas con necesidades de traducci\u00f3n variables. Ya sea que se trate de entrar en nuevos mercados, lanzar nuevas colecciones de productos o adaptar contenidos para audiencias regionales espec\u00edficas, nuestros servicios de traducci\u00f3n puntual son una soluci\u00f3n estrat\u00e9gica para tus diferentes proyectos.<\/p>\n<\/div>\n\n\n\n<div style=\"border-left: 4px #089de3 solid; padding-left: 20px\">\n<h2 style=\"color: #089de3;\">Traducciones autom\u00e1ticas (peri\u00f3dicas)<\/h2><h3>Para actualizaciones\/importaciones continuas<\/h3><p>Nuestros servicios incluyen traducciones autom\u00e1ticas, dise\u00f1adas para la actualizaci\u00f3n continua y fluida del contenido de los documentos del proveedor. Es ideal para empresas que desean mantener la uniformidad de las traducciones de manera constante. Los nuevos productos a\u00f1adidos por el proveedor se traducen autom\u00e1ticamente, asegurando que tu cat\u00e1logo siempre est\u00e9 actualizado y coherente.<\/p>\n<\/div>\n\n\n\t\t<\/div>\n\t\t\t\t\t<\/div>\n\n\t\n\n\t<div id=\"col-1784975637\" class=\"col medium-6 small-12 large-6\"  >\n\t\t\t\t<div class=\"col-inner text-center\"  >\n\t\t\t\n\t<div class=\"is-border\"\n\t\tstyle=\"border-color:rgb(192, 192, 192);border-radius:15px;border-width:1px 1px 1px 1px;\">\n\t<\/div>\n\t\t\t\n\n\t<div id=\"text-3804026333\" class=\"text\">\n\t\t\n\n<p>TRADUCCI\u00d3N DE ARCHIVOS<\/p>\n\t\t\n<style>\n#text-3804026333 {\n  font-size: 1.3rem;\n  text-align: center;\n}\n<\/style>\n\t<\/div>\n\t\n\t<div class=\"img has-hover x md-x lg-x y md-y lg-y\" id=\"image_712383465\">\n\t\t\t\t\t\t\t\t<div class=\"img-inner dark\" style=\"margin:10px 0px 20px 0px;\">\n\t\t\t<img loading=\"lazy\" decoding=\"async\" width=\"700\" height=\"467\" src=\"https:\/\/megamo.eu\/wp-content\/uploads\/2024\/02\/translate_small_colors.webp\" class=\"attachment-original size-original\" alt=\"\" srcset=\"https:\/\/megamo.eu\/wp-content\/uploads\/2024\/02\/translate_small_colors.webp 700w, https:\/\/megamo.eu\/wp-content\/uploads\/2024\/02\/translate_small_colors-600x400.webp 600w\" sizes=\"(max-width: 700px) 100vw, 700px\" \/>\t\t\t\t\t\t\n\t\t\t\t\t<\/div>\n\t\t\t\t\t\t\t\t\n<style>\n#image_712383465 {\n  width: 35%;\n}\n<\/style>\n\t<\/div>\n\t\n\n\t<div id=\"text-1445277396\" class=\"text\">\n\t\t\n\n<p style=\"margin-bottom:0;\">completa el formulario<\/p>\n\t\t\n<style>\n#text-1445277396 {\n  font-size: 2.4rem;\n  text-align: center;\n}\n<\/style>\n\t<\/div>\n\t\n\t<div id=\"text-3790096135\" class=\"text\">\n\t\t\n\n<p style=\"margin-bottom: 35px;\">precio individual<\/p>\n\t\t\n<style>\n#text-3790096135 {\n  font-size: 1.3rem;\n}\n<\/style>\n\t<\/div>\n\t\n\n\n<a class=\"button primary\" href=\"https:\/\/forms.clickup.com\/9012257574\/f\/8cjr8t6-7832\/2F6PW6MFATF81QNHJP\" target=\"_blank\" rel=\"noopener\">Solicitar<\/a>\n\n\t<div id=\"gap-2067457684\" class=\"gap-element clearfix\" style=\"display:block; height:auto;\">\n\t\t\n<style>\n#gap-2067457684 {\n  padding-top: 35px;\n}\n<\/style>\n\t<\/div>\n\t\n\n<div class=\"row\"  id=\"row-1332178894\">\n\n\n\t<div id=\"col-1849820804\" class=\"col small-12 large-12\"  >\n\t\t\t\t<div class=\"col-inner text-left\"  >\n\t\t\t\n\t\t\t\n\n<h3 class=\"accordion_title\">GARANTIZAMOS:<\/h3><div class=\"accordion\">\n\n\t<div id=\"accordion-22576770\" class=\"accordion-item\">\n\t\t<a id=\"accordion-22576770-label\" class=\"accordion-title plain\" href=\"#accordion-item-rapidez-en-la-entrega\" aria-expanded=\"false\" aria-controls=\"accordion-22576770-content\" >\n\t\t\t<button class=\"toggle\" aria-label=\"Toggle\"><i class=\"icon-angle-down\"><\/i><\/button>\n\t\t\t<span>Rapidez en la entrega<\/span>\n\t\t<\/a>\n\t\t<div id=\"accordion-22576770-content\" class=\"accordion-inner\" aria-labelledby=\"accordion-22576770-label\" >\n\t\t\t\n\n<p>Te aseguramos una ejecuci\u00f3n r\u00e1pida de tu proyecto. Una vez que completes el formulario y proporciones la documentaci\u00f3n necesaria, comenzaremos de inmediato con las traducciones.<\/p>\n\n\t\t<\/div>\n\t<\/div>\n\t\n\t<div id=\"accordion-1278772897\" class=\"accordion-item\">\n\t\t<a id=\"accordion-1278772897-label\" class=\"accordion-title plain\" href=\"#accordion-item-traducciones-de-alta-calidad\" aria-expanded=\"false\" aria-controls=\"accordion-1278772897-content\" >\n\t\t\t<button class=\"toggle\" aria-label=\"Toggle\"><i class=\"icon-angle-down\"><\/i><\/button>\n\t\t\t<span>Traducciones de alta calidad<\/span>\n\t\t<\/a>\n\t\t<div id=\"accordion-1278772897-content\" class=\"accordion-inner\" aria-labelledby=\"accordion-1278772897-label\" >\n\t\t\t\n\n<p>Priorizamos tanto la rapidez como la calidad superior en nuestras traducciones. Nos centramos en que el contenido sea preciso, coherente y adaptado al contexto espec\u00edfico de tu sector.<\/p>\n\n\t\t<\/div>\n\t<\/div>\n\t\n\t<div id=\"accordion-1369601221\" class=\"accordion-item\">\n\t\t<a id=\"accordion-1369601221-label\" class=\"accordion-title plain\" href=\"#accordion-item-control-de-calidad\" aria-expanded=\"false\" aria-controls=\"accordion-1369601221-content\" >\n\t\t\t<button class=\"toggle\" aria-label=\"Toggle\"><i class=\"icon-angle-down\"><\/i><\/button>\n\t\t\t<span>Control de calidad<\/span>\n\t\t<\/a>\n\t\t<div id=\"accordion-1369601221-content\" class=\"accordion-inner\" aria-labelledby=\"accordion-1369601221-label\" >\n\t\t\t\n\n<p>Aunque el proceso de traducci\u00f3n es autom\u00e1tico, mantenemos un alto est\u00e1ndar de calidad. Utilizamos herramientas avanzadas que revisan el contexto, garantizando que las traducciones sean consistentes y precisas.<\/p>\n\n\t\t<\/div>\n\t<\/div>\n\t\n\t<div id=\"accordion-2170184451\" class=\"accordion-item\">\n\t\t<a id=\"accordion-2170184451-label\" class=\"accordion-title plain\" href=\"#accordion-item-actualizaci\u00f3n-r\u00e1pida\" aria-expanded=\"false\" aria-controls=\"accordion-2170184451-content\" >\n\t\t\t<button class=\"toggle\" aria-label=\"Toggle\"><i class=\"icon-angle-down\"><\/i><\/button>\n\t\t\t<span>Actualizaci\u00f3n r\u00e1pida<\/span>\n\t\t<\/a>\n\t\t<div id=\"accordion-2170184451-content\" class=\"accordion-inner\" aria-labelledby=\"accordion-2170184451-label\" >\n\t\t\t\n\n<p>Al elegir traducciones autom\u00e1ticas, tus contenidos se beneficiar\u00e1n de actualizaciones inmediatas que se adaptan a cualquier cambio en los archivos. Esta funci\u00f3n es clave para seguir el ritmo de las actualizaciones frecuentes del cat\u00e1logo del proveedor.<\/p>\n\n\t\t<\/div>\n\t<\/div>\n\t\n\t<div id=\"accordion-3739055542\" class=\"accordion-item\">\n\t\t<a id=\"accordion-3739055542-label\" class=\"accordion-title plain\" href=\"#accordion-item-seguimiento-de-eficiencia\" aria-expanded=\"false\" aria-controls=\"accordion-3739055542-content\" >\n\t\t\t<button class=\"toggle\" aria-label=\"Toggle\"><i class=\"icon-angle-down\"><\/i><\/button>\n\t\t\t<span>Seguimiento de eficiencia<\/span>\n\t\t<\/a>\n\t\t<div id=\"accordion-3739055542-content\" class=\"accordion-inner\" aria-labelledby=\"accordion-3739055542-label\" >\n\t\t\t\n\n<p>Durante todo el proceso de traducci\u00f3n, monitorizamos activamente el progreso. Nuestro objetivo es ofrecerte el mejor servicio en el menor tiempo posible.<\/p>\n\n\t\t<\/div>\n\t<\/div>\n\t\n\n<\/div>\n\n\t\t<\/div>\n\t\t\t\t\t<\/div>\n\n\t\n\n<\/div>\n\n\t\t<\/div>\n\t\t\t\t\n<style>\n#col-1784975637 > .col-inner {\n  padding: 30px 30px 30px 30px;\n}\n<\/style>\n\t<\/div>\n\n\t\n\n<\/div>\n\n\t\t<\/div>\n\t\t\t\t\t<\/div>\n\n\t\n\n<\/div>\n\n\t\t<\/div>\n\n\t\t\n<style>\n#section_2015771221 {\n  padding-top: 0px;\n  padding-bottom: 0px;\n}\n<\/style>\n\t<\/section>\n\t\n","protected":false},"excerpt":{"rendered":"","protected":false},"author":2,"featured_media":0,"parent":0,"menu_order":0,"comment_status":"closed","ping_status":"closed","template":"","meta":{"_lmt_disableupdate":"","_lmt_disable":"","footnotes":""},"yoast_head":"<!-- This site is optimized with the Yoast SEO Premium plugin v21.8 (Yoast SEO v23.5) - https:\/\/yoast.com\/wordpress\/plugins\/seo\/ -->\n<title>Traducci\u00f3n de Archivos de Proveedores<\/title>\n<meta name=\"description\" content=\"Nuestras traducciones no solo son ling\u00fc\u00edsticamente precisas, sino que tambi\u00e9n est\u00e1n personalizadas para adaptarse a las necesidades particulares de los requisitos del comercio electr\u00f3nico.\" \/>\n<meta name=\"robots\" content=\"index, follow, max-snippet:-1, max-image-preview:large, max-video-preview:-1\" \/>\n<link rel=\"canonical\" href=\"https:\/\/megamo.eu\/es\/traduccion-de-archivos-de-proveedores\/\" \/>\n<meta property=\"og:locale\" content=\"es_ES\" \/>\n<meta property=\"og:type\" content=\"article\" \/>\n<meta property=\"og:title\" content=\"Traducci\u00f3n de Archivos de Proveedores\" \/>\n<meta property=\"og:description\" content=\"Nuestras traducciones no solo son ling\u00fc\u00edsticamente precisas, sino que tambi\u00e9n est\u00e1n personalizadas para adaptarse a las necesidades particulares de los requisitos del comercio electr\u00f3nico.\" \/>\n<meta property=\"og:url\" content=\"https:\/\/megamo.eu\/es\/traduccion-de-archivos-de-proveedores\/\" \/>\n<meta property=\"og:site_name\" content=\"megamo.eu\" \/>\n<meta property=\"article:publisher\" content=\"https:\/\/www.facebook.com\/megamoeu\" \/>\n<meta property=\"article:modified_time\" content=\"2025-06-30T09:49:39+00:00\" \/>\n<meta name=\"twitter:card\" content=\"summary_large_image\" \/>\n<meta name=\"twitter:label1\" content=\"Tiempo de lectura\" \/>\n\t<meta name=\"twitter:data1\" content=\"4 minutos\" \/>\n<script type=\"application\/ld+json\" class=\"yoast-schema-graph\">{\"@context\":\"https:\/\/schema.org\",\"@graph\":[{\"@type\":\"WebPage\",\"@id\":\"https:\/\/megamo.eu\/es\/traduccion-de-archivos-de-proveedores\/\",\"url\":\"https:\/\/megamo.eu\/es\/traduccion-de-archivos-de-proveedores\/\",\"name\":\"Traducci\u00f3n de Archivos de Proveedores\",\"isPartOf\":{\"@id\":\"https:\/\/megamo.eu\/es\/#website\"},\"datePublished\":\"2024-02-19T14:08:31+00:00\",\"dateModified\":\"2025-06-30T09:49:39+00:00\",\"description\":\"Nuestras traducciones no solo son ling\u00fc\u00edsticamente precisas, sino que tambi\u00e9n est\u00e1n personalizadas para adaptarse a las necesidades particulares de los requisitos del comercio electr\u00f3nico.\",\"breadcrumb\":{\"@id\":\"https:\/\/megamo.eu\/es\/traduccion-de-archivos-de-proveedores\/#breadcrumb\"},\"inLanguage\":\"es\",\"potentialAction\":[{\"@type\":\"ReadAction\",\"target\":[\"https:\/\/megamo.eu\/es\/traduccion-de-archivos-de-proveedores\/\"]}]},{\"@type\":\"BreadcrumbList\",\"@id\":\"https:\/\/megamo.eu\/es\/traduccion-de-archivos-de-proveedores\/#breadcrumb\",\"itemListElement\":[{\"@type\":\"ListItem\",\"position\":1,\"name\":\"Home\",\"item\":\"https:\/\/megamo.eu\/es\/\"},{\"@type\":\"ListItem\",\"position\":2,\"name\":\"Traducci\u00f3n de Archivos de Proveedores\"}]},{\"@type\":\"WebSite\",\"@id\":\"https:\/\/megamo.eu\/es\/#website\",\"url\":\"https:\/\/megamo.eu\/es\/\",\"name\":\"megamo.eu\",\"description\":\"megamo.eu\",\"publisher\":{\"@id\":\"https:\/\/megamo.eu\/es\/#organization\"},\"potentialAction\":[{\"@type\":\"SearchAction\",\"target\":{\"@type\":\"EntryPoint\",\"urlTemplate\":\"https:\/\/megamo.eu\/es\/?s={search_term_string}\"},\"query-input\":{\"@type\":\"PropertyValueSpecification\",\"valueRequired\":true,\"valueName\":\"search_term_string\"}}],\"inLanguage\":\"es\"},{\"@type\":\"Organization\",\"@id\":\"https:\/\/megamo.eu\/es\/#organization\",\"name\":\"Megamo\",\"alternateName\":\"mgo\",\"url\":\"https:\/\/megamo.eu\/es\/\",\"logo\":{\"@type\":\"ImageObject\",\"inLanguage\":\"es\",\"@id\":\"https:\/\/megamo.eu\/es\/#\/schema\/logo\/image\/\",\"url\":\"https:\/\/megamo.eu\/wp-content\/uploads\/2024\/02\/logo_small.png\",\"contentUrl\":\"https:\/\/megamo.eu\/wp-content\/uploads\/2024\/02\/logo_small.png\",\"width\":300,\"height\":113,\"caption\":\"Megamo\"},\"image\":{\"@id\":\"https:\/\/megamo.eu\/es\/#\/schema\/logo\/image\/\"},\"sameAs\":[\"https:\/\/www.facebook.com\/megamoeu\",\"https:\/\/www.youtube.com\/@Megamo_en\"]}]}<\/script>\n<!-- \/ Yoast SEO Premium plugin. -->","yoast_head_json":{"title":"Traducci\u00f3n de Archivos de Proveedores","description":"Nuestras traducciones no solo son ling\u00fc\u00edsticamente precisas, sino que tambi\u00e9n est\u00e1n personalizadas para adaptarse a las necesidades particulares de los requisitos del comercio electr\u00f3nico.","robots":{"index":"index","follow":"follow","max-snippet":"max-snippet:-1","max-image-preview":"max-image-preview:large","max-video-preview":"max-video-preview:-1"},"canonical":"https:\/\/megamo.eu\/es\/traduccion-de-archivos-de-proveedores\/","og_locale":"es_ES","og_type":"article","og_title":"Traducci\u00f3n de Archivos de Proveedores","og_description":"Nuestras traducciones no solo son ling\u00fc\u00edsticamente precisas, sino que tambi\u00e9n est\u00e1n personalizadas para adaptarse a las necesidades particulares de los requisitos del comercio electr\u00f3nico.","og_url":"https:\/\/megamo.eu\/es\/traduccion-de-archivos-de-proveedores\/","og_site_name":"megamo.eu","article_publisher":"https:\/\/www.facebook.com\/megamoeu","article_modified_time":"2025-06-30T09:49:39+00:00","twitter_card":"summary_large_image","twitter_misc":{"Tiempo de lectura":"4 minutos"},"schema":{"@context":"https:\/\/schema.org","@graph":[{"@type":"WebPage","@id":"https:\/\/megamo.eu\/es\/traduccion-de-archivos-de-proveedores\/","url":"https:\/\/megamo.eu\/es\/traduccion-de-archivos-de-proveedores\/","name":"Traducci\u00f3n de Archivos de Proveedores","isPartOf":{"@id":"https:\/\/megamo.eu\/es\/#website"},"datePublished":"2024-02-19T14:08:31+00:00","dateModified":"2025-06-30T09:49:39+00:00","description":"Nuestras traducciones no solo son ling\u00fc\u00edsticamente precisas, sino que tambi\u00e9n est\u00e1n personalizadas para adaptarse a las necesidades particulares de los requisitos del comercio electr\u00f3nico.","breadcrumb":{"@id":"https:\/\/megamo.eu\/es\/traduccion-de-archivos-de-proveedores\/#breadcrumb"},"inLanguage":"es","potentialAction":[{"@type":"ReadAction","target":["https:\/\/megamo.eu\/es\/traduccion-de-archivos-de-proveedores\/"]}]},{"@type":"BreadcrumbList","@id":"https:\/\/megamo.eu\/es\/traduccion-de-archivos-de-proveedores\/#breadcrumb","itemListElement":[{"@type":"ListItem","position":1,"name":"Home","item":"https:\/\/megamo.eu\/es\/"},{"@type":"ListItem","position":2,"name":"Traducci\u00f3n de Archivos de Proveedores"}]},{"@type":"WebSite","@id":"https:\/\/megamo.eu\/es\/#website","url":"https:\/\/megamo.eu\/es\/","name":"megamo.eu","description":"megamo.eu","publisher":{"@id":"https:\/\/megamo.eu\/es\/#organization"},"potentialAction":[{"@type":"SearchAction","target":{"@type":"EntryPoint","urlTemplate":"https:\/\/megamo.eu\/es\/?s={search_term_string}"},"query-input":{"@type":"PropertyValueSpecification","valueRequired":true,"valueName":"search_term_string"}}],"inLanguage":"es"},{"@type":"Organization","@id":"https:\/\/megamo.eu\/es\/#organization","name":"Megamo","alternateName":"mgo","url":"https:\/\/megamo.eu\/es\/","logo":{"@type":"ImageObject","inLanguage":"es","@id":"https:\/\/megamo.eu\/es\/#\/schema\/logo\/image\/","url":"https:\/\/megamo.eu\/wp-content\/uploads\/2024\/02\/logo_small.png","contentUrl":"https:\/\/megamo.eu\/wp-content\/uploads\/2024\/02\/logo_small.png","width":300,"height":113,"caption":"Megamo"},"image":{"@id":"https:\/\/megamo.eu\/es\/#\/schema\/logo\/image\/"},"sameAs":["https:\/\/www.facebook.com\/megamoeu","https:\/\/www.youtube.com\/@Megamo_en"]}]}},"_links":{"self":[{"href":"https:\/\/megamo.eu\/es\/wp-json\/wp\/v2\/pages\/41394"}],"collection":[{"href":"https:\/\/megamo.eu\/es\/wp-json\/wp\/v2\/pages"}],"about":[{"href":"https:\/\/megamo.eu\/es\/wp-json\/wp\/v2\/types\/page"}],"author":[{"embeddable":true,"href":"https:\/\/megamo.eu\/es\/wp-json\/wp\/v2\/users\/2"}],"replies":[{"embeddable":true,"href":"https:\/\/megamo.eu\/es\/wp-json\/wp\/v2\/comments?post=41394"}],"version-history":[{"count":3,"href":"https:\/\/megamo.eu\/es\/wp-json\/wp\/v2\/pages\/41394\/revisions"}],"predecessor-version":[{"id":41650,"href":"https:\/\/megamo.eu\/es\/wp-json\/wp\/v2\/pages\/41394\/revisions\/41650"}],"wp:attachment":[{"href":"https:\/\/megamo.eu\/es\/wp-json\/wp\/v2\/media?parent=41394"}],"curies":[{"name":"wp","href":"https:\/\/api.w.org\/{rel}","templated":true}]}}