{"id":41387,"date":"2024-10-31T16:02:36","date_gmt":"2024-10-31T15:02:36","guid":{"rendered":"https:\/\/megamo.eu\/automatic-transfer-of-orders\/"},"modified":"2025-10-06T09:25:52","modified_gmt":"2025-10-06T07:25:52","slug":"transferencia-automatica-de-pedidos","status":"publish","type":"page","link":"https:\/\/megamo.eu\/es\/transferencia-automatica-de-pedidos\/","title":{"rendered":"Transferencia Autom\u00e1tica de Pedidos"},"content":{"rendered":"\n\t<div id=\"gap-483678510\" class=\"gap-element clearfix\" style=\"display:block; height:auto;\">\n\t\t\n<style>\n#gap-483678510 {\n  padding-top: 60px;\n}\n<\/style>\n\t<\/div>\n\t\n\n\t<section class=\"section\" id=\"section_1075483308\">\n\t\t<div class=\"bg section-bg fill bg-fill  bg-loaded\" >\n\n\t\t\t\n\t\t\t\n\t\t\t\n\n\t\t<\/div>\n\n\t\t\n\n\t\t<div class=\"section-content relative\">\n\t\t\t\n\n<div class=\"row align-middle\"  id=\"row-230410893\">\n\n\n\t<div id=\"col-2075975651\" class=\"col medium-6 small-12 large-6\"  >\n\t\t\t\t<div class=\"col-inner\"  >\n\t\t\t\n\t\t\t\n\n\t<div id=\"text-3113164319\" class=\"text\">\n\t\t\n\n<h1>Transferencia autom\u00e1tica de pedidos<\/h1>\n\t\t\n<style>\n#text-3113164319 {\n  font-size: 1.3rem;\n  text-align: center;\n}\n@media (min-width:550px) {\n  #text-3113164319 {\n    text-align: left;\n  }\n}\n<\/style>\n\t<\/div>\n\t\n\t<div id=\"text-3104510236\" class=\"text\">\n\t\t\n\n<p><b>Importar pedidos de la tienda al mayorista o proveedor<\/b><\/p>\n\t\t\n<style>\n#text-3104510236 {\n  font-size: 1.1rem;\n  text-align: center;\n  color: rgb(254, 94, 8);\n}\n#text-3104510236 > * {\n  color: rgb(254, 94, 8);\n}\n@media (min-width:550px) {\n  #text-3104510236 {\n    text-align: left;\n  }\n}\n<\/style>\n\t<\/div>\n\t\n\t<div id=\"text-2267844044\" class=\"text\">\n\t\t\n\n<p>La transferencia autom\u00e1tica de pedidos desde la tienda online al mayorista o proveedor es una soluci\u00f3n que revoluciona el proceso de gesti\u00f3n de pedidos. Gracias a nuestra tecnolog\u00eda, cada compra se transfiere instant\u00e1neamente al proveedor, eliminando el riesgo de errores y ahorrando tiempo.<\/p>\n<p>En el mundo del e-commerce en constante evoluci\u00f3n, la automatizaci\u00f3n de procesos es clave para el \u00e9xito. Nuestras herramientas proporcionan sincronizaci\u00f3n total para que tus ventas online se desarrollen de manera fluida y sin interrupciones, generando una experiencia positiva para el cliente.<\/p>\n<p>Ofrecemos implementaciones en plataformas de e-commerce populares como WooCommerce, Shopify y PrestaShop, adaptando las soluciones a tu negocio espec\u00edfico.<\/p>\n\t\t\n<style>\n#text-2267844044 {\n  text-align: center;\n}\n@media (min-width:550px) {\n  #text-2267844044 {\n    text-align: left;\n  }\n}\n<\/style>\n\t<\/div>\n\t\n\n\t\t<\/div>\n\t\t\t\t\t<\/div>\n\n\t\n\n\t<div id=\"col-273538993\" class=\"col medium-6 small-12 large-6 small-col-first\"  >\n\t\t\t\t<div class=\"col-inner\"  >\n\t\t\t\n\t\t\t\n\n\t<div class=\"img has-hover x md-x lg-x y md-y lg-y\" id=\"image_411324665\">\n\t\t\t\t\t\t\t\t<div class=\"img-inner dark\" >\n\t\t\t<img loading=\"lazy\" decoding=\"async\" width=\"700\" height=\"467\" src=\"https:\/\/megamo.eu\/wp-content\/uploads\/2024\/10\/automatic-transfer-of-orders.webp\" class=\"attachment-original size-original\" alt=\"\" srcset=\"https:\/\/megamo.eu\/wp-content\/uploads\/2024\/10\/automatic-transfer-of-orders.webp 700w, https:\/\/megamo.eu\/wp-content\/uploads\/2024\/10\/automatic-transfer-of-orders-600x400.webp 600w\" sizes=\"(max-width: 700px) 100vw, 700px\" \/>\t\t\t\t\t\t\n\t\t\t\t\t<\/div>\n\t\t\t\t\t\t\t\t\n<style>\n#image_411324665 {\n  width: 100%;\n}\n<\/style>\n\t<\/div>\n\t\n\n\n\t\t<\/div>\n\t\t\t\t\t<\/div>\n\n\t\n\n<\/div>\n\n\t\t<\/div>\n\n\t\t\n<style>\n#section_1075483308 {\n  padding-top: 30px;\n  padding-bottom: 30px;\n}\n<\/style>\n\t<\/section>\n\t\n\t<section class=\"section\" id=\"section_999116114\">\n\t\t<div class=\"bg section-bg fill bg-fill  bg-loaded\" >\n\n\t\t\t\n\t\t\t\n\t\t\t\n\n\t\t<\/div>\n\n\t\t\n\n\t\t<div class=\"section-content relative\">\n\t\t\t\n\n<div class=\"row\"  id=\"row-1297497343\">\n\n\n\t<div id=\"col-1048404233\" class=\"col medium-4 small-12 large-4\"  >\n\t\t\t\t<div class=\"col-inner\"  >\n\t\t\t\n\t<div class=\"is-border\"\n\t\tstyle=\"border-width:0px 0px 0px 0px;\">\n\t<\/div>\n\t\t\t\n\n\t<div id=\"text-1695901620\" class=\"text\">\n\t\t\n\n<div style=\"border-right: 4px #fe5e08 solid; padding-right: 20px\">\n<p><b>1.<\/b><br><sub>En tu tienda, los clientes realizan compras<\/sub><\/p>\n<\/div>\n\t\t\n<style>\n#text-1695901620 {\n  font-size: 2rem;\n  text-align: right;\n}\n<\/style>\n\t<\/div>\n\t\n\n\t\t<\/div>\n\t\t\t\t\t<\/div>\n\n\t\n\n\t<div id=\"col-499916287\" class=\"col medium-4 small-12 large-4\"  >\n\t\t\t\t<div class=\"col-inner\"  >\n\t\t\t\n\t\t\t\n\n\t<div id=\"text-415636515\" class=\"text\">\n\t\t\n\n<div style=\"border-right: 4px #862f00 solid; padding-right: 20px\">\n<p><b>2.<\/b><br><sub>Los pedidos llegan a nuestro sistema<\/sub><\/p>\n<\/div>\n\t\t\n<style>\n#text-415636515 {\n  font-size: 2rem;\n  text-align: right;\n}\n<\/style>\n\t<\/div>\n\t\n\n\t\t<\/div>\n\t\t\t\t\t<\/div>\n\n\t\n\n\t<div id=\"col-1629524548\" class=\"col medium-4 small-12 large-4\"  >\n\t\t\t\t<div class=\"col-inner\"  >\n\t\t\t\n\t\t\t\n\n\t<div id=\"text-1534744796\" class=\"text\">\n\t\t\n\n<div style=\"border-right: 4px #3c1601 solid; padding-right: 20px\">\n<p><b>3.<\/b><br><sub>Los pedidos se transfieren<\/sub><\/p>\n<\/div>\n\t\t\n<style>\n#text-1534744796 {\n  font-size: 2rem;\n  text-align: right;\n}\n<\/style>\n\t<\/div>\n\t\n\n\t\t<\/div>\n\t\t\t\t\t<\/div>\n\n\t\n\n<\/div>\n<div class=\"row\"  id=\"row-1564373354\">\n\n\n\t<div id=\"col-1445860489\" class=\"col small-12 large-12\"  >\n\t\t\t\t<div class=\"col-inner\"  >\n\t\t\t\n\t\t\t\n\n<h2 style=\"padding-bottom: 20px; border-bottom: 10px dashed #fe5e08;\"><\/h2>\n\n\t\t<\/div>\n\t\t\t\t\t<\/div>\n\n\t\n\n<\/div>\n<div class=\"row align-middle\"  id=\"row-1870287229\">\n\n\n\t<div id=\"col-248095821\" class=\"col medium-6 small-12 large-6\"  >\n\t\t\t\t<div class=\"col-inner\"  >\n\t\t\t\n\t\t\t\n\n\t<div class=\"img has-hover x md-x lg-x y md-y lg-y\" id=\"image_1632112528\">\n\t\t<a class=\"image-lightbox lightbox-gallery\" title=\"\" href=\"https:\/\/megamo.eu\/wp-content\/uploads\/2024\/10\/wyslij.png\">\t\t\t\t\t\t<div class=\"img-inner image-fade-out dark\" >\n\t\t\t<img loading=\"lazy\" decoding=\"async\" width=\"1344\" height=\"764\" src=\"https:\/\/megamo.eu\/wp-content\/uploads\/2024\/10\/wyslij.png\" class=\"attachment-original size-original\" alt=\"\" srcset=\"https:\/\/megamo.eu\/wp-content\/uploads\/2024\/10\/wyslij.png 1344w, https:\/\/megamo.eu\/wp-content\/uploads\/2024\/10\/wyslij-704x400.png 704w, https:\/\/megamo.eu\/wp-content\/uploads\/2024\/10\/wyslij-768x437.png 768w, https:\/\/megamo.eu\/wp-content\/uploads\/2024\/10\/wyslij-600x341.png 600w\" sizes=\"(max-width: 1344px) 100vw, 1344px\" \/>\t\t\t\t\t\t\n\t\t\t\t\t<\/div>\n\t\t\t\t\t\t<\/a>\t\t\n<style>\n#image_1632112528 {\n  width: 100%;\n}\n<\/style>\n\t<\/div>\n\t\n\n\t<div class=\"img has-hover x md-x lg-x y md-y lg-y\" id=\"image_837532794\">\n\t\t<a class=\"image-lightbox lightbox-gallery\" title=\"\" href=\"https:\/\/megamo.eu\/wp-content\/uploads\/2024\/10\/formularz.png\">\t\t\t\t\t\t<div class=\"img-inner image-fade-out dark\" >\n\t\t\t<img loading=\"lazy\" decoding=\"async\" width=\"1651\" height=\"664\" src=\"https:\/\/megamo.eu\/wp-content\/uploads\/2024\/10\/formularz.png\" class=\"attachment-original size-original\" alt=\"\" srcset=\"https:\/\/megamo.eu\/wp-content\/uploads\/2024\/10\/formularz.png 1651w, https:\/\/megamo.eu\/wp-content\/uploads\/2024\/10\/formularz-800x322.png 800w, https:\/\/megamo.eu\/wp-content\/uploads\/2024\/10\/formularz-1400x563.png 1400w, https:\/\/megamo.eu\/wp-content\/uploads\/2024\/10\/formularz-768x309.png 768w, https:\/\/megamo.eu\/wp-content\/uploads\/2024\/10\/formularz-1536x618.png 1536w, https:\/\/megamo.eu\/wp-content\/uploads\/2024\/10\/formularz-600x241.png 600w\" sizes=\"(max-width: 1651px) 100vw, 1651px\" \/>\t\t\t\t\t\t\n\t\t\t\t\t<\/div>\n\t\t\t\t\t\t<\/a>\t\t\n<style>\n#image_837532794 {\n  width: 100%;\n}\n<\/style>\n\t<\/div>\n\t\n\n\n\t\t<\/div>\n\t\t\t\t\t<\/div>\n\n\t\n\n\t<div id=\"col-2020835192\" class=\"col medium-6 small-12 large-6\"  >\n\t\t\t\t<div class=\"col-inner\"  >\n\t\t\t\n\t\t\t\n\n<h3>\u00a1ES REALMENTE F\u00c1CIL!<\/h3>\n<p><b>Registro autom\u00e1tico de pedidos<\/b><br \/>Con un solo clic, cada nuevo pedido en tu tienda se registra al instante en nuestro sistema, eliminando la necesidad de introducir datos manualmente.<\/p>\n<p><b>Control total y edici\u00f3n precisa de datos<\/b><br \/>\nEn nuestro sistema puedes revisar cada pedido, verificar su precisi\u00f3n y hacer las correcciones necesarias. Tienes la posibilidad de editar campos espec\u00edficos del pedido para garantizar la m\u00e1xima compatibilidad con los requisitos del mayorista y evitar errores.<\/p>\n<p><b>Gesti\u00f3n flexible de pedidos con posibilidad de divisi\u00f3n<\/b><br \/>Nuestro sistema te permite asignar los pedidos de forma inteligente, eligiendo qu\u00e9 productos se env\u00edan al mayorista y cu\u00e1les permanecen para procesamiento interno o privado. Esto te da un control total sobre la log\u00edstica y te permite gestionar eficientemente tu inventario.<\/p>\n<p><b>Transferencia autom\u00e1tica de pedidos<\/b><br \/>\nUna vez aprobado, el sistema env\u00eda autom\u00e1ticamente los pedidos al mayorista, lo que te ahorra tiempo y acelera el procesamiento de pedidos.<\/p>\n<p><b>Eficiencia y comodidad<\/b><br \/>\nCon automatizaci\u00f3n total y control, tu tienda funciona de forma m\u00e1s eficiente y t\u00fa puedes centrarte en hacer crecer tu negocio en lugar de procesar pedidos manualmente.<\/p>\n\n\t\t<\/div>\n\t\t\t\t\t<\/div>\n\n\t\n\n\t<div id=\"col-874549371\" class=\"col small-12 large-12\"  >\n\t\t\t\t<div class=\"col-inner\"  >\n\t\t\t\n\t\t\t\n\n\t<div id=\"text-2185536926\" class=\"text\">\n\t\t\n\n<h2 style=\"padding-bottom: 20px;\">Realizamos implementaciones para cada plataforma<\/h2>\n\t\t\n<style>\n#text-2185536926 {\n  font-size: 1.2rem;\n  text-align: center;\n}\n<\/style>\n\t<\/div>\n\t\n\r\n\r\n<div class=\"logos\">\r\n      <div class=\"logos-slide\">\r\n        <img decoding=\"async\" alt=\"WooCommerce\" src=\"https:\/\/megamo.eu\/wp-content\/uploads\/2024\/07\/woo_slider.webp\" \/>\r\n        <img decoding=\"async\" alt=\"Shopware\" src=\"https:\/\/megamo.eu\/wp-content\/uploads\/2024\/07\/shopware_slider.webp\" \/>\r\n        <img decoding=\"async\" alt=\"Shopify\" src=\"https:\/\/megamo.eu\/wp-content\/uploads\/2024\/07\/shopify_slider.webp\" \/>\r\n        <img decoding=\"async\" alt=\"Shoper\" src=\"https:\/\/megamo.eu\/wp-content\/uploads\/2024\/07\/shoper_slider.webp\" \/>\r\n        <img decoding=\"async\" alt=\"PrestaShop\" src=\"https:\/\/megamo.eu\/wp-content\/uploads\/2024\/07\/presta_slider.webp\" \/>\r\n        <img decoding=\"async\" alt=\"Magento\" src=\"https:\/\/megamo.eu\/wp-content\/uploads\/2024\/07\/magento_slider.webp\" \/>\r\n        <img decoding=\"async\" alt=\"IdoSell\" src=\"https:\/\/megamo.eu\/wp-content\/uploads\/2024\/07\/ido_slider.webp\" \/>\r\n        <img decoding=\"async\" alt=\"OpenCart\" src=\"https:\/\/megamo.eu\/wp-content\/uploads\/2024\/11\/opencart_slider.webp\" \/>\r\n        <img decoding=\"async\" alt=\"KQS\" src=\"https:\/\/megamo.eu\/wp-content\/uploads\/2024\/11\/kqs_slider.webp\" \/>\r\n        <img decoding=\"async\" alt=\"ShopGold\" src=\"https:\/\/megamo.eu\/wp-content\/uploads\/2024\/11\/shopgold_slider.webp\" \/>\r\n      <\/div>\r\n    <\/div>\r\n\r\n    <script>\r\n      var copy = document.querySelector(\".logos-slide\").cloneNode(true);\r\n      document.querySelector(\".logos\").appendChild(copy);\r\n    <\/script>\r\n\r\n<style>\r\n@keyframes slide {\r\n  from {\r\n    transform: translateX(0);\r\n  }\r\n  to {\r\n    transform: translateX(-100%);\r\n  }\r\n}\r\n\r\n.logos {\r\n  overflow: hidden;\r\n  padding: 0px;\r\n  background: transparent;\r\n  white-space: nowrap;\r\n  position: relative;\r\n}\r\n\r\n.logos:before,\r\n.logos:after {\r\n  position: absolute;\r\n  top: 0;\r\n  width: 250px;\r\n  height: 100%;\r\n  content: \"\";\r\n  z-index: 2;\r\n}\r\n\r\n.logos:before {\r\n  left: 0;\r\n}\r\n\r\n.logos:after {\r\n  right: 0;\r\n}\r\n\r\n.logos-slide {\r\n  display: inline-block;\r\n  animation: 60s slide infinite linear;\r\nwidth: calc(74px*20);\r\n}\r\n\r\n.logos-slide img {\r\n  height: 74px;\r\nmargin: 0 35px;\r\n}\r\n<\/style>\r\n\n\n\n\t\t<\/div>\n\t\t\t\t\t<\/div>\n\n\t\n\n<\/div>\n\n\t\t<\/div>\n\n\t\t\n<style>\n#section_999116114 {\n  padding-top: 30px;\n  padding-bottom: 30px;\n  background-color: rgb(255, 239, 230);\n}\n<\/style>\n\t<\/section>\n\t\n\t<section class=\"section\" id=\"section_44703196\">\n\t\t<div class=\"bg section-bg fill bg-fill  bg-loaded\" >\n\n\t\t\t\n\t\t\t\n\t\t\t\n\n\t\t<\/div>\n\n\t\t\n\n\t\t<div class=\"section-content relative\">\n\t\t\t\n\n<div class=\"row\"  id=\"row-61861387\">\n\n\n\t<div id=\"col-431920175\" class=\"col small-12 large-12\"  >\n\t\t\t\t<div class=\"col-inner text-center\"  >\n\t\t\t\n\t\t\t\n\n\t<div id=\"text-3016447311\" class=\"text\">\n\t\t\n\n<h2>\u00bfTe interesa?<\/h2>\n\t\t\n<style>\n#text-3016447311 {\n  font-size: 1.2rem;\n  text-align: center;\n}\n<\/style>\n\t<\/div>\n\t\n\t<div id=\"text-453364228\" class=\"text\">\n\t\t\n\n<h3>Comprueba si tu proveedor admite transferencia autom\u00e1tica de pedidos y \u00a1cont\u00e1ctanos!<\/h3>\n\t\t\n<style>\n#text-453364228 {\n  font-size: 1.2rem;\n  text-align: center;\n}\n<\/style>\n\t<\/div>\n\t\n\t<div id=\"gap-1259890643\" class=\"gap-element clearfix\" style=\"display:block; height:auto;\">\n\t\t\n<style>\n#gap-1259890643 {\n  padding-top: 20px;\n}\n<\/style>\n\t<\/div>\n\t\n\n<a href=\"#contact-form\" class=\"button primary\"  >\n    <span>\u00a1Cont\u00e1ctanos!<\/span>\n  <\/a>\n\n\n\t<div id=\"gap-2139797101\" class=\"gap-element clearfix\" style=\"display:block; height:auto;\">\n\t\t\n<style>\n#gap-2139797101 {\n  padding-top: 20px;\n}\n<\/style>\n\t<\/div>\n\t\n\n\t<div id=\"text-3630210268\" class=\"text\">\n\t\t\n\n<blockquote>\n<p>Ejemplos de mayoristas que admiten la transferencia autom\u00e1tica de pedidos: <a href=\"https:\/\/megamo.eu\/es\/integraciones-con-proveedores\/quimicos-proveedores-de-cosmeticos\/integracion-con-el-proveedor-activeshop\/\" target=\"_blank\" rel=\"noopener\">Activeshop<\/a>, <a href=\"https:\/\/megamo.eu\/es\/integraciones-con-proveedores\/ecologia-proveedores-de-salud\/integracion-con-el-proveedor-bioplanet\/\" target=\"_blank\" rel=\"noopener\">Bioplanet<\/a>.<\/p>\n<\/blockquote>\n\n\t\t\n<style>\n#text-3630210268 {\n  text-align: left;\n  color: #003049;\n}\n#text-3630210268 > * {\n  color: #003049;\n}\n<\/style>\n\t<\/div>\n\t\n\n\t\t<\/div>\n\t\t\t\t\t<\/div>\n\n\t\n\n<\/div>\n\n\t\t<\/div>\n\n\t\t\n<style>\n#section_44703196 {\n  padding-top: 80px;\n  padding-bottom: 80px;\n}\n<\/style>\n\t<\/section>\n\t\n\n","protected":false},"excerpt":{"rendered":"","protected":false},"author":2,"featured_media":0,"parent":0,"menu_order":0,"comment_status":"closed","ping_status":"closed","template":"","meta":{"_lmt_disableupdate":"","_lmt_disable":"","footnotes":""},"yoast_head":"<!-- This site is optimized with the Yoast SEO Premium plugin v21.8 (Yoast SEO v23.5) - https:\/\/yoast.com\/wordpress\/plugins\/seo\/ -->\n<title>Transferencia Autom\u00e1tica de Pedidos<\/title>\n<meta name=\"description\" content=\"Automatiza la transferencia de pedidos para garantizar operaciones fluidas y aumentar la eficiencia en la gesti\u00f3n. Importa pedidos a un mayorista o proveedor.\" \/>\n<meta name=\"robots\" content=\"index, follow, max-snippet:-1, max-image-preview:large, max-video-preview:-1\" \/>\n<link rel=\"canonical\" href=\"https:\/\/megamo.eu\/es\/transferencia-automatica-de-pedidos\/\" \/>\n<meta property=\"og:locale\" content=\"es_ES\" \/>\n<meta property=\"og:type\" content=\"article\" \/>\n<meta property=\"og:title\" content=\"Transferencia Autom\u00e1tica de Pedidos\" \/>\n<meta property=\"og:description\" content=\"Automatiza la transferencia de pedidos para garantizar operaciones fluidas y aumentar la eficiencia en la gesti\u00f3n. Importa pedidos a un mayorista o proveedor.\" \/>\n<meta property=\"og:url\" content=\"https:\/\/megamo.eu\/es\/transferencia-automatica-de-pedidos\/\" \/>\n<meta property=\"og:site_name\" content=\"megamo.eu\" \/>\n<meta property=\"article:publisher\" content=\"https:\/\/www.facebook.com\/megamoeu\" \/>\n<meta property=\"article:modified_time\" content=\"2025-10-06T07:25:52+00:00\" \/>\n<meta name=\"twitter:card\" content=\"summary_large_image\" \/>\n<meta name=\"twitter:label1\" content=\"Tiempo de lectura\" \/>\n\t<meta name=\"twitter:data1\" content=\"3 minutos\" \/>\n<script type=\"application\/ld+json\" class=\"yoast-schema-graph\">{\"@context\":\"https:\/\/schema.org\",\"@graph\":[{\"@type\":\"WebPage\",\"@id\":\"https:\/\/megamo.eu\/es\/transferencia-automatica-de-pedidos\/\",\"url\":\"https:\/\/megamo.eu\/es\/transferencia-automatica-de-pedidos\/\",\"name\":\"Transferencia Autom\u00e1tica de Pedidos\",\"isPartOf\":{\"@id\":\"https:\/\/megamo.eu\/es\/#website\"},\"datePublished\":\"2024-10-31T15:02:36+00:00\",\"dateModified\":\"2025-10-06T07:25:52+00:00\",\"description\":\"Automatiza la transferencia de pedidos para garantizar operaciones fluidas y aumentar la eficiencia en la gesti\u00f3n. Importa pedidos a un mayorista o proveedor.\",\"breadcrumb\":{\"@id\":\"https:\/\/megamo.eu\/es\/transferencia-automatica-de-pedidos\/#breadcrumb\"},\"inLanguage\":\"es\",\"potentialAction\":[{\"@type\":\"ReadAction\",\"target\":[\"https:\/\/megamo.eu\/es\/transferencia-automatica-de-pedidos\/\"]}]},{\"@type\":\"BreadcrumbList\",\"@id\":\"https:\/\/megamo.eu\/es\/transferencia-automatica-de-pedidos\/#breadcrumb\",\"itemListElement\":[{\"@type\":\"ListItem\",\"position\":1,\"name\":\"Home\",\"item\":\"https:\/\/megamo.eu\/es\/\"},{\"@type\":\"ListItem\",\"position\":2,\"name\":\"Transferencia Autom\u00e1tica de Pedidos\"}]},{\"@type\":\"WebSite\",\"@id\":\"https:\/\/megamo.eu\/es\/#website\",\"url\":\"https:\/\/megamo.eu\/es\/\",\"name\":\"megamo.eu\",\"description\":\"megamo.eu\",\"publisher\":{\"@id\":\"https:\/\/megamo.eu\/es\/#organization\"},\"potentialAction\":[{\"@type\":\"SearchAction\",\"target\":{\"@type\":\"EntryPoint\",\"urlTemplate\":\"https:\/\/megamo.eu\/es\/?s={search_term_string}\"},\"query-input\":{\"@type\":\"PropertyValueSpecification\",\"valueRequired\":true,\"valueName\":\"search_term_string\"}}],\"inLanguage\":\"es\"},{\"@type\":\"Organization\",\"@id\":\"https:\/\/megamo.eu\/es\/#organization\",\"name\":\"Megamo\",\"alternateName\":\"mgo\",\"url\":\"https:\/\/megamo.eu\/es\/\",\"logo\":{\"@type\":\"ImageObject\",\"inLanguage\":\"es\",\"@id\":\"https:\/\/megamo.eu\/es\/#\/schema\/logo\/image\/\",\"url\":\"https:\/\/megamo.eu\/wp-content\/uploads\/2024\/02\/logo_small.png\",\"contentUrl\":\"https:\/\/megamo.eu\/wp-content\/uploads\/2024\/02\/logo_small.png\",\"width\":300,\"height\":113,\"caption\":\"Megamo\"},\"image\":{\"@id\":\"https:\/\/megamo.eu\/es\/#\/schema\/logo\/image\/\"},\"sameAs\":[\"https:\/\/www.facebook.com\/megamoeu\",\"https:\/\/www.youtube.com\/@Megamo_en\"]}]}<\/script>\n<!-- \/ Yoast SEO Premium plugin. -->","yoast_head_json":{"title":"Transferencia Autom\u00e1tica de Pedidos","description":"Automatiza la transferencia de pedidos para garantizar operaciones fluidas y aumentar la eficiencia en la gesti\u00f3n. Importa pedidos a un mayorista o proveedor.","robots":{"index":"index","follow":"follow","max-snippet":"max-snippet:-1","max-image-preview":"max-image-preview:large","max-video-preview":"max-video-preview:-1"},"canonical":"https:\/\/megamo.eu\/es\/transferencia-automatica-de-pedidos\/","og_locale":"es_ES","og_type":"article","og_title":"Transferencia Autom\u00e1tica de Pedidos","og_description":"Automatiza la transferencia de pedidos para garantizar operaciones fluidas y aumentar la eficiencia en la gesti\u00f3n. Importa pedidos a un mayorista o proveedor.","og_url":"https:\/\/megamo.eu\/es\/transferencia-automatica-de-pedidos\/","og_site_name":"megamo.eu","article_publisher":"https:\/\/www.facebook.com\/megamoeu","article_modified_time":"2025-10-06T07:25:52+00:00","twitter_card":"summary_large_image","twitter_misc":{"Tiempo de lectura":"3 minutos"},"schema":{"@context":"https:\/\/schema.org","@graph":[{"@type":"WebPage","@id":"https:\/\/megamo.eu\/es\/transferencia-automatica-de-pedidos\/","url":"https:\/\/megamo.eu\/es\/transferencia-automatica-de-pedidos\/","name":"Transferencia Autom\u00e1tica de Pedidos","isPartOf":{"@id":"https:\/\/megamo.eu\/es\/#website"},"datePublished":"2024-10-31T15:02:36+00:00","dateModified":"2025-10-06T07:25:52+00:00","description":"Automatiza la transferencia de pedidos para garantizar operaciones fluidas y aumentar la eficiencia en la gesti\u00f3n. Importa pedidos a un mayorista o proveedor.","breadcrumb":{"@id":"https:\/\/megamo.eu\/es\/transferencia-automatica-de-pedidos\/#breadcrumb"},"inLanguage":"es","potentialAction":[{"@type":"ReadAction","target":["https:\/\/megamo.eu\/es\/transferencia-automatica-de-pedidos\/"]}]},{"@type":"BreadcrumbList","@id":"https:\/\/megamo.eu\/es\/transferencia-automatica-de-pedidos\/#breadcrumb","itemListElement":[{"@type":"ListItem","position":1,"name":"Home","item":"https:\/\/megamo.eu\/es\/"},{"@type":"ListItem","position":2,"name":"Transferencia Autom\u00e1tica de Pedidos"}]},{"@type":"WebSite","@id":"https:\/\/megamo.eu\/es\/#website","url":"https:\/\/megamo.eu\/es\/","name":"megamo.eu","description":"megamo.eu","publisher":{"@id":"https:\/\/megamo.eu\/es\/#organization"},"potentialAction":[{"@type":"SearchAction","target":{"@type":"EntryPoint","urlTemplate":"https:\/\/megamo.eu\/es\/?s={search_term_string}"},"query-input":{"@type":"PropertyValueSpecification","valueRequired":true,"valueName":"search_term_string"}}],"inLanguage":"es"},{"@type":"Organization","@id":"https:\/\/megamo.eu\/es\/#organization","name":"Megamo","alternateName":"mgo","url":"https:\/\/megamo.eu\/es\/","logo":{"@type":"ImageObject","inLanguage":"es","@id":"https:\/\/megamo.eu\/es\/#\/schema\/logo\/image\/","url":"https:\/\/megamo.eu\/wp-content\/uploads\/2024\/02\/logo_small.png","contentUrl":"https:\/\/megamo.eu\/wp-content\/uploads\/2024\/02\/logo_small.png","width":300,"height":113,"caption":"Megamo"},"image":{"@id":"https:\/\/megamo.eu\/es\/#\/schema\/logo\/image\/"},"sameAs":["https:\/\/www.facebook.com\/megamoeu","https:\/\/www.youtube.com\/@Megamo_en"]}]}},"_links":{"self":[{"href":"https:\/\/megamo.eu\/es\/wp-json\/wp\/v2\/pages\/41387"}],"collection":[{"href":"https:\/\/megamo.eu\/es\/wp-json\/wp\/v2\/pages"}],"about":[{"href":"https:\/\/megamo.eu\/es\/wp-json\/wp\/v2\/types\/page"}],"author":[{"embeddable":true,"href":"https:\/\/megamo.eu\/es\/wp-json\/wp\/v2\/users\/2"}],"replies":[{"embeddable":true,"href":"https:\/\/megamo.eu\/es\/wp-json\/wp\/v2\/comments?post=41387"}],"version-history":[{"count":4,"href":"https:\/\/megamo.eu\/es\/wp-json\/wp\/v2\/pages\/41387\/revisions"}],"predecessor-version":[{"id":57547,"href":"https:\/\/megamo.eu\/es\/wp-json\/wp\/v2\/pages\/41387\/revisions\/57547"}],"wp:attachment":[{"href":"https:\/\/megamo.eu\/es\/wp-json\/wp\/v2\/media?parent=41387"}],"curies":[{"name":"wp","href":"https:\/\/api.w.org\/{rel}","templated":true}]}}