{"id":41372,"date":"2024-04-05T14:12:39","date_gmt":"2024-04-05T12:12:39","guid":{"rendered":"https:\/\/megamo.eu\/customize-your-online-store\/"},"modified":"2025-12-23T15:03:42","modified_gmt":"2025-12-23T14:03:42","slug":"personaliza-tu-tienda-online","status":"publish","type":"page","link":"https:\/\/megamo.eu\/es\/personaliza-tu-tienda-online\/","title":{"rendered":"Personaliza Tu Tienda Online"},"content":{"rendered":"\n\t<div id=\"gap-1984404246\" class=\"gap-element clearfix\" style=\"display:block; height:auto;\">\n\t\t\n<style>\n#gap-1984404246 {\n  padding-top: 60px;\n}\n<\/style>\n\t<\/div>\n\t\n\n\t<section class=\"section\" id=\"section_1107876732\">\n\t\t<div class=\"bg section-bg fill bg-fill  bg-loaded\" >\n\n\t\t\t\n\t\t\t\n\t\t\t\n\n\t\t<\/div>\n\n\t\t\n\n\t\t<div class=\"section-content relative\">\n\t\t\t\n\n<div class=\"row align-middle\"  id=\"row-1316944358\">\n\n\n\t<div id=\"col-1306281722\" class=\"col medium-6 small-12 large-6\"  >\n\t\t\t\t<div class=\"col-inner text-center\"  >\n\t\t\t\n\t\t\t\n\n\t<div id=\"text-4083980100\" class=\"text\">\n\t\t\n\n<h1>Personaliza tu tienda online<\/h1>\n\t\t\n<style>\n#text-4083980100 {\n  font-size: 1.3rem;\n  text-align: center;\n}\n@media (min-width:550px) {\n  #text-4083980100 {\n    text-align: left;\n  }\n}\n<\/style>\n\t<\/div>\n\t\n\t<div id=\"text-2096298816\" class=\"text\">\n\t\t\n\n<p><b>Servicios de modificaci\u00f3n de sitios web<\/b><\/p>\n\t\t\n<style>\n#text-2096298816 {\n  font-size: 1.1rem;\n  text-align: center;\n  color: rgb(254, 94, 8);\n}\n#text-2096298816 > * {\n  color: rgb(254, 94, 8);\n}\n@media (min-width:550px) {\n  #text-2096298816 {\n    text-align: left;\n  }\n}\n<\/style>\n\t<\/div>\n\t\n\t<div id=\"text-1907414184\" class=\"text\">\n\t\t\n\n<p>Nos especializamos en dar nueva vida a tu tienda online y sitio web. En la era digital, tener una p\u00e1gina que destaque no es solo una opci\u00f3n, <b>es una necesidad<\/b>. Ah\u00ed es donde entramos nosotros.<\/p>\n<p>Da el primer paso para diferenciar tu marca. Empecemos a crear el sitio web que tu negocio merece.<\/p>\n\t\t\n<style>\n#text-1907414184 {\n  text-align: center;\n}\n@media (min-width:550px) {\n  #text-1907414184 {\n    text-align: left;\n  }\n}\n<\/style>\n\t<\/div>\n\t\n\n\t\t<\/div>\n\t\t\t\t\t<\/div>\n\n\t\n\n\t<div id=\"col-1791180017\" class=\"col medium-6 small-12 large-6 small-col-first\"  >\n\t\t\t\t<div class=\"col-inner\"  >\n\t\t\t\n\t\t\t\n\n\t<div class=\"img has-hover x md-x lg-x y md-y lg-y\" id=\"image_1081655143\">\n\t\t\t\t\t\t\t\t<div class=\"img-inner dark\" >\n\t\t\t<img loading=\"lazy\" decoding=\"async\" width=\"700\" height=\"467\" src=\"https:\/\/megamo.eu\/wp-content\/uploads\/2024\/04\/customize_website.webp\" class=\"attachment-original size-original\" alt=\"\" srcset=\"https:\/\/megamo.eu\/wp-content\/uploads\/2024\/04\/customize_website.webp 700w, https:\/\/megamo.eu\/wp-content\/uploads\/2024\/04\/customize_website-600x400.webp 600w\" sizes=\"(max-width: 700px) 100vw, 700px\" \/>\t\t\t\t\t\t\n\t\t\t\t\t<\/div>\n\t\t\t\t\t\t\t\t\n<style>\n#image_1081655143 {\n  width: 100%;\n}\n<\/style>\n\t<\/div>\n\t\n\n\n\t\t<\/div>\n\t\t\t\t\t<\/div>\n\n\t\n\n<\/div>\n\n\t\t<\/div>\n\n\t\t\n<style>\n#section_1107876732 {\n  padding-top: 30px;\n  padding-bottom: 30px;\n}\n<\/style>\n\t<\/section>\n\t\n\t<div id=\"gap-29606454\" class=\"gap-element clearfix\" style=\"display:block; height:auto;\">\n\t\t\n<style>\n#gap-29606454 {\n  padding-top: 80px;\n}\n<\/style>\n\t<\/div>\n\t\n\n\t<section class=\"section\" id=\"section_567759039\">\n\t\t<div class=\"bg section-bg fill bg-fill  bg-loaded\" >\n\n\t\t\t\n\t\t\t\n\t\t\t\n\n\t\t<\/div>\n\n\t\t\n\n\t\t<div class=\"section-content relative\">\n\t\t\t\n\n<div class=\"row\"  id=\"row-2142898837\">\n\n\n\t<div id=\"col-908539688\" class=\"col small-12 large-12\"  >\n\t\t\t\t<div class=\"col-inner\"  >\n\t\t\t\n\t\t\t\n\n\t<div id=\"text-3838328912\" class=\"text\">\n\t\t\n\n<h2 style=\"padding-bottom: 20px; border-bottom: 10px dashed #fe5e08;\">MEJORA TU SITIO WEB O TIENDA ONLINE<\/h2>\n\t\t\n<style>\n#text-3838328912 {\n  font-size: 1.2rem;\n  text-align: center;\n}\n<\/style>\n\t<\/div>\n\t\n\t<div id=\"gap-2020563951\" class=\"gap-element clearfix\" style=\"display:block; height:auto;\">\n\t\t\n<style>\n#gap-2020563951 {\n  padding-top: 40px;\n}\n<\/style>\n\t<\/div>\n\t\n\n<div class=\"row\"  id=\"row-1564811694\">\n\n\n\t<div id=\"col-2138993197\" class=\"col medium-6 small-12 large-6\"  >\n\t\t\t\t<div class=\"col-inner text-center\"  >\n\t\t\t\n\t<div class=\"is-border\"\n\t\tstyle=\"border-color:rgb(192, 192, 192);border-radius:15px;border-width:1px 1px 1px 1px;\">\n\t<\/div>\n\t\t\t\n\n\t<div id=\"text-818953441\" class=\"text\">\n\t\t\n\n<p>PERSONALIZACI\u00d3N DE SITIOS WEB<\/p>\n\t\t\n<style>\n#text-818953441 {\n  font-size: 1.3rem;\n  text-align: center;\n}\n<\/style>\n\t<\/div>\n\t\n\t<div class=\"img has-hover x md-x lg-x y md-y lg-y\" id=\"image_1197091688\">\n\t\t\t\t\t\t\t\t<div class=\"img-inner dark\" style=\"margin:10px 0px 20px 0px;\">\n\t\t\t<img loading=\"lazy\" decoding=\"async\" width=\"700\" height=\"467\" src=\"https:\/\/megamo.eu\/wp-content\/uploads\/2024\/04\/customize_website.webp\" class=\"attachment-original size-original\" alt=\"\" srcset=\"https:\/\/megamo.eu\/wp-content\/uploads\/2024\/04\/customize_website.webp 700w, https:\/\/megamo.eu\/wp-content\/uploads\/2024\/04\/customize_website-600x400.webp 600w\" sizes=\"(max-width: 700px) 100vw, 700px\" \/>\t\t\t\t\t\t\n\t\t\t\t\t<\/div>\n\t\t\t\t\t\t\t\t\n<style>\n#image_1197091688 {\n  width: 35%;\n}\n<\/style>\n\t<\/div>\n\t\n\n\t<div id=\"text-3641808192\" class=\"text\">\n\t\t\n\n<p style=\"margin-bottom:0;\">rellena el formulario<\/p>\n\t\t\n<style>\n#text-3641808192 {\n  font-size: 2.4rem;\n  text-align: center;\n}\n<\/style>\n\t<\/div>\n\t\n\t<div id=\"text-12425103\" class=\"text\">\n\t\t\n\n<p style=\"margin-bottom: 35px;\">precio individual<\/p>\n\n\t\t\n<style>\n#text-12425103 {\n  font-size: 1.3rem;\n}\n<\/style>\n\t<\/div>\n\t\n\n\n<a class=\"button primary\" href=\"https:\/\/forms.clickup.com\/9012257574\/f\/8cjr8t6-7752\/QSRG5GZANSR4P82YE3\" target=\"_blank\" rel=\"noopener\">Solicitar<\/a>\n\n\n\t\t<\/div>\n\t\t\t\t\n<style>\n#col-2138993197 > .col-inner {\n  padding: 30px 30px 30px 30px;\n}\n<\/style>\n\t<\/div>\n\n\t\n\n\t<div id=\"col-29079510\" class=\"col medium-6 small-12 large-6\"  >\n\t\t\t\t<div class=\"col-inner\"  >\n\t\t\t\n\t\t\t\n\n\n\n<div style=\"border-left: 4px #fe5e08 solid; padding-left: 20px\">\n<h2 style=\"text-transform: uppercase;\">Modificaci\u00f3n de la plantilla<\/h2><h3 style=\"color: #fe5e08;\">Para una mejor apariencia<\/h3><p>Cambios en tipograf\u00edas, colores, ubicaci\u00f3n de elementos, a\u00f1adir categor\u00edas, implementaciones adicionales personalizadas o cambio completo del tema del sitio.<\/p>\n<\/div>\n\n\n\n<div style=\"border-left: 4px #089de3 solid; padding-left: 20px\">\n<h2 style=\"text-transform: uppercase;\">Actualizaci\u00f3n del sistema<\/h2><h3 style=\"color: #089de3;\">Para un mejor rendimiento<\/h3><p>Actualizaci\u00f3n de plugins, elementos del sitio y el sistema sobre el cual est\u00e1 basada la tienda.<\/p>\n<\/div>\n\n\n\n<div style=\"border-left: 4px #fe5e08 solid; padding-left: 20px\">\n<h2 style=\"text-transform: uppercase;\">A\u00f1adir nuevas funcionalidades<\/h2><h3 style=\"color: #fe5e08;\">Para una mejor experiencia del usuario<\/h3><p>Activaci\u00f3n \/ integraci\u00f3n y personalizaci\u00f3n de funcionalidades existentes o creaci\u00f3n de nuevas funcionalidades como implementaci\u00f3n a medida.<\/p>\n<\/div>\n\n\n\n<div style=\"border-left: 4px #089de3 solid; padding-left: 20px\">\n<h2 style=\"text-transform: uppercase;\">Integraci\u00f3n con plataformas externas<\/h2><h3 style=\"color: #089de3;\">Para una mejor gesti\u00f3n<\/h3><p>Integraci\u00f3n con sistemas de pago, sistemas de gesti\u00f3n de productos, implementaci\u00f3n de herramientas de an\u00e1lisis de datos como Google u otros.<\/p>\n<\/div>\n\n\n\n<div style=\"border-left: 4px #fe5e08 solid; padding-left: 20px\">\n<h2 style=\"text-transform: uppercase;\">Integraci\u00f3n con marketplaces<\/h2><h3 style=\"color: #fe5e08;\">Para una mayor expansi\u00f3n de la marca<\/h3><p>Integraci\u00f3n con Amazon, Allegro, eBay y otros.<\/p>\n<\/div>\n\n\n\n<div style=\"border-left: 4px #089de3 solid; padding-left: 20px\">\n<h2 style=\"text-transform: uppercase;\">Gesti\u00f3n de gr\u00e1ficos<\/h2><h3 style=\"color: #089de3;\">Para una mejor optimizaci\u00f3n<\/h3><p>Conversi\u00f3n de im\u00e1genes en formatos pesados como PNG o JPG a WEBP. Creaci\u00f3n de gr\u00e1ficos o asistencia para encontrar los adecuados.<\/p>\n<\/div>\n\n\n\t\t<\/div>\n\t\t\t\t\t<\/div>\n\n\t\n\n<\/div>\n\t<div id=\"text-417216517\" class=\"text\">\n\t\t\n\n<h2 style=\"padding-bottom: 20px; border-bottom: 10px dashed #fe5e08;\">MEJORA TU SITIO WEB O TIENDA ONLINE<\/h2>\n\t\t\n<style>\n#text-417216517 {\n  font-size: 1.2rem;\n  text-align: center;\n}\n<\/style>\n\t<\/div>\n\t\n\n\t\t<\/div>\n\t\t\t\t\t<\/div>\n\n\t\n\n<\/div>\n<div class=\"row\"  id=\"row-487840907\">\n\n\n\t<div id=\"col-298231834\" class=\"col medium-6 small-12 large-6\"  >\n\t\t\t\t<div class=\"col-inner text-center\"  >\n\t\t\t\n\t<div class=\"is-border\"\n\t\tstyle=\"border-color:rgb(192, 192, 192);border-radius:15px;border-width:1px 1px 1px 1px;\">\n\t<\/div>\n\t\t\t\n\n\t<div id=\"text-2169109252\" class=\"text\">\n\t\t\n\n<p>GENERACI\u00d3N DE DESCRIPCIONES CON IA\n<\/p>\n\n\t\t\n<style>\n#text-2169109252 {\n  font-size: 1.3rem;\n  text-align: center;\n}\n<\/style>\n\t<\/div>\n\t\n\t<div class=\"img has-hover x md-x lg-x y md-y lg-y\" id=\"image_482706179\">\n\t\t\t\t\t\t\t\t<div class=\"img-inner dark\" style=\"margin:10px 0px 20px 0px;\">\n\t\t\t<img loading=\"lazy\" decoding=\"async\" width=\"989\" height=\"898\" src=\"https:\/\/megamo.eu\/wp-content\/uploads\/2025\/04\/generating_design.webp\" class=\"attachment-original size-original\" alt=\"\" srcset=\"https:\/\/megamo.eu\/wp-content\/uploads\/2025\/04\/generating_design.webp 989w, https:\/\/megamo.eu\/wp-content\/uploads\/2025\/04\/generating_design-441x400.webp 441w, https:\/\/megamo.eu\/wp-content\/uploads\/2025\/04\/generating_design-881x800.webp 881w, https:\/\/megamo.eu\/wp-content\/uploads\/2025\/04\/generating_design-768x697.webp 768w, https:\/\/megamo.eu\/wp-content\/uploads\/2025\/04\/generating_design-600x545.webp 600w\" sizes=\"(max-width: 989px) 100vw, 989px\" \/>\t\t\t\t\t\t\n\t\t\t\t\t<\/div>\n\t\t\t\t\t\t\t\t\n<style>\n#image_482706179 {\n  width: 26%;\n}\n<\/style>\n\t<\/div>\n\t\n\n\t<div id=\"text-1479318818\" class=\"text\">\n\t\t\n\n<p style=\"margin-bottom:0;\">echa un vistazo a esta funci\u00f3n<\/p>\n\n\t\t\n<style>\n#text-1479318818 {\n  font-size: 2.4rem;\n  text-align: center;\n}\n<\/style>\n\t<\/div>\n\t\n\t<div id=\"text-3236263481\" class=\"text\">\n\t\t\n\n<p style=\"margin-bottom: 35px;\">precio individual<\/p>\n\n\t\t\n<style>\n#text-3236263481 {\n  font-size: 1.3rem;\n}\n<\/style>\n\t<\/div>\n\t\n\n\n<a class=\"button primary\" href=\"\/es\/generacion-de-descripciones-de-productos-con-ia\/\">Ir a la p\u00e1gina<\/a>\n\n\n\t\t<\/div>\n\t\t\t\t\n<style>\n#col-298231834 > .col-inner {\n  padding: 30px 30px 30px 30px;\n}\n<\/style>\n\t<\/div>\n\n\t\n\n\t<div id=\"col-1484333309\" class=\"col medium-6 small-12 large-6\"  >\n\t\t\t\t<div class=\"col-inner text-center\"  >\n\t\t\t\n\t<div class=\"is-border\"\n\t\tstyle=\"border-color:rgb(192, 192, 192);border-radius:15px;border-width:1px 1px 1px 1px;\">\n\t<\/div>\n\t\t\t\n\n\t<div id=\"text-1736781159\" class=\"text\">\n\t\t\n\n<p>TRADUCCIONES DE PRODUCTOS<\/p>\n\n\t\t\n<style>\n#text-1736781159 {\n  font-size: 1.3rem;\n  text-align: center;\n}\n<\/style>\n\t<\/div>\n\t\n\t<div class=\"img has-hover x md-x lg-x y md-y lg-y\" id=\"image_1308463565\">\n\t\t\t\t\t\t\t\t<div class=\"img-inner dark\" style=\"margin:10px 0px 20px 0px;\">\n\t\t\t<img loading=\"lazy\" decoding=\"async\" width=\"700\" height=\"467\" src=\"https:\/\/megamo.eu\/wp-content\/uploads\/2024\/02\/translate_xml_csv_colors.webp\" class=\"attachment-original size-original\" alt=\"\" srcset=\"https:\/\/megamo.eu\/wp-content\/uploads\/2024\/02\/translate_xml_csv_colors.webp 700w, https:\/\/megamo.eu\/wp-content\/uploads\/2024\/02\/translate_xml_csv_colors-600x400.webp 600w\" sizes=\"(max-width: 700px) 100vw, 700px\" \/>\t\t\t\t\t\t\n\t\t\t\t\t<\/div>\n\t\t\t\t\t\t\t\t\n<style>\n#image_1308463565 {\n  width: 35%;\n}\n<\/style>\n\t<\/div>\n\t\n\n\t<div id=\"text-3978486588\" class=\"text\">\n\t\t\n\n<p style=\"margin-bottom:0;\">echa un vistazo a esta funci\u00f3n<\/p>\n\n\t\t\n<style>\n#text-3978486588 {\n  font-size: 2.4rem;\n  text-align: center;\n}\n<\/style>\n\t<\/div>\n\t\n\t<div id=\"text-2503384798\" class=\"text\">\n\t\t\n\n<p style=\"margin-bottom: 35px;\">precio individual<\/p>\n\n\t\t\n<style>\n#text-2503384798 {\n  font-size: 1.3rem;\n}\n<\/style>\n\t<\/div>\n\t\n\n\n<a class=\"button primary\" href=\"\/es\/traduccion-de-archivos-de-proveedores\/\">Ir a la p\u00e1gina<\/a>\n\n\n\t\t<\/div>\n\t\t\t\t\n<style>\n#col-1484333309 > .col-inner {\n  padding: 30px 30px 30px 30px;\n}\n<\/style>\n\t<\/div>\n\n\t\n\n<\/div>\n\n\t\t<\/div>\n\n\t\t\n<style>\n#section_567759039 {\n  padding-top: 0px;\n  padding-bottom: 0px;\n}\n<\/style>\n\t<\/section>\n\t\n\t<div id=\"gap-632974194\" class=\"gap-element clearfix\" style=\"display:block; height:auto;\">\n\t\t\n<style>\n#gap-632974194 {\n  padding-top: 80px;\n}\n<\/style>\n\t<\/div>\n\t\n\n\t<section class=\"section\" id=\"section_1899228573\">\n\t\t<div class=\"bg section-bg fill bg-fill  bg-loaded\" >\n\n\t\t\t\n\t\t\t\n\t\t\t\n\n\t\t<\/div>\n\n\t\t\n\n\t\t<div class=\"section-content relative\">\n\t\t\t\n\n<div class=\"row\"  id=\"row-237363154\">\n\n\n\t<div id=\"col-2096263667\" class=\"col small-12 large-12\"  >\n\t\t\t\t<div class=\"col-inner\"  >\n\t\t\t\n\t\t\t\n\n\t<div id=\"text-1687080140\" class=\"text\">\n\t\t\n\n<h2>PREGUNTAS FRECUENTES<\/h2>\n\t\t\n<style>\n#text-1687080140 {\n  font-size: 1.2rem;\n  text-align: center;\n}\n<\/style>\n\t<\/div>\n\t\n<div class=\"row\"  id=\"row-1136528026\">\n\n\n\t<div id=\"col-850666078\" class=\"col medium-6 small-12 large-6\"  >\n\t\t\t\t<div class=\"col-inner\"  >\n\t\t\t\n\t\t\t\n\n<div style=\"border-left: 4px #fe5e08 solid; padding-left: 20px\">\n<p><b>\u00bfCu\u00e1nto tiempo tarda un proyecto t\u00edpico de modificaci\u00f3n de sitio web?<\/b><br \/>La duraci\u00f3n de un proyecto de modificaci\u00f3n puede variar seg\u00fan la complejidad y el alcance de los cambios. Una vez que nos env\u00edes el formulario, evaluaremos el trabajo y te diremos cu\u00e1nto tiempo llevar\u00e1 implementarlo.<\/p>\n<\/div>\n<div style=\"border-left: 4px #fe5e08 solid; padding-left: 20px\">\n<p><b>\u00bfMi sitio estar\u00e1 fuera de servicio durante las modificaciones?<\/b><br \/>Nos esforzamos por minimizar cualquier impacto en la disponibilidad de tu sitio. La mayor\u00eda de los cambios se realizan en una versi\u00f3n de prueba, por lo que tu sitio real no se ve afectado hasta que se aprueban los cambios. Si se requiere una pausa temporal, la programaremos en horarios de baja actividad y te mantendremos informado.<\/p>\n<\/div>\n\n\t\t<\/div>\n\t\t\t\t\t<\/div>\n\n\t\n\n\t<div id=\"col-2083045539\" class=\"col medium-6 small-12 large-6\"  >\n\t\t\t\t<div class=\"col-inner\"  >\n\t\t\t\n\t\t\t\n\n<div style=\"border-left: 4px #fe5e08 solid; padding-left: 20px\">\n<p><b>\u00bfPueden integrar nuevas funciones o tecnolog\u00edas en mi sitio actual?<\/b><br \/>Por supuesto. Nuestro equipo est\u00e1 capacitado para integrar una amplia variedad de funciones y tecnolog\u00edas innovadoras en sitios ya existentes, desde soluciones de pago y comercio electr\u00f3nico hasta plugins y APIs personalizadas. Siempre con un enfoque en la experiencia del usuario y el buen rendimiento del sitio.<\/p>\n<\/div>\n<div style=\"border-left: 4px #fe5e08 solid; padding-left: 20px\">\n<p><b>\u00bfC\u00f3mo empezamos con el proyecto de modificaci\u00f3n?<\/b><br \/>Es muy sencillo. Cont\u00e1ctanos mediante el formulario. A partir de ah\u00ed, te enviaremos una propuesta con el alcance del proyecto, el tiempo estimado y el presupuesto. Una vez que todo est\u00e9 acordado, comenzamos y te mantenemos al tanto en cada etapa.<\/p>\n<\/div>\n\n\t\t<\/div>\n\t\t\t\t\t<\/div>\n\n\t\n\n\n<style>\n#row-1136528026 > .col > .col-inner {\n  padding: 30px 0px 0px 0px;\n}\n<\/style>\n<\/div>\n<div class=\"row\"  id=\"row-870504847\">\n\n\n\t<div id=\"col-667162463\" class=\"col small-12 large-12\"  >\n\t\t\t\t<div class=\"col-inner text-center\"  >\n\t\t\t\n\t\t\t\n\n<a href=\"#contact-form\" class=\"button primary\"  >\n    <span>\u00bfTienes otra pregunta? Cont\u00e1ctanos<\/span>\n  <\/a>\n\n\n\n\t\t<\/div>\n\t\t\t\t\t<\/div>\n\n\t\n\n<\/div>\n\n\t\t<\/div>\n\t\t\t\t\t<\/div>\n\n\t\n\n<\/div>\n\n\t\t<\/div>\n\n\t\t\n<style>\n#section_1899228573 {\n  padding-top: 30px;\n  padding-bottom: 30px;\n  background-color: #f9f9f9;\n}\n<\/style>\n\t<\/section>\n\t\n\n","protected":false},"excerpt":{"rendered":"","protected":false},"author":2,"featured_media":0,"parent":0,"menu_order":0,"comment_status":"closed","ping_status":"closed","template":"","meta":{"_lmt_disableupdate":"","_lmt_disable":"","footnotes":""},"yoast_head":"<!-- This site is optimized with the Yoast SEO Premium plugin v21.8 (Yoast SEO v23.5) - https:\/\/yoast.com\/wordpress\/plugins\/seo\/ -->\n<title>Personaliza Tu Tienda Online<\/title>\n<meta name=\"description\" content=\"Potencia tu presencia online con nuestros servicios expertos de modificaci\u00f3n de sitios web y personalizaci\u00f3n de e-commerce. \u00a1Impulsa tu marca hoy mismo!\" \/>\n<meta name=\"robots\" content=\"index, follow, max-snippet:-1, max-image-preview:large, max-video-preview:-1\" \/>\n<link rel=\"canonical\" href=\"https:\/\/megamo.eu\/es\/personaliza-tu-tienda-online\/\" \/>\n<meta property=\"og:locale\" content=\"es_ES\" \/>\n<meta property=\"og:type\" content=\"article\" \/>\n<meta property=\"og:title\" content=\"Personaliza Tu Tienda Online\" \/>\n<meta property=\"og:description\" content=\"Potencia tu presencia online con nuestros servicios expertos de modificaci\u00f3n de sitios web y personalizaci\u00f3n de e-commerce. \u00a1Impulsa tu marca hoy mismo!\" \/>\n<meta property=\"og:url\" content=\"https:\/\/megamo.eu\/es\/personaliza-tu-tienda-online\/\" \/>\n<meta property=\"og:site_name\" content=\"megamo.eu\" \/>\n<meta property=\"article:publisher\" content=\"https:\/\/www.facebook.com\/megamoeu\" \/>\n<meta property=\"article:modified_time\" content=\"2025-12-23T14:03:42+00:00\" \/>\n<meta name=\"twitter:card\" content=\"summary_large_image\" \/>\n<meta name=\"twitter:label1\" content=\"Tiempo de lectura\" \/>\n\t<meta name=\"twitter:data1\" content=\"4 minutos\" \/>\n<script type=\"application\/ld+json\" class=\"yoast-schema-graph\">{\"@context\":\"https:\/\/schema.org\",\"@graph\":[{\"@type\":\"WebPage\",\"@id\":\"https:\/\/megamo.eu\/es\/personaliza-tu-tienda-online\/\",\"url\":\"https:\/\/megamo.eu\/es\/personaliza-tu-tienda-online\/\",\"name\":\"Personaliza Tu Tienda Online\",\"isPartOf\":{\"@id\":\"https:\/\/megamo.eu\/es\/#website\"},\"datePublished\":\"2024-04-05T12:12:39+00:00\",\"dateModified\":\"2025-12-23T14:03:42+00:00\",\"description\":\"Potencia tu presencia online con nuestros servicios expertos de modificaci\u00f3n de sitios web y personalizaci\u00f3n de e-commerce. \u00a1Impulsa tu marca hoy mismo!\",\"breadcrumb\":{\"@id\":\"https:\/\/megamo.eu\/es\/personaliza-tu-tienda-online\/#breadcrumb\"},\"inLanguage\":\"es\",\"potentialAction\":[{\"@type\":\"ReadAction\",\"target\":[\"https:\/\/megamo.eu\/es\/personaliza-tu-tienda-online\/\"]}]},{\"@type\":\"BreadcrumbList\",\"@id\":\"https:\/\/megamo.eu\/es\/personaliza-tu-tienda-online\/#breadcrumb\",\"itemListElement\":[{\"@type\":\"ListItem\",\"position\":1,\"name\":\"Home\",\"item\":\"https:\/\/megamo.eu\/es\/\"},{\"@type\":\"ListItem\",\"position\":2,\"name\":\"Personaliza Tu Tienda Online\"}]},{\"@type\":\"WebSite\",\"@id\":\"https:\/\/megamo.eu\/es\/#website\",\"url\":\"https:\/\/megamo.eu\/es\/\",\"name\":\"megamo.eu\",\"description\":\"megamo.eu\",\"publisher\":{\"@id\":\"https:\/\/megamo.eu\/es\/#organization\"},\"potentialAction\":[{\"@type\":\"SearchAction\",\"target\":{\"@type\":\"EntryPoint\",\"urlTemplate\":\"https:\/\/megamo.eu\/es\/?s={search_term_string}\"},\"query-input\":{\"@type\":\"PropertyValueSpecification\",\"valueRequired\":true,\"valueName\":\"search_term_string\"}}],\"inLanguage\":\"es\"},{\"@type\":\"Organization\",\"@id\":\"https:\/\/megamo.eu\/es\/#organization\",\"name\":\"Megamo\",\"alternateName\":\"mgo\",\"url\":\"https:\/\/megamo.eu\/es\/\",\"logo\":{\"@type\":\"ImageObject\",\"inLanguage\":\"es\",\"@id\":\"https:\/\/megamo.eu\/es\/#\/schema\/logo\/image\/\",\"url\":\"https:\/\/megamo.eu\/wp-content\/uploads\/2024\/02\/logo_small.png\",\"contentUrl\":\"https:\/\/megamo.eu\/wp-content\/uploads\/2024\/02\/logo_small.png\",\"width\":300,\"height\":113,\"caption\":\"Megamo\"},\"image\":{\"@id\":\"https:\/\/megamo.eu\/es\/#\/schema\/logo\/image\/\"},\"sameAs\":[\"https:\/\/www.facebook.com\/megamoeu\",\"https:\/\/www.youtube.com\/@Megamo_en\"]}]}<\/script>\n<!-- \/ Yoast SEO Premium plugin. -->","yoast_head_json":{"title":"Personaliza Tu Tienda Online","description":"Potencia tu presencia online con nuestros servicios expertos de modificaci\u00f3n de sitios web y personalizaci\u00f3n de e-commerce. \u00a1Impulsa tu marca hoy mismo!","robots":{"index":"index","follow":"follow","max-snippet":"max-snippet:-1","max-image-preview":"max-image-preview:large","max-video-preview":"max-video-preview:-1"},"canonical":"https:\/\/megamo.eu\/es\/personaliza-tu-tienda-online\/","og_locale":"es_ES","og_type":"article","og_title":"Personaliza Tu Tienda Online","og_description":"Potencia tu presencia online con nuestros servicios expertos de modificaci\u00f3n de sitios web y personalizaci\u00f3n de e-commerce. \u00a1Impulsa tu marca hoy mismo!","og_url":"https:\/\/megamo.eu\/es\/personaliza-tu-tienda-online\/","og_site_name":"megamo.eu","article_publisher":"https:\/\/www.facebook.com\/megamoeu","article_modified_time":"2025-12-23T14:03:42+00:00","twitter_card":"summary_large_image","twitter_misc":{"Tiempo de lectura":"4 minutos"},"schema":{"@context":"https:\/\/schema.org","@graph":[{"@type":"WebPage","@id":"https:\/\/megamo.eu\/es\/personaliza-tu-tienda-online\/","url":"https:\/\/megamo.eu\/es\/personaliza-tu-tienda-online\/","name":"Personaliza Tu Tienda Online","isPartOf":{"@id":"https:\/\/megamo.eu\/es\/#website"},"datePublished":"2024-04-05T12:12:39+00:00","dateModified":"2025-12-23T14:03:42+00:00","description":"Potencia tu presencia online con nuestros servicios expertos de modificaci\u00f3n de sitios web y personalizaci\u00f3n de e-commerce. \u00a1Impulsa tu marca hoy mismo!","breadcrumb":{"@id":"https:\/\/megamo.eu\/es\/personaliza-tu-tienda-online\/#breadcrumb"},"inLanguage":"es","potentialAction":[{"@type":"ReadAction","target":["https:\/\/megamo.eu\/es\/personaliza-tu-tienda-online\/"]}]},{"@type":"BreadcrumbList","@id":"https:\/\/megamo.eu\/es\/personaliza-tu-tienda-online\/#breadcrumb","itemListElement":[{"@type":"ListItem","position":1,"name":"Home","item":"https:\/\/megamo.eu\/es\/"},{"@type":"ListItem","position":2,"name":"Personaliza Tu Tienda Online"}]},{"@type":"WebSite","@id":"https:\/\/megamo.eu\/es\/#website","url":"https:\/\/megamo.eu\/es\/","name":"megamo.eu","description":"megamo.eu","publisher":{"@id":"https:\/\/megamo.eu\/es\/#organization"},"potentialAction":[{"@type":"SearchAction","target":{"@type":"EntryPoint","urlTemplate":"https:\/\/megamo.eu\/es\/?s={search_term_string}"},"query-input":{"@type":"PropertyValueSpecification","valueRequired":true,"valueName":"search_term_string"}}],"inLanguage":"es"},{"@type":"Organization","@id":"https:\/\/megamo.eu\/es\/#organization","name":"Megamo","alternateName":"mgo","url":"https:\/\/megamo.eu\/es\/","logo":{"@type":"ImageObject","inLanguage":"es","@id":"https:\/\/megamo.eu\/es\/#\/schema\/logo\/image\/","url":"https:\/\/megamo.eu\/wp-content\/uploads\/2024\/02\/logo_small.png","contentUrl":"https:\/\/megamo.eu\/wp-content\/uploads\/2024\/02\/logo_small.png","width":300,"height":113,"caption":"Megamo"},"image":{"@id":"https:\/\/megamo.eu\/es\/#\/schema\/logo\/image\/"},"sameAs":["https:\/\/www.facebook.com\/megamoeu","https:\/\/www.youtube.com\/@Megamo_en"]}]}},"_links":{"self":[{"href":"https:\/\/megamo.eu\/es\/wp-json\/wp\/v2\/pages\/41372"}],"collection":[{"href":"https:\/\/megamo.eu\/es\/wp-json\/wp\/v2\/pages"}],"about":[{"href":"https:\/\/megamo.eu\/es\/wp-json\/wp\/v2\/types\/page"}],"author":[{"embeddable":true,"href":"https:\/\/megamo.eu\/es\/wp-json\/wp\/v2\/users\/2"}],"replies":[{"embeddable":true,"href":"https:\/\/megamo.eu\/es\/wp-json\/wp\/v2\/comments?post=41372"}],"version-history":[{"count":4,"href":"https:\/\/megamo.eu\/es\/wp-json\/wp\/v2\/pages\/41372\/revisions"}],"predecessor-version":[{"id":65056,"href":"https:\/\/megamo.eu\/es\/wp-json\/wp\/v2\/pages\/41372\/revisions\/65056"}],"wp:attachment":[{"href":"https:\/\/megamo.eu\/es\/wp-json\/wp\/v2\/media?parent=41372"}],"curies":[{"name":"wp","href":"https:\/\/api.w.org\/{rel}","templated":true}]}}