{"id":41369,"date":"2024-02-19T15:06:40","date_gmt":"2024-02-19T14:06:40","guid":{"rendered":"https:\/\/megamo.eu\/online-store-making\/"},"modified":"2025-06-30T11:46:18","modified_gmt":"2025-06-30T09:46:18","slug":"creacion-de-tiendas-online","status":"publish","type":"page","link":"https:\/\/megamo.eu\/es\/creacion-de-tiendas-online\/","title":{"rendered":"Creaci\u00f3n de Tiendas Online"},"content":{"rendered":"\n\t<div id=\"gap-1731196668\" class=\"gap-element clearfix\" style=\"display:block; height:auto;\">\n\t\t\n<style>\n#gap-1731196668 {\n  padding-top: 60px;\n}\n<\/style>\n\t<\/div>\n\t\n\n\t<section class=\"section\" id=\"section_382667671\">\n\t\t<div class=\"bg section-bg fill bg-fill  bg-loaded\" >\n\n\t\t\t\n\t\t\t\n\t\t\t\n\n\t\t<\/div>\n\n\t\t\n\n\t\t<div class=\"section-content relative\">\n\t\t\t\n\n<div class=\"row align-middle\"  id=\"row-953635614\">\n\n\n\t<div id=\"col-1796495260\" class=\"col medium-6 small-12 large-6\"  >\n\t\t\t\t<div class=\"col-inner\"  >\n\t\t\t\n\t\t\t\n\n\t<div id=\"text-3446572115\" class=\"text\">\n\t\t\n\n<h1>\u00a1Crea tu tienda online con nosotros!<\/h1>\n\t\t\n<style>\n#text-3446572115 {\n  font-size: 1.3rem;\n  text-align: center;\n}\n@media (min-width:550px) {\n  #text-3446572115 {\n    text-align: left;\n  }\n}\n<\/style>\n\t<\/div>\n\t\n\t<div id=\"text-1816452756\" class=\"text\">\n\t\t\n\n<p><b>Creaci\u00f3n de Tienda Online<\/b><\/p>\n\t\t\n<style>\n#text-1816452756 {\n  font-size: 1.1rem;\n  text-align: center;\n  color: rgb(254, 94, 8);\n}\n#text-1816452756 > * {\n  color: rgb(254, 94, 8);\n}\n@media (min-width:550px) {\n  #text-1816452756 {\n    text-align: left;\n  }\n}\n<\/style>\n\t<\/div>\n\t\n\t<div id=\"text-1239634531\" class=\"text\">\n\t\t\n\n<p>Las tiendas online son sitios web creados de forma profesional con el objetivo de generar beneficios. Proporcionamos soluciones que permiten a tus clientes comprar de manera sencilla y r\u00e1pida.<\/p>\n<p>En la era digital actual, tener presencia online es fundamental para las empresas que buscan crecer y prosperar. Una tienda online puede ser tu negocio principal o un complemento de tu tienda f\u00edsica.<\/p>\n<p>Desarrollaremos una tienda online para ti en la plataforma Shopify como parte de nuestros servicios.<\/p>\n\t\t\n<style>\n#text-1239634531 {\n  text-align: center;\n}\n@media (min-width:550px) {\n  #text-1239634531 {\n    text-align: left;\n  }\n}\n<\/style>\n\t<\/div>\n\t\n\n\t\t<\/div>\n\t\t\t\t\t<\/div>\n\n\t\n\n\t<div id=\"col-1387272541\" class=\"col medium-6 small-12 large-6 small-col-first\"  >\n\t\t\t\t<div class=\"col-inner\"  >\n\t\t\t\n\t\t\t\n\n\t<div class=\"img has-hover x md-x lg-x y md-y lg-y\" id=\"image_1162788422\">\n\t\t\t\t\t\t\t\t<div class=\"img-inner dark\" >\n\t\t\t<img loading=\"lazy\" decoding=\"async\" width=\"700\" height=\"467\" src=\"https:\/\/megamo.eu\/wp-content\/uploads\/2024\/02\/ready-made-online-stores.webp\" class=\"attachment-original size-original\" alt=\"\" srcset=\"https:\/\/megamo.eu\/wp-content\/uploads\/2024\/02\/ready-made-online-stores.webp 700w, https:\/\/megamo.eu\/wp-content\/uploads\/2024\/02\/ready-made-online-stores-600x400.webp 600w\" sizes=\"(max-width: 700px) 100vw, 700px\" \/>\t\t\t\t\t\t\n\t\t\t\t\t<\/div>\n\t\t\t\t\t\t\t\t\n<style>\n#image_1162788422 {\n  width: 100%;\n}\n<\/style>\n\t<\/div>\n\t\n\n\n\t\t<\/div>\n\t\t\t\t\t<\/div>\n\n\t\n\n<\/div>\n\n\t\t<\/div>\n\n\t\t\n<style>\n#section_382667671 {\n  padding-top: 30px;\n  padding-bottom: 30px;\n}\n<\/style>\n\t<\/section>\n\t\n\t<section class=\"section\" id=\"section_246343248\">\n\t\t<div class=\"bg section-bg fill bg-fill  bg-loaded\" >\n\n\t\t\t\n\t\t\t\n\t\t\t\n\n\t\t<\/div>\n\n\t\t\n\n\t\t<div class=\"section-content relative\">\n\t\t\t\n\n<div class=\"row\"  id=\"row-1138228044\">\n\n\n\t<div id=\"col-1771033959\" class=\"col medium-3 small-12 large-3\"  >\n\t\t\t\t<div class=\"col-inner\"  >\n\t\t\t\n\t<div class=\"is-border\"\n\t\tstyle=\"border-width:0px 0px 0px 0px;\">\n\t<\/div>\n\t\t\t\n\n\t<div id=\"text-2025473029\" class=\"text\">\n\t\t\n\n<div style=\"border-right: 4px #fe5e08 solid; padding-right: 20px\">\n<p><b>1.<\/b><br ><sub>Elige la opci\u00f3n<\/sub><\/p>\n<\/div>\n\t\t\n<style>\n#text-2025473029 {\n  font-size: 2rem;\n  text-align: right;\n}\n<\/style>\n\t<\/div>\n\t\n\n\t\t<\/div>\n\t\t\t\t\t<\/div>\n\n\t\n\n\t<div id=\"col-1930782168\" class=\"col medium-4 small-12 large-4\"  >\n\t\t\t\t<div class=\"col-inner\"  >\n\t\t\t\n\t\t\t\n\n\t<div id=\"text-1408291488\" class=\"text\">\n\t\t\n\n<div style=\"border-right: 4px #862f00 solid; padding-right: 20px\">\n<p><b>2.<\/b><br ><sub>Elige un proveedor<\/sub><\/p>\n<\/div>\n\t\t\n<style>\n#text-1408291488 {\n  font-size: 2rem;\n  text-align: right;\n}\n<\/style>\n\t<\/div>\n\t\n\n\t\t<\/div>\n\t\t\t\t\t<\/div>\n\n\t\n\n\t<div id=\"col-2079900300\" class=\"col medium-5 small-12 large-5\"  >\n\t\t\t\t<div class=\"col-inner\"  >\n\t\t\t\n\t\t\t\n\n\t<div id=\"text-465714089\" class=\"text\">\n\t\t\n\n<div style=\"border-right: 4px #3c1601 solid; padding-right: 20px\">\n<p><b>3.<\/b><br ><sub>Damos vida a tu soluci\u00f3n<\/sub><\/p>\n<\/div>\n\t\t\n<style>\n#text-465714089 {\n  font-size: 2rem;\n  text-align: right;\n}\n<\/style>\n\t<\/div>\n\t\n\n\t\t<\/div>\n\t\t\t\t\t<\/div>\n\n\t\n\n<\/div>\n\n\t\t<\/div>\n\n\t\t\n<style>\n#section_246343248 {\n  padding-top: 30px;\n  padding-bottom: 30px;\n  background-color: rgb(255, 239, 230);\n}\n<\/style>\n\t<\/section>\n\t\n\t<div id=\"gap-1104042212\" class=\"gap-element clearfix\" style=\"display:block; height:auto;\">\n\t\t\n<style>\n#gap-1104042212 {\n  padding-top: 80px;\n}\n<\/style>\n\t<\/div>\n\t\n\n\t<section class=\"section\" id=\"section_1299587675\">\n\t\t<div class=\"bg section-bg fill bg-fill  bg-loaded\" >\n\n\t\t\t\n\t\t\t\n\t\t\t\n\n\t\t<\/div>\n\n\t\t\n\n\t\t<div class=\"section-content relative\">\n\t\t\t\n\n<div class=\"row\"  id=\"row-1955088934\">\n\n\n\t<div id=\"col-622445283\" class=\"col small-12 large-12\"  >\n\t\t\t\t<div class=\"col-inner\"  >\n\t\t\t\n\t\t\t\n\n\t<div id=\"text-3776819479\" class=\"text\">\n\t\t\n\n<h2>Paquete ON START<\/h2>\n\t\t\n<style>\n#text-3776819479 {\n  font-size: 1.2rem;\n  text-align: center;\n}\n<\/style>\n\t<\/div>\n\t\n<div class=\"row\"  id=\"row-502579771\">\n\n\n\t<div id=\"col-810339640\" class=\"col medium-6 small-12 large-6\"  >\n\t\t\t\t<div class=\"col-inner text-center\"  >\n\t\t\t\n\t<div class=\"is-border\"\n\t\tstyle=\"border-color:rgb(192, 192, 192);border-radius:5px;border-width:1px 1px 1px 1px;\">\n\t<\/div>\n\t\t\t\n\n\t<div id=\"text-4099432574\" class=\"text\">\n\t\t\n\n<p>TIENDA SHOPIFY<\/p>\n\t\t\n<style>\n#text-4099432574 {\n  font-size: 1.3rem;\n  text-align: center;\n}\n<\/style>\n\t<\/div>\n\t\n\t<div class=\"img has-hover x md-x lg-x y md-y lg-y\" id=\"image_1230346741\">\n\t\t\t\t\t\t\t\t<div class=\"img-inner dark\" style=\"margin:10px 0px 20px 0px;\">\n\t\t\t<img loading=\"lazy\" decoding=\"async\" width=\"167\" height=\"50\" src=\"https:\/\/megamo.eu\/wp-content\/uploads\/2024\/01\/logo-shopify.webp\" class=\"attachment-original size-original\" alt=\"\" \/>\t\t\t\t\t\t\n\t\t\t\t\t<\/div>\n\t\t\t\t\t\t\t\t\n<style>\n#image_1230346741 {\n  width: 25%;\n}\n<\/style>\n\t<\/div>\n\t\n\n\t<div id=\"text-2811322565\" class=\"text\">\n\t\t\n\n<p style=\"margin-bottom: 35px\">desde 25 \u20ac<\/p>\n\t\t\n<style>\n#text-2811322565 {\n  font-size: 2.4rem;\n  text-align: center;\n}\n<\/style>\n\t<\/div>\n\t\n\n\n<a class=\"button primary\" href=\"https:\/\/forms.clickup.com\/9012257574\/f\/8cjr8t6-8332\/ZN0BTYRKI4ZGRN9YYY\" target=\"_blank\" rel=\"noopener\">Pedir<\/a>\n\n\n\t\t<\/div>\n\t\t\t\t\n<style>\n#col-810339640 > .col-inner {\n  padding: 30px 30px 30px 30px;\n}\n<\/style>\n\t<\/div>\n\n\t\n\n\t<div id=\"col-378270203\" class=\"col medium-6 small-12 large-6\"  >\n\t\t\t\t<div class=\"col-inner\"  >\n\t\t\t\n\t\t\t\n\n\n\n<div class=\"col-md-6\" style=\"text-align: left;\">\n                   <ul style=\"list-style-type: disc;\">\n                            <h3 style=\"text-align: left;\">El paquete SHOPIFY ON START incluye:<\/h3>\n\t\t\t\t\t\t\t<ol>\n            <li style=\"list-style:disc;\">Creaci\u00f3n de la tienda Shopify en la versi\u00f3n Basic<\/li>\n            <li style=\"list-style:disc;\">integraci\u00f3n autom\u00e1tica gratuita con el proveedor elegido (suscripci\u00f3n de 1 mes incluida)<\/li>\n        <\/ol><\/ul>\n\t\t\n\t\t\n\t\t<style>\n#more {display: none;}\n<\/style>\n\n\n\n<span id=\"dots\" style=\"display: inline;\"><\/span><span id=\"more\" style=\"display: none;\">Este paquete incluye una suscripci\u00f3n de un mes a la versi\u00f3n Basic de Shopify. Adem\u00e1s, recibir\u00e1s una suscripci\u00f3n gratuita de un mes para la integraci\u00f3n autom\u00e1tica bajo el paquete START. El soporte t\u00e9cnico de la tienda Shopify lo proporciona directamente Shopify.<\/p>\n<p><br >Megamo.eu configura tu tienda y realiza la integraci\u00f3n autom\u00e1tica completa con el proveedor que selecciones, todo incluido en el paquete START por un per\u00edodo de un mes. Ten en cuenta que Megamo.pl no realiza ajustes en otras funcionalidades de la tienda.<\/p><\/span><p><\/p>\n<button class=\"btn btn-link\" onclick=\"myFunction()\" id=\"myBtn\" style=\"color: #fe5e08;\">mostrar m\u00e1s &gt;<\/button>\n\n<script>\nfunction myFunction() {\n  var dots = document.getElementById(\"dots\");\n  var moreText = document.getElementById(\"more\");\n  var btnText = document.getElementById(\"myBtn\");\n\n  if (dots.style.display === \"none\") {\n    dots.style.display = \"inline\";\n    btnText.innerHTML = \"mostrar m\u00e1s >\"; \n    moreText.style.display = \"none\";\n  } else {\n    dots.style.display = \"none\";\n    btnText.innerHTML = \"mostrar menos <\"; \n    moreText.style.display = \"inline\";\n  }\n}\n<\/script>\n\n                    <\/div>\n\n\n\t\t<\/div>\n\t\t\t\t\t<\/div>\n\n\t\n\n<\/div>\n\n\t\t<\/div>\n\t\t\t\t\t<\/div>\n\n\t\n\n<\/div>\n\n\t\t<\/div>\n\n\t\t\n<style>\n#section_1299587675 {\n  padding-top: 0px;\n  padding-bottom: 0px;\n}\n<\/style>\n\t<\/section>\n\t\n\t<section class=\"section\" id=\"section_1212957278\">\n\t\t<div class=\"bg section-bg fill bg-fill  bg-loaded\" >\n\n\t\t\t\n\t\t\t\n\t\t\t\n\n\t\t<\/div>\n\n\t\t\n\n\t\t<div class=\"section-content relative\">\n\t\t\t\n\n<div class=\"row\"  id=\"row-518790975\">\n\n\n\t<div id=\"col-111571924\" class=\"col small-12 large-12\"  >\n\t\t\t\t<div class=\"col-inner\"  >\n\t\t\t\n\t\t\t\n\n\t<div id=\"text-1828862420\" class=\"text\">\n\t\t\n\n<h2>Paquete STORE PLUS<\/h2>\n\t\t\n<style>\n#text-1828862420 {\n  font-size: 1.2rem;\n  text-align: center;\n}\n<\/style>\n\t<\/div>\n\t\n<div class=\"row\"  id=\"row-1501444946\">\n\n\n\t<div id=\"col-220640688\" class=\"col medium-6 small-12 large-6\"  >\n\t\t\t\t<div class=\"col-inner text-center\"  >\n\t\t\t\n\t<div class=\"is-border\"\n\t\tstyle=\"border-color:rgb(192, 192, 192);border-radius:5px;border-width:1px 1px 1px 1px;\">\n\t<\/div>\n\t\t\t\n\n\t<div id=\"text-3862615310\" class=\"text\">\n\t\t\n\n<p>TIENDA SHOPIFY<\/p>\n\t\t\n<style>\n#text-3862615310 {\n  font-size: 1.3rem;\n  text-align: center;\n}\n<\/style>\n\t<\/div>\n\t\n\t<div class=\"img has-hover x md-x lg-x y md-y lg-y\" id=\"image_1504289716\">\n\t\t\t\t\t\t\t\t<div class=\"img-inner dark\" style=\"margin:10px 0px 20px 0px;\">\n\t\t\t<img loading=\"lazy\" decoding=\"async\" width=\"167\" height=\"50\" src=\"https:\/\/megamo.eu\/wp-content\/uploads\/2024\/01\/logo-shopify.webp\" class=\"attachment-original size-original\" alt=\"\" \/>\t\t\t\t\t\t\n\t\t\t\t\t<\/div>\n\t\t\t\t\t\t\t\t\n<style>\n#image_1504289716 {\n  width: 25%;\n}\n<\/style>\n\t<\/div>\n\t\n\n\t<div id=\"text-65588409\" class=\"text\">\n\t\t\n\n<p style=\"margin-bottom: 35px\">hablemos<\/p>\n\t\t\n<style>\n#text-65588409 {\n  font-size: 2.4rem;\n  text-align: center;\n}\n<\/style>\n\t<\/div>\n\t\n\n\n<a class=\"button primary\" href=\"https:\/\/forms.clickup.com\/9012257574\/f\/8cjr8t6-8392\/QSMK037N356SOGRJCR\" target=\"_blank\" rel=\"noopener\">Solicitar<\/a>\n\n\n\t\t<\/div>\n\t\t\t\t\n<style>\n#col-220640688 > .col-inner {\n  padding: 30px 30px 30px 30px;\n}\n<\/style>\n\t<\/div>\n\n\t\n\n\t<div id=\"col-602036077\" class=\"col medium-6 small-12 large-6\"  >\n\t\t\t\t<div class=\"col-inner\"  >\n\t\t\t\n\t\t\t\n\n\n\n<div class=\"col-md-6\" style=\"text-align: left;\">\n                    \n                   <ul>\n                            <h3 style=\"text-align: left;\">El paquete STORE SHOPIFY PLUS ofrece una experiencia de tienda personalizada dise\u00f1ada para satisfacer tus necesidades espec\u00edficas<\/h3>\n        <\/ul>\n\t\t <p>Si tienes una visi\u00f3n \u00fanica para tu tienda, que requiere funciones personalizadas, un dise\u00f1o est\u00e9tico exclusivo o integraci\u00f3n con determinados sitios web, completa nuestro formulario e indica tu correo electr\u00f3nico. Nos pondremos en contacto contigo.<\/p>\n\t\t\n\t\t<style>\n#more1 {display: none;}\n<\/style>\n\n\n\n<span id=\"dots1\" style=\"display: inline;\"><\/span><span id=\"more1\" style=\"display: none;\">  \n\t\t<p>\n        Como parte de este paquete, Megamo.eu ofrece la integraci\u00f3n autom\u00e1tica completa con el proveedor que elijas, bajo el paquete START durante un mes.\n        <br><br>\n        Este paquete incluye una suscripci\u00f3n gratuita de un mes para la integraci\u00f3n autom\u00e1tica dentro del paquete START.\n        <br><br>\n        El soporte t\u00e9cnico de la tienda Shopify se realiza a trav\u00e9s de la propia plataforma de Shopify.\n\t\t<br><br>\n\t\tLa gesti\u00f3n de la tienda se conf\u00eda a nuestro socio de confianza.\n        <\/p><\/span><p><\/p>\n<button class=\"btn btn-link\" onclick=\"myFunction1()\" id=\"myBtn1\" style=\"color: #fe5e08;\">mostrar m\u00e1s &gt;<\/button>\n\n<script>\nfunction myFunction1() {\n  var dots1 = document.getElementById(\"dots1\");\n  var moreText1 = document.getElementById(\"more1\");\n  var btnText1 = document.getElementById(\"myBtn1\");\n\n  if (dots1.style.display === \"none\") {\n    dots1.style.display = \"inline\";\n    btnText1.innerHTML = \"mostrar m\u00e1s >\"; \n    moreText1.style.display = \"none\";\n  } else {\n    dots1.style.display = \"none\";\n    btnText1.innerHTML = \"mostrar menos <\"; \n    moreText1.style.display = \"inline\";\n  }\n}\n<\/script>\n                    \n        <\/div>\n\n\n\t\t<\/div>\n\t\t\t\t\t<\/div>\n\n\t\n\n<\/div>\n\n\t\t<\/div>\n\t\t\t\t\t<\/div>\n\n\t\n\n<\/div>\n\n\t\t<\/div>\n\n\t\t\n<style>\n#section_1212957278 {\n  padding-top: 30px;\n  padding-bottom: 30px;\n}\n<\/style>\n\t<\/section>\n\t\n","protected":false},"excerpt":{"rendered":"","protected":false},"author":2,"featured_media":0,"parent":0,"menu_order":0,"comment_status":"closed","ping_status":"closed","template":"","meta":{"_lmt_disableupdate":"","_lmt_disable":"","footnotes":""},"yoast_head":"<!-- This site is optimized with the Yoast SEO Premium plugin v21.8 (Yoast SEO v23.5) - https:\/\/yoast.com\/wordpress\/plugins\/seo\/ -->\n<title>Creaci\u00f3n de Tiendas Online<\/title>\n<meta name=\"description\" content=\"Las tiendas online son sitios web dise\u00f1ados por expertos con el objetivo de generar beneficios. Ofrecemos soluciones que permiten a tus clientes realizar compras f\u00e1cilmente.\" \/>\n<meta name=\"robots\" content=\"index, follow, max-snippet:-1, max-image-preview:large, max-video-preview:-1\" \/>\n<link rel=\"canonical\" href=\"https:\/\/megamo.eu\/es\/creacion-de-tiendas-online\/\" \/>\n<meta property=\"og:locale\" content=\"es_ES\" \/>\n<meta property=\"og:type\" content=\"article\" \/>\n<meta property=\"og:title\" content=\"Creaci\u00f3n de Tiendas Online\" \/>\n<meta property=\"og:description\" content=\"Las tiendas online son sitios web dise\u00f1ados por expertos con el objetivo de generar beneficios. Ofrecemos soluciones que permiten a tus clientes realizar compras f\u00e1cilmente.\" \/>\n<meta property=\"og:url\" content=\"https:\/\/megamo.eu\/es\/creacion-de-tiendas-online\/\" \/>\n<meta property=\"og:site_name\" content=\"megamo.eu\" \/>\n<meta property=\"article:publisher\" content=\"https:\/\/www.facebook.com\/megamoeu\" \/>\n<meta property=\"article:modified_time\" content=\"2025-06-30T09:46:18+00:00\" \/>\n<meta name=\"twitter:card\" content=\"summary_large_image\" \/>\n<meta name=\"twitter:label1\" content=\"Tiempo de lectura\" \/>\n\t<meta name=\"twitter:data1\" content=\"4 minutos\" \/>\n<script type=\"application\/ld+json\" class=\"yoast-schema-graph\">{\"@context\":\"https:\/\/schema.org\",\"@graph\":[{\"@type\":\"WebPage\",\"@id\":\"https:\/\/megamo.eu\/es\/creacion-de-tiendas-online\/\",\"url\":\"https:\/\/megamo.eu\/es\/creacion-de-tiendas-online\/\",\"name\":\"Creaci\u00f3n de Tiendas Online\",\"isPartOf\":{\"@id\":\"https:\/\/megamo.eu\/es\/#website\"},\"datePublished\":\"2024-02-19T14:06:40+00:00\",\"dateModified\":\"2025-06-30T09:46:18+00:00\",\"description\":\"Las tiendas online son sitios web dise\u00f1ados por expertos con el objetivo de generar beneficios. Ofrecemos soluciones que permiten a tus clientes realizar compras f\u00e1cilmente.\",\"breadcrumb\":{\"@id\":\"https:\/\/megamo.eu\/es\/creacion-de-tiendas-online\/#breadcrumb\"},\"inLanguage\":\"es\",\"potentialAction\":[{\"@type\":\"ReadAction\",\"target\":[\"https:\/\/megamo.eu\/es\/creacion-de-tiendas-online\/\"]}]},{\"@type\":\"BreadcrumbList\",\"@id\":\"https:\/\/megamo.eu\/es\/creacion-de-tiendas-online\/#breadcrumb\",\"itemListElement\":[{\"@type\":\"ListItem\",\"position\":1,\"name\":\"Home\",\"item\":\"https:\/\/megamo.eu\/es\/\"},{\"@type\":\"ListItem\",\"position\":2,\"name\":\"Creaci\u00f3n de Tiendas Online\"}]},{\"@type\":\"WebSite\",\"@id\":\"https:\/\/megamo.eu\/es\/#website\",\"url\":\"https:\/\/megamo.eu\/es\/\",\"name\":\"megamo.eu\",\"description\":\"megamo.eu\",\"publisher\":{\"@id\":\"https:\/\/megamo.eu\/es\/#organization\"},\"potentialAction\":[{\"@type\":\"SearchAction\",\"target\":{\"@type\":\"EntryPoint\",\"urlTemplate\":\"https:\/\/megamo.eu\/es\/?s={search_term_string}\"},\"query-input\":{\"@type\":\"PropertyValueSpecification\",\"valueRequired\":true,\"valueName\":\"search_term_string\"}}],\"inLanguage\":\"es\"},{\"@type\":\"Organization\",\"@id\":\"https:\/\/megamo.eu\/es\/#organization\",\"name\":\"Megamo\",\"alternateName\":\"mgo\",\"url\":\"https:\/\/megamo.eu\/es\/\",\"logo\":{\"@type\":\"ImageObject\",\"inLanguage\":\"es\",\"@id\":\"https:\/\/megamo.eu\/es\/#\/schema\/logo\/image\/\",\"url\":\"https:\/\/megamo.eu\/wp-content\/uploads\/2024\/02\/logo_small.png\",\"contentUrl\":\"https:\/\/megamo.eu\/wp-content\/uploads\/2024\/02\/logo_small.png\",\"width\":300,\"height\":113,\"caption\":\"Megamo\"},\"image\":{\"@id\":\"https:\/\/megamo.eu\/es\/#\/schema\/logo\/image\/\"},\"sameAs\":[\"https:\/\/www.facebook.com\/megamoeu\",\"https:\/\/www.youtube.com\/@Megamo_en\"]}]}<\/script>\n<!-- \/ Yoast SEO Premium plugin. -->","yoast_head_json":{"title":"Creaci\u00f3n de Tiendas Online","description":"Las tiendas online son sitios web dise\u00f1ados por expertos con el objetivo de generar beneficios. Ofrecemos soluciones que permiten a tus clientes realizar compras f\u00e1cilmente.","robots":{"index":"index","follow":"follow","max-snippet":"max-snippet:-1","max-image-preview":"max-image-preview:large","max-video-preview":"max-video-preview:-1"},"canonical":"https:\/\/megamo.eu\/es\/creacion-de-tiendas-online\/","og_locale":"es_ES","og_type":"article","og_title":"Creaci\u00f3n de Tiendas Online","og_description":"Las tiendas online son sitios web dise\u00f1ados por expertos con el objetivo de generar beneficios. Ofrecemos soluciones que permiten a tus clientes realizar compras f\u00e1cilmente.","og_url":"https:\/\/megamo.eu\/es\/creacion-de-tiendas-online\/","og_site_name":"megamo.eu","article_publisher":"https:\/\/www.facebook.com\/megamoeu","article_modified_time":"2025-06-30T09:46:18+00:00","twitter_card":"summary_large_image","twitter_misc":{"Tiempo de lectura":"4 minutos"},"schema":{"@context":"https:\/\/schema.org","@graph":[{"@type":"WebPage","@id":"https:\/\/megamo.eu\/es\/creacion-de-tiendas-online\/","url":"https:\/\/megamo.eu\/es\/creacion-de-tiendas-online\/","name":"Creaci\u00f3n de Tiendas Online","isPartOf":{"@id":"https:\/\/megamo.eu\/es\/#website"},"datePublished":"2024-02-19T14:06:40+00:00","dateModified":"2025-06-30T09:46:18+00:00","description":"Las tiendas online son sitios web dise\u00f1ados por expertos con el objetivo de generar beneficios. Ofrecemos soluciones que permiten a tus clientes realizar compras f\u00e1cilmente.","breadcrumb":{"@id":"https:\/\/megamo.eu\/es\/creacion-de-tiendas-online\/#breadcrumb"},"inLanguage":"es","potentialAction":[{"@type":"ReadAction","target":["https:\/\/megamo.eu\/es\/creacion-de-tiendas-online\/"]}]},{"@type":"BreadcrumbList","@id":"https:\/\/megamo.eu\/es\/creacion-de-tiendas-online\/#breadcrumb","itemListElement":[{"@type":"ListItem","position":1,"name":"Home","item":"https:\/\/megamo.eu\/es\/"},{"@type":"ListItem","position":2,"name":"Creaci\u00f3n de Tiendas Online"}]},{"@type":"WebSite","@id":"https:\/\/megamo.eu\/es\/#website","url":"https:\/\/megamo.eu\/es\/","name":"megamo.eu","description":"megamo.eu","publisher":{"@id":"https:\/\/megamo.eu\/es\/#organization"},"potentialAction":[{"@type":"SearchAction","target":{"@type":"EntryPoint","urlTemplate":"https:\/\/megamo.eu\/es\/?s={search_term_string}"},"query-input":{"@type":"PropertyValueSpecification","valueRequired":true,"valueName":"search_term_string"}}],"inLanguage":"es"},{"@type":"Organization","@id":"https:\/\/megamo.eu\/es\/#organization","name":"Megamo","alternateName":"mgo","url":"https:\/\/megamo.eu\/es\/","logo":{"@type":"ImageObject","inLanguage":"es","@id":"https:\/\/megamo.eu\/es\/#\/schema\/logo\/image\/","url":"https:\/\/megamo.eu\/wp-content\/uploads\/2024\/02\/logo_small.png","contentUrl":"https:\/\/megamo.eu\/wp-content\/uploads\/2024\/02\/logo_small.png","width":300,"height":113,"caption":"Megamo"},"image":{"@id":"https:\/\/megamo.eu\/es\/#\/schema\/logo\/image\/"},"sameAs":["https:\/\/www.facebook.com\/megamoeu","https:\/\/www.youtube.com\/@Megamo_en"]}]}},"_links":{"self":[{"href":"https:\/\/megamo.eu\/es\/wp-json\/wp\/v2\/pages\/41369"}],"collection":[{"href":"https:\/\/megamo.eu\/es\/wp-json\/wp\/v2\/pages"}],"about":[{"href":"https:\/\/megamo.eu\/es\/wp-json\/wp\/v2\/types\/page"}],"author":[{"embeddable":true,"href":"https:\/\/megamo.eu\/es\/wp-json\/wp\/v2\/users\/2"}],"replies":[{"embeddable":true,"href":"https:\/\/megamo.eu\/es\/wp-json\/wp\/v2\/comments?post=41369"}],"version-history":[{"count":2,"href":"https:\/\/megamo.eu\/es\/wp-json\/wp\/v2\/pages\/41369\/revisions"}],"predecessor-version":[{"id":41647,"href":"https:\/\/megamo.eu\/es\/wp-json\/wp\/v2\/pages\/41369\/revisions\/41647"}],"wp:attachment":[{"href":"https:\/\/megamo.eu\/es\/wp-json\/wp\/v2\/media?parent=41369"}],"curies":[{"name":"wp","href":"https:\/\/api.w.org\/{rel}","templated":true}]}}