{"id":41249,"date":"2024-05-29T14:58:18","date_gmt":"2024-05-29T12:58:18","guid":{"rendered":"https:\/\/megamo.eu\/myadmin-module\/"},"modified":"2025-06-24T10:24:43","modified_gmt":"2025-06-24T08:24:43","slug":"modulo-myadmin","status":"publish","type":"page","link":"https:\/\/megamo.eu\/es\/modulo-myadmin\/","title":{"rendered":"M\u00f3dulo MyAdmin"},"content":{"rendered":"\n\t<div id=\"gap-1582332956\" class=\"gap-element clearfix\" style=\"display:block; height:auto;\">\n\t\t\n<style>\n#gap-1582332956 {\n  padding-top: 60px;\n}\n<\/style>\n\t<\/div>\n\t\n\n\t<section class=\"section\" id=\"section_1573887410\">\n\t\t<div class=\"bg section-bg fill bg-fill  bg-loaded\" >\n\n\t\t\t\n\t\t\t\n\t\t\t\n\n\t\t<\/div>\n\n\t\t\n\n\t\t<div class=\"section-content relative\">\n\t\t\t\n\n<div class=\"row\"  id=\"row-957285115\">\n\n\n\t<div id=\"col-551729005\" class=\"col small-12 large-12\"  >\n\t\t\t\t<div class=\"col-inner\"  >\n\t\t\t\n\t\t\t\n\n\t<div id=\"text-1197007022\" class=\"text\">\n\t\t\n\n<h1>Instalaci\u00f3n del m\u00f3dulo MyAdmin<\/h1>\n\n\t\t\n<style>\n#text-1197007022 {\n  font-size: 1.3rem;\n  text-align: center;\n}\n@media (min-width:550px) {\n  #text-1197007022 {\n    text-align: left;\n  }\n}\n<\/style>\n\t<\/div>\n\t\n<div class=\"row\"  id=\"row-1398431845\">\n\n\n\t<div id=\"col-1299191594\" class=\"col medium-6 small-12 large-6\"  >\n\t\t\t\t<div class=\"col-inner\"  >\n\t\t\t\n\t\t\t\n\n<h2>Instaladores<\/h2>\n\n\t<div id=\"gap-682194179\" class=\"gap-element clearfix\" style=\"display:block; height:auto;\">\n\t\t\n<style>\n#gap-682194179 {\n  padding-top: 40px;\n}\n<\/style>\n\t<\/div>\n\t\n\n\n\n<div style=\"border-left: 4px #fe5e08 solid; padding-left: 20px\">\n<h2 style=\"color: #fe5e08;\">KQS.Store<\/h2><h3 style=\"font-weight: 500;\"><a href=\"http:\/\/service.myadmin.com.pl\/download.php?d=install&amp;f=myadmin_install_2\">Instalador<\/a> | <a href=\"http:\/\/arch.megamo.pl\/s\/poradnik\/instalacja-kqs\/\" target=\"_blank\" rel=\"noopener\">Gu\u00eda de instalaci\u00f3n<\/a><\/h3>\n<\/div>\n\n\t<div id=\"gap-1703869102\" class=\"gap-element clearfix\" style=\"display:block; height:auto;\">\n\t\t\n<style>\n#gap-1703869102 {\n  padding-top: 40px;\n}\n<\/style>\n\t<\/div>\n\t\n\n\n\n<div style=\"border-left: 4px #089de3 solid; padding-left: 20px\">\n<h2 style=\"color: #089de3;\">PrestaShop<\/h2><h3>1.8<\/h3><h3 style=\"font-weight: 500;\"><a href=\"http:\/\/service.myadmin.com.pl\/download.php?d=myadmin&amp;f=megamo_presta1.8.x_module-latest\">M\u00f3dulo MEGAMO<\/a> (versi\u00f3n 1.3.0) | <a href=\"http:\/\/arch.megamo.pl\/s\/poradnik\/myadmin\/dla-prestashop\/\" target=\"_blank\" rel=\"noopener\">Gu\u00eda de instalaci\u00f3n<\/a><\/h3><h3>1.5 | 1.6 | 1.7<\/h3><h3 style=\"font-weight: 500;\"><a href=\"http:\/\/service.myadmin.com.pl\/download.php?d=myadmin&amp;f=megamo_presta1.5.x_1.6.x_1.7.x_module-latest\">M\u00f3dulo MEGAMO<\/a> (versi\u00f3n 1.1.0) | <a href=\"http:\/\/arch.megamo.pl\/s\/poradnik\/myadmin\/dla-prestashop\/\" target=\"_blank\" rel=\"noopener\">Gu\u00eda de instalaci\u00f3n<\/a><\/h3><h3>1.4<\/h3><h3 style=\"font-weight: 500;\"><a href=\"http:\/\/service.myadmin.com.pl\/download.php?d=install&amp;f=myadmin_install_2\">Instalador<\/a><\/h3>\n<\/div>\n\n\t<div id=\"gap-1056670152\" class=\"gap-element clearfix\" style=\"display:block; height:auto;\">\n\t\t\n<style>\n#gap-1056670152 {\n  padding-top: 40px;\n}\n<\/style>\n\t<\/div>\n\t\n\n\n\n<div style=\"border-left: 4px #fe5e08 solid; padding-left: 20px\">\n<h2 style=\"color: #fe5e08;\">Gekosale<\/h2><h3 style=\"font-weight: 500;\"><a href=\"http:\/\/service.myadmin.com.pl\/download.php?d=install&amp;f=myadmin_install_2\">Instalador<\/a> | <a href=\"http:\/\/arch.megamo.pl\/s\/poradnik\/myadmin\/dla-gekosale\/\" target=\"_blank\" rel=\"noopener\">Gu\u00eda de instalaci\u00f3n<\/a><\/h3>\n<\/div>\n\n\t<div id=\"gap-1912831398\" class=\"gap-element clearfix\" style=\"display:block; height:auto;\">\n\t\t\n<style>\n#gap-1912831398 {\n  padding-top: 40px;\n}\n<\/style>\n\t<\/div>\n\t\n\n\n\n<div style=\"border-left: 4px #089de3 solid; padding-left: 20px\">\n<h2 style=\"color: #089de3;\">ShopGold<\/h2><h3 style=\"font-weight: 500;\"><a href=\"http:\/\/service.myadmin.com.pl\/download.php?d=install&amp;f=myadmin_install_2\">Instalador<\/a> | <a href=\"http:\/\/arch.megamo.pl\/s\/poradnik\/myadmin\/dla-gekosale\/\" target=\"_blank\" rel=\"noopener\">Gu\u00eda de instalaci\u00f3n<\/a><\/h3>\n<\/div>\n\n\t<div id=\"gap-1512161936\" class=\"gap-element clearfix\" style=\"display:block; height:auto;\">\n\t\t\n<style>\n#gap-1512161936 {\n  padding-top: 40px;\n}\n<\/style>\n\t<\/div>\n\t\n\n<h2>Documentos<\/h2>\n<h3 style=\"font-weight: 500;\"><a href=\"http:\/\/service.myadmin.com.pl\/download.php?d=licence&amp;f=licencja\">MyAdmin \u2013 Contrato de licencia<\/a><\/h3>\n\n\t\t<\/div>\n\t\t\t\t\t<\/div>\n\n\t\n\n\t<div id=\"col-431051811\" class=\"col medium-6 small-12 large-6\"  >\n\t\t\t\t<div class=\"col-inner\"  >\n\t\t\t\n\t\t\t\n\n<h2>Versi\u00f3n demo<br><\/h2>\n<p>Puedes probar la mayor\u00eda de los m\u00f3dulos del paquete MyAdmin de forma gratuita durante 10 d\u00edas. La instalaci\u00f3n no tiene coste y, al finalizar el periodo de prueba, la aplicaci\u00f3n se desactivar\u00e1 autom\u00e1ticamente o cambiar\u00e1 a la versi\u00f3n gratuita.<\/p>\n<p>El modo DEMO se activa autom\u00e1ticamente cuando se inicia el m\u00f3dulo por primera vez.<\/p>\n<p><b>Nota:<\/b> Algunos m\u00f3dulos, como las integraciones con proveedores, requieren una implementaci\u00f3n profesional. Para estos casos, ofrecemos una instancia de demostraci\u00f3n ya preparada en nuestra tienda de prueba.<\/p>\n\n\t\t<\/div>\n\t\t\t\t\t<\/div>\n\n\t\n\n<\/div>\n\n\t\t<\/div>\n\t\t\t\t\t<\/div>\n\n\t\n\n<\/div>\n\n\t\t<\/div>\n\n\t\t\n<style>\n#section_1573887410 {\n  padding-top: 30px;\n  padding-bottom: 30px;\n}\n<\/style>\n\t<\/section>\n\t\n\t<div id=\"gap-464012072\" class=\"gap-element clearfix\" style=\"display:block; height:auto;\">\n\t\t\n<style>\n#gap-464012072 {\n  padding-top: 80px;\n}\n<\/style>\n\t<\/div>\n\t\n","protected":false},"excerpt":{"rendered":"","protected":false},"author":2,"featured_media":0,"parent":0,"menu_order":0,"comment_status":"closed","ping_status":"closed","template":"","meta":{"_lmt_disableupdate":"","_lmt_disable":"","footnotes":""},"yoast_head":"<!-- This site is optimized with the Yoast SEO Premium plugin v21.8 (Yoast SEO v23.5) - https:\/\/yoast.com\/wordpress\/plugins\/seo\/ -->\n<title>M\u00f3dulo MyAdmin<\/title>\n<meta name=\"description\" content=\"\u00bfTienes una tienda en KQS, PrestaShop, Gekosale o ShopGold? Para que la integraci\u00f3n funcione correctamente, necesitas instalar nuestro m\u00f3dulo MyAdmin.\" \/>\n<meta name=\"robots\" content=\"index, follow, max-snippet:-1, max-image-preview:large, max-video-preview:-1\" \/>\n<link rel=\"canonical\" href=\"https:\/\/megamo.eu\/es\/modulo-myadmin\/\" \/>\n<meta property=\"og:locale\" content=\"es_ES\" \/>\n<meta property=\"og:type\" content=\"article\" \/>\n<meta property=\"og:title\" content=\"M\u00f3dulo MyAdmin\" \/>\n<meta property=\"og:description\" content=\"\u00bfTienes una tienda en KQS, PrestaShop, Gekosale o ShopGold? Para que la integraci\u00f3n funcione correctamente, necesitas instalar nuestro m\u00f3dulo MyAdmin.\" \/>\n<meta property=\"og:url\" content=\"https:\/\/megamo.eu\/es\/modulo-myadmin\/\" \/>\n<meta property=\"og:site_name\" content=\"megamo.eu\" \/>\n<meta property=\"article:publisher\" content=\"https:\/\/www.facebook.com\/megamoeu\" \/>\n<meta property=\"article:modified_time\" content=\"2025-06-24T08:24:43+00:00\" \/>\n<meta name=\"twitter:card\" content=\"summary_large_image\" \/>\n<meta name=\"twitter:label1\" content=\"Tiempo de lectura\" \/>\n\t<meta name=\"twitter:data1\" content=\"2 minutos\" \/>\n<script type=\"application\/ld+json\" class=\"yoast-schema-graph\">{\"@context\":\"https:\/\/schema.org\",\"@graph\":[{\"@type\":\"WebPage\",\"@id\":\"https:\/\/megamo.eu\/es\/modulo-myadmin\/\",\"url\":\"https:\/\/megamo.eu\/es\/modulo-myadmin\/\",\"name\":\"M\u00f3dulo MyAdmin\",\"isPartOf\":{\"@id\":\"https:\/\/megamo.eu\/es\/#website\"},\"datePublished\":\"2024-05-29T12:58:18+00:00\",\"dateModified\":\"2025-06-24T08:24:43+00:00\",\"description\":\"\u00bfTienes una tienda en KQS, PrestaShop, Gekosale o ShopGold? Para que la integraci\u00f3n funcione correctamente, necesitas instalar nuestro m\u00f3dulo MyAdmin.\",\"breadcrumb\":{\"@id\":\"https:\/\/megamo.eu\/es\/modulo-myadmin\/#breadcrumb\"},\"inLanguage\":\"es\",\"potentialAction\":[{\"@type\":\"ReadAction\",\"target\":[\"https:\/\/megamo.eu\/es\/modulo-myadmin\/\"]}]},{\"@type\":\"BreadcrumbList\",\"@id\":\"https:\/\/megamo.eu\/es\/modulo-myadmin\/#breadcrumb\",\"itemListElement\":[{\"@type\":\"ListItem\",\"position\":1,\"name\":\"Home\",\"item\":\"https:\/\/megamo.eu\/es\/\"},{\"@type\":\"ListItem\",\"position\":2,\"name\":\"M\u00f3dulo MyAdmin\"}]},{\"@type\":\"WebSite\",\"@id\":\"https:\/\/megamo.eu\/es\/#website\",\"url\":\"https:\/\/megamo.eu\/es\/\",\"name\":\"megamo.eu\",\"description\":\"megamo.eu\",\"publisher\":{\"@id\":\"https:\/\/megamo.eu\/es\/#organization\"},\"potentialAction\":[{\"@type\":\"SearchAction\",\"target\":{\"@type\":\"EntryPoint\",\"urlTemplate\":\"https:\/\/megamo.eu\/es\/?s={search_term_string}\"},\"query-input\":{\"@type\":\"PropertyValueSpecification\",\"valueRequired\":true,\"valueName\":\"search_term_string\"}}],\"inLanguage\":\"es\"},{\"@type\":\"Organization\",\"@id\":\"https:\/\/megamo.eu\/es\/#organization\",\"name\":\"Megamo\",\"alternateName\":\"mgo\",\"url\":\"https:\/\/megamo.eu\/es\/\",\"logo\":{\"@type\":\"ImageObject\",\"inLanguage\":\"es\",\"@id\":\"https:\/\/megamo.eu\/es\/#\/schema\/logo\/image\/\",\"url\":\"https:\/\/megamo.eu\/wp-content\/uploads\/2024\/02\/logo_small.png\",\"contentUrl\":\"https:\/\/megamo.eu\/wp-content\/uploads\/2024\/02\/logo_small.png\",\"width\":300,\"height\":113,\"caption\":\"Megamo\"},\"image\":{\"@id\":\"https:\/\/megamo.eu\/es\/#\/schema\/logo\/image\/\"},\"sameAs\":[\"https:\/\/www.facebook.com\/megamoeu\",\"https:\/\/www.youtube.com\/@Megamo_en\"]}]}<\/script>\n<!-- \/ Yoast SEO Premium plugin. -->","yoast_head_json":{"title":"M\u00f3dulo MyAdmin","description":"\u00bfTienes una tienda en KQS, PrestaShop, Gekosale o ShopGold? Para que la integraci\u00f3n funcione correctamente, necesitas instalar nuestro m\u00f3dulo MyAdmin.","robots":{"index":"index","follow":"follow","max-snippet":"max-snippet:-1","max-image-preview":"max-image-preview:large","max-video-preview":"max-video-preview:-1"},"canonical":"https:\/\/megamo.eu\/es\/modulo-myadmin\/","og_locale":"es_ES","og_type":"article","og_title":"M\u00f3dulo MyAdmin","og_description":"\u00bfTienes una tienda en KQS, PrestaShop, Gekosale o ShopGold? Para que la integraci\u00f3n funcione correctamente, necesitas instalar nuestro m\u00f3dulo MyAdmin.","og_url":"https:\/\/megamo.eu\/es\/modulo-myadmin\/","og_site_name":"megamo.eu","article_publisher":"https:\/\/www.facebook.com\/megamoeu","article_modified_time":"2025-06-24T08:24:43+00:00","twitter_card":"summary_large_image","twitter_misc":{"Tiempo de lectura":"2 minutos"},"schema":{"@context":"https:\/\/schema.org","@graph":[{"@type":"WebPage","@id":"https:\/\/megamo.eu\/es\/modulo-myadmin\/","url":"https:\/\/megamo.eu\/es\/modulo-myadmin\/","name":"M\u00f3dulo MyAdmin","isPartOf":{"@id":"https:\/\/megamo.eu\/es\/#website"},"datePublished":"2024-05-29T12:58:18+00:00","dateModified":"2025-06-24T08:24:43+00:00","description":"\u00bfTienes una tienda en KQS, PrestaShop, Gekosale o ShopGold? Para que la integraci\u00f3n funcione correctamente, necesitas instalar nuestro m\u00f3dulo MyAdmin.","breadcrumb":{"@id":"https:\/\/megamo.eu\/es\/modulo-myadmin\/#breadcrumb"},"inLanguage":"es","potentialAction":[{"@type":"ReadAction","target":["https:\/\/megamo.eu\/es\/modulo-myadmin\/"]}]},{"@type":"BreadcrumbList","@id":"https:\/\/megamo.eu\/es\/modulo-myadmin\/#breadcrumb","itemListElement":[{"@type":"ListItem","position":1,"name":"Home","item":"https:\/\/megamo.eu\/es\/"},{"@type":"ListItem","position":2,"name":"M\u00f3dulo MyAdmin"}]},{"@type":"WebSite","@id":"https:\/\/megamo.eu\/es\/#website","url":"https:\/\/megamo.eu\/es\/","name":"megamo.eu","description":"megamo.eu","publisher":{"@id":"https:\/\/megamo.eu\/es\/#organization"},"potentialAction":[{"@type":"SearchAction","target":{"@type":"EntryPoint","urlTemplate":"https:\/\/megamo.eu\/es\/?s={search_term_string}"},"query-input":{"@type":"PropertyValueSpecification","valueRequired":true,"valueName":"search_term_string"}}],"inLanguage":"es"},{"@type":"Organization","@id":"https:\/\/megamo.eu\/es\/#organization","name":"Megamo","alternateName":"mgo","url":"https:\/\/megamo.eu\/es\/","logo":{"@type":"ImageObject","inLanguage":"es","@id":"https:\/\/megamo.eu\/es\/#\/schema\/logo\/image\/","url":"https:\/\/megamo.eu\/wp-content\/uploads\/2024\/02\/logo_small.png","contentUrl":"https:\/\/megamo.eu\/wp-content\/uploads\/2024\/02\/logo_small.png","width":300,"height":113,"caption":"Megamo"},"image":{"@id":"https:\/\/megamo.eu\/es\/#\/schema\/logo\/image\/"},"sameAs":["https:\/\/www.facebook.com\/megamoeu","https:\/\/www.youtube.com\/@Megamo_en"]}]}},"_links":{"self":[{"href":"https:\/\/megamo.eu\/es\/wp-json\/wp\/v2\/pages\/41249"}],"collection":[{"href":"https:\/\/megamo.eu\/es\/wp-json\/wp\/v2\/pages"}],"about":[{"href":"https:\/\/megamo.eu\/es\/wp-json\/wp\/v2\/types\/page"}],"author":[{"embeddable":true,"href":"https:\/\/megamo.eu\/es\/wp-json\/wp\/v2\/users\/2"}],"replies":[{"embeddable":true,"href":"https:\/\/megamo.eu\/es\/wp-json\/wp\/v2\/comments?post=41249"}],"version-history":[{"count":2,"href":"https:\/\/megamo.eu\/es\/wp-json\/wp\/v2\/pages\/41249\/revisions"}],"predecessor-version":[{"id":41271,"href":"https:\/\/megamo.eu\/es\/wp-json\/wp\/v2\/pages\/41249\/revisions\/41271"}],"wp:attachment":[{"href":"https:\/\/megamo.eu\/es\/wp-json\/wp\/v2\/media?parent=41249"}],"curies":[{"name":"wp","href":"https:\/\/api.w.org\/{rel}","templated":true}]}}