{"id":41245,"date":"2024-07-12T13:53:21","date_gmt":"2024-07-12T11:53:21","guid":{"rendered":"https:\/\/megamo.eu\/supplier-integration-with-baselinker\/"},"modified":"2025-10-06T10:46:03","modified_gmt":"2025-10-06T08:46:03","slug":"integracion-automatica-del-proveedor-con-baselinker","status":"publish","type":"page","link":"https:\/\/megamo.eu\/es\/integracion-automatica-del-proveedor-con-baselinker\/","title":{"rendered":"Integraci\u00f3n autom\u00e1tica del proveedor con Baselinker"},"content":{"rendered":"\n\t<div id=\"gap-1340750650\" class=\"gap-element clearfix\" style=\"display:block; height:auto;\">\n\t\t\n<style>\n#gap-1340750650 {\n  padding-top: 60px;\n}\n<\/style>\n\t<\/div>\n\t\n\n\t<section class=\"section\" id=\"section_786143872\">\n\t\t<div class=\"bg section-bg fill bg-fill  bg-loaded\" >\n\n\t\t\t\n\t\t\t\n\t\t\t\n\n\t\t<\/div>\n\n\t\t\n\n\t\t<div class=\"section-content relative\">\n\t\t\t\n\n<div class=\"row align-middle\"  id=\"row-911838755\">\n\n\n\t<div id=\"col-1918324685\" class=\"col medium-6 small-12 large-6\"  >\n\t\t\t\t<div class=\"col-inner\"  >\n\t\t\t\n\t\t\t\n\n\t<div id=\"text-2936339535\" class=\"text\">\n\t\t\n\n<h1>Integraci\u00f3n del proveedor con Baselinker<\/h1>\n\t\t\n<style>\n#text-2936339535 {\n  font-size: 1.3rem;\n  text-align: center;\n}\n@media (min-width:550px) {\n  #text-2936339535 {\n    text-align: left;\n  }\n}\n<\/style>\n\t<\/div>\n\t\n\t<div id=\"text-782805744\" class=\"text\">\n\t\t\n\n<p><b>Integraci\u00f3n autom\u00e1tica del feed de productos<\/b><\/p>\n\t\t\n<style>\n#text-782805744 {\n  font-size: 1.1rem;\n  text-align: center;\n  color: rgb(254, 94, 8);\n}\n#text-782805744 > * {\n  color: rgb(254, 94, 8);\n}\n@media (min-width:550px) {\n  #text-782805744 {\n    text-align: left;\n  }\n}\n<\/style>\n\t<\/div>\n\t\n\t<div id=\"text-1205237458\" class=\"text\">\n\t\t\n\n<p>Aumenta tus beneficios integrando el proveedor que elijas con Baselinker.<\/p>\n<p>Importa autom\u00e1ticamente los productos del proveedor directamente a Baselinker. El sistema de integraci\u00f3n autom\u00e1tica permite no solo importar, sino tambi\u00e9n actualizar los productos de forma peri\u00f3dica, asegurando que tus ofertas est\u00e9n siempre actualizadas. Mejora la eficiencia de la gesti\u00f3n de inventario y reduce el tiempo necesario para actualizaciones manuales.<\/p>\n<p>Al integrar el proveedor con Baselinker, tu tienda online funcionar\u00e1 de manera m\u00e1s eficiente y podr\u00e1s centrarte en el desarrollo del negocio.<\/p>\n\t\t\n<style>\n#text-1205237458 {\n  text-align: center;\n}\n@media (min-width:550px) {\n  #text-1205237458 {\n    text-align: left;\n  }\n}\n<\/style>\n\t<\/div>\n\t\n\n\t\t<\/div>\n\t\t\t\t\t<\/div>\n\n\t\n\n\t<div id=\"col-1993435101\" class=\"col medium-6 small-12 large-6 small-col-first\"  >\n\t\t\t\t<div class=\"col-inner\"  >\n\t\t\t\n\t\t\t\n\n\t<div class=\"img has-hover x md-x lg-x y md-y lg-y\" id=\"image_150975458\">\n\t\t\t\t\t\t\t\t<div class=\"img-inner dark\" >\n\t\t\t<img loading=\"lazy\" decoding=\"async\" width=\"700\" height=\"467\" src=\"https:\/\/megamo.eu\/wp-content\/uploads\/2024\/07\/mgo_baselinker.webp\" class=\"attachment-original size-original\" alt=\"\" srcset=\"https:\/\/megamo.eu\/wp-content\/uploads\/2024\/07\/mgo_baselinker.webp 700w, https:\/\/megamo.eu\/wp-content\/uploads\/2024\/07\/mgo_baselinker-600x400.webp 600w\" sizes=\"(max-width: 700px) 100vw, 700px\" \/>\t\t\t\t\t\t\n\t\t\t\t\t<\/div>\n\t\t\t\t\t\t\t\t\n<style>\n#image_150975458 {\n  width: 100%;\n}\n<\/style>\n\t<\/div>\n\t\n\n\n\t\t<\/div>\n\t\t\t\t\t<\/div>\n\n\t\n\n<\/div>\n\n\t\t<\/div>\n\n\t\t\n<style>\n#section_786143872 {\n  padding-top: 30px;\n  padding-bottom: 30px;\n}\n<\/style>\n\t<\/section>\n\t\n\t<section class=\"section\" id=\"section_2068743609\">\n\t\t<div class=\"bg section-bg fill bg-fill  bg-loaded\" >\n\n\t\t\t\n\t\t\t\n\t\t\t\n\n\t\t<\/div>\n\n\t\t\n\n\t\t<div class=\"section-content relative\">\n\t\t\t\n\n<div class=\"row align-middle\"  id=\"row-1678173514\">\n\n\n\t<div id=\"col-785850749\" class=\"col medium-7 small-12 large-7\"  >\n\t\t\t\t<div class=\"col-inner\"  >\n\t\t\t\n\t\t\t\n\n\t<div class=\"img has-hover x md-x lg-x y md-y lg-y\" id=\"image_2144294390\">\n\t\t\t\t\t\t\t\t<div class=\"img-inner dark\" >\n\t\t\t<img loading=\"lazy\" decoding=\"async\" width=\"2400\" height=\"1259\" src=\"https:\/\/megamo.eu\/wp-content\/uploads\/2024\/07\/integration_mgo_base.webp\" class=\"attachment-original size-original\" alt=\"\" srcset=\"https:\/\/megamo.eu\/wp-content\/uploads\/2024\/07\/integration_mgo_base.webp 2400w, https:\/\/megamo.eu\/wp-content\/uploads\/2024\/07\/integration_mgo_base-763x400.webp 763w, https:\/\/megamo.eu\/wp-content\/uploads\/2024\/07\/integration_mgo_base-1400x734.webp 1400w, https:\/\/megamo.eu\/wp-content\/uploads\/2024\/07\/integration_mgo_base-768x403.webp 768w, https:\/\/megamo.eu\/wp-content\/uploads\/2024\/07\/integration_mgo_base-1536x806.webp 1536w, https:\/\/megamo.eu\/wp-content\/uploads\/2024\/07\/integration_mgo_base-2048x1074.webp 2048w, https:\/\/megamo.eu\/wp-content\/uploads\/2024\/07\/integration_mgo_base-600x315.webp 600w\" sizes=\"(max-width: 2400px) 100vw, 2400px\" \/>\t\t\t\t\t\t\n\t\t\t\t\t<\/div>\n\t\t\t\t\t\t\t\t\n<style>\n#image_2144294390 {\n  width: 100%;\n}\n<\/style>\n\t<\/div>\n\t\n\n\n\t\t<\/div>\n\t\t\t\t\t<\/div>\n\n\t\n\n\t<div id=\"col-402389408\" class=\"col medium-5 small-12 large-5\"  >\n\t\t\t\t<div class=\"col-inner\"  >\n\t\t\t\n\t\t\t\n\n<h5 class=\"uppercase\">\u00bfQu\u00e9 beneficios obtienes?<\/h5>\n<p>1. Importaci\u00f3n directa de productos desde el proveedor a Baselinker<br \/>2. Actualizaciones autom\u00e1ticas de los par\u00e1metros m\u00e1s importantes<br \/>3. Importaci\u00f3n autom\u00e1tica de nuevos productos del proveedor<br \/>\n4. Configuraci\u00f3n de una pol\u00edtica de precios para importar los precios ajustados del proveedor<\/p>\n<a href=\"\/es\/precios-integracion-automatica-con-proveedores\/\" class=\"button primary\"  >\n    <span>Haz tu pedido ahora<\/span>\n  <\/a>\n\n\n\n\t\t<\/div>\n\t\t\t\t\t<\/div>\n\n\t\n\n<\/div>\n<div class=\"row\"  id=\"row-1722112646\">\n\n\n\t<div id=\"col-340585921\" class=\"col small-12 large-12\"  >\n\t\t\t\t<div class=\"col-inner\"  >\n\t\t\t\n\t\t\t\n\n<h2 class=\"uppercase\">\u00bfQuieres saber m\u00e1s?<\/h2>\n<h3 class=\"thin-font\">Descubre c\u00f3mo funciona la integraci\u00f3n autom\u00e1tica. Visita nuestra p\u00e1gina sobre las ventajas del <a href=\"\/es\/acerca-del-integrador\/\">integrador autom\u00e1tico de Megamo<\/a>.<\/h3>\n\n\n\t\t<\/div>\n\t\t\t\t\t<\/div>\n\n\t\n\n<\/div>\n\n\t\t<\/div>\n\n\t\t\n<style>\n#section_2068743609 {\n  padding-top: 30px;\n  padding-bottom: 30px;\n  background-color: rgb(255, 239, 230);\n}\n<\/style>\n\t<\/section>\n\t\n\t<section class=\"section\" id=\"section_1293728821\">\n\t\t<div class=\"bg section-bg fill bg-fill  bg-loaded\" >\n\n\t\t\t\n\t\t\t\n\t\t\t\n\n\t\t<\/div>\n\n\t\t\n\n\t\t<div class=\"section-content relative\">\n\t\t\t\n\n<div class=\"row\"  id=\"row-1960022975\">\n\n\n\t<div id=\"col-1147693895\" class=\"col small-12 large-12\"  >\n\t\t\t\t<div class=\"col-inner\"  >\n\t\t\t\n\t\t\t\n\n\t<div id=\"text-886595449\" class=\"text\">\n\t\t\n\n<h2>Integramos proveedores con m\u00faltiples plataformas de tienda<\/h2>\n\t\t\n<style>\n#text-886595449 {\n  font-size: 1.2rem;\n  text-align: center;\n}\n<\/style>\n\t<\/div>\n\t\n\t<div id=\"gap-1030490484\" class=\"gap-element clearfix\" style=\"display:block; height:auto;\">\n\t\t\n<style>\n#gap-1030490484 {\n  padding-top: 20px;\n}\n<\/style>\n\t<\/div>\n\t\n\n\r\n\r\n<div class=\"logos\">\r\n      <div class=\"logos-slide\">\r\n        <img decoding=\"async\" alt=\"WooCommerce\" src=\"https:\/\/megamo.eu\/wp-content\/uploads\/2024\/07\/woo_slider.webp\" \/>\r\n        <img decoding=\"async\" alt=\"Shopware\" src=\"https:\/\/megamo.eu\/wp-content\/uploads\/2024\/07\/shopware_slider.webp\" \/>\r\n        <img decoding=\"async\" alt=\"Shopify\" src=\"https:\/\/megamo.eu\/wp-content\/uploads\/2024\/07\/shopify_slider.webp\" \/>\r\n        <img decoding=\"async\" alt=\"Shoper\" src=\"https:\/\/megamo.eu\/wp-content\/uploads\/2024\/07\/shoper_slider.webp\" \/>\r\n        <img decoding=\"async\" alt=\"PrestaShop\" src=\"https:\/\/megamo.eu\/wp-content\/uploads\/2024\/07\/presta_slider.webp\" \/>\r\n        <img decoding=\"async\" alt=\"Magento\" src=\"https:\/\/megamo.eu\/wp-content\/uploads\/2024\/07\/magento_slider.webp\" \/>\r\n        <img decoding=\"async\" alt=\"IdoSell\" src=\"https:\/\/megamo.eu\/wp-content\/uploads\/2024\/07\/ido_slider.webp\" \/>\r\n        <img decoding=\"async\" alt=\"OpenCart\" src=\"https:\/\/megamo.eu\/wp-content\/uploads\/2024\/11\/opencart_slider.webp\" \/>\r\n        <img decoding=\"async\" alt=\"KQS\" src=\"https:\/\/megamo.eu\/wp-content\/uploads\/2024\/11\/kqs_slider.webp\" \/>\r\n        <img decoding=\"async\" alt=\"ShopGold\" src=\"https:\/\/megamo.eu\/wp-content\/uploads\/2024\/11\/shopgold_slider.webp\" \/>\r\n      <\/div>\r\n    <\/div>\r\n\r\n    <script>\r\n      var copy = document.querySelector(\".logos-slide\").cloneNode(true);\r\n      document.querySelector(\".logos\").appendChild(copy);\r\n    <\/script>\r\n\r\n<style>\r\n@keyframes slide {\r\n  from {\r\n    transform: translateX(0);\r\n  }\r\n  to {\r\n    transform: translateX(-100%);\r\n  }\r\n}\r\n\r\n.logos {\r\n  overflow: hidden;\r\n  padding: 0px;\r\n  background: transparent;\r\n  white-space: nowrap;\r\n  position: relative;\r\n}\r\n\r\n.logos:before,\r\n.logos:after {\r\n  position: absolute;\r\n  top: 0;\r\n  width: 250px;\r\n  height: 100%;\r\n  content: \"\";\r\n  z-index: 2;\r\n}\r\n\r\n.logos:before {\r\n  left: 0;\r\n}\r\n\r\n.logos:after {\r\n  right: 0;\r\n}\r\n\r\n.logos-slide {\r\n  display: inline-block;\r\n  animation: 60s slide infinite linear;\r\nwidth: calc(74px*20);\r\n}\r\n\r\n.logos-slide img {\r\n  height: 74px;\r\nmargin: 0 35px;\r\n}\r\n<\/style>\r\n\n\n\t<div id=\"gap-771645610\" class=\"gap-element clearfix\" style=\"display:block; height:auto;\">\n\t\t\n<style>\n#gap-771645610 {\n  padding-top: 30px;\n}\n<\/style>\n\t<\/div>\n\t\n\n\t<div id=\"text-299577859\" class=\"text\">\n\t\t\n\n<h3>as\u00ed que tenemos la experiencia necesaria en este \u00e1mbito<\/h3>\n\t\t\n<style>\n#text-299577859 {\n  text-align: center;\n}\n<\/style>\n\t<\/div>\n\t\n\n\t\t<\/div>\n\t\t\t\t\t<\/div>\n\n\t\n\n<\/div>\n\n\t\t<\/div>\n\n\t\t\n<style>\n#section_1293728821 {\n  padding-top: 30px;\n  padding-bottom: 30px;\n}\n<\/style>\n\t<\/section>\n\t\n\t<section class=\"section\" id=\"section_1551904780\">\n\t\t<div class=\"bg section-bg fill bg-fill  bg-loaded\" >\n\n\t\t\t\n\t\t\t\n\t\t\t\n\n\t\t<\/div>\n\n\t\t\n\n\t\t<div class=\"section-content relative\">\n\t\t\t\n\n<div class=\"row\"  id=\"row-1220085562\">\n\n\n\t<div id=\"col-965033769\" class=\"col small-12 large-12\"  >\n\t\t\t\t<div class=\"col-inner text-center\"  >\n\t\t\t\n\t\t\t\n\n<h3>\u00bfTodav\u00eda tienes dudas?<\/h3>\n<p>Mira lo f\u00e1cil que es.<\/p>\n<h2>\u00a1Conecta el proveedor que elijas con tu cuenta de Baselinker!<br \/>\n<\/h2>\n<a href=\"\/es\/precios-integracion-automatica-con-proveedores\/\" class=\"button primary\"  >\n    <span>Elige un paquete<\/span>\n  <\/a>\n\n\n\n\t\t<\/div>\n\t\t\t\t\t<\/div>\n\n\t\n\n<\/div>\n\n\t\t<\/div>\n\n\t\t\n<style>\n#section_1551904780 {\n  padding-top: 30px;\n  padding-bottom: 30px;\n  background-color: rgb(230, 245, 252);\n}\n<\/style>\n\t<\/section>\n\t\n\n","protected":false},"excerpt":{"rendered":"","protected":false},"author":2,"featured_media":0,"parent":0,"menu_order":0,"comment_status":"closed","ping_status":"closed","template":"","meta":{"_lmt_disableupdate":"","_lmt_disable":"","footnotes":""},"yoast_head":"<!-- This site is optimized with the Yoast SEO Premium plugin v21.8 (Yoast SEO v23.5) - https:\/\/yoast.com\/wordpress\/plugins\/seo\/ -->\n<title>Integraci\u00f3n autom\u00e1tica del proveedor con Baselinker<\/title>\n<meta name=\"description\" content=\"Integra autom\u00e1ticamente a tu proveedor con Baselinker. Importa productos del proveedor directamente a Baselinker y actual\u00edzalos autom\u00e1ticamente.\" \/>\n<meta name=\"robots\" content=\"index, follow, max-snippet:-1, max-image-preview:large, max-video-preview:-1\" \/>\n<link rel=\"canonical\" href=\"https:\/\/megamo.eu\/es\/integracion-automatica-del-proveedor-con-baselinker\/\" \/>\n<meta property=\"og:locale\" content=\"es_ES\" \/>\n<meta property=\"og:type\" content=\"article\" \/>\n<meta property=\"og:title\" content=\"Integraci\u00f3n autom\u00e1tica del proveedor con Baselinker\" \/>\n<meta property=\"og:description\" content=\"Integra autom\u00e1ticamente a tu proveedor con Baselinker. Importa productos del proveedor directamente a Baselinker y actual\u00edzalos autom\u00e1ticamente.\" \/>\n<meta property=\"og:url\" content=\"https:\/\/megamo.eu\/es\/integracion-automatica-del-proveedor-con-baselinker\/\" \/>\n<meta property=\"og:site_name\" content=\"megamo.eu\" \/>\n<meta property=\"article:publisher\" content=\"https:\/\/www.facebook.com\/megamoeu\" \/>\n<meta property=\"article:modified_time\" content=\"2025-10-06T08:46:03+00:00\" \/>\n<meta name=\"twitter:card\" content=\"summary_large_image\" \/>\n<meta name=\"twitter:label1\" content=\"Tiempo de lectura\" \/>\n\t<meta name=\"twitter:data1\" content=\"4 minutos\" \/>\n<script type=\"application\/ld+json\" class=\"yoast-schema-graph\">{\"@context\":\"https:\/\/schema.org\",\"@graph\":[{\"@type\":\"WebPage\",\"@id\":\"https:\/\/megamo.eu\/es\/integracion-automatica-del-proveedor-con-baselinker\/\",\"url\":\"https:\/\/megamo.eu\/es\/integracion-automatica-del-proveedor-con-baselinker\/\",\"name\":\"Integraci\u00f3n autom\u00e1tica del proveedor con Baselinker\",\"isPartOf\":{\"@id\":\"https:\/\/megamo.eu\/es\/#website\"},\"datePublished\":\"2024-07-12T11:53:21+00:00\",\"dateModified\":\"2025-10-06T08:46:03+00:00\",\"description\":\"Integra autom\u00e1ticamente a tu proveedor con Baselinker. Importa productos del proveedor directamente a Baselinker y actual\u00edzalos autom\u00e1ticamente.\",\"breadcrumb\":{\"@id\":\"https:\/\/megamo.eu\/es\/integracion-automatica-del-proveedor-con-baselinker\/#breadcrumb\"},\"inLanguage\":\"es\",\"potentialAction\":[{\"@type\":\"ReadAction\",\"target\":[\"https:\/\/megamo.eu\/es\/integracion-automatica-del-proveedor-con-baselinker\/\"]}]},{\"@type\":\"BreadcrumbList\",\"@id\":\"https:\/\/megamo.eu\/es\/integracion-automatica-del-proveedor-con-baselinker\/#breadcrumb\",\"itemListElement\":[{\"@type\":\"ListItem\",\"position\":1,\"name\":\"Home\",\"item\":\"https:\/\/megamo.eu\/es\/\"},{\"@type\":\"ListItem\",\"position\":2,\"name\":\"Integraci\u00f3n autom\u00e1tica del proveedor con Baselinker\"}]},{\"@type\":\"WebSite\",\"@id\":\"https:\/\/megamo.eu\/es\/#website\",\"url\":\"https:\/\/megamo.eu\/es\/\",\"name\":\"megamo.eu\",\"description\":\"megamo.eu\",\"publisher\":{\"@id\":\"https:\/\/megamo.eu\/es\/#organization\"},\"potentialAction\":[{\"@type\":\"SearchAction\",\"target\":{\"@type\":\"EntryPoint\",\"urlTemplate\":\"https:\/\/megamo.eu\/es\/?s={search_term_string}\"},\"query-input\":{\"@type\":\"PropertyValueSpecification\",\"valueRequired\":true,\"valueName\":\"search_term_string\"}}],\"inLanguage\":\"es\"},{\"@type\":\"Organization\",\"@id\":\"https:\/\/megamo.eu\/es\/#organization\",\"name\":\"Megamo\",\"alternateName\":\"mgo\",\"url\":\"https:\/\/megamo.eu\/es\/\",\"logo\":{\"@type\":\"ImageObject\",\"inLanguage\":\"es\",\"@id\":\"https:\/\/megamo.eu\/es\/#\/schema\/logo\/image\/\",\"url\":\"https:\/\/megamo.eu\/wp-content\/uploads\/2024\/02\/logo_small.png\",\"contentUrl\":\"https:\/\/megamo.eu\/wp-content\/uploads\/2024\/02\/logo_small.png\",\"width\":300,\"height\":113,\"caption\":\"Megamo\"},\"image\":{\"@id\":\"https:\/\/megamo.eu\/es\/#\/schema\/logo\/image\/\"},\"sameAs\":[\"https:\/\/www.facebook.com\/megamoeu\",\"https:\/\/www.youtube.com\/@Megamo_en\"]}]}<\/script>\n<!-- \/ Yoast SEO Premium plugin. -->","yoast_head_json":{"title":"Integraci\u00f3n autom\u00e1tica del proveedor con Baselinker","description":"Integra autom\u00e1ticamente a tu proveedor con Baselinker. Importa productos del proveedor directamente a Baselinker y actual\u00edzalos autom\u00e1ticamente.","robots":{"index":"index","follow":"follow","max-snippet":"max-snippet:-1","max-image-preview":"max-image-preview:large","max-video-preview":"max-video-preview:-1"},"canonical":"https:\/\/megamo.eu\/es\/integracion-automatica-del-proveedor-con-baselinker\/","og_locale":"es_ES","og_type":"article","og_title":"Integraci\u00f3n autom\u00e1tica del proveedor con Baselinker","og_description":"Integra autom\u00e1ticamente a tu proveedor con Baselinker. Importa productos del proveedor directamente a Baselinker y actual\u00edzalos autom\u00e1ticamente.","og_url":"https:\/\/megamo.eu\/es\/integracion-automatica-del-proveedor-con-baselinker\/","og_site_name":"megamo.eu","article_publisher":"https:\/\/www.facebook.com\/megamoeu","article_modified_time":"2025-10-06T08:46:03+00:00","twitter_card":"summary_large_image","twitter_misc":{"Tiempo de lectura":"4 minutos"},"schema":{"@context":"https:\/\/schema.org","@graph":[{"@type":"WebPage","@id":"https:\/\/megamo.eu\/es\/integracion-automatica-del-proveedor-con-baselinker\/","url":"https:\/\/megamo.eu\/es\/integracion-automatica-del-proveedor-con-baselinker\/","name":"Integraci\u00f3n autom\u00e1tica del proveedor con Baselinker","isPartOf":{"@id":"https:\/\/megamo.eu\/es\/#website"},"datePublished":"2024-07-12T11:53:21+00:00","dateModified":"2025-10-06T08:46:03+00:00","description":"Integra autom\u00e1ticamente a tu proveedor con Baselinker. Importa productos del proveedor directamente a Baselinker y actual\u00edzalos autom\u00e1ticamente.","breadcrumb":{"@id":"https:\/\/megamo.eu\/es\/integracion-automatica-del-proveedor-con-baselinker\/#breadcrumb"},"inLanguage":"es","potentialAction":[{"@type":"ReadAction","target":["https:\/\/megamo.eu\/es\/integracion-automatica-del-proveedor-con-baselinker\/"]}]},{"@type":"BreadcrumbList","@id":"https:\/\/megamo.eu\/es\/integracion-automatica-del-proveedor-con-baselinker\/#breadcrumb","itemListElement":[{"@type":"ListItem","position":1,"name":"Home","item":"https:\/\/megamo.eu\/es\/"},{"@type":"ListItem","position":2,"name":"Integraci\u00f3n autom\u00e1tica del proveedor con Baselinker"}]},{"@type":"WebSite","@id":"https:\/\/megamo.eu\/es\/#website","url":"https:\/\/megamo.eu\/es\/","name":"megamo.eu","description":"megamo.eu","publisher":{"@id":"https:\/\/megamo.eu\/es\/#organization"},"potentialAction":[{"@type":"SearchAction","target":{"@type":"EntryPoint","urlTemplate":"https:\/\/megamo.eu\/es\/?s={search_term_string}"},"query-input":{"@type":"PropertyValueSpecification","valueRequired":true,"valueName":"search_term_string"}}],"inLanguage":"es"},{"@type":"Organization","@id":"https:\/\/megamo.eu\/es\/#organization","name":"Megamo","alternateName":"mgo","url":"https:\/\/megamo.eu\/es\/","logo":{"@type":"ImageObject","inLanguage":"es","@id":"https:\/\/megamo.eu\/es\/#\/schema\/logo\/image\/","url":"https:\/\/megamo.eu\/wp-content\/uploads\/2024\/02\/logo_small.png","contentUrl":"https:\/\/megamo.eu\/wp-content\/uploads\/2024\/02\/logo_small.png","width":300,"height":113,"caption":"Megamo"},"image":{"@id":"https:\/\/megamo.eu\/es\/#\/schema\/logo\/image\/"},"sameAs":["https:\/\/www.facebook.com\/megamoeu","https:\/\/www.youtube.com\/@Megamo_en"]}]}},"_links":{"self":[{"href":"https:\/\/megamo.eu\/es\/wp-json\/wp\/v2\/pages\/41245"}],"collection":[{"href":"https:\/\/megamo.eu\/es\/wp-json\/wp\/v2\/pages"}],"about":[{"href":"https:\/\/megamo.eu\/es\/wp-json\/wp\/v2\/types\/page"}],"author":[{"embeddable":true,"href":"https:\/\/megamo.eu\/es\/wp-json\/wp\/v2\/users\/2"}],"replies":[{"embeddable":true,"href":"https:\/\/megamo.eu\/es\/wp-json\/wp\/v2\/comments?post=41245"}],"version-history":[{"count":4,"href":"https:\/\/megamo.eu\/es\/wp-json\/wp\/v2\/pages\/41245\/revisions"}],"predecessor-version":[{"id":57550,"href":"https:\/\/megamo.eu\/es\/wp-json\/wp\/v2\/pages\/41245\/revisions\/57550"}],"wp:attachment":[{"href":"https:\/\/megamo.eu\/es\/wp-json\/wp\/v2\/media?parent=41245"}],"curies":[{"name":"wp","href":"https:\/\/api.w.org\/{rel}","templated":true}]}}