{"id":41240,"date":"2024-02-19T15:06:00","date_gmt":"2024-02-19T14:06:00","guid":{"rendered":"https:\/\/megamo.eu\/add-ons-for-integration\/"},"modified":"2025-10-06T11:08:34","modified_gmt":"2025-10-06T09:08:34","slug":"complementos-para-la-integracion","status":"publish","type":"page","link":"https:\/\/megamo.eu\/es\/complementos-para-la-integracion\/","title":{"rendered":"Complementos para la integraci\u00f3n"},"content":{"rendered":"\n\t<div id=\"gap-1041971505\" class=\"gap-element clearfix\" style=\"display:block; height:auto;\">\n\t\t\n<style>\n#gap-1041971505 {\n  padding-top: 60px;\n}\n<\/style>\n\t<\/div>\n\t\n\n\t<section class=\"section\" id=\"section_1594126375\">\n\t\t<div class=\"bg section-bg fill bg-fill  bg-loaded\" >\n\n\t\t\t\n\t\t\t\n\t\t\t\n\n\t\t<\/div>\n\n\t\t\n\n\t\t<div class=\"section-content relative\">\n\t\t\t\n\n<div class=\"row align-middle\"  id=\"row-353441738\">\n\n\n\t<div id=\"col-1530919226\" class=\"col medium-6 small-12 large-6\"  >\n\t\t\t\t<div class=\"col-inner text-center\"  >\n\t\t\t\n\t\t\t\n\n\t<div id=\"text-374732438\" class=\"text\">\n\t\t\n\n<h1>Complementos para la integraci\u00f3n<\/h1>\n\t\t\n<style>\n#text-374732438 {\n  font-size: 1.3rem;\n  text-align: center;\n}\n<\/style>\n\t<\/div>\n\t\n\t<div id=\"text-2123818510\" class=\"text\">\n\t\t\n\n<p>\nCada negocio es \u00fanico: elige nuestros complementos para personalizar tu tienda.<\/p>\n\t\t\n<style>\n#text-2123818510 {\n  text-align: center;\n}\n<\/style>\n\t<\/div>\n\t\n\n\t\t<\/div>\n\t\t\t\t\t<\/div>\n\n\t\n\n\t<div id=\"col-2109987715\" class=\"col medium-6 small-12 large-6\"  >\n\t\t\t\t<div class=\"col-inner\"  >\n\t\t\t\n\t\t\t\n\n\t<div class=\"img has-hover x md-x lg-x y md-y lg-y\" id=\"image_800194044\">\n\t\t\t\t\t\t\t\t<div class=\"img-inner dark\" >\n\t\t\t<img loading=\"lazy\" decoding=\"async\" width=\"800\" height=\"684\" src=\"https:\/\/megamo.eu\/wp-content\/uploads\/2024\/01\/add-ons-for-integration.webp\" class=\"attachment-large size-large\" alt=\"\" srcset=\"https:\/\/megamo.eu\/wp-content\/uploads\/2024\/01\/add-ons-for-integration.webp 800w, https:\/\/megamo.eu\/wp-content\/uploads\/2024\/01\/add-ons-for-integration-468x400.webp 468w, https:\/\/megamo.eu\/wp-content\/uploads\/2024\/01\/add-ons-for-integration-768x657.webp 768w, https:\/\/megamo.eu\/wp-content\/uploads\/2024\/01\/add-ons-for-integration-600x513.webp 600w\" sizes=\"(max-width: 800px) 100vw, 800px\" \/>\t\t\t\t\t\t\n\t\t\t\t\t<\/div>\n\t\t\t\t\t\t\t\t\n<style>\n#image_800194044 {\n  width: 100%;\n}\n<\/style>\n\t<\/div>\n\t\n\n\n\t\t<\/div>\n\t\t\t\t\t<\/div>\n\n\t\n\n<\/div>\n\n\t\t<\/div>\n\n\t\t\n<style>\n#section_1594126375 {\n  padding-top: 80px;\n  padding-bottom: 80px;\n}\n<\/style>\n\t<\/section>\n\t\n\t<section class=\"section\" id=\"section_478542305\">\n\t\t<div class=\"bg section-bg fill bg-fill  bg-loaded\" >\n\n\t\t\t\n\t\t\t\n\t\t\t\n\n\t\t<\/div>\n\n\t\t\n\n\t\t<div class=\"section-content relative\">\n\t\t\t\n\n<div class=\"row\"  id=\"row-1209198181\">\n\n\n\t<div id=\"col-675177893\" class=\"col small-12 large-12\"  >\n\t\t\t\t<div class=\"col-inner text-left\"  >\n\t\t\t\n\t\t\t\n\n\n  \n    <div class=\"row large-columns-3 medium-columns- small-columns-2\" >\n  <div class=\"page-col col\" >\n          <div class=\"col-inner\" >\n          <a class=\"block plain\" href=\"https:\/\/megamo.eu\/es\/complementos-para-la-integracion\/acelera-el-tiempo-de-implementacion\/\" title=\"Acelera el Tiempo de Implementaci\u00f3n\" target=\"\">\n            <div class=\"page-box box has-hover\">\n                  <div class=\"box-image\" >\n                      <div class=\"box-image image-fade-out\" >\n                      <img loading=\"lazy\" decoding=\"async\" width=\"400\" height=\"400\" src=\"https:\/\/megamo.eu\/wp-content\/uploads\/2024\/01\/speed-the-implementation-time-400x400.webp\" class=\"attachment-medium size-medium\" alt=\"\" srcset=\"https:\/\/megamo.eu\/wp-content\/uploads\/2024\/01\/speed-the-implementation-time-400x400.webp 400w, https:\/\/megamo.eu\/wp-content\/uploads\/2024\/01\/speed-the-implementation-time-280x280.webp 280w, https:\/\/megamo.eu\/wp-content\/uploads\/2024\/01\/speed-the-implementation-time-300x300.webp 300w, https:\/\/megamo.eu\/wp-content\/uploads\/2024\/01\/speed-the-implementation-time-100x100.webp 100w, https:\/\/megamo.eu\/wp-content\/uploads\/2024\/01\/speed-the-implementation-time.webp 600w\" sizes=\"(max-width: 400px) 100vw, 400px\" \/>                      <\/div>\n                                                              <\/div>\n                  <div class=\"box-text text-center is-large\" >\n                        <div class=\"box-text-inner\">\n                            <p>Acelera el Tiempo de Implementaci\u00f3n<\/p>\n                        <\/div>\n                  <\/div>\n              <\/div>\n            <\/a>\n            <\/div>\n          <\/div><div class=\"page-col col\" >\n          <div class=\"col-inner\" >\n          <a class=\"block plain\" href=\"https:\/\/megamo.eu\/es\/complementos-para-la-integracion\/anadir-otro-proveedor\/\" title=\"A\u00f1adir Otro Proveedor\" target=\"\">\n            <div class=\"page-box box has-hover\">\n                  <div class=\"box-image\" >\n                      <div class=\"box-image image-fade-out\" >\n                      <img loading=\"lazy\" decoding=\"async\" width=\"400\" height=\"400\" src=\"https:\/\/megamo.eu\/wp-content\/uploads\/2024\/01\/add-an-extra-supplier-400x400.webp\" class=\"attachment-medium size-medium\" alt=\"\" srcset=\"https:\/\/megamo.eu\/wp-content\/uploads\/2024\/01\/add-an-extra-supplier-400x400.webp 400w, https:\/\/megamo.eu\/wp-content\/uploads\/2024\/01\/add-an-extra-supplier-280x280.webp 280w, https:\/\/megamo.eu\/wp-content\/uploads\/2024\/01\/add-an-extra-supplier-300x300.webp 300w, https:\/\/megamo.eu\/wp-content\/uploads\/2024\/01\/add-an-extra-supplier-100x100.webp 100w, https:\/\/megamo.eu\/wp-content\/uploads\/2024\/01\/add-an-extra-supplier.webp 600w\" sizes=\"(max-width: 400px) 100vw, 400px\" \/>                      <\/div>\n                                                              <\/div>\n                  <div class=\"box-text text-center is-large\" >\n                        <div class=\"box-text-inner\">\n                            <p>A\u00f1adir Otro Proveedor<\/p>\n                        <\/div>\n                  <\/div>\n              <\/div>\n            <\/a>\n            <\/div>\n          <\/div><div class=\"page-col col\" >\n          <div class=\"col-inner\" >\n          <a class=\"block plain\" href=\"https:\/\/megamo.eu\/es\/complementos-para-la-integracion\/asistencia-en-comunicacion-con-proveedores-internacionales\/\" title=\"Asistencia en Comunicaci\u00f3n con Proveedores Internacionales\" target=\"\">\n            <div class=\"page-box box has-hover\">\n                  <div class=\"box-image\" >\n                      <div class=\"box-image image-fade-out\" >\n                      <img loading=\"lazy\" decoding=\"async\" width=\"400\" height=\"400\" src=\"https:\/\/megamo.eu\/wp-content\/uploads\/2024\/01\/kontakt-z-polska-hurtownia-i-wsparcie-w-komunikacji-400x400.webp\" class=\"attachment-medium size-medium\" alt=\"\" srcset=\"https:\/\/megamo.eu\/wp-content\/uploads\/2024\/01\/kontakt-z-polska-hurtownia-i-wsparcie-w-komunikacji-400x400.webp 400w, https:\/\/megamo.eu\/wp-content\/uploads\/2024\/01\/kontakt-z-polska-hurtownia-i-wsparcie-w-komunikacji-280x280.webp 280w, https:\/\/megamo.eu\/wp-content\/uploads\/2024\/01\/kontakt-z-polska-hurtownia-i-wsparcie-w-komunikacji-300x300.webp 300w, https:\/\/megamo.eu\/wp-content\/uploads\/2024\/01\/kontakt-z-polska-hurtownia-i-wsparcie-w-komunikacji-100x100.webp 100w, https:\/\/megamo.eu\/wp-content\/uploads\/2024\/01\/kontakt-z-polska-hurtownia-i-wsparcie-w-komunikacji.webp 600w\" sizes=\"(max-width: 400px) 100vw, 400px\" \/>                      <\/div>\n                                                              <\/div>\n                  <div class=\"box-text text-center is-large\" >\n                        <div class=\"box-text-inner\">\n                            <p>Asistencia en Comunicaci\u00f3n con Proveedores Internacionales<\/p>\n                        <\/div>\n                  <\/div>\n              <\/div>\n            <\/a>\n            <\/div>\n          <\/div><div class=\"page-col col\" >\n          <div class=\"col-inner\" >\n          <a class=\"block plain\" href=\"https:\/\/megamo.eu\/es\/complementos-para-la-integracion\/cambiar-el-proveedor-integrado\/\" title=\"Cambiar el Proveedor Integrado\" target=\"\">\n            <div class=\"page-box box has-hover\">\n                  <div class=\"box-image\" >\n                      <div class=\"box-image image-fade-out\" >\n                      <img loading=\"lazy\" decoding=\"async\" width=\"400\" height=\"400\" src=\"https:\/\/megamo.eu\/wp-content\/uploads\/2024\/01\/zamiania-hurtowni-400x400.webp\" class=\"attachment-medium size-medium\" alt=\"\" srcset=\"https:\/\/megamo.eu\/wp-content\/uploads\/2024\/01\/zamiania-hurtowni-400x400.webp 400w, https:\/\/megamo.eu\/wp-content\/uploads\/2024\/01\/zamiania-hurtowni-280x280.webp 280w, https:\/\/megamo.eu\/wp-content\/uploads\/2024\/01\/zamiania-hurtowni-300x300.webp 300w, https:\/\/megamo.eu\/wp-content\/uploads\/2024\/01\/zamiania-hurtowni-100x100.webp 100w, https:\/\/megamo.eu\/wp-content\/uploads\/2024\/01\/zamiania-hurtowni.webp 600w\" sizes=\"(max-width: 400px) 100vw, 400px\" \/>                      <\/div>\n                                                              <\/div>\n                  <div class=\"box-text text-center is-large\" >\n                        <div class=\"box-text-inner\">\n                            <p>Cambiar el Proveedor Integrado<\/p>\n                        <\/div>\n                  <\/div>\n              <\/div>\n            <\/a>\n            <\/div>\n          <\/div><div class=\"page-col col\" >\n          <div class=\"col-inner\" >\n          <a class=\"block plain\" href=\"https:\/\/megamo.eu\/es\/complementos-para-la-integracion\/edicion-automatica-de-productos-de-archivos-de-proveedores\/\" title=\"Edici\u00f3n Autom\u00e1tica de Productos de Archivos de Proveedores\" target=\"\">\n            <div class=\"page-box box has-hover\">\n                  <div class=\"box-image\" >\n                      <div class=\"box-image image-fade-out\" >\n                      <img loading=\"lazy\" decoding=\"async\" width=\"400\" height=\"400\" src=\"https:\/\/megamo.eu\/wp-content\/uploads\/2024\/01\/automatic-editing-elements-file-wholesaler-400x400.webp\" class=\"attachment-medium size-medium\" alt=\"\" srcset=\"https:\/\/megamo.eu\/wp-content\/uploads\/2024\/01\/automatic-editing-elements-file-wholesaler-400x400.webp 400w, https:\/\/megamo.eu\/wp-content\/uploads\/2024\/01\/automatic-editing-elements-file-wholesaler-280x280.webp 280w, https:\/\/megamo.eu\/wp-content\/uploads\/2024\/01\/automatic-editing-elements-file-wholesaler-300x300.webp 300w, https:\/\/megamo.eu\/wp-content\/uploads\/2024\/01\/automatic-editing-elements-file-wholesaler-100x100.webp 100w, https:\/\/megamo.eu\/wp-content\/uploads\/2024\/01\/automatic-editing-elements-file-wholesaler.webp 600w\" sizes=\"(max-width: 400px) 100vw, 400px\" \/>                      <\/div>\n                                                              <\/div>\n                  <div class=\"box-text text-center is-large\" >\n                        <div class=\"box-text-inner\">\n                            <p>Edici\u00f3n Autom\u00e1tica de Productos de Archivos de Proveedores<\/p>\n                        <\/div>\n                  <\/div>\n              <\/div>\n            <\/a>\n            <\/div>\n          <\/div><\/div>\n\n\n\t\t<\/div>\n\t\t\t\t\t<\/div>\n\n\t\n\n<\/div>\n\n\t\t<\/div>\n\n\t\t\n<style>\n#section_478542305 {\n  padding-top: 60px;\n  padding-bottom: 60px;\n}\n<\/style>\n\t<\/section>\n\t\n\n","protected":false},"excerpt":{"rendered":"","protected":false},"author":2,"featured_media":0,"parent":0,"menu_order":0,"comment_status":"closed","ping_status":"closed","template":"","meta":{"_lmt_disableupdate":"","_lmt_disable":"","footnotes":""},"yoast_head":"<!-- This site is optimized with the Yoast SEO Premium plugin v21.8 (Yoast SEO v23.5) - https:\/\/yoast.com\/wordpress\/plugins\/seo\/ -->\n<title>Complementos para la integraci\u00f3n<\/title>\n<meta name=\"description\" content=\"Optimiza tu negocio de dropshipping con nuestros complementos para la integraci\u00f3n autom\u00e1tica con proveedores y la gesti\u00f3n eficiente del inventario.\" \/>\n<meta name=\"robots\" content=\"index, follow, max-snippet:-1, max-image-preview:large, max-video-preview:-1\" \/>\n<link rel=\"canonical\" href=\"https:\/\/megamo.eu\/es\/complementos-para-la-integracion\/\" \/>\n<meta property=\"og:locale\" content=\"es_ES\" \/>\n<meta property=\"og:type\" content=\"article\" \/>\n<meta property=\"og:title\" content=\"Complementos para la integraci\u00f3n\" \/>\n<meta property=\"og:description\" content=\"Optimiza tu negocio de dropshipping con nuestros complementos para la integraci\u00f3n autom\u00e1tica con proveedores y la gesti\u00f3n eficiente del inventario.\" \/>\n<meta property=\"og:url\" content=\"https:\/\/megamo.eu\/es\/complementos-para-la-integracion\/\" \/>\n<meta property=\"og:site_name\" content=\"megamo.eu\" \/>\n<meta property=\"article:publisher\" content=\"https:\/\/www.facebook.com\/megamoeu\" \/>\n<meta property=\"article:modified_time\" content=\"2025-10-06T09:08:34+00:00\" \/>\n<meta name=\"twitter:card\" content=\"summary_large_image\" \/>\n<meta name=\"twitter:label1\" content=\"Tiempo de lectura\" \/>\n\t<meta name=\"twitter:data1\" content=\"1 minuto\" \/>\n<script type=\"application\/ld+json\" class=\"yoast-schema-graph\">{\"@context\":\"https:\/\/schema.org\",\"@graph\":[{\"@type\":\"WebPage\",\"@id\":\"https:\/\/megamo.eu\/es\/complementos-para-la-integracion\/\",\"url\":\"https:\/\/megamo.eu\/es\/complementos-para-la-integracion\/\",\"name\":\"Complementos para la integraci\u00f3n\",\"isPartOf\":{\"@id\":\"https:\/\/megamo.eu\/es\/#website\"},\"datePublished\":\"2024-02-19T14:06:00+00:00\",\"dateModified\":\"2025-10-06T09:08:34+00:00\",\"description\":\"Optimiza tu negocio de dropshipping con nuestros complementos para la integraci\u00f3n autom\u00e1tica con proveedores y la gesti\u00f3n eficiente del inventario.\",\"breadcrumb\":{\"@id\":\"https:\/\/megamo.eu\/es\/complementos-para-la-integracion\/#breadcrumb\"},\"inLanguage\":\"es\",\"potentialAction\":[{\"@type\":\"ReadAction\",\"target\":[\"https:\/\/megamo.eu\/es\/complementos-para-la-integracion\/\"]}]},{\"@type\":\"BreadcrumbList\",\"@id\":\"https:\/\/megamo.eu\/es\/complementos-para-la-integracion\/#breadcrumb\",\"itemListElement\":[{\"@type\":\"ListItem\",\"position\":1,\"name\":\"Home\",\"item\":\"https:\/\/megamo.eu\/es\/\"},{\"@type\":\"ListItem\",\"position\":2,\"name\":\"Complementos para la integraci\u00f3n\"}]},{\"@type\":\"WebSite\",\"@id\":\"https:\/\/megamo.eu\/es\/#website\",\"url\":\"https:\/\/megamo.eu\/es\/\",\"name\":\"megamo.eu\",\"description\":\"megamo.eu\",\"publisher\":{\"@id\":\"https:\/\/megamo.eu\/es\/#organization\"},\"potentialAction\":[{\"@type\":\"SearchAction\",\"target\":{\"@type\":\"EntryPoint\",\"urlTemplate\":\"https:\/\/megamo.eu\/es\/?s={search_term_string}\"},\"query-input\":{\"@type\":\"PropertyValueSpecification\",\"valueRequired\":true,\"valueName\":\"search_term_string\"}}],\"inLanguage\":\"es\"},{\"@type\":\"Organization\",\"@id\":\"https:\/\/megamo.eu\/es\/#organization\",\"name\":\"Megamo\",\"alternateName\":\"mgo\",\"url\":\"https:\/\/megamo.eu\/es\/\",\"logo\":{\"@type\":\"ImageObject\",\"inLanguage\":\"es\",\"@id\":\"https:\/\/megamo.eu\/es\/#\/schema\/logo\/image\/\",\"url\":\"https:\/\/megamo.eu\/wp-content\/uploads\/2024\/02\/logo_small.png\",\"contentUrl\":\"https:\/\/megamo.eu\/wp-content\/uploads\/2024\/02\/logo_small.png\",\"width\":300,\"height\":113,\"caption\":\"Megamo\"},\"image\":{\"@id\":\"https:\/\/megamo.eu\/es\/#\/schema\/logo\/image\/\"},\"sameAs\":[\"https:\/\/www.facebook.com\/megamoeu\",\"https:\/\/www.youtube.com\/@Megamo_en\"]}]}<\/script>\n<!-- \/ Yoast SEO Premium plugin. -->","yoast_head_json":{"title":"Complementos para la integraci\u00f3n","description":"Optimiza tu negocio de dropshipping con nuestros complementos para la integraci\u00f3n autom\u00e1tica con proveedores y la gesti\u00f3n eficiente del inventario.","robots":{"index":"index","follow":"follow","max-snippet":"max-snippet:-1","max-image-preview":"max-image-preview:large","max-video-preview":"max-video-preview:-1"},"canonical":"https:\/\/megamo.eu\/es\/complementos-para-la-integracion\/","og_locale":"es_ES","og_type":"article","og_title":"Complementos para la integraci\u00f3n","og_description":"Optimiza tu negocio de dropshipping con nuestros complementos para la integraci\u00f3n autom\u00e1tica con proveedores y la gesti\u00f3n eficiente del inventario.","og_url":"https:\/\/megamo.eu\/es\/complementos-para-la-integracion\/","og_site_name":"megamo.eu","article_publisher":"https:\/\/www.facebook.com\/megamoeu","article_modified_time":"2025-10-06T09:08:34+00:00","twitter_card":"summary_large_image","twitter_misc":{"Tiempo de lectura":"1 minuto"},"schema":{"@context":"https:\/\/schema.org","@graph":[{"@type":"WebPage","@id":"https:\/\/megamo.eu\/es\/complementos-para-la-integracion\/","url":"https:\/\/megamo.eu\/es\/complementos-para-la-integracion\/","name":"Complementos para la integraci\u00f3n","isPartOf":{"@id":"https:\/\/megamo.eu\/es\/#website"},"datePublished":"2024-02-19T14:06:00+00:00","dateModified":"2025-10-06T09:08:34+00:00","description":"Optimiza tu negocio de dropshipping con nuestros complementos para la integraci\u00f3n autom\u00e1tica con proveedores y la gesti\u00f3n eficiente del inventario.","breadcrumb":{"@id":"https:\/\/megamo.eu\/es\/complementos-para-la-integracion\/#breadcrumb"},"inLanguage":"es","potentialAction":[{"@type":"ReadAction","target":["https:\/\/megamo.eu\/es\/complementos-para-la-integracion\/"]}]},{"@type":"BreadcrumbList","@id":"https:\/\/megamo.eu\/es\/complementos-para-la-integracion\/#breadcrumb","itemListElement":[{"@type":"ListItem","position":1,"name":"Home","item":"https:\/\/megamo.eu\/es\/"},{"@type":"ListItem","position":2,"name":"Complementos para la integraci\u00f3n"}]},{"@type":"WebSite","@id":"https:\/\/megamo.eu\/es\/#website","url":"https:\/\/megamo.eu\/es\/","name":"megamo.eu","description":"megamo.eu","publisher":{"@id":"https:\/\/megamo.eu\/es\/#organization"},"potentialAction":[{"@type":"SearchAction","target":{"@type":"EntryPoint","urlTemplate":"https:\/\/megamo.eu\/es\/?s={search_term_string}"},"query-input":{"@type":"PropertyValueSpecification","valueRequired":true,"valueName":"search_term_string"}}],"inLanguage":"es"},{"@type":"Organization","@id":"https:\/\/megamo.eu\/es\/#organization","name":"Megamo","alternateName":"mgo","url":"https:\/\/megamo.eu\/es\/","logo":{"@type":"ImageObject","inLanguage":"es","@id":"https:\/\/megamo.eu\/es\/#\/schema\/logo\/image\/","url":"https:\/\/megamo.eu\/wp-content\/uploads\/2024\/02\/logo_small.png","contentUrl":"https:\/\/megamo.eu\/wp-content\/uploads\/2024\/02\/logo_small.png","width":300,"height":113,"caption":"Megamo"},"image":{"@id":"https:\/\/megamo.eu\/es\/#\/schema\/logo\/image\/"},"sameAs":["https:\/\/www.facebook.com\/megamoeu","https:\/\/www.youtube.com\/@Megamo_en"]}]}},"_links":{"self":[{"href":"https:\/\/megamo.eu\/es\/wp-json\/wp\/v2\/pages\/41240"}],"collection":[{"href":"https:\/\/megamo.eu\/es\/wp-json\/wp\/v2\/pages"}],"about":[{"href":"https:\/\/megamo.eu\/es\/wp-json\/wp\/v2\/types\/page"}],"author":[{"embeddable":true,"href":"https:\/\/megamo.eu\/es\/wp-json\/wp\/v2\/users\/2"}],"replies":[{"embeddable":true,"href":"https:\/\/megamo.eu\/es\/wp-json\/wp\/v2\/comments?post=41240"}],"version-history":[{"count":3,"href":"https:\/\/megamo.eu\/es\/wp-json\/wp\/v2\/pages\/41240\/revisions"}],"predecessor-version":[{"id":57573,"href":"https:\/\/megamo.eu\/es\/wp-json\/wp\/v2\/pages\/41240\/revisions\/57573"}],"wp:attachment":[{"href":"https:\/\/megamo.eu\/es\/wp-json\/wp\/v2\/media?parent=41240"}],"curies":[{"name":"wp","href":"https:\/\/api.w.org\/{rel}","templated":true}]}}