{"id":41236,"date":"2024-02-19T15:06:13","date_gmt":"2024-02-19T14:06:13","guid":{"rendered":"https:\/\/megamo.eu\/demo-integration-with-suppliers\/"},"modified":"2025-12-22T13:03:19","modified_gmt":"2025-12-22T12:03:19","slug":"integracion-demo","status":"publish","type":"page","link":"https:\/\/megamo.eu\/es\/integracion-demo\/","title":{"rendered":"Integraci\u00f3n Demo"},"content":{"rendered":"\n\t<div id=\"gap-730904432\" class=\"gap-element clearfix\" style=\"display:block; height:auto;\">\n\t\t\n<style>\n#gap-730904432 {\n  padding-top: 60px;\n}\n<\/style>\n\t<\/div>\n\t\n\n\t<section class=\"section\" id=\"section_1751467785\">\n\t\t<div class=\"bg section-bg fill bg-fill  bg-loaded\" >\n\n\t\t\t\n\t\t\t\n\t\t\t\n\n\t\t<\/div>\n\n\t\t\n\n\t\t<div class=\"section-content relative\">\n\t\t\t\n\n<div class=\"row align-middle\"  id=\"row-1085098324\">\n\n\n\t<div id=\"col-874017727\" class=\"col medium-6 small-12 large-6\"  >\n\t\t\t\t<div class=\"col-inner\"  >\n\t\t\t\n\t\t\t\n\n\t<div id=\"text-2802444447\" class=\"text\">\n\t\t\n\n<h1>Explora Nuestra Integraci\u00f3n Automatizada<\/h1>\n\t\t\n<style>\n#text-2802444447 {\n  font-size: 1.3rem;\n  text-align: center;\n}\n@media (min-width:550px) {\n  #text-2802444447 {\n    text-align: left;\n  }\n}\n<\/style>\n\t<\/div>\n\t\n\t<div id=\"text-4114263247\" class=\"text\">\n\t\t\n\n<p><b>Integraci\u00f3n Gratuita con Proveedores en Demo<\/b><\/p>\n\t\t\n<style>\n#text-4114263247 {\n  font-size: 1.1rem;\n  text-align: center;\n  color: rgb(254, 94, 8);\n}\n#text-4114263247 > * {\n  color: rgb(254, 94, 8);\n}\n@media (min-width:550px) {\n  #text-4114263247 {\n    text-align: left;\n  }\n}\n<\/style>\n\t<\/div>\n\t\n\t<div id=\"text-1941514535\" class=\"text\">\n\t\t\n\n<p>Pero ten cuidado: el 80% de los gestores de tiendas que prueban nuestra versi\u00f3n de demostraci\u00f3n no quieren volver a actualizar productos manualmente.<\/p>\n\t\t\n<style>\n#text-1941514535 {\n  text-align: center;\n}\n@media (min-width:550px) {\n  #text-1941514535 {\n    text-align: left;\n  }\n}\n<\/style>\n\t<\/div>\n\t\n\n\t\t<\/div>\n\t\t\t\t\t<\/div>\n\n\t\n\n\t<div id=\"col-1922915421\" class=\"col medium-6 small-12 large-6 small-col-first\"  >\n\t\t\t\t<div class=\"col-inner\"  >\n\t\t\t\n\t\t\t\n\n\t<div class=\"img has-hover x md-x lg-x y md-y lg-y\" id=\"image_285552110\">\n\t\t\t\t\t\t\t\t<div class=\"img-inner dark\" >\n\t\t\t<img loading=\"lazy\" decoding=\"async\" width=\"700\" height=\"467\" src=\"https:\/\/megamo.eu\/wp-content\/uploads\/2024\/02\/demo-integration.webp\" class=\"attachment-original size-original\" alt=\"\" srcset=\"https:\/\/megamo.eu\/wp-content\/uploads\/2024\/02\/demo-integration.webp 700w, https:\/\/megamo.eu\/wp-content\/uploads\/2024\/02\/demo-integration-600x400.webp 600w\" sizes=\"(max-width: 700px) 100vw, 700px\" \/>\t\t\t\t\t\t\n\t\t\t\t\t<\/div>\n\t\t\t\t\t\t\t\t\n<style>\n#image_285552110 {\n  width: 100%;\n}\n<\/style>\n\t<\/div>\n\t\n\n\n\t\t<\/div>\n\t\t\t\t\t<\/div>\n\n\t\n\n<\/div>\n\n\t\t<\/div>\n\n\t\t\n<style>\n#section_1751467785 {\n  padding-top: 30px;\n  padding-bottom: 30px;\n}\n<\/style>\n\t<\/section>\n\t\n\t<section class=\"section\" id=\"section_73282239\">\n\t\t<div class=\"bg section-bg fill bg-fill  bg-loaded\" >\n\n\t\t\t\n\t\t\t\n\t\t\t\n\n\t\t<\/div>\n\n\t\t\n\n\t\t<div class=\"section-content relative\">\n\t\t\t\n\n<div class=\"row align-middle\"  id=\"row-2108738533\">\n\n\n\t<div id=\"col-1066839554\" class=\"col medium-6 small-12 large-6 small-col-first\"  >\n\t\t\t\t<div class=\"col-inner\"  >\n\t\t\t\n\t\t\t\n\n\t<div id=\"text-4183275938\" class=\"text\">\n\t\t\n\n<h2>1. VERSI\u00d3N DEMO<\/h2>\n\t\t\n<style>\n#text-4183275938 {\n  font-size: 1.2rem;\n}\n<\/style>\n\t<\/div>\n\t\n\t<div id=\"text-4175547045\" class=\"text\">\n\t\t\n\n<p>Explora el panel del Integrador y una tienda online con productos ya configurados.<\/p>\n\t\t\n<style>\n#text-4175547045 {\n  text-align: center;\n}\n@media (min-width:550px) {\n  #text-4175547045 {\n    text-align: left;\n  }\n}\n<\/style>\n\t<\/div>\n\t\n\n\n<iframe loading=\"lazy\" width=\"560\" height=\"315\" src=\"https:\/\/www.youtube.com\/embed\/ha6scTTl40g?si=GeYvamiCTFh-tlM6\" title=\"YouTube video player\" frameborder=\"0\" allow=\"accelerometer; autoplay; clipboard-write; encrypted-media; gyroscope; picture-in-picture; web-share\" allowfullscreen=\"\"><\/iframe>\n\n\n\t\t<\/div>\n\t\t\t\t\t<\/div>\n\n\t\n\n\t<div id=\"col-715906490\" class=\"col medium-6 small-12 large-6\"  >\n\t\t\t\t<div class=\"col-inner\"  >\n\t\t\t\n\t\t\t\n\n\t<div class=\"img has-hover x md-x lg-x y md-y lg-y\" id=\"image_799188750\">\n\t\t<a class=\"\" href=\"https:\/\/megamo-demo.myshopify.com\/password\" target=\"_blank\" rel=\"noopener\" >\t\t\t\t\t\t<div class=\"img-inner image-color dark\" >\n\t\t\t<img loading=\"lazy\" decoding=\"async\" width=\"1024\" height=\"525\" src=\"https:\/\/megamo.eu\/wp-content\/uploads\/2024\/02\/store-view.webp\" class=\"attachment-original size-original\" alt=\"\" srcset=\"https:\/\/megamo.eu\/wp-content\/uploads\/2024\/02\/store-view.webp 1024w, https:\/\/megamo.eu\/wp-content\/uploads\/2024\/02\/store-view-780x400.webp 780w, https:\/\/megamo.eu\/wp-content\/uploads\/2024\/02\/store-view-768x394.webp 768w, https:\/\/megamo.eu\/wp-content\/uploads\/2024\/02\/store-view-600x308.webp 600w\" sizes=\"(max-width: 1024px) 100vw, 1024px\" \/>\t\t\t\t\t\t\n\t\t\t\t\t<\/div>\n\t\t\t\t\t\t<\/a>\t\t\n<style>\n#image_799188750 {\n  width: 100%;\n}\n<\/style>\n\t<\/div>\n\t\n\n<p><b>Vista de la tienda<\/b><br \/>Contrase\u00f1a: <b>demo<\/b><\/p>\n\n\t\t<\/div>\n\t\t\t\t\t<\/div>\n\n\t\n\n<\/div>\n\n\t\t<\/div>\n\n\t\t\n<style>\n#section_73282239 {\n  padding-top: 30px;\n  padding-bottom: 30px;\n  background-color: rgb(255, 239, 230);\n}\n<\/style>\n\t<\/section>\n\t\n\t<div id=\"gap-819574592\" class=\"gap-element clearfix\" style=\"display:block; height:auto;\">\n\t\t\n<style>\n#gap-819574592 {\n  padding-top: 50px;\n}\n<\/style>\n\t<\/div>\n\t\n\n<div class=\"row row-collapse align-middle\"  id=\"row-1602596813\">\n\n\n\t<div id=\"col-1849528604\" class=\"col small-12 large-12\"  >\n\t\t\t\t<div class=\"col-inner text-left\"  >\n\t\t\t\n\t\t\t\n\n\n\t\t<div class=\"tabbed-content vid-tabs hide-for-small\">\n\t\t\t\n\t\t\t<ul class=\"nav nav-outline nav-uppercase nav-size-small nav-left\" role=\"tablist\"><li id=\"tab-integrador-en-acci\u00f3n\" class=\"tab active has-icon\" role=\"presentation\"><a href=\"#tab_integrador-en-acci\u00f3n\" role=\"tab\" aria-selected=\"true\" aria-controls=\"tab_integrador-en-acci\u00f3n\"><span>Integrador en acci\u00f3n<\/span><\/a><\/li><\/ul><div class=\"tab-panels\"><div id=\"tab_integrador-en-acci\u00f3n\" class=\"panel active entry-content\" role=\"tabpanel\" aria-labelledby=\"tab-integrador-en-acci\u00f3n\">\n\n\n\n<div class=\"main-vid\">\n<video width=\"100%\" height=\"auto\" autoplay loop muted playsinline controls  controlsList=\"nodownload\" class=\"vid-src\">\n  <source src=\"https:\/\/megamo.eu\/wp-content\/uploads\/2025\/12\/main-vid-en.mp4\" type=\"video\/mp4\">\n  Your browser does not support the video tag.\n<\/video>\n<\/div>\n\n\n<\/div><\/div><\/div>\n\n\t\t<div class=\"tabbed-content vid-tabs-mobile show-for-small\">\n\t\t\t\n\t\t\t<ul class=\"nav nav-outline nav-uppercase nav-size-small nav-left\" role=\"tablist\"><li id=\"tab-integrador-en-acci\u00f3n\" class=\"tab active has-icon\" role=\"presentation\"><a href=\"#tab_integrador-en-acci\u00f3n\" role=\"tab\" aria-selected=\"true\" aria-controls=\"tab_integrador-en-acci\u00f3n\"><span>Integrador en acci\u00f3n<\/span><\/a><\/li><\/ul><div class=\"tab-panels\"><div id=\"tab_integrador-en-acci\u00f3n\" class=\"panel active entry-content\" role=\"tabpanel\" aria-labelledby=\"tab-integrador-en-acci\u00f3n\">\n\n\n\n<div class=\"main-vid-mobile\">\n<video id=\"mainVideo\" width=\"200%\" height=\"auto\" autoplay loop muted playsinline class=\"vid-src\">\n  <source src=\"https:\/\/megamo.eu\/wp-content\/uploads\/2025\/12\/main-vid-en.mp4\" type=\"video\/mp4\">\n  Your browser does not support the video tag.\n<\/video>\n<span class=\"vid-src-fs\"><i class=\"ph-duotone ph-device-rotate\"><\/i> Gire para ver en pantalla completa<\/span>\n<\/div>\n\n\n<\/div><\/div><\/div>\n\n\t\t<\/div>\n\t\t\t\t\t<\/div>\n\n\t\n\n<\/div>\n\t<section class=\"section free-trial-vid\" id=\"section_2050763454\">\n\t\t<div class=\"bg section-bg fill bg-fill  bg-loaded\" >\n\n\t\t\t\n\t\t\t\n\t\t\t\n\n\t\t<\/div>\n\n\t\t\n\n\t\t<div class=\"section-content relative\">\n\t\t\t\n\n<div class=\"row\"  id=\"row-1909322983\">\n\n\n\t<div id=\"col-418041350\" class=\"col medium-3 small-12 large-3\"  >\n\t\t\t\t<div class=\"col-inner\"  >\n\t\t\t\n\t\t\t\n\n\n\t\t<\/div>\n\t\t\t\t\t<\/div>\n\n\t\n\n\t<div id=\"col-1820464094\" class=\"col medium-9 small-12 large-9\"  >\n\t\t\t\t<div class=\"col-inner text-center\"  >\n\t\t\t\n\t\t\t\n\n\t<div id=\"text-1631358558\" class=\"text\">\n\t\t\n\n<h2>2. PRUEBA GRATUITA &#8211; 10 D\u00cdAS<\/h2>\n\t\t\n<style>\n#text-1631358558 {\n  font-size: 1.2rem;\n  text-align: center;\n}\n<\/style>\n\t<\/div>\n\t\n\t<div id=\"text-2905281253\" class=\"text\">\n\t\t\n\n<p>\u00bfQuieres ver el Integrador Autom\u00e1tico en acci\u00f3n?<br>Te invitamos a realizar tus propias pruebas: conectaremos el almac\u00e9n directamente con tu tienda.\n<\/p>\n\t\t\n<style>\n#text-2905281253 {\n  text-align: center;\n}\n@media (min-width:550px) {\n  #text-2905281253 {\n    text-align: center;\n  }\n}\n<\/style>\n\t<\/div>\n\t\n\t<div id=\"gap-1800080619\" class=\"gap-element clearfix\" style=\"display:block; height:auto;\">\n\t\t\n<style>\n#gap-1800080619 {\n  padding-top: 10px;\n}\n<\/style>\n\t<\/div>\n\t\n\n\n\n<a class=\"button primary\" href=\"https:\/\/forms.clickup.com\/9012257574\/f\/8cjr8t6-8112\/RL2F5YOPAKUSK8OU44\" target=\"_blank\" rel=\"noopener\">Inicia el per\u00edodo de prueba<\/a>\n\n\t<div id=\"gap-95580362\" class=\"gap-element clearfix\" style=\"display:block; height:auto;\">\n\t\t\n<style>\n#gap-95580362 {\n  padding-top: 20px;\n}\n<\/style>\n\t<\/div>\n\t\n\n<p><b>Sum\u00e9rgete y pru\u00e9balo \u2014 es totalmente gratuito. No se requiere tarjeta de cr\u00e9dito.<\/b><br \/>\nLa prueba no se renueva autom\u00e1ticamente. Despu\u00e9s de 10 d\u00edas, t\u00fa decides si quieres continuar.<\/p>\n\n\t\t<\/div>\n\t\t\t\t\t<\/div>\n\n\t\n\n<\/div>\n\n\t\t<\/div>\n\n\t\t\n<style>\n#section_2050763454 {\n  padding-top: 30px;\n  padding-bottom: 30px;\n  background-color: rgb(230, 245, 252);\n}\n<\/style>\n\t<\/section>\n\t\n\n","protected":false},"excerpt":{"rendered":"","protected":false},"author":2,"featured_media":0,"parent":0,"menu_order":0,"comment_status":"closed","ping_status":"closed","template":"","meta":{"_lmt_disableupdate":"","_lmt_disable":"","footnotes":""},"yoast_head":"<!-- This site is optimized with the Yoast SEO Premium plugin v21.8 (Yoast SEO v23.5) - https:\/\/yoast.com\/wordpress\/plugins\/seo\/ -->\n<title>Integraci\u00f3n Demo<\/title>\n<meta name=\"description\" content=\"Prueba gratuita del integrador de dropshipping. Conecta tu tienda con proveedores, a\u00f1ade productos y comprueba el funcionamiento de la automatizaci\u00f3n sin compromiso.\" \/>\n<meta name=\"robots\" content=\"index, follow, max-snippet:-1, max-image-preview:large, max-video-preview:-1\" \/>\n<link rel=\"canonical\" href=\"https:\/\/megamo.eu\/es\/integracion-demo\/\" \/>\n<meta property=\"og:locale\" content=\"es_ES\" \/>\n<meta property=\"og:type\" content=\"article\" \/>\n<meta property=\"og:title\" content=\"Integraci\u00f3n Demo\" \/>\n<meta property=\"og:description\" content=\"Prueba gratuita del integrador de dropshipping. Conecta tu tienda con proveedores, a\u00f1ade productos y comprueba el funcionamiento de la automatizaci\u00f3n sin compromiso.\" \/>\n<meta property=\"og:url\" content=\"https:\/\/megamo.eu\/es\/integracion-demo\/\" \/>\n<meta property=\"og:site_name\" content=\"megamo.eu\" \/>\n<meta property=\"article:publisher\" content=\"https:\/\/www.facebook.com\/megamoeu\" \/>\n<meta property=\"article:modified_time\" content=\"2025-12-22T12:03:19+00:00\" \/>\n<meta name=\"twitter:card\" content=\"summary_large_image\" \/>\n<meta name=\"twitter:label1\" content=\"Tiempo de lectura\" \/>\n\t<meta name=\"twitter:data1\" content=\"2 minutos\" \/>\n<script type=\"application\/ld+json\" class=\"yoast-schema-graph\">{\"@context\":\"https:\/\/schema.org\",\"@graph\":[{\"@type\":\"WebPage\",\"@id\":\"https:\/\/megamo.eu\/es\/integracion-demo\/\",\"url\":\"https:\/\/megamo.eu\/es\/integracion-demo\/\",\"name\":\"Integraci\u00f3n Demo\",\"isPartOf\":{\"@id\":\"https:\/\/megamo.eu\/es\/#website\"},\"datePublished\":\"2024-02-19T14:06:13+00:00\",\"dateModified\":\"2025-12-22T12:03:19+00:00\",\"description\":\"Prueba gratuita del integrador de dropshipping. Conecta tu tienda con proveedores, a\u00f1ade productos y comprueba el funcionamiento de la automatizaci\u00f3n sin compromiso.\",\"breadcrumb\":{\"@id\":\"https:\/\/megamo.eu\/es\/integracion-demo\/#breadcrumb\"},\"inLanguage\":\"es\",\"potentialAction\":[{\"@type\":\"ReadAction\",\"target\":[\"https:\/\/megamo.eu\/es\/integracion-demo\/\"]}]},{\"@type\":\"BreadcrumbList\",\"@id\":\"https:\/\/megamo.eu\/es\/integracion-demo\/#breadcrumb\",\"itemListElement\":[{\"@type\":\"ListItem\",\"position\":1,\"name\":\"Home\",\"item\":\"https:\/\/megamo.eu\/es\/\"},{\"@type\":\"ListItem\",\"position\":2,\"name\":\"Integraci\u00f3n Demo\"}]},{\"@type\":\"WebSite\",\"@id\":\"https:\/\/megamo.eu\/es\/#website\",\"url\":\"https:\/\/megamo.eu\/es\/\",\"name\":\"megamo.eu\",\"description\":\"megamo.eu\",\"publisher\":{\"@id\":\"https:\/\/megamo.eu\/es\/#organization\"},\"potentialAction\":[{\"@type\":\"SearchAction\",\"target\":{\"@type\":\"EntryPoint\",\"urlTemplate\":\"https:\/\/megamo.eu\/es\/?s={search_term_string}\"},\"query-input\":{\"@type\":\"PropertyValueSpecification\",\"valueRequired\":true,\"valueName\":\"search_term_string\"}}],\"inLanguage\":\"es\"},{\"@type\":\"Organization\",\"@id\":\"https:\/\/megamo.eu\/es\/#organization\",\"name\":\"Megamo\",\"alternateName\":\"mgo\",\"url\":\"https:\/\/megamo.eu\/es\/\",\"logo\":{\"@type\":\"ImageObject\",\"inLanguage\":\"es\",\"@id\":\"https:\/\/megamo.eu\/es\/#\/schema\/logo\/image\/\",\"url\":\"https:\/\/megamo.eu\/wp-content\/uploads\/2024\/02\/logo_small.png\",\"contentUrl\":\"https:\/\/megamo.eu\/wp-content\/uploads\/2024\/02\/logo_small.png\",\"width\":300,\"height\":113,\"caption\":\"Megamo\"},\"image\":{\"@id\":\"https:\/\/megamo.eu\/es\/#\/schema\/logo\/image\/\"},\"sameAs\":[\"https:\/\/www.facebook.com\/megamoeu\",\"https:\/\/www.youtube.com\/@Megamo_en\"]}]}<\/script>\n<!-- \/ Yoast SEO Premium plugin. -->","yoast_head_json":{"title":"Integraci\u00f3n Demo","description":"Prueba gratuita del integrador de dropshipping. Conecta tu tienda con proveedores, a\u00f1ade productos y comprueba el funcionamiento de la automatizaci\u00f3n sin compromiso.","robots":{"index":"index","follow":"follow","max-snippet":"max-snippet:-1","max-image-preview":"max-image-preview:large","max-video-preview":"max-video-preview:-1"},"canonical":"https:\/\/megamo.eu\/es\/integracion-demo\/","og_locale":"es_ES","og_type":"article","og_title":"Integraci\u00f3n Demo","og_description":"Prueba gratuita del integrador de dropshipping. Conecta tu tienda con proveedores, a\u00f1ade productos y comprueba el funcionamiento de la automatizaci\u00f3n sin compromiso.","og_url":"https:\/\/megamo.eu\/es\/integracion-demo\/","og_site_name":"megamo.eu","article_publisher":"https:\/\/www.facebook.com\/megamoeu","article_modified_time":"2025-12-22T12:03:19+00:00","twitter_card":"summary_large_image","twitter_misc":{"Tiempo de lectura":"2 minutos"},"schema":{"@context":"https:\/\/schema.org","@graph":[{"@type":"WebPage","@id":"https:\/\/megamo.eu\/es\/integracion-demo\/","url":"https:\/\/megamo.eu\/es\/integracion-demo\/","name":"Integraci\u00f3n Demo","isPartOf":{"@id":"https:\/\/megamo.eu\/es\/#website"},"datePublished":"2024-02-19T14:06:13+00:00","dateModified":"2025-12-22T12:03:19+00:00","description":"Prueba gratuita del integrador de dropshipping. Conecta tu tienda con proveedores, a\u00f1ade productos y comprueba el funcionamiento de la automatizaci\u00f3n sin compromiso.","breadcrumb":{"@id":"https:\/\/megamo.eu\/es\/integracion-demo\/#breadcrumb"},"inLanguage":"es","potentialAction":[{"@type":"ReadAction","target":["https:\/\/megamo.eu\/es\/integracion-demo\/"]}]},{"@type":"BreadcrumbList","@id":"https:\/\/megamo.eu\/es\/integracion-demo\/#breadcrumb","itemListElement":[{"@type":"ListItem","position":1,"name":"Home","item":"https:\/\/megamo.eu\/es\/"},{"@type":"ListItem","position":2,"name":"Integraci\u00f3n Demo"}]},{"@type":"WebSite","@id":"https:\/\/megamo.eu\/es\/#website","url":"https:\/\/megamo.eu\/es\/","name":"megamo.eu","description":"megamo.eu","publisher":{"@id":"https:\/\/megamo.eu\/es\/#organization"},"potentialAction":[{"@type":"SearchAction","target":{"@type":"EntryPoint","urlTemplate":"https:\/\/megamo.eu\/es\/?s={search_term_string}"},"query-input":{"@type":"PropertyValueSpecification","valueRequired":true,"valueName":"search_term_string"}}],"inLanguage":"es"},{"@type":"Organization","@id":"https:\/\/megamo.eu\/es\/#organization","name":"Megamo","alternateName":"mgo","url":"https:\/\/megamo.eu\/es\/","logo":{"@type":"ImageObject","inLanguage":"es","@id":"https:\/\/megamo.eu\/es\/#\/schema\/logo\/image\/","url":"https:\/\/megamo.eu\/wp-content\/uploads\/2024\/02\/logo_small.png","contentUrl":"https:\/\/megamo.eu\/wp-content\/uploads\/2024\/02\/logo_small.png","width":300,"height":113,"caption":"Megamo"},"image":{"@id":"https:\/\/megamo.eu\/es\/#\/schema\/logo\/image\/"},"sameAs":["https:\/\/www.facebook.com\/megamoeu","https:\/\/www.youtube.com\/@Megamo_en"]}]}},"_links":{"self":[{"href":"https:\/\/megamo.eu\/es\/wp-json\/wp\/v2\/pages\/41236"}],"collection":[{"href":"https:\/\/megamo.eu\/es\/wp-json\/wp\/v2\/pages"}],"about":[{"href":"https:\/\/megamo.eu\/es\/wp-json\/wp\/v2\/types\/page"}],"author":[{"embeddable":true,"href":"https:\/\/megamo.eu\/es\/wp-json\/wp\/v2\/users\/2"}],"replies":[{"embeddable":true,"href":"https:\/\/megamo.eu\/es\/wp-json\/wp\/v2\/comments?post=41236"}],"version-history":[{"count":5,"href":"https:\/\/megamo.eu\/es\/wp-json\/wp\/v2\/pages\/41236\/revisions"}],"predecessor-version":[{"id":64849,"href":"https:\/\/megamo.eu\/es\/wp-json\/wp\/v2\/pages\/41236\/revisions\/64849"}],"wp:attachment":[{"href":"https:\/\/megamo.eu\/es\/wp-json\/wp\/v2\/media?parent=41236"}],"curies":[{"name":"wp","href":"https:\/\/api.w.org\/{rel}","templated":true}]}}